{"id":542,"date":"2024-05-16T05:54:00","date_gmt":"2024-05-15T22:54:00","guid":{"rendered":"https:\/\/supercalib.vn\/?page_id=542"},"modified":"2024-05-16T09:18:15","modified_gmt":"2024-05-16T02:18:15","slug":"do-luong-dien-tu-truong","status":"publish","type":"page","link":"https:\/\/supercalib.vn\/en\/do-luong-dien-tu-truong\/","title":{"rendered":"Hi\u1ec7u Chu\u1ea9n Thi\u00ea\u0301t Bi\u0323 \u0110i\u00ea\u0323n \u2013 \u0110i\u00ea\u0323n T\u01b0\u0309"},"content":{"rendered":"<section class=\"section\" id=\"section_1357663313\">\n\t\t<div class=\"bg section-bg fill bg-fill  bg-loaded\" >\n\n\t\t\t\n\t\t\t\n\t\t\t\n\n\t\t<\/div>\n\n\t\t\n\n\t\t<div class=\"section-content relative\">\n\t\t\t\n\n<div class=\"container section-title-container section-title-main\" style=\"margin-top:30px;margin-bottom:0px;\"><h1 class=\"section-title section-title-center\"><b><\/b><span class=\"section-title-main\" style=\"color:#1860a1;\">Hi\u1ec7u Chu\u1ea9n Thi\u00ea\u0301t Bi\u0323 \u0110i\u00ea\u0323n \u2013 \u0110i\u00ea\u0323n T\u01b0\u0309<\/span><b><\/b><\/h1><\/div>\n\n\n\t\t<\/div>\n\n\t\t\n<style>\n#section_1357663313 {\n  padding-top: 0px;\n  padding-bottom: 0px;\n}\n<\/style>\n\t<\/section>\n\t\n\t<section class=\"section dark\" id=\"section_1384267073\">\n\t\t<div class=\"bg section-bg fill bg-fill\" >\n\n\t\t\t\n\t\t\t\n\t\t\t\n\n\t\t<\/div>\n\n\t\t\n\n\t\t<div class=\"section-content relative\">\n\t\t\t\n\n\n\t\t<\/div>\n\n\t\t\n<style>\n#section_1384267073 {\n  padding-top: 0px;\n  padding-bottom: 0px;\n  min-height: 500px;\n}\n#section_1384267073 .section-bg-overlay {\n  background-color: rgba(0, 0, 0, 0.15);\n}\n#section_1384267073 .section-bg.bg-loaded {\n  background-image: url(https:\/\/supercalib.vn\/wp-content\/uploads\/z5423862167625_e91f748b2a20295acd81f155288f3da8-1-e1715753575979.jpg);\n}\n#section_1384267073 .section-bg {\n  background-position: 0% 100%;\n}\n@media (min-width:550px) {\n  #section_1384267073 {\n    min-height: 340px;\n  }\n  #section_1384267073 .section-bg-overlay {\n    background-color: rgba(0, 0, 0, 0.09);\n  }\n}\n<\/style>\n\t<\/section>\n\t\n\t<section class=\"section\" id=\"section_47053589\">\n\t\t<div class=\"bg section-bg fill bg-fill  bg-loaded\" >\n\n\t\t\t\n\t\t\t\n\t\t\t\n\n\t\t<\/div>\n\n\t\t\n\n\t\t<div class=\"section-content relative\">\n\t\t\t\n\n<div class=\"container section-title-container\" style=\"margin-top:30px;\"><h1 class=\"section-title section-title-center\"><b><\/b><span class=\"section-title-main\" >CALIBRATION EQUIPMENT<\/span><b><\/b><\/h1><\/div>\n\n\n\t\t<\/div>\n\n\t\t\n<style>\n#section_47053589 {\n  padding-top: 30px;\n  padding-bottom: 30px;\n  margin-bottom: 50px;\n}\n<\/style>\n\t<\/section>\n\t\n\t<section class=\"section\" id=\"section_1797865882\">\n\t\t<div class=\"bg section-bg fill bg-fill  bg-loaded\" >\n\n\t\t\t\n\t\t\t\n\t\t\t\n\n\t\t<\/div>\n\n\t\t\n\n\t\t<div class=\"section-content relative\">\n\t\t\t\n\n<div class=\"row row-large align-middle align-center\" style=\"max-width:1400px\" id=\"row-993359658\">\n\n\n\t<div id=\"col-118897084\" class=\"col medium-9 small-12 large-6\"  >\n\t\t\t\t<div class=\"col-inner\"  >\n\t\t\t\n\t\t\t\n\n\t<div class=\"img has-hover x md-x lg-x y md-y lg-y\" id=\"image_1014094477\">\n\t\t\t\t\t\t\t\t<div class=\"img-inner dark\" >\n\t\t\t<img loading=\"lazy\" decoding=\"async\" width=\"1280\" height=\"721\" src=\"https:\/\/supercalib.vn\/wp-content\/uploads\/ampe-kim-2.jpg.webp\" class=\"attachment-large size-large\" alt=\"\" srcset=\"https:\/\/supercalib.vn\/wp-content\/uploads\/ampe-kim-2.jpg.webp 1280w, https:\/\/supercalib.vn\/wp-content\/uploads\/ampe-kim-2.jpg-768x433.webp 768w, https:\/\/supercalib.vn\/wp-content\/uploads\/ampe-kim-2.jpg-600x338.webp 600w\" sizes=\"auto, (max-width: 1280px) 100vw, 1280px\" \/>\t\t\t\t\t\t\n\t\t\t\t\t<\/div>\n\t\t\t\t\t\t\t\t\n<style>\n#image_1014094477 {\n  width: 73%;\n}\n<\/style>\n\t<\/div>\n\t\n\n\n\t\t<\/div>\n\t\t\t\t\t<\/div>\n\n\t\n\n\t<div id=\"col-1944589185\" class=\"col medium-9 small-12 large-6\"  >\n\t\t\t\t<div class=\"col-inner text-left\"  >\n\t\t\t\n\t\t\t\n\n<h4 style=\"text-align: center;\"><strong>AMPE K\u00ccM<\/strong><\/h4>\n<div>Ampe k\u00ecm l\u00e0 thi\u1ebft b\u1ecb \u0111o \u0111i\u1ec7n chuy\u00ean d\u1ee5ng \u0111\u1ec3 \u0111o d\u00f2ng \u0111i\u1ec7n c\u00f3 d\u1ea3i \u0111o r\u1ed9ng t\u1eeb 40A \u0111\u1ebfn 2000A. M\u1ed9t s\u1ed1 d\u00f2ng ampe k\u00ecm hi\u1ec7n \u0111\u1ea1i c\u00f2n \u0111\u01b0\u1ee3c t\u00edch h\u1ee3p th\u00eam nhi\u1ec1u t\u00ednh n\u0103ng kh\u00e1c nh\u01b0 \u0111o \u0111i\u1ec7n \u00e1p, \u0111i\u1ec7n tr\u1edf, t\u1ea7n s\u1ed1, ki\u1ec3m tra th\u00f4ng m\u1ea1ch,\u2026Th\u00eam m\u1ed9t s\u1ed1 maker, model +\u0111i\u1ec1u h\u01b0\u1edbng sang menu s\u1ea3n ph\u1ea9m t\u01b0\u01a1ng \u1ee9ng.<\/div>\n<a href=\"#\" target=\"_blank\" class=\"button secondary is-link box-shadow-1-hover\" rel=\"noopener\"  >\n    <span>read more<\/span>\n  <i class=\"icon-angle-right\" aria-hidden=\"true\" ><\/i><\/a>\n\n\n\n\t\t<\/div>\n\t\t\t\t\n<style>\n#col-1944589185 > .col-inner {\n  padding: 0px 0px 0px 0px;\n}\n@media (min-width:850px) {\n  #col-1944589185 > .col-inner {\n    padding: 0px 50px 0px 50px;\n  }\n}\n<\/style>\n\t<\/div>\n\n\t\n\n<\/div>\n<div class=\"row row-large align-middle align-center\" style=\"max-width:1400px\" id=\"row-1859112978\">\n\n\n\t<div id=\"col-1311362633\" class=\"col medium-9 small-12 large-6\"  >\n\t\t\t\t<div class=\"col-inner text-left\"  >\n\t\t\t\n\t\t\t\n\n<h4 style=\"text-align: center;\"><strong>\u0110\u1ed2NG H\u1ed2 \u0110O \u0110A N\u0102NG (DMM)<\/strong><\/h4>\n<div>DMM l\u00e0 m\u1ed9t c\u00f4ng c\u1ee5 \u0111o l\u01b0\u1eddng \u0111i\u1ec7n v\u1edbi nhi\u1ec1u ch\u1ee9c n\u0103ng, bao g\u1ed3m: \u0111o \u0111i\u1ec7n tr\u1edf, \u0111o \u0111i\u1ec7n \u00e1p AC, \u0111o \u0111i\u1ec7n \u00e1p DC v\u00e0 \u0111o d\u00f2ng \u0111i\u1ec7n, t\u1ea7n s\u1ed1,\u2026<\/div>\n<a href=\"#\" target=\"_blank\" class=\"button secondary is-link box-shadow-1-hover\" rel=\"noopener\"  >\n    <span>read more<\/span>\n  <i class=\"icon-angle-right\" aria-hidden=\"true\" ><\/i><\/a>\n\n\n\n\t\t<\/div>\n\t\t\t\t\n<style>\n#col-1311362633 > .col-inner {\n  padding: 0px 0px 0px 0px;\n}\n@media (min-width:850px) {\n  #col-1311362633 > .col-inner {\n    padding: 0px 50px 0px 50px;\n  }\n}\n<\/style>\n\t<\/div>\n\n\t\n\n\t<div id=\"col-2099154377\" class=\"col medium-9 small-12 large-6 medium-col-first\"  >\n\t\t\t\t<div class=\"col-inner\"  >\n\t\t\t\n\t\t\t\n\n\t<div class=\"img has-hover x md-x lg-x y md-y lg-y\" id=\"image_1709238280\">\n\t\t\t\t\t\t\t\t<div class=\"img-inner dark\" >\n\t\t\t<img loading=\"lazy\" decoding=\"async\" width=\"1280\" height=\"721\" src=\"https:\/\/supercalib.vn\/wp-content\/uploads\/dmm.png.webp\" class=\"attachment-large size-large\" alt=\"\" srcset=\"https:\/\/supercalib.vn\/wp-content\/uploads\/dmm.png.webp 1280w, https:\/\/supercalib.vn\/wp-content\/uploads\/dmm.png-768x433.webp 768w, https:\/\/supercalib.vn\/wp-content\/uploads\/dmm.png-600x338.webp 600w\" sizes=\"auto, (max-width: 1280px) 100vw, 1280px\" \/>\t\t\t\t\t\t\n\t\t\t\t\t<\/div>\n\t\t\t\t\t\t\t\t\n<style>\n#image_1709238280 {\n  width: 82%;\n}\n<\/style>\n\t<\/div>\n\t\n\n\n\t\t<\/div>\n\t\t\t\t\t<\/div>\n\n\t\n\n<\/div>\n\t<div id=\"gap-438594329\" class=\"gap-element clearfix\" style=\"display:block; height:auto;\">\n\t\t\n<style>\n#gap-438594329 {\n  padding-top: 100px;\n}\n<\/style>\n\t<\/div>\n\t\n\n\n\t\t<\/div>\n\n\t\t\n<style>\n#section_1797865882 {\n  padding-top: 0px;\n  padding-bottom: 0px;\n}\n<\/style>\n\t<\/section>\n\t\n\t<section class=\"section\" id=\"section_2028569818\">\n\t\t<div class=\"bg section-bg fill bg-fill  bg-loaded\" >\n\n\t\t\t\n\t\t\t\n\t\t\t\n\n\t\t<\/div>\n\n\t\t\n\n\t\t<div class=\"section-content relative\">\n\t\t\t\n\n<div class=\"row row-large align-middle align-center\" style=\"max-width:1400px\" id=\"row-1377749832\">\n\n\n\t<div id=\"col-571992316\" class=\"col medium-9 small-12 large-6\"  >\n\t\t\t\t<div class=\"col-inner\"  >\n\t\t\t\n\t\t\t\n\n\t<div class=\"img has-hover x md-x lg-x y md-y lg-y\" id=\"image_67503529\">\n\t\t\t\t\t\t\t\t<div class=\"img-inner dark\" >\n\t\t\t<img loading=\"lazy\" decoding=\"async\" width=\"1280\" height=\"721\" src=\"https:\/\/supercalib.vn\/wp-content\/uploads\/thiet-bi-kiem-tra-dien-dien-tro-cach-dien.jpg.webp\" class=\"attachment-large size-large\" alt=\"\" srcset=\"https:\/\/supercalib.vn\/wp-content\/uploads\/thiet-bi-kiem-tra-dien-dien-tro-cach-dien.jpg.webp 1280w, https:\/\/supercalib.vn\/wp-content\/uploads\/thiet-bi-kiem-tra-dien-dien-tro-cach-dien.jpg-768x433.webp 768w, https:\/\/supercalib.vn\/wp-content\/uploads\/thiet-bi-kiem-tra-dien-dien-tro-cach-dien.jpg-600x338.webp 600w\" sizes=\"auto, (max-width: 1280px) 100vw, 1280px\" \/>\t\t\t\t\t\t\n\t\t\t\t\t<\/div>\n\t\t\t\t\t\t\t\t\n<style>\n#image_67503529 {\n  width: 85%;\n}\n<\/style>\n\t<\/div>\n\t\n\n\n\t\t<\/div>\n\t\t\t\t\t<\/div>\n\n\t\n\n\t<div id=\"col-970182727\" class=\"col medium-9 small-12 large-6\"  >\n\t\t\t\t<div class=\"col-inner text-left\"  >\n\t\t\t\n\t\t\t\n\n<h4 style=\"text-align: center;\"><strong>THI\u1ebeT B\u1eca KI\u1ec2M TRA \u0110I\u1ec6N, \u0110I\u1ec6N TR\u1ede C\u00c1CH \u0110I\u1ec6N<\/strong><\/h4>\n<div>\u0110\u00e2y l\u00e0 c\u00e1c thi\u1ebft b\u1ecb gi\u00fap \u0111o \u0111\u1ea1c \u0111\u01b0\u1ee3c nh\u1eefng \u0111\u1eb7c t\u00ednh c\u1ee7a d\u00f2ng \u0111i\u1ec7n nh\u01b0: \u0111i\u1ec7n \u00e1p, d\u00f2ng \u0111i\u1ec7n, \u0111i\u1ec7n tr\u1edf ho\u1eb7c nh\u1eefng d\u1ea1ng t\u00edn hi\u1ec7u kh\u00e1c.<\/div>\n<a href=\"#\" target=\"_blank\" class=\"button secondary is-link box-shadow-1-hover\" rel=\"noopener\"  >\n    <span>read more<\/span>\n  <i class=\"icon-angle-right\" aria-hidden=\"true\" ><\/i><\/a>\n\n\n\n\t\t<\/div>\n\t\t\t\t\n<style>\n#col-970182727 > .col-inner {\n  padding: 0px 0px 0px 0px;\n}\n@media (min-width:850px) {\n  #col-970182727 > .col-inner {\n    padding: 0px 50px 0px 50px;\n  }\n}\n<\/style>\n\t<\/div>\n\n\t\n\n<\/div>\n<div class=\"row row-large align-middle align-center\" style=\"max-width:1400px\" id=\"row-763756184\">\n\n\n\t<div id=\"col-1155986415\" class=\"col medium-9 small-12 large-6\"  >\n\t\t\t\t<div class=\"col-inner text-left\"  >\n\t\t\t\n\t\t\t\n\n<h4 style=\"text-align: center;\"><strong>THI\u1ebeT B\u1eca HI\u1ec6U CHU\u1ea8N QU\u00c1 TR\u00ccNH<\/strong><\/h4>\n<div>L\u00e0 c\u00e1c thi\u1ebft b\u1ecb d\u00f9ng \u0111\u1ec3 ki\u1ec3m tra hi\u1ec7u chu\u1ea9n t\u1ea1i hi\u1ec7n tr\u01b0\u1eddng c\u00e1c th\u00f4ng s\u1ed1 nh\u01b0 nhi\u1ec7t \u0111\u1ed9, \u00e1p su\u1ea5t, t\u1ea7n s\u1ed1,\u2026 trong c\u00e1c ng\u00e0nh c\u00f4ng nghi\u1ec7p d\u01b0\u1ee3c ph\u1ea9m, h\u00f3a d\u1ea7u, n\u0103ng l\u01b0\u1ee3ng \u0111i\u1ec7n v\u00e0 ch\u1ea5t b\u00e1n d\u1eabn.<\/div>\n<a href=\"#\" target=\"_blank\" class=\"button secondary is-link box-shadow-1-hover\" rel=\"noopener\"  >\n    <span>read more<\/span>\n  <i class=\"icon-angle-right\" aria-hidden=\"true\" ><\/i><\/a>\n\n\n\n\t\t<\/div>\n\t\t\t\t\n<style>\n#col-1155986415 > .col-inner {\n  padding: 0px 0px 0px 0px;\n}\n@media (min-width:850px) {\n  #col-1155986415 > .col-inner {\n    padding: 0px 50px 0px 50px;\n  }\n}\n<\/style>\n\t<\/div>\n\n\t\n\n\t<div id=\"col-562448696\" class=\"col medium-9 small-12 large-6 medium-col-first\"  >\n\t\t\t\t<div class=\"col-inner\"  >\n\t\t\t\n\t\t\t\n\n\t<div class=\"img has-hover x md-x lg-x y md-y lg-y\" id=\"image_875268847\">\n\t\t\t\t\t\t\t\t<div class=\"img-inner dark\" >\n\t\t\t<img loading=\"lazy\" decoding=\"async\" width=\"1280\" height=\"721\" src=\"https:\/\/supercalib.vn\/wp-content\/uploads\/thiet-bi-hieu-chuan-qua-trinh.jpg.webp\" class=\"attachment-large size-large\" alt=\"\" srcset=\"https:\/\/supercalib.vn\/wp-content\/uploads\/thiet-bi-hieu-chuan-qua-trinh.jpg.webp 1280w, https:\/\/supercalib.vn\/wp-content\/uploads\/thiet-bi-hieu-chuan-qua-trinh.jpg-768x433.webp 768w, https:\/\/supercalib.vn\/wp-content\/uploads\/thiet-bi-hieu-chuan-qua-trinh.jpg-600x338.webp 600w\" sizes=\"auto, (max-width: 1280px) 100vw, 1280px\" \/>\t\t\t\t\t\t\n\t\t\t\t\t<\/div>\n\t\t\t\t\t\t\t\t\n<style>\n#image_875268847 {\n  width: 92%;\n}\n<\/style>\n\t<\/div>\n\t\n\n\n\t\t<\/div>\n\t\t\t\t\t<\/div>\n\n\t\n\n<\/div>\n\n\t\t<\/div>\n\n\t\t\n<style>\n#section_2028569818 {\n  padding-top: 0px;\n  padding-bottom: 0px;\n}\n<\/style>\n\t<\/section>\n\t\n\t<section class=\"section\" id=\"section_706057814\">\n\t\t<div class=\"bg section-bg fill bg-fill  bg-loaded\" >\n\n\t\t\t\n\t\t\t<div class=\"section-bg-overlay absolute fill\"><\/div>\n\t\t\t\n\n\t\t<\/div>\n\n\t\t\n\n\t\t<div class=\"section-content relative\">\n\t\t\t\n\n<div class=\"row row-large align-middle\"  id=\"row-1911620982\">\n\n\n\t<div id=\"col-1300481360\" class=\"col medium-6 small-12 large-6\"  >\n\t\t\t\t<div class=\"col-inner\"  >\n\t\t\t\n\t\t\t\n\n\t<div class=\"img has-hover x md-x lg-x y md-y lg-y\" id=\"image_1409252598\">\n\t\t\t\t\t\t\t\t<div class=\"img-inner dark\" >\n\t\t\t<img loading=\"lazy\" decoding=\"async\" width=\"1280\" height=\"721\" src=\"https:\/\/supercalib.vn\/wp-content\/uploads\/chuan-da-nang-1.jpg.webp\" class=\"attachment-large size-large\" alt=\"\" srcset=\"https:\/\/supercalib.vn\/wp-content\/uploads\/chuan-da-nang-1.jpg.webp 1280w, https:\/\/supercalib.vn\/wp-content\/uploads\/chuan-da-nang-1.jpg-768x433.webp 768w, https:\/\/supercalib.vn\/wp-content\/uploads\/chuan-da-nang-1.jpg-600x338.webp 600w\" sizes=\"auto, (max-width: 1280px) 100vw, 1280px\" \/>\t\t\t\t\t\t\n\t\t\t\t\t<\/div>\n\t\t\t\t\t\t\t\t\n<style>\n#image_1409252598 {\n  width: 79%;\n}\n<\/style>\n\t<\/div>\n\t\n\n\n\t\t<\/div>\n\t\t\t\t\t<\/div>\n\n\t\n\n\t<div id=\"col-1452499719\" class=\"col medium-6 small-12 large-6\"  >\n\t\t\t\t<div class=\"col-inner text-left\"  >\n\t\t\t\n\t\t\t\n\n<h4 style=\"text-align: center;\"><strong>CHU\u1ea8N \u0110A N\u0102NG<\/strong><\/h4>\n<div>\u0110\u00e2y l\u00e0 m\u1ed9t trong nh\u1eefng thi\u1ebft b\u1ecb chu\u1ea9n cao c\u1ea5p \u0111a n\u0103ng c\u1ea7n c\u00f3 \u1edf c\u00e1c ph\u00f2ng Lab, \u0111\u1eb7c bi\u1ec7t l\u00e0 ph\u00f2ng Lab hi\u1ec7u chu\u1ea9n. L\u00e0m chu\u1ea9n tham chi\u1ebfu cho c\u00e1c ch\u1ee9c n\u0103ng nh\u01b0 \u0111i\u1ec7n \u00e1p, d\u00f2ng \u0111i\u1ec7n, \u0111i\u1ec7n tr\u1edf, t\u1ea7n s\u1ed1, t\u1ee5 \u0111i\u1ec7n\u2026<\/div>\n\n\t\t<\/div>\n\t\t\t\t\t<\/div>\n\n\t\n\n<\/div>\n\n\t\t<\/div>\n\n\t\t\n<style>\n#section_706057814 {\n  padding-top: 60px;\n  padding-bottom: 60px;\n  background-color: rgb(193, 193, 193);\n}\n#section_706057814 .section-bg-overlay {\n  background-color: rgba(255, 255, 255, 0.85);\n}\n<\/style>\n\t<\/section>\n\t\n\t<section class=\"section dark\" id=\"section_1834578602\">\n\t\t<div class=\"bg section-bg fill bg-fill  bg-loaded\" >\n\n\t\t\t\n\t\t\t<div class=\"section-bg-overlay absolute fill\"><\/div>\n\t\t\t\n\n\t\t<\/div>\n\n\t\t\n\n\t\t<div class=\"section-content relative\">\n\t\t\t\n\n\t<div id=\"gap-1931165545\" class=\"gap-element clearfix\" style=\"display:block; height:auto;\">\n\t\t\n<style>\n#gap-1931165545 {\n  padding-top: 30px;\n}\n<\/style>\n\t<\/div>\n\t\n\n<div class=\"row align-center\"  id=\"row-411088695\">\n\n\n\t<div id=\"col-1449987863\" class=\"col medium-9 small-12 large-9\"  >\n\t\t\t\t<div class=\"col-inner text-center\"  >\n\t\t\t\n\t\t\t\n\n<h3><span style=\"font-size: 150%;\">REQUEST A QUOTE<\/span><\/h3>\n<p class=\"lead\">Contact us today for the fastest quote.<\/p>\n\n<div class=\"wpcf7 no-js\" id=\"wpcf7-f13-o1\" lang=\"en-US\" dir=\"ltr\">\n<div class=\"screen-reader-response\"><p role=\"status\" aria-live=\"polite\" aria-atomic=\"true\"><\/p> <ul><\/ul><\/div>\n<form action=\"\/en\/wp-json\/wp\/v2\/pages\/542#wpcf7-f13-o1\" method=\"post\" class=\"wpcf7-form init\" aria-label=\"Contact form\" novalidate=\"novalidate\" data-status=\"init\" data-trp-original-action=\"\/en\/wp-json\/wp\/v2\/pages\/542#wpcf7-f13-o1\">\n<div style=\"display: none;\">\n<input type=\"hidden\" name=\"_wpcf7\" value=\"13\" \/>\n<input type=\"hidden\" name=\"_wpcf7_version\" value=\"5.9.5\" \/>\n<input type=\"hidden\" name=\"_wpcf7_locale\" value=\"en_US\" \/>\n<input type=\"hidden\" name=\"_wpcf7_unit_tag\" value=\"wpcf7-f13-o1\" \/>\n<input type=\"hidden\" name=\"_wpcf7_container_post\" value=\"0\" \/>\n<input type=\"hidden\" name=\"_wpcf7_posted_data_hash\" value=\"\" \/>\n<\/div>\n<div class=\"form-flat\">\n\t<p><span class=\"wpcf7-form-control-wrap\" data-name=\"your-name\"><input size=\"40\" class=\"wpcf7-form-control wpcf7-text wpcf7-validates-as-required\" aria-required=\"true\" aria-invalid=\"false\" placeholder=\"Your Name (required)\" value=\"\" type=\"text\" name=\"your-name\" \/><\/span>\n\t<\/p>\n\t<p><span class=\"wpcf7-form-control-wrap\" data-name=\"your-email\"><input size=\"40\" class=\"wpcf7-form-control wpcf7-email wpcf7-validates-as-required wpcf7-text wpcf7-validates-as-email\" aria-required=\"true\" aria-invalid=\"false\" placeholder=\"Your Email (required)\" value=\"\" type=\"email\" name=\"your-email\" \/><\/span>\n\t<\/p>\n\t<p><span class=\"wpcf7-form-control-wrap\" data-name=\"tel-401\"><input size=\"40\" class=\"wpcf7-form-control wpcf7-tel wpcf7-validates-as-required wpcf7-text wpcf7-validates-as-tel\" aria-required=\"true\" aria-invalid=\"false\" placeholder=\"Your phone number\" value=\"\" type=\"tel\" name=\"tel-401\" \/><\/span>\n\t<\/p>\n\t<p><span class=\"wpcf7-form-control-wrap\" data-name=\"your-message\"><textarea cols=\"40\" rows=\"10\" class=\"wpcf7-form-control wpcf7-textarea\" aria-invalid=\"false\" placeholder=\"Your Message (required)\" name=\"your-message\"><\/textarea><\/span>\n\t<\/p>\n\t<p><input class=\"wpcf7-form-control wpcf7-submit has-spinner button\" type=\"submit\" value=\"Submit\" \/>\n\t<\/p>\n<\/div><div class=\"wpcf7-response-output\" aria-hidden=\"true\"><\/div>\n<input type=\"hidden\" name=\"trp-form-language\" value=\"en\"\/><\/form>\n<\/div>\n\n\n\n\t\t<\/div>\n\t\t\t\t\t<\/div>\n\n\t\n\n<\/div>\n\n\t\t<\/div>\n\n\t\t\n<style>\n#section_1834578602 {\n  padding-top: 30px;\n  padding-bottom: 30px;\n  min-height: 300px;\n  background-color: rgb(0, 0, 0);\n}\n#section_1834578602 .section-bg-overlay {\n  background-color: rgba(0, 0, 0, 0.01);\n}\n@media (min-width:550px) {\n  #section_1834578602 {\n    min-height: 400px;\n  }\n}\n<\/style>\n\t<\/section>","protected":false},"excerpt":{"rendered":"","protected":false},"author":1,"featured_media":0,"parent":0,"menu_order":0,"comment_status":"closed","ping_status":"closed","template":"page-blank.php","meta":{"footnotes":""},"class_list":["post-542","page","type-page","status-publish","hentry"],"_links":{"self":[{"href":"https:\/\/supercalib.vn\/en\/wp-json\/wp\/v2\/pages\/542","targetHints":{"allow":["GET"]}}],"collection":[{"href":"https:\/\/supercalib.vn\/en\/wp-json\/wp\/v2\/pages"}],"about":[{"href":"https:\/\/supercalib.vn\/en\/wp-json\/wp\/v2\/types\/page"}],"author":[{"embeddable":true,"href":"https:\/\/supercalib.vn\/en\/wp-json\/wp\/v2\/users\/1"}],"replies":[{"embeddable":true,"href":"https:\/\/supercalib.vn\/en\/wp-json\/wp\/v2\/comments?post=542"}],"version-history":[{"count":2,"href":"https:\/\/supercalib.vn\/en\/wp-json\/wp\/v2\/pages\/542\/revisions"}],"predecessor-version":[{"id":582,"href":"https:\/\/supercalib.vn\/en\/wp-json\/wp\/v2\/pages\/542\/revisions\/582"}],"wp:attachment":[{"href":"https:\/\/supercalib.vn\/en\/wp-json\/wp\/v2\/media?parent=542"}],"curies":[{"name":"wp","href":"https:\/\/api.w.org\/{rel}","templated":true}]}}