{"id":544,"date":"2024-05-16T05:54:49","date_gmt":"2024-05-15T22:54:49","guid":{"rendered":"https:\/\/supercalib.vn\/?page_id=544"},"modified":"2024-05-16T09:28:11","modified_gmt":"2024-05-16T02:28:11","slug":"do-luong-thoi-gian-tan-so","status":"publish","type":"page","link":"https:\/\/supercalib.vn\/en\/do-luong-thoi-gian-tan-so\/","title":{"rendered":"\u0110o l\u01b0\u1eddng th\u1eddi gian &#8211; t\u1ea7n s\u1ed1"},"content":{"rendered":"<section class=\"section\" id=\"section_1346163703\">\n\t\t<div class=\"bg section-bg fill bg-fill  bg-loaded\" >\n\n\t\t\t\n\t\t\t\n\t\t\t\n\n\t\t<\/div>\n\n\t\t\n\n\t\t<div class=\"section-content relative\">\n\t\t\t\n\n<div class=\"container section-title-container section-title-main\" style=\"margin-top:30px;margin-bottom:0px;\"><h1 class=\"section-title section-title-center\"><b><\/b><span class=\"section-title-main\" style=\"color:#1860a1;\">Hi\u1ec7u Chu\u1ea9n Th\u1eddi Gian \u2013 T\u1ea7n S\u1ed1<\/span><b><\/b><\/h1><\/div>\n\n\n\t\t<\/div>\n\n\t\t\n<style>\n#section_1346163703 {\n  padding-top: 0px;\n  padding-bottom: 0px;\n}\n<\/style>\n\t<\/section>\n\t\n\t<section class=\"section dark\" id=\"section_424407965\">\n\t\t<div class=\"bg section-bg fill bg-fill\" >\n\n\t\t\t\n\t\t\t\n\t\t\t\n\n\t\t<\/div>\n\n\t\t\n\n\t\t<div class=\"section-content relative\">\n\t\t\t\n\n\n\t\t<\/div>\n\n\t\t\n<style>\n#section_424407965 {\n  padding-top: 0px;\n  padding-bottom: 0px;\n  min-height: 500px;\n}\n#section_424407965 .section-bg-overlay {\n  background-color: rgba(0, 0, 0, 0.15);\n}\n#section_424407965 .section-bg.bg-loaded {\n  background-image: url(https:\/\/supercalib.vn\/wp-content\/uploads\/z5423862167625_e91f748b2a20295acd81f155288f3da8-1-e1715753575979.jpg);\n}\n#section_424407965 .section-bg {\n  background-position: 0% 100%;\n}\n@media (min-width:550px) {\n  #section_424407965 {\n    min-height: 340px;\n  }\n  #section_424407965 .section-bg-overlay {\n    background-color: rgba(0, 0, 0, 0.09);\n  }\n}\n<\/style>\n\t<\/section>\n\t\n\t<section class=\"section\" id=\"section_1010814534\">\n\t\t<div class=\"bg section-bg fill bg-fill  bg-loaded\" >\n\n\t\t\t\n\t\t\t\n\t\t\t\n\n\t\t<\/div>\n\n\t\t\n\n\t\t<div class=\"section-content relative\">\n\t\t\t\n\n<div class=\"container section-title-container\" style=\"margin-top:30px;\"><h1 class=\"section-title section-title-center\"><b><\/b><span class=\"section-title-main\" >CALIBRATION EQUIPMENT<\/span><b><\/b><\/h1><\/div>\n\n\n\t\t<\/div>\n\n\t\t\n<style>\n#section_1010814534 {\n  padding-top: 30px;\n  padding-bottom: 30px;\n  margin-bottom: 50px;\n}\n<\/style>\n\t<\/section>\n\t\n\t<section class=\"section\" id=\"section_1370458871\">\n\t\t<div class=\"bg section-bg fill bg-fill  bg-loaded\" >\n\n\t\t\t\n\t\t\t\n\t\t\t\n\n\t\t<\/div>\n\n\t\t\n\n\t\t<div class=\"section-content relative\">\n\t\t\t\n\n<div class=\"row row-large align-middle align-center\" style=\"max-width:1400px\" id=\"row-152809425\">\n\n\n\t<div id=\"col-1476484946\" class=\"col medium-9 small-12 large-6\"  >\n\t\t\t\t<div class=\"col-inner\"  >\n\t\t\t\n\t\t\t\n\n\t<div class=\"img has-hover x md-x lg-x y md-y lg-y\" id=\"image_1220741622\">\n\t\t\t\t\t\t\t\t<div class=\"img-inner dark\" >\n\t\t\t<img loading=\"lazy\" decoding=\"async\" width=\"300\" height=\"169\" src=\"https:\/\/supercalib.vn\/wp-content\/uploads\/dong-ho-bam-giay.jpg-300x169-1.webp\" class=\"attachment-large size-large\" alt=\"\" \/>\t\t\t\t\t\t\n\t\t\t\t\t<\/div>\n\t\t\t\t\t\t\t\t\n<style>\n#image_1220741622 {\n  width: 73%;\n}\n<\/style>\n\t<\/div>\n\t\n\n\n\t\t<\/div>\n\t\t\t\t\t<\/div>\n\n\t\n\n\t<div id=\"col-896667821\" class=\"col medium-9 small-12 large-6\"  >\n\t\t\t\t<div class=\"col-inner text-left\"  >\n\t\t\t\n\t\t\t\n\n<h4 style=\"text-align: center;\"><strong>\u0110\u1ed2NG H\u1ed2 B\u1ea4M GI\u00c2Y<\/strong><\/h4>\n<div>\u0110\u01b0\u1ee3c thi\u1ebft k\u1ebf \u0111\u1ec3 \u0111o kho\u1ea3ng th\u1eddi gian tr\u00f4i qua t\u1eeb l\u00fac b\u1eaft \u0111\u1ea7u \u1edf m\u1ed9t th\u1eddi \u0111i\u1ec3m c\u1ee5 th\u1ec3 cho \u0111\u1ebfn khi ng\u1eebng.<\/div>\n<a href=\"#\" target=\"_blank\" class=\"button secondary is-link box-shadow-1-hover\" rel=\"noopener\"  >\n    <span>read more<\/span>\n  <i class=\"icon-angle-right\" aria-hidden=\"true\" ><\/i><\/a>\n\n\n\n\t\t<\/div>\n\t\t\t\t\n<style>\n#col-896667821 > .col-inner {\n  padding: 0px 0px 0px 0px;\n}\n@media (min-width:850px) {\n  #col-896667821 > .col-inner {\n    padding: 0px 50px 0px 50px;\n  }\n}\n<\/style>\n\t<\/div>\n\n\t\n\n<\/div>\n<div class=\"row row-large align-middle align-center\" style=\"max-width:1400px\" id=\"row-252649827\">\n\n\n\t<div id=\"col-2017110291\" class=\"col medium-9 small-12 large-6\"  >\n\t\t\t\t<div class=\"col-inner text-left\"  >\n\t\t\t\n\t\t\t\n\n<h4 style=\"text-align: center;\"><b>M\u00c1Y \u0110O T\u1ed0C \u0110\u1ed8 V\u00d2NG QUAY<\/b><\/h4>\n<div>L\u00e0 m\u1ed9t thi\u1ebft b\u1ecb \u0111\u01b0\u1ee3c s\u1eed d\u1ee5ng \u0111\u1ec3 \u0111o t\u1ed1c \u0111\u1ed9 quay c\u1ee7a m\u1ed9t v\u1eadt th\u1ec3. Thi\u1ebft b\u1ecb n\u00e0y cho bi\u1ebft s\u1ed1 v\u00f2ng quay m\u1ed7i ph\u00fat (RPM) \u0111\u01b0\u1ee3c th\u1ef1c hi\u1ec7n b\u1edfi \u0111\u1ed1i t\u01b0\u1ee3ng quay.<\/div>\n<a href=\"#\" target=\"_blank\" class=\"button secondary is-link box-shadow-1-hover\" rel=\"noopener\"  >\n    <span>read more<\/span>\n  <i class=\"icon-angle-right\" aria-hidden=\"true\" ><\/i><\/a>\n\n\n\n\t\t<\/div>\n\t\t\t\t\n<style>\n#col-2017110291 > .col-inner {\n  padding: 0px 0px 0px 0px;\n}\n@media (min-width:850px) {\n  #col-2017110291 > .col-inner {\n    padding: 0px 50px 0px 50px;\n  }\n}\n<\/style>\n\t<\/div>\n\n\t\n\n\t<div id=\"col-1009948382\" class=\"col medium-9 small-12 large-6 medium-col-first\"  >\n\t\t\t\t<div class=\"col-inner\"  >\n\t\t\t\n\t\t\t\n\n\t<div class=\"img has-hover x md-x lg-x y md-y lg-y\" id=\"image_1941590820\">\n\t\t\t\t\t\t\t\t<div class=\"img-inner dark\" >\n\t\t\t<img loading=\"lazy\" decoding=\"async\" width=\"300\" height=\"169\" src=\"https:\/\/supercalib.vn\/wp-content\/uploads\/may-do-toc-do-vong-quay-1.jpg-300x169-1.webp\" class=\"attachment-large size-large\" alt=\"\" \/>\t\t\t\t\t\t\n\t\t\t\t\t<\/div>\n\t\t\t\t\t\t\t\t\n<style>\n#image_1941590820 {\n  width: 66%;\n}\n<\/style>\n\t<\/div>\n\t\n\n\n\t\t<\/div>\n\t\t\t\t\t<\/div>\n\n\t\n\n<\/div>\n\t<div id=\"gap-1138325063\" class=\"gap-element clearfix\" style=\"display:block; height:auto;\">\n\t\t\n<style>\n#gap-1138325063 {\n  padding-top: 100px;\n}\n<\/style>\n\t<\/div>\n\t\n\n\n\t\t<\/div>\n\n\t\t\n<style>\n#section_1370458871 {\n  padding-top: 0px;\n  padding-bottom: 0px;\n}\n<\/style>\n\t<\/section>\n\t\n\t<section class=\"section\" id=\"section_1095867669\">\n\t\t<div class=\"bg section-bg fill bg-fill  bg-loaded\" >\n\n\t\t\t\n\t\t\t\n\t\t\t\n\n\t\t<\/div>\n\n\t\t\n\n\t\t<div class=\"section-content relative\">\n\t\t\t\n\n<div class=\"row row-large align-middle align-center\" style=\"max-width:1400px\" id=\"row-51085391\">\n\n\n\t<div id=\"col-1394954971\" class=\"col medium-9 small-12 large-6\"  >\n\t\t\t\t<div class=\"col-inner\"  >\n\t\t\t\n\t\t\t\n\n\t<div class=\"img has-hover x md-x lg-x y md-y lg-y\" id=\"image_814874790\">\n\t\t\t\t\t\t\t\t<div class=\"img-inner dark\" >\n\t\t\t<img loading=\"lazy\" decoding=\"async\" width=\"300\" height=\"169\" src=\"https:\/\/supercalib.vn\/wp-content\/uploads\/may-dem-tan-so.jpg-300x169-1.webp\" class=\"attachment-large size-large\" alt=\"\" \/>\t\t\t\t\t\t\n\t\t\t\t\t<\/div>\n\t\t\t\t\t\t\t\t\n<style>\n#image_814874790 {\n  width: 73%;\n}\n<\/style>\n\t<\/div>\n\t\n\n\n\t\t<\/div>\n\t\t\t\t\t<\/div>\n\n\t\n\n\t<div id=\"col-987082301\" class=\"col medium-9 small-12 large-6\"  >\n\t\t\t\t<div class=\"col-inner text-left\"  >\n\t\t\t\n\t\t\t\n\n<h4 style=\"text-align: center;\"><strong>M\u00c1Y \u0110\u1ebeM T\u1ea6N S\u1ed0<\/strong><\/h4>\n<div>L\u00e0 thi\u1ebft b\u1ecb chuy\u00ean d\u1ee5ng \u0111\u1ec3 ki\u1ec3m tra v\u00e0 \u0111o t\u1ea7n s\u1ed1 trong m\u1ed9t kho\u1ea3ng th\u1eddi gian nh\u1ea5t \u0111\u1ecbnh. M\u00e1y d\u00f9ng \u0111\u1ec3 \u0111o t\u1ea7n s\u1ed1 t\u00edn hi\u1ec7u c\u1ee7a m\u00e1y ph\u00e1t (ho\u1eb7c b\u1ed9 ph\u1eadn) t\u1ea1o ra t\u1ea7n s\u1ed1. Thi\u1ebft b\u1ecb s\u1ebd t\u00edch l\u0169y v\u00e0 t\u00ednh to\u00e1n t\u1ea7n s\u1ed1 x\u1ea3y ra c\u1ee7a m\u1ed9t d\u1eef ki\u1ec7n trong m\u1ed9t \u0111\u01a1n v\u1ecb th\u1eddi gian (th\u01b0\u1eddng l\u00e0 gi\u00e2y), sau \u0111\u00f3 hi\u1ec3n th\u1ecb k\u1ebft qu\u1ea3 l\u00ean m\u00e0n h\u00ecnh LED ho\u1eb7c m\u00e0n h\u00ecnh LCD.<\/div>\n<a href=\"#\" target=\"_blank\" class=\"button secondary is-link box-shadow-1-hover\" rel=\"noopener\"  >\n    <span>read more<\/span>\n  <i class=\"icon-angle-right\" aria-hidden=\"true\" ><\/i><\/a>\n\n\n\n\t\t<\/div>\n\t\t\t\t\n<style>\n#col-987082301 > .col-inner {\n  padding: 0px 0px 0px 0px;\n}\n@media (min-width:850px) {\n  #col-987082301 > .col-inner {\n    padding: 0px 50px 0px 50px;\n  }\n}\n<\/style>\n\t<\/div>\n\n\t\n\n<\/div>\n<div class=\"row row-large align-middle align-center\" style=\"max-width:1400px\" id=\"row-495727192\">\n\n\n\t<div id=\"col-1178188033\" class=\"col medium-9 small-12 large-6\"  >\n\t\t\t\t<div class=\"col-inner text-left\"  >\n\t\t\t\n\t\t\t\n\n<h4 style=\"text-align: center;\"><strong>M\u00c1Y PH\u00c2N T\u00cdCH PH\u1ed4 TH\u1edcI GIAN<\/strong><\/h4>\n<div>L\u00e0 lo\u1ea1i thi\u1ebft b\u1ecb gi\u00fap ng\u01b0\u1eddi d\u00f9ng quan s\u00e1t \u0111\u01b0\u1ee3c c\u00e1c t\u00edn hi\u1ec7u \u0111\u01b0\u1ee3c hi\u1ec3n th\u1ecb theo mi\u1ec1n t\u1ea7n s\u1ed1. C\u00e1c t\u00edn hi\u1ec7u n\u00e0y bao g\u1ed3m: t\u1ea7n s\u1ed1, chu k\u1ef3, c\u00f4ng su\u1ea5t, d\u1ea3i bi\u00ean,\u2026 \u0110\u00e2y l\u00e0 lo\u1ea1i m\u00e1y cho ph\u00e9p b\u1ea1n quan s\u00e1t \u0111\u01b0\u1ee3c nh\u1eefng t\u00edn hi\u1ec7u ph\u1ee9c t\u1ea1p th\u00f4ng qua c\u00e1c d\u1ea1ng s\u00f3ng \u0111\u00e3 \u0111\u01b0\u1ee3c t\u00e1ch ri\u00eang bi\u1ec7t.<\/div>\n<a href=\"#\" target=\"_blank\" class=\"button secondary is-link box-shadow-1-hover\" rel=\"noopener\"  >\n    <span>read more<\/span>\n  <i class=\"icon-angle-right\" aria-hidden=\"true\" ><\/i><\/a>\n\n\n\n\t\t<\/div>\n\t\t\t\t\n<style>\n#col-1178188033 > .col-inner {\n  padding: 0px 0px 0px 0px;\n}\n@media (min-width:850px) {\n  #col-1178188033 > .col-inner {\n    padding: 0px 50px 0px 50px;\n  }\n}\n<\/style>\n\t<\/div>\n\n\t\n\n\t<div id=\"col-1095043548\" class=\"col medium-9 small-12 large-6 medium-col-first\"  >\n\t\t\t\t<div class=\"col-inner\"  >\n\t\t\t\n\t\t\t\n\n\t<div class=\"img has-hover x md-x lg-x y md-y lg-y\" id=\"image_1800281025\">\n\t\t\t\t\t\t\t\t<div class=\"img-inner dark\" >\n\t\t\t<img loading=\"lazy\" decoding=\"async\" width=\"300\" height=\"169\" src=\"https:\/\/supercalib.vn\/wp-content\/uploads\/may-phan-tich-pho-thoi-gian.jpg-300x169-1.webp\" class=\"attachment-large size-large\" alt=\"\" \/>\t\t\t\t\t\t\n\t\t\t\t\t<\/div>\n\t\t\t\t\t\t\t\t\n<style>\n#image_1800281025 {\n  width: 69%;\n}\n<\/style>\n\t<\/div>\n\t\n\n\n\t\t<\/div>\n\t\t\t\t\t<\/div>\n\n\t\n\n<\/div>\n\n\t\t<\/div>\n\n\t\t\n<style>\n#section_1095867669 {\n  padding-top: 0px;\n  padding-bottom: 0px;\n}\n<\/style>\n\t<\/section>\n\t\n\t<section class=\"section dark\" id=\"section_171123148\">\n\t\t<div class=\"bg section-bg fill bg-fill  bg-loaded\" >\n\n\t\t\t\n\t\t\t<div class=\"section-bg-overlay absolute fill\"><\/div>\n\t\t\t\n\n\t\t<\/div>\n\n\t\t\n\n\t\t<div class=\"section-content relative\">\n\t\t\t\n\n\t<div id=\"gap-94252862\" class=\"gap-element clearfix\" style=\"display:block; height:auto;\">\n\t\t\n<style>\n#gap-94252862 {\n  padding-top: 30px;\n}\n<\/style>\n\t<\/div>\n\t\n\n<div class=\"row align-center\"  id=\"row-1960063838\">\n\n\n\t<div id=\"col-1064465056\" class=\"col medium-9 small-12 large-9\"  >\n\t\t\t\t<div class=\"col-inner text-center\"  >\n\t\t\t\n\t\t\t\n\n<h3><span style=\"font-size: 150%;\">REQUEST A QUOTE<\/span><\/h3>\n<p class=\"lead\">Contact us today for the fastest quote.<\/p>\n\n<div class=\"wpcf7 no-js\" id=\"wpcf7-f13-o1\" lang=\"en-US\" dir=\"ltr\">\n<div class=\"screen-reader-response\"><p role=\"status\" aria-live=\"polite\" aria-atomic=\"true\"><\/p> <ul><\/ul><\/div>\n<form action=\"\/en\/wp-json\/wp\/v2\/pages\/544#wpcf7-f13-o1\" method=\"post\" class=\"wpcf7-form init\" aria-label=\"Contact form\" novalidate=\"novalidate\" data-status=\"init\" data-trp-original-action=\"\/en\/wp-json\/wp\/v2\/pages\/544#wpcf7-f13-o1\">\n<div style=\"display: none;\">\n<input type=\"hidden\" name=\"_wpcf7\" value=\"13\" \/>\n<input type=\"hidden\" name=\"_wpcf7_version\" value=\"5.9.5\" \/>\n<input type=\"hidden\" name=\"_wpcf7_locale\" value=\"en_US\" \/>\n<input type=\"hidden\" name=\"_wpcf7_unit_tag\" value=\"wpcf7-f13-o1\" \/>\n<input type=\"hidden\" name=\"_wpcf7_container_post\" value=\"0\" \/>\n<input type=\"hidden\" name=\"_wpcf7_posted_data_hash\" value=\"\" \/>\n<\/div>\n<div class=\"form-flat\">\n\t<p><span class=\"wpcf7-form-control-wrap\" data-name=\"your-name\"><input size=\"40\" class=\"wpcf7-form-control wpcf7-text wpcf7-validates-as-required\" aria-required=\"true\" aria-invalid=\"false\" placeholder=\"Your Name (required)\" value=\"\" type=\"text\" name=\"your-name\" \/><\/span>\n\t<\/p>\n\t<p><span class=\"wpcf7-form-control-wrap\" data-name=\"your-email\"><input size=\"40\" class=\"wpcf7-form-control wpcf7-email wpcf7-validates-as-required wpcf7-text wpcf7-validates-as-email\" aria-required=\"true\" aria-invalid=\"false\" placeholder=\"Your Email (required)\" value=\"\" type=\"email\" name=\"your-email\" \/><\/span>\n\t<\/p>\n\t<p><span class=\"wpcf7-form-control-wrap\" data-name=\"tel-401\"><input size=\"40\" class=\"wpcf7-form-control wpcf7-tel wpcf7-validates-as-required wpcf7-text wpcf7-validates-as-tel\" aria-required=\"true\" aria-invalid=\"false\" placeholder=\"Your phone number\" value=\"\" type=\"tel\" name=\"tel-401\" \/><\/span>\n\t<\/p>\n\t<p><span class=\"wpcf7-form-control-wrap\" data-name=\"your-message\"><textarea cols=\"40\" rows=\"10\" class=\"wpcf7-form-control wpcf7-textarea\" aria-invalid=\"false\" placeholder=\"Your Message (required)\" name=\"your-message\"><\/textarea><\/span>\n\t<\/p>\n\t<p><input class=\"wpcf7-form-control wpcf7-submit has-spinner button\" type=\"submit\" value=\"Submit\" \/>\n\t<\/p>\n<\/div><div class=\"wpcf7-response-output\" aria-hidden=\"true\"><\/div>\n<input type=\"hidden\" name=\"trp-form-language\" value=\"en\"\/><\/form>\n<\/div>\n\n\n\n\t\t<\/div>\n\t\t\t\t\t<\/div>\n\n\t\n\n<\/div>\n\n\t\t<\/div>\n\n\t\t\n<style>\n#section_171123148 {\n  padding-top: 30px;\n  padding-bottom: 30px;\n  min-height: 300px;\n  background-color: rgb(0, 0, 0);\n}\n#section_171123148 .section-bg-overlay {\n  background-color: rgba(0, 0, 0, 0.01);\n}\n@media (min-width:550px) {\n  #section_171123148 {\n    min-height: 400px;\n  }\n}\n<\/style>\n\t<\/section>","protected":false},"excerpt":{"rendered":"","protected":false},"author":1,"featured_media":0,"parent":0,"menu_order":0,"comment_status":"closed","ping_status":"closed","template":"page-blank.php","meta":{"footnotes":""},"class_list":["post-544","page","type-page","status-publish","hentry"],"_links":{"self":[{"href":"https:\/\/supercalib.vn\/en\/wp-json\/wp\/v2\/pages\/544","targetHints":{"allow":["GET"]}}],"collection":[{"href":"https:\/\/supercalib.vn\/en\/wp-json\/wp\/v2\/pages"}],"about":[{"href":"https:\/\/supercalib.vn\/en\/wp-json\/wp\/v2\/types\/page"}],"author":[{"embeddable":true,"href":"https:\/\/supercalib.vn\/en\/wp-json\/wp\/v2\/users\/1"}],"replies":[{"embeddable":true,"href":"https:\/\/supercalib.vn\/en\/wp-json\/wp\/v2\/comments?post=544"}],"version-history":[{"count":2,"href":"https:\/\/supercalib.vn\/en\/wp-json\/wp\/v2\/pages\/544\/revisions"}],"predecessor-version":[{"id":587,"href":"https:\/\/supercalib.vn\/en\/wp-json\/wp\/v2\/pages\/544\/revisions\/587"}],"wp:attachment":[{"href":"https:\/\/supercalib.vn\/en\/wp-json\/wp\/v2\/media?parent=544"}],"curies":[{"name":"wp","href":"https:\/\/api.w.org\/{rel}","templated":true}]}}