{"id":1013,"date":"2025-06-10T11:45:04","date_gmt":"2025-06-10T04:45:04","guid":{"rendered":"https:\/\/supercalib.vn\/?post_type=product&#038;p=1013"},"modified":"2025-06-27T14:41:57","modified_gmt":"2025-06-27T07:41:57","slug":"may-mai","status":"publish","type":"product","link":"https:\/\/supercalib.vn\/en\/product\/may-mai\/","title":{"rendered":"M\u00e1y m\u00e0i"},"content":{"rendered":"<p><iframe loading=\"lazy\" src=\"https:\/\/drive.google.com\/file\/d\/1xbV-nOX7_ehmF7R61h3aOp_DdH-3R5sr\/preview\" width=\"100%\" height=\"600\"><br \/>\n<\/iframe><\/p>\n<p>LINK YOUTUBE:<\/p>\n<p><a href=\"https:\/\/www.youtube.com\/watch?v=xjcIZt-i4rc\">M\u00e1y M\u00e0i v\u00e0 L\u00e0m B\u00f3ng (Grinding Polishing machine 1<\/a><\/p>","protected":false},"excerpt":{"rendered":"<p>LINK YOUTUBE: M\u00e1y M\u00e0i v\u00e0 L\u00e0m B\u00f3ng (Grinding Polishing machine 1<\/p>","protected":false},"featured_media":1014,"comment_status":"open","ping_status":"closed","template":"","meta":[],"product_cat":[60],"product_tag":[],"class_list":{"0":"post-1013","1":"product","2":"type-product","3":"status-publish","4":"has-post-thumbnail","6":"product_cat-cung-cap-may-moc","8":"first","9":"instock","10":"shipping-taxable","11":"product-type-simple"},"_links":{"self":[{"href":"https:\/\/supercalib.vn\/en\/wp-json\/wp\/v2\/product\/1013","targetHints":{"allow":["GET"]}}],"collection":[{"href":"https:\/\/supercalib.vn\/en\/wp-json\/wp\/v2\/product"}],"about":[{"href":"https:\/\/supercalib.vn\/en\/wp-json\/wp\/v2\/types\/product"}],"replies":[{"embeddable":true,"href":"https:\/\/supercalib.vn\/en\/wp-json\/wp\/v2\/comments?post=1013"}],"wp:featuredmedia":[{"embeddable":true,"href":"https:\/\/supercalib.vn\/en\/wp-json\/wp\/v2\/media\/1014"}],"wp:attachment":[{"href":"https:\/\/supercalib.vn\/en\/wp-json\/wp\/v2\/media?parent=1013"}],"wp:term":[{"taxonomy":"product_cat","embeddable":true,"href":"https:\/\/supercalib.vn\/en\/wp-json\/wp\/v2\/product_cat?post=1013"},{"taxonomy":"product_tag","embeddable":true,"href":"https:\/\/supercalib.vn\/en\/wp-json\/wp\/v2\/product_tag?post=1013"}],"curies":[{"name":"wp","href":"https:\/\/api.w.org\/{rel}","templated":true}]}}