{"id":1015,"date":"2025-06-10T11:52:01","date_gmt":"2025-06-10T04:52:01","guid":{"rendered":"https:\/\/supercalib.vn\/?post_type=product&#038;p=1015"},"modified":"2025-06-10T11:55:20","modified_gmt":"2025-06-10T04:55:20","slug":"may-duc-mau","status":"publish","type":"product","link":"https:\/\/supercalib.vn\/en\/product\/may-duc-mau\/","title":{"rendered":"M\u00e1y \u0111\u00fac m\u1eabu"},"content":{"rendered":"<p><iframe loading=\"lazy\" src=\"https:\/\/drive.google.com\/file\/d\/1q9LYNjddsZfzQbVOM3wRmd0KAYCsA4Od\/preview\" \n        width=\"100%\" \n        height=\"600\" \n        allow=\"autoplay\"><br \/>\n<\/iframe><\/p>","protected":false},"excerpt":{"rendered":"","protected":false},"featured_media":1016,"comment_status":"open","ping_status":"closed","template":"","meta":[],"product_cat":[15],"product_tag":[],"class_list":{"0":"post-1015","1":"product","2":"type-product","3":"status-publish","4":"has-post-thumbnail","6":"product_cat-chua-phan-loai","8":"first","9":"instock","10":"shipping-taxable","11":"product-type-simple"},"_links":{"self":[{"href":"https:\/\/supercalib.vn\/en\/wp-json\/wp\/v2\/product\/1015","targetHints":{"allow":["GET"]}}],"collection":[{"href":"https:\/\/supercalib.vn\/en\/wp-json\/wp\/v2\/product"}],"about":[{"href":"https:\/\/supercalib.vn\/en\/wp-json\/wp\/v2\/types\/product"}],"replies":[{"embeddable":true,"href":"https:\/\/supercalib.vn\/en\/wp-json\/wp\/v2\/comments?post=1015"}],"wp:featuredmedia":[{"embeddable":true,"href":"https:\/\/supercalib.vn\/en\/wp-json\/wp\/v2\/media\/1016"}],"wp:attachment":[{"href":"https:\/\/supercalib.vn\/en\/wp-json\/wp\/v2\/media?parent=1015"}],"wp:term":[{"taxonomy":"product_cat","embeddable":true,"href":"https:\/\/supercalib.vn\/en\/wp-json\/wp\/v2\/product_cat?post=1015"},{"taxonomy":"product_tag","embeddable":true,"href":"https:\/\/supercalib.vn\/en\/wp-json\/wp\/v2\/product_tag?post=1015"}],"curies":[{"name":"wp","href":"https:\/\/api.w.org\/{rel}","templated":true}]}}