{"id":195,"date":"2023-08-09T22:13:25","date_gmt":"2023-08-09T15:13:25","guid":{"rendered":"http:\/\/uxthemes.wpengine.com\/?post_type=product&#038;p=250"},"modified":"2025-08-18T13:35:31","modified_gmt":"2025-08-18T06:35:31","slug":"all-star-print-ox-converse","status":"publish","type":"product","link":"https:\/\/supercalib.vn\/en\/product\/all-star-print-ox-converse\/","title":{"rendered":"Th\u01b0\u1edbc \u0111o cao (Vernier height gauge with adjustable guide bar)"},"content":{"rendered":"<div class=\"fusion-text fusion-text-1\">\n<h1 class=\"fusion-responsive-typography-calculated\" data-fontsize=\"80\" data-lineheight=\"96px\">Vernier height gauge with adjustable guide bar<\/h1>\n<\/div>\n<div class=\"fusion-separator fusion-full-width-sep\"><\/div>\n<div class=\"fusion-separator fusion-full-width-sep\">\n<div class=\"fusion-separator-border sep-double\"><\/div>\n<\/div>\n<div class=\"fusion-builder-row fusion-builder-row-inner fusion-row fusion-flex-align-items-flex-start fusion-flex-content-wrap\">\n<div class=\"fusion-layout-column fusion_builder_column_inner fusion-builder-nested-column-0 fusion_builder_column_inner_1_2 1_2 fusion-flex-column\">\n<div class=\"fusion-column-wrapper fusion-column-has-shadow fusion-flex-justify-content-flex-start fusion-content-layout-column\">\n<div class=\"fusion-text fusion-text-3\">\n<p>\u00a0DIN862.<br \/>\n\u0110\u01b0\u1ee3c l\u00e0m t\u1eeb th\u00e9p kh\u00f4ng g\u1ec9<br \/>\nC\u00f3 \u0111i\u1ec1u ch\u1ec9nh tinh t\u1ebf<br \/>\nThanh th\u01b0\u1edbc c\u00f3 th\u1ec3 \u0111i\u1ec1u ch\u1ec9nh<br \/>\nK\u00e8m k\u00ednh l\u00fap \u0111\u1ec3 \u0111\u1ecdc d\u1ec5 d\u00e0ng<br \/>\n\u0110\u1ea7u kh\u1eafc b\u1eb1ng carbide<br \/>\nThang \u0111o v\u00e0 nonius m\u1ea1 chrome m\u1edd<br \/>\nC\u01a1 s\u1edf b\u1eb1ng gang ch\u1eafc ch\u1eafn, ph\u1ee7 s\u01a1n v\u00e0 m\u1eb7t d\u01b0\u1edbi m\u00e0i ph\u1eb3ng<br \/>\n\u0110\u00f3ng g\u00f3i trong h\u1ed9p gi\u1ea5y k\u00e8m b\u00e1o c\u00e1o ki\u1ec3m tra<\/p>\n<\/div>\n<\/div>\n<\/div>\n<div class=\"fusion-layout-column fusion_builder_column_inner fusion-builder-nested-column-1 fusion_builder_column_inner_1_2 1_2 fusion-flex-column\">\n<div class=\"fusion-column-wrapper fusion-column-has-shadow fusion-flex-justify-content-flex-start fusion-content-layout-column\">\n<div class=\"fusion-image-element\"><\/div>\n<\/div>\n<\/div>\n<\/div>\n<div class=\"fusion-separator fusion-full-width-sep\">\n<div class=\"fusion-separator-border sep-double\"><\/div>\n<\/div>\n<div class=\"fusion-image-element\"><\/div>","protected":false},"excerpt":{"rendered":"<p>Vernier height gauge with adjustable guide bar \u00a0DIN862. \u0110\u01b0\u1ee3c l\u00e0m t\u1eeb th\u00e9p kh\u00f4ng g\u1ec9 C\u00f3 \u0111i\u1ec1u ch\u1ec9nh tinh t\u1ebf Thanh th\u01b0\u1edbc c\u00f3 th\u1ec3 \u0111i\u1ec1u ch\u1ec9nh K\u00e8m k\u00ednh l\u00fap \u0111\u1ec3 \u0111\u1ecdc d\u1ec5 d\u00e0ng \u0110\u1ea7u kh\u1eafc b\u1eb1ng carbide Thang \u0111o v\u00e0 nonius m\u1ea1 chrome m\u1edd C\u01a1 s\u1edf b\u1eb1ng gang ch\u1eafc ch\u1eafn, ph\u1ee7 s\u01a1n v\u00e0 m\u1eb7t d\u01b0\u1edbi m\u00e0i [&#8230;]","protected":false},"featured_media":428,"comment_status":"open","ping_status":"closed","template":"","meta":[],"product_cat":[22],"product_tag":[],"class_list":{"0":"post-195","1":"product","2":"type-product","3":"status-publish","4":"has-post-thumbnail","6":"product_cat-cung-cap-dung-cu-do","8":"first","9":"instock","10":"shipping-taxable","11":"product-type-simple"},"_links":{"self":[{"href":"https:\/\/supercalib.vn\/en\/wp-json\/wp\/v2\/product\/195","targetHints":{"allow":["GET"]}}],"collection":[{"href":"https:\/\/supercalib.vn\/en\/wp-json\/wp\/v2\/product"}],"about":[{"href":"https:\/\/supercalib.vn\/en\/wp-json\/wp\/v2\/types\/product"}],"replies":[{"embeddable":true,"href":"https:\/\/supercalib.vn\/en\/wp-json\/wp\/v2\/comments?post=195"}],"wp:featuredmedia":[{"embeddable":true,"href":"https:\/\/supercalib.vn\/en\/wp-json\/wp\/v2\/media\/428"}],"wp:attachment":[{"href":"https:\/\/supercalib.vn\/en\/wp-json\/wp\/v2\/media?parent=195"}],"wp:term":[{"taxonomy":"product_cat","embeddable":true,"href":"https:\/\/supercalib.vn\/en\/wp-json\/wp\/v2\/product_cat?post=195"},{"taxonomy":"product_tag","embeddable":true,"href":"https:\/\/supercalib.vn\/en\/wp-json\/wp\/v2\/product_tag?post=195"}],"curies":[{"name":"wp","href":"https:\/\/api.w.org\/{rel}","templated":true}]}}