{"id":202,"date":"2023-08-09T21:07:45","date_gmt":"2023-08-09T14:07:45","guid":{"rendered":"http:\/\/uxthemes.wpengine.com\/?post_type=product&#038;p=157"},"modified":"2024-05-14T10:23:36","modified_gmt":"2024-05-14T03:23:36","slug":"lenox-star-knit-hunkydory","status":"publish","type":"product","link":"https:\/\/supercalib.vn\/en\/product\/lenox-star-knit-hunkydory\/","title":{"rendered":"Universal bevel protractors"},"content":{"rendered":"<div class=\"fusion-text fusion-text-1\">\n<h1 class=\"fusion-responsive-typography-calculated\" data-fontsize=\"80\" data-lineheight=\"96px\">Universal bevel protractors<\/h1>\n<\/div>\n<div class=\"fusion-builder-row fusion-builder-row-inner fusion-row fusion-flex-align-items-flex-start fusion-flex-content-wrap\">\n<div class=\"fusion-layout-column fusion_builder_column_inner fusion-builder-nested-column-0 fusion_builder_column_inner_1_2 1_2 fusion-flex-column\">\n<div class=\"fusion-column-wrapper fusion-column-has-shadow fusion-flex-justify-content-flex-start fusion-content-layout-column\">\n<div class=\"fusion-text fusion-text-3\">\n<p>\u0110\u01b0\u1ee3c l\u00e0m t\u1eeb th\u00e9p kh\u00f4ng g\u1ec9<br \/>\nD\u1ea5u ch\u1ea5m laser \u0111\u00e1nh d\u1ea5u chia v\u1ea1ch<br \/>\nT\u1ea5t c\u1ea3 c\u00e1c b\u1ec1 m\u1eb7t \u0111o \u0111\u00e3 \u0111\u01b0\u1ee3c l\u00e0m c\u1ee9ng v\u00e0 m\u00e0i ph\u1eb3ng<br \/>\nC\u00f3 \u0111i\u1ec1u ch\u1ec9nh tinh t\u1ebf<br \/>\nL\u00f2ng \u0111\u1ed3ng h\u1ed3 c\u00f3 th\u1ec3 \u0111i\u1ec1u ch\u1ec9nh<br \/>\nC\u01a1 s\u1edf g\u00f3c nh\u1ecdn l\u00e0 ph\u1ee5 ki\u1ec7n ti\u00eau chu\u1ea9n<br \/>\nPh\u1ea1m vi \u0111o 360\u00ba, \u0110\u1ecdc 5&#8242;<br \/>\n\u0110\u1ed9 ch\u00ednh x\u00e1c \u00b15&#8242;<br \/>\n\u0110\u00f3ng g\u00f3i trong h\u1ed9p gi\u1ea5y<\/p>\n<\/div>\n<\/div>\n<\/div>\n<\/div>","protected":false},"excerpt":{"rendered":"<p>Universal bevel protractors \u0110\u01b0\u1ee3c l\u00e0m t\u1eeb th\u00e9p kh\u00f4ng g\u1ec9 D\u1ea5u ch\u1ea5m laser \u0111\u00e1nh d\u1ea5u chia v\u1ea1ch T\u1ea5t c\u1ea3 c\u00e1c b\u1ec1 m\u1eb7t \u0111o \u0111\u00e3 \u0111\u01b0\u1ee3c l\u00e0m c\u1ee9ng v\u00e0 m\u00e0i ph\u1eb3ng C\u00f3 \u0111i\u1ec1u ch\u1ec9nh tinh t\u1ebf L\u00f2ng \u0111\u1ed3ng h\u1ed3 c\u00f3 th\u1ec3 \u0111i\u1ec1u ch\u1ec9nh C\u01a1 s\u1edf g\u00f3c nh\u1ecdn l\u00e0 ph\u1ee5 ki\u1ec7n ti\u00eau chu\u1ea9n Ph\u1ea1m vi \u0111o 360\u00ba, \u0110\u1ecdc [&#8230;]","protected":false},"featured_media":441,"comment_status":"open","ping_status":"closed","template":"","meta":[],"product_cat":[22],"product_tag":[],"class_list":{"0":"post-202","1":"product","2":"type-product","3":"status-publish","4":"has-post-thumbnail","6":"product_cat-cung-cap-dung-cu-do","8":"first","9":"instock","10":"shipping-taxable","11":"product-type-simple"},"_links":{"self":[{"href":"https:\/\/supercalib.vn\/en\/wp-json\/wp\/v2\/product\/202","targetHints":{"allow":["GET"]}}],"collection":[{"href":"https:\/\/supercalib.vn\/en\/wp-json\/wp\/v2\/product"}],"about":[{"href":"https:\/\/supercalib.vn\/en\/wp-json\/wp\/v2\/types\/product"}],"replies":[{"embeddable":true,"href":"https:\/\/supercalib.vn\/en\/wp-json\/wp\/v2\/comments?post=202"}],"wp:featuredmedia":[{"embeddable":true,"href":"https:\/\/supercalib.vn\/en\/wp-json\/wp\/v2\/media\/441"}],"wp:attachment":[{"href":"https:\/\/supercalib.vn\/en\/wp-json\/wp\/v2\/media?parent=202"}],"wp:term":[{"taxonomy":"product_cat","embeddable":true,"href":"https:\/\/supercalib.vn\/en\/wp-json\/wp\/v2\/product_cat?post=202"},{"taxonomy":"product_tag","embeddable":true,"href":"https:\/\/supercalib.vn\/en\/wp-json\/wp\/v2\/product_tag?post=202"}],"curies":[{"name":"wp","href":"https:\/\/api.w.org\/{rel}","templated":true}]}}