{"id":207,"date":"2023-08-08T20:44:01","date_gmt":"2023-08-08T13:44:01","guid":{"rendered":"http:\/\/uxthemes.wpengine.com\/?post_type=product&#038;p=120"},"modified":"2024-05-15T11:04:46","modified_gmt":"2024-05-15T04:04:46","slug":"print-ls-college-sweat","status":"publish","type":"product","link":"https:\/\/supercalib.vn\/en\/product\/print-ls-college-sweat\/","title":{"rendered":"Th\u01b0\u1edbc c\u1eb7p \u0111i\u1ec7n t\u1eed IP67 0.001mm"},"content":{"rendered":"<div dir=\"auto\">Th\u01b0\u1edbc c\u1eb7p \u0111i\u1ec7n t\u1eed IP67 0.001mm<\/div>\n<div dir=\"auto\">\u25cf Hi\u1ec3n th\u1ecb l\u00ean t\u1edbi 0,001mm, ch\u1ec9 b\u00e1o ch\u00ednh x\u00e1c cao<\/div>\n<div dir=\"auto\">\u25cf \u0110\u01b0\u1ee3c l\u00e0m b\u1eb1ng th\u00e9p kh\u00f4ng g\u1ec9, c\u1ea5p b\u1ea3o v\u1ec7 IP67<\/div>\n<div dir=\"auto\">\u25cf 14mm M\u00e0n h\u00ecnh l\u1edbn, ch\u1eef s\u1ed1 r\u00f5 r\u00e0ng h\u01a1n v\u00e0 chi\u1ec1u cao l\u00ean t\u1edbi 14mm<\/div>\n<div dir=\"auto\">\u25cf M\u00f4-\u0111un bluetooth t\u00edch h\u1ee3p \u0111\u1ec3 cho ph\u00e9p truy\u1ec1n d\u1eef li\u1ec7u kh\u00f4ng d\u00e2y<\/div>\n<div dir=\"auto\">\u25cf T\u1ef1 \u0111\u1ed9ng t\u1eaft ngu\u1ed3n, pin 3V (CR2032)<\/div>","protected":false},"excerpt":{"rendered":"<p>Th\u01b0\u1edbc c\u1eb7p \u0111i\u1ec7n t\u1eed IP67 0.001mm \u25cf Hi\u1ec3n th\u1ecb l\u00ean t\u1edbi 0,001mm, ch\u1ec9 b\u00e1o ch\u00ednh x\u00e1c cao \u25cf \u0110\u01b0\u1ee3c l\u00e0m b\u1eb1ng th\u00e9p kh\u00f4ng g\u1ec9, c\u1ea5p b\u1ea3o v\u1ec7 IP67 \u25cf 14mm M\u00e0n h\u00ecnh l\u1edbn, ch\u1eef s\u1ed1 r\u00f5 r\u00e0ng h\u01a1n v\u00e0 chi\u1ec1u cao l\u00ean t\u1edbi 14mm \u25cf M\u00f4-\u0111un bluetooth t\u00edch h\u1ee3p \u0111\u1ec3 cho ph\u00e9p truy\u1ec1n d\u1eef li\u1ec7u [&#8230;]","protected":false},"featured_media":409,"comment_status":"open","ping_status":"closed","template":"","meta":[],"product_cat":[22],"product_tag":[],"class_list":{"0":"post-207","1":"product","2":"type-product","3":"status-publish","4":"has-post-thumbnail","6":"product_cat-cung-cap-dung-cu-do","8":"first","9":"instock","10":"shipping-taxable","11":"product-type-simple"},"_links":{"self":[{"href":"https:\/\/supercalib.vn\/en\/wp-json\/wp\/v2\/product\/207","targetHints":{"allow":["GET"]}}],"collection":[{"href":"https:\/\/supercalib.vn\/en\/wp-json\/wp\/v2\/product"}],"about":[{"href":"https:\/\/supercalib.vn\/en\/wp-json\/wp\/v2\/types\/product"}],"replies":[{"embeddable":true,"href":"https:\/\/supercalib.vn\/en\/wp-json\/wp\/v2\/comments?post=207"}],"wp:featuredmedia":[{"embeddable":true,"href":"https:\/\/supercalib.vn\/en\/wp-json\/wp\/v2\/media\/409"}],"wp:attachment":[{"href":"https:\/\/supercalib.vn\/en\/wp-json\/wp\/v2\/media?parent=207"}],"wp:term":[{"taxonomy":"product_cat","embeddable":true,"href":"https:\/\/supercalib.vn\/en\/wp-json\/wp\/v2\/product_cat?post=207"},{"taxonomy":"product_tag","embeddable":true,"href":"https:\/\/supercalib.vn\/en\/wp-json\/wp\/v2\/product_tag?post=207"}],"curies":[{"name":"wp","href":"https:\/\/api.w.org\/{rel}","templated":true}]}}