{"id":212,"date":"2023-07-05T19:32:57","date_gmt":"2023-07-05T12:32:57","guid":{"rendered":"http:\/\/flatsome.dev\/?post_type=product&#038;p=8238"},"modified":"2025-10-07T05:29:37","modified_gmt":"2025-10-06T22:29:37","slug":"surfing-in-portugal","status":"publish","type":"product","link":"https:\/\/supercalib.vn\/en\/product\/surfing-in-portugal\/","title":{"rendered":"Universal micrometers"},"content":{"rendered":"<div class=\"fusion-text fusion-text-1\">\n<h1 class=\"fusion-responsive-typography-calculated\" data-fontsize=\"80\" data-lineheight=\"96px\">Universal micrometers<\/h1>\n<\/div>\n<div class=\"fusion-builder-row fusion-builder-row-inner fusion-row fusion-flex-align-items-flex-start fusion-flex-content-wrap\">\n<div class=\"fusion-layout-column fusion_builder_column_inner fusion-builder-nested-column-0 fusion_builder_column_inner_1_2 1_2 fusion-flex-column\">\n<div class=\"fusion-column-wrapper fusion-column-has-shadow fusion-flex-justify-content-flex-start fusion-content-layout-column\">\n<div class=\"fusion-text fusion-text-3\">\n<p>\u0110i k\u00e8m v\u1edbi 7 c\u1eb7p insert c\u00f3 th\u1ec3 thay \u0111\u1ed5i v\u1edbi tr\u1ee5c \u03c65mm<br \/>\nTr\u1ee5c kh\u00f4ng quay \u03c66.5mm<br \/>\nV\u00edt xo\u1eafn thimble v\u1edbi c\u1ea3n ma s\u00e1t<br \/>\nKhung \u0111\u01b0\u1ee3c s\u01a1n, thimble m\u1ea1 chrome m\u1edd<br \/>\n\u0110\u1ed9 ch\u00ednh x\u00e1c theo ti\u00eau chu\u1ea9n c\u1ee7a nh\u00e0 s\u1ea3n xu\u1ea5t<br \/>\nT\u1eeb k\u00edch th\u01b0\u1edbc 25-50mm bao g\u1ed3m c\u1ea3 c\u00e1i \u0111o thi\u1ebft l\u1eadp<br \/>\nGiao h\u00e0ng trong h\u1ed9p gi\u1ea5y<\/p>\n<\/div>\n<\/div>\n<\/div>\n<\/div>","protected":false},"excerpt":{"rendered":"<p>Universal micrometers \u0110i k\u00e8m v\u1edbi 7 c\u1eb7p insert c\u00f3 th\u1ec3 thay \u0111\u1ed5i v\u1edbi tr\u1ee5c \u03c65mm Tr\u1ee5c kh\u00f4ng quay \u03c66.5mm V\u00edt xo\u1eafn thimble v\u1edbi c\u1ea3n ma s\u00e1t Khung \u0111\u01b0\u1ee3c s\u01a1n, thimble m\u1ea1 chrome m\u1edd \u0110\u1ed9 ch\u00ednh x\u00e1c theo ti\u00eau chu\u1ea9n c\u1ee7a nh\u00e0 s\u1ea3n xu\u1ea5t T\u1eeb k\u00edch th\u01b0\u1edbc 25-50mm bao g\u1ed3m c\u1ea3 c\u00e1i \u0111o thi\u1ebft l\u1eadp Giao [&#8230;]","protected":false},"featured_media":431,"comment_status":"open","ping_status":"closed","template":"","meta":[],"product_cat":[22],"product_tag":[],"class_list":{"0":"post-212","1":"product","2":"type-product","3":"status-publish","4":"has-post-thumbnail","6":"product_cat-cung-cap-dung-cu-do","8":"first","9":"instock","10":"shipping-taxable","11":"product-type-variable"},"_links":{"self":[{"href":"https:\/\/supercalib.vn\/en\/wp-json\/wp\/v2\/product\/212","targetHints":{"allow":["GET"]}}],"collection":[{"href":"https:\/\/supercalib.vn\/en\/wp-json\/wp\/v2\/product"}],"about":[{"href":"https:\/\/supercalib.vn\/en\/wp-json\/wp\/v2\/types\/product"}],"replies":[{"embeddable":true,"href":"https:\/\/supercalib.vn\/en\/wp-json\/wp\/v2\/comments?post=212"}],"wp:featuredmedia":[{"embeddable":true,"href":"https:\/\/supercalib.vn\/en\/wp-json\/wp\/v2\/media\/431"}],"wp:attachment":[{"href":"https:\/\/supercalib.vn\/en\/wp-json\/wp\/v2\/media?parent=212"}],"wp:term":[{"taxonomy":"product_cat","embeddable":true,"href":"https:\/\/supercalib.vn\/en\/wp-json\/wp\/v2\/product_cat?post=212"},{"taxonomy":"product_tag","embeddable":true,"href":"https:\/\/supercalib.vn\/en\/wp-json\/wp\/v2\/product_tag?post=212"}],"curies":[{"name":"wp","href":"https:\/\/api.w.org\/{rel}","templated":true}]}}