{"id":213,"date":"2023-06-07T11:38:12","date_gmt":"2023-06-07T04:38:12","guid":{"rendered":"http:\/\/demo2.woothemes.com\/woocommerce\/?post_type=product&#038;p=99"},"modified":"2025-07-03T16:24:17","modified_gmt":"2025-07-03T09:24:17","slug":"woo-single-2","status":"publish","type":"product","link":"https:\/\/supercalib.vn\/en\/product\/woo-single-2\/","title":{"rendered":"N\u01b0\u1edbc v\u1ec7 sinh b\u00e0n \u0111\u00e1"},"content":{"rendered":"<div class=\"xdj266r x11i5rnm xat24cr x1mh8g0r x1vvkbs x126k92a\">\n<div dir=\"auto\"><\/div>\n<div dir=\"auto\">B\u00e0n R\u00e0 Chu\u1ea9n l\u00e0 thi\u1ebft b\u1ecb th\u01b0\u1eddng \u0111\u01b0\u1ee3c s\u1eed d\u1ee5ng cho c\u00f4ng vi\u1ec7c ki\u1ec3m tra \u0111\u1ed9 \u0111\u1ed3ng ph\u1eb3ng trong \u0111o \u0111\u1ea1c, ki\u1ec3m tra b\u1ec1 m\u1eb7t chu\u1ea9n c\u00f3 \u0111\u1ed9 ch\u00ednh x\u00e1c cao nh\u01b0 \u0111o \u0111\u1ed9 cao, \u0111o \u0111\u1ed9 ph\u1eb3ng v\u00e0 c\u00e1c \u0111o ki\u1ec3m kh\u00e1c. V\u1edbi ch\u1ea5t li\u1ec7u \u0111a d\u1ea1ng v\u00e0 ch\u1ee7 y\u1ebfu b\u1eb1ng ch\u1ea5t li\u1ec7u \u0111\u00e1 b\u00e0n M\u00e1p, b\u00e0n r\u00e0 chu\u1ea9n th\u01b0\u1eddng c\u00f3 \u0111\u1ed9 ph\u1eb3ng cao, kh\u1ea3 n\u0103ng ch\u1ed1ng m\u00e0i m\u00f2n v\u00e0 \u0111\u1ed9 b\u1ec1n t\u1ed1t, kh\u00f4ng b\u1ecb bi\u1ebfn d\u1ea1ng theo th\u1eddi gian.<\/div>\n<\/div>\n<div class=\"x11i5rnm xat24cr x1mh8g0r x1vvkbs xtlvy1s x126k92a\">\n<div dir=\"auto\">Trong qu\u00e1 tr\u00ecnh s\u1eed d\u1ee5ng b\u00e0n map s\u1ebd kh\u00f4ng tr\u00e1nh kh\u1ecfi nh\u1eefng v\u1ebft loan, v\u1ebft b\u1ea9n tr\u00ean b\u1ec1 m\u1eb7t, l\u00e0m \u1ea3nh h\u01b0\u1edfng \u0111\u1ebfn \u0111\u1ed9 ph\u1eb3ng c\u0169ng nh\u01b0 \u0111\u1ed9 ch\u00ednh x\u00e1c c\u1ee7a b\u00e0n map trong qu\u00e1 tr\u00ecnh s\u1eed d\u1ee5ng.<\/div>\n<\/div>\n<div class=\"x11i5rnm xat24cr x1mh8g0r x1vvkbs xtlvy1s x126k92a\">\n<div dir=\"auto\">H\u00e3y s\u1eed d\u1ee5ng n\u01b0\u1edbc v\u1ec7 sinh b\u00e0n \u0111\u00e1 \u0111\u00e1 STARRET \u0111\u1ec3 gi\u00fap t\u1ea9y \u0111i nh\u1eefng v\u1ebft b\u1ea9n, l\u00e0m cho b\u1ec1 m\u1eb7t b\u00e0n map \u0111\u01b0\u1ee3c s\u00e1ng b\u00f3ng. \u0110\u00e2y c\u0169ng ch\u00ednh l\u00e0 lo\u1ea1i dung d\u1ecbch \u0111\u01b0\u01a1c \ud835\ude46\ud835\ude3c\ud835\ude44\ud835\ude55\ud835\ude40\ud835\ude49 \ud835\ude3e\ud835\ude4d\ud835\ude40\ud835\ude3c\ud835\ude4f\ud835\ude44\ud835\ude51\ud835\ude40 \ud835\ude51\ud835\ude44\u1ec6\ud835\ude4f \ud835\ude49\ud835\ude3c\ud835\ude48 tin d\u00f9ng, \u0111\u1ec3 s\u1eed d\u1ee5ng trong quy tr\u00ecnh l\u00e0m s\u1ea1ch b\u00e0n map tr\u01b0\u1edbc khi hi\u1ec7u chu\u1ea9n cho kh\u00e1ch h\u00e0ng<\/div>\n<div dir=\"auto\"><\/div>\n<\/div>","protected":false},"excerpt":{"rendered":"<p>B\u00e0n R\u00e0 Chu\u1ea9n l\u00e0 thi\u1ebft b\u1ecb th\u01b0\u1eddng \u0111\u01b0\u1ee3c s\u1eed d\u1ee5ng cho c\u00f4ng vi\u1ec7c ki\u1ec3m tra \u0111\u1ed9 \u0111\u1ed3ng ph\u1eb3ng trong \u0111o \u0111\u1ea1c, ki\u1ec3m tra b\u1ec1 m\u1eb7t chu\u1ea9n c\u00f3 \u0111\u1ed9 ch\u00ednh x\u00e1c cao nh\u01b0 \u0111o \u0111\u1ed9 cao, \u0111o \u0111\u1ed9 ph\u1eb3ng v\u00e0 c\u00e1c \u0111o ki\u1ec3m kh\u00e1c. V\u1edbi ch\u1ea5t li\u1ec7u \u0111a d\u1ea1ng v\u00e0 ch\u1ee7 y\u1ebfu b\u1eb1ng ch\u1ea5t li\u1ec7u \u0111\u00e1 [&#8230;]","protected":false},"featured_media":607,"comment_status":"open","ping_status":"closed","template":"","meta":[],"product_cat":[15],"product_tag":[],"class_list":{"0":"post-213","1":"product","2":"type-product","3":"status-publish","4":"has-post-thumbnail","6":"product_cat-chua-phan-loai","8":"first","9":"instock","10":"shipping-taxable","11":"product-type-simple"},"_links":{"self":[{"href":"https:\/\/supercalib.vn\/en\/wp-json\/wp\/v2\/product\/213","targetHints":{"allow":["GET"]}}],"collection":[{"href":"https:\/\/supercalib.vn\/en\/wp-json\/wp\/v2\/product"}],"about":[{"href":"https:\/\/supercalib.vn\/en\/wp-json\/wp\/v2\/types\/product"}],"replies":[{"embeddable":true,"href":"https:\/\/supercalib.vn\/en\/wp-json\/wp\/v2\/comments?post=213"}],"wp:featuredmedia":[{"embeddable":true,"href":"https:\/\/supercalib.vn\/en\/wp-json\/wp\/v2\/media\/607"}],"wp:attachment":[{"href":"https:\/\/supercalib.vn\/en\/wp-json\/wp\/v2\/media?parent=213"}],"wp:term":[{"taxonomy":"product_cat","embeddable":true,"href":"https:\/\/supercalib.vn\/en\/wp-json\/wp\/v2\/product_cat?post=213"},{"taxonomy":"product_tag","embeddable":true,"href":"https:\/\/supercalib.vn\/en\/wp-json\/wp\/v2\/product_tag?post=213"}],"curies":[{"name":"wp","href":"https:\/\/api.w.org\/{rel}","templated":true}]}}