{"id":214,"date":"2023-06-07T11:37:23","date_gmt":"2023-06-07T04:37:23","guid":{"rendered":"http:\/\/demo2.woothemes.com\/woocommerce\/?post_type=product&#038;p=96"},"modified":"2025-05-10T21:40:15","modified_gmt":"2025-05-10T14:40:15","slug":"woo-album-4","status":"publish","type":"product","link":"https:\/\/supercalib.vn\/en\/product\/woo-album-4\/","title":{"rendered":"Three point internal micrometers"},"content":{"rendered":"<p>D\u00e0nh cho l\u1ed7 m\u00f9<br \/>\nV\u1edbi \u0111i\u1ec3m \u0111o carbide t\u1eeb 12mm<br \/>\nHo\u00e0n thi\u1ec7n b\u1eb1ng chrome m\u1edd<br \/>\n\u0110i k\u00e8m v\u1edbi nh\u1eefng chi\u1ebfc v\u00f2ng \u0111\u1eb7t v\u00e0 ph\u1ea7n m\u1edf r\u1ed9ng<br \/>\n\u0110\u1ed9 ph\u00e2n gi\u1ea3i:<br \/>\nD\u01b0\u1edbi 12mm\/0.5\u2033: 0.001mm (h\u1ec7 m\u00e9t) 0.0001\u201d (h\u1ec7 inch)<br \/>\nTr\u00ean 12mm\/0.5\u2033: 0.005mm (h\u1ec7 m\u00e9t) 0.0002\u201d (h\u1ec7 inch)<br \/>\n\u0110\u00f3ng g\u00f3i trong h\u1ed9p nh\u00f4m k\u00e8m ch\u1ee9ng ch\u1ec9 ki\u1ec3m tra<\/p>","protected":false},"excerpt":{"rendered":"<p>D\u00e0nh cho l\u1ed7 m\u00f9 V\u1edbi \u0111i\u1ec3m \u0111o carbide t\u1eeb 12mm Ho\u00e0n thi\u1ec7n b\u1eb1ng chrome m\u1edd \u0110i k\u00e8m v\u1edbi nh\u1eefng chi\u1ebfc v\u00f2ng \u0111\u1eb7t v\u00e0 ph\u1ea7n m\u1edf r\u1ed9ng \u0110\u1ed9 ph\u00e2n gi\u1ea3i: D\u01b0\u1edbi 12mm\/0.5\u2033: 0.001mm (h\u1ec7 m\u00e9t) 0.0001\u201d (h\u1ec7 inch) Tr\u00ean 12mm\/0.5\u2033: 0.005mm (h\u1ec7 m\u00e9t) 0.0002\u201d (h\u1ec7 inch) \u0110\u00f3ng g\u00f3i trong h\u1ed9p nh\u00f4m k\u00e8m ch\u1ee9ng ch\u1ec9 ki\u1ec3m tra<\/p>","protected":false},"featured_media":451,"comment_status":"open","ping_status":"closed","template":"","meta":[],"product_cat":[22],"product_tag":[],"class_list":{"0":"post-214","1":"product","2":"type-product","3":"status-publish","4":"has-post-thumbnail","6":"product_cat-cung-cap-dung-cu-do","8":"first","9":"instock","10":"downloadable","11":"shipping-taxable","12":"product-type-simple"},"_links":{"self":[{"href":"https:\/\/supercalib.vn\/en\/wp-json\/wp\/v2\/product\/214","targetHints":{"allow":["GET"]}}],"collection":[{"href":"https:\/\/supercalib.vn\/en\/wp-json\/wp\/v2\/product"}],"about":[{"href":"https:\/\/supercalib.vn\/en\/wp-json\/wp\/v2\/types\/product"}],"replies":[{"embeddable":true,"href":"https:\/\/supercalib.vn\/en\/wp-json\/wp\/v2\/comments?post=214"}],"wp:featuredmedia":[{"embeddable":true,"href":"https:\/\/supercalib.vn\/en\/wp-json\/wp\/v2\/media\/451"}],"wp:attachment":[{"href":"https:\/\/supercalib.vn\/en\/wp-json\/wp\/v2\/media?parent=214"}],"wp:term":[{"taxonomy":"product_cat","embeddable":true,"href":"https:\/\/supercalib.vn\/en\/wp-json\/wp\/v2\/product_cat?post=214"},{"taxonomy":"product_tag","embeddable":true,"href":"https:\/\/supercalib.vn\/en\/wp-json\/wp\/v2\/product_tag?post=214"}],"curies":[{"name":"wp","href":"https:\/\/api.w.org\/{rel}","templated":true}]}}