{"id":450,"date":"2024-05-14T11:07:59","date_gmt":"2024-05-14T04:07:59","guid":{"rendered":"https:\/\/supercalib.vn\/?post_type=product&#038;p=450"},"modified":"2024-05-14T11:08:56","modified_gmt":"2024-05-14T04:08:56","slug":"welding-gauge-2","status":"publish","type":"product","link":"https:\/\/supercalib.vn\/en\/product\/welding-gauge-2\/","title":{"rendered":"Welding gauge"},"content":{"rendered":"<div class=\"fusion-text fusion-text-1\">\n<h1 class=\"fusion-responsive-typography-calculated\" data-fontsize=\"80\" data-lineheight=\"96px\">Welding gauge<\/h1>\n<\/div>\n<div class=\"fusion-builder-row fusion-builder-row-inner fusion-row fusion-flex-align-items-flex-start fusion-flex-content-wrap\">\n<div class=\"fusion-layout-column fusion_builder_column_inner fusion-builder-nested-column-0 fusion_builder_column_inner_1_2 1_2 fusion-flex-column\">\n<div class=\"fusion-column-wrapper fusion-column-has-shadow fusion-flex-justify-content-flex-start fusion-content-layout-column\">\n<div class=\"fusion-text fusion-text-3\">\n<p>\u0110\u01b0\u1ee3c l\u00e0m t\u1eeb th\u00e9p kh\u00f4ng g\u1ec9<br \/>\nPh\u00f9 h\u1ee3p \u0111\u1ec3 ki\u1ec3m tra \u0111\u01b0\u1eddng h\u00e0n ph\u1eb3ng v\u00e0 g\u00f3c h\u00e0n<br \/>\nCho g\u00f3c 60\u00b0, 70\u00b0, 80\u00b0, 90\u00b0<br \/>\nThang \u0111o m\u1ea1 chrome m\u1edd<\/p>\n<\/div>\n<\/div>\n<\/div>\n<\/div>","protected":false},"excerpt":{"rendered":"<p>Welding gauge \u0110\u01b0\u1ee3c l\u00e0m t\u1eeb th\u00e9p kh\u00f4ng g\u1ec9 Ph\u00f9 h\u1ee3p \u0111\u1ec3 ki\u1ec3m tra \u0111\u01b0\u1eddng h\u00e0n ph\u1eb3ng v\u00e0 g\u00f3c h\u00e0n Cho g\u00f3c 60\u00b0, 70\u00b0, 80\u00b0, 90\u00b0 Thang \u0111o m\u1ea1 chrome m\u1edd<\/p>","protected":false},"featured_media":424,"comment_status":"open","ping_status":"closed","template":"","meta":[],"product_cat":[22],"product_tag":[],"class_list":{"0":"post-450","1":"product","2":"type-product","3":"status-publish","4":"has-post-thumbnail","6":"product_cat-cung-cap-dung-cu-do","8":"first","9":"instock","10":"shipping-taxable","11":"product-type-variable"},"_links":{"self":[{"href":"https:\/\/supercalib.vn\/en\/wp-json\/wp\/v2\/product\/450","targetHints":{"allow":["GET"]}}],"collection":[{"href":"https:\/\/supercalib.vn\/en\/wp-json\/wp\/v2\/product"}],"about":[{"href":"https:\/\/supercalib.vn\/en\/wp-json\/wp\/v2\/types\/product"}],"replies":[{"embeddable":true,"href":"https:\/\/supercalib.vn\/en\/wp-json\/wp\/v2\/comments?post=450"}],"wp:featuredmedia":[{"embeddable":true,"href":"https:\/\/supercalib.vn\/en\/wp-json\/wp\/v2\/media\/424"}],"wp:attachment":[{"href":"https:\/\/supercalib.vn\/en\/wp-json\/wp\/v2\/media?parent=450"}],"wp:term":[{"taxonomy":"product_cat","embeddable":true,"href":"https:\/\/supercalib.vn\/en\/wp-json\/wp\/v2\/product_cat?post=450"},{"taxonomy":"product_tag","embeddable":true,"href":"https:\/\/supercalib.vn\/en\/wp-json\/wp\/v2\/product_tag?post=450"}],"curies":[{"name":"wp","href":"https:\/\/api.w.org\/{rel}","templated":true}]}}