{"id":472,"date":"2024-05-15T10:50:19","date_gmt":"2024-05-15T03:50:19","guid":{"rendered":"https:\/\/supercalib.vn\/?post_type=product&#038;p=472"},"modified":"2025-08-18T13:35:56","modified_gmt":"2025-08-18T06:35:56","slug":"dial-indicator","status":"publish","type":"product","link":"https:\/\/supercalib.vn\/en\/product\/dial-indicator\/","title":{"rendered":"Dial indicator"},"content":{"rendered":"<div class=\"fusion-text fusion-text-1\">\n<h1 class=\"fusion-responsive-typography-calculated\" data-fontsize=\"80\" data-lineheight=\"96px\">Dial indicator<\/h1>\n<\/div>\n<div class=\"fusion-builder-row fusion-builder-row-inner fusion-row fusion-flex-align-items-flex-start fusion-flex-content-wrap\">\n<div class=\"fusion-layout-column fusion_builder_column_inner fusion-builder-nested-column-0 fusion_builder_column_inner_1_2 1_2 fusion-flex-column\">\n<div class=\"fusion-column-wrapper fusion-column-has-shadow fusion-flex-justify-content-flex-start fusion-content-layout-column\">\n<div class=\"fusion-text fusion-text-3\">\n<p>V\u1ecf kim lo\u1ea1i.<br \/>\nC\u00e1c \u0111\u00e1nh d\u1ea5u \u0111\u1ed9 l\u1ec7ch b\u00ean trong<br \/>\nStem \u00f88mm h6: Thanh tr\u1ee5c c\u00f3 \u0111\u01b0\u1eddng k\u00ednh 8mm, ch\u1ea5n h6.<br \/>\nV\u1edbi m\u1eb7t l\u01b0ng ph\u1eb3ng (M\u1eb7t l\u01b0ng c\u00f3 tai l\u1eafp s\u1eb5n<br \/>\ntheo y\u00eau c\u1ea7u<br \/>\nTu\u00e2n th\u1ee7 ti\u00eau chu\u1ea9n c\u1ee7a nh\u00e0 s\u1ea3n xu\u1ea5t<br \/>\n\u0110\u00f3ng g\u00f3i trong h\u1ed9p gi\u1ea5y<br \/>\nGiao k\u00e8m v\u1edbi ch\u1ee9ng ch\u1ec9<\/p>\n<\/div>\n<\/div>\n<\/div>\n<\/div>","protected":false},"excerpt":{"rendered":"<p>Dial indicator V\u1ecf kim lo\u1ea1i. C\u00e1c \u0111\u00e1nh d\u1ea5u \u0111\u1ed9 l\u1ec7ch b\u00ean trong Stem \u00f88mm h6: Thanh tr\u1ee5c c\u00f3 \u0111\u01b0\u1eddng k\u00ednh 8mm, ch\u1ea5n h6. V\u1edbi m\u1eb7t l\u01b0ng ph\u1eb3ng (M\u1eb7t l\u01b0ng c\u00f3 tai l\u1eafp s\u1eb5n theo y\u00eau c\u1ea7u Tu\u00e2n th\u1ee7 ti\u00eau chu\u1ea9n c\u1ee7a nh\u00e0 s\u1ea3n xu\u1ea5t \u0110\u00f3ng g\u00f3i trong h\u1ed9p gi\u1ea5y Giao k\u00e8m v\u1edbi ch\u1ee9ng ch\u1ec9<\/p>","protected":false},"featured_media":473,"comment_status":"open","ping_status":"closed","template":"","meta":[],"product_cat":[22],"product_tag":[],"class_list":{"0":"post-472","1":"product","2":"type-product","3":"status-publish","4":"has-post-thumbnail","6":"product_cat-cung-cap-dung-cu-do","8":"first","9":"instock","10":"downloadable","11":"shipping-taxable","12":"product-type-simple"},"_links":{"self":[{"href":"https:\/\/supercalib.vn\/en\/wp-json\/wp\/v2\/product\/472","targetHints":{"allow":["GET"]}}],"collection":[{"href":"https:\/\/supercalib.vn\/en\/wp-json\/wp\/v2\/product"}],"about":[{"href":"https:\/\/supercalib.vn\/en\/wp-json\/wp\/v2\/types\/product"}],"replies":[{"embeddable":true,"href":"https:\/\/supercalib.vn\/en\/wp-json\/wp\/v2\/comments?post=472"}],"wp:featuredmedia":[{"embeddable":true,"href":"https:\/\/supercalib.vn\/en\/wp-json\/wp\/v2\/media\/473"}],"wp:attachment":[{"href":"https:\/\/supercalib.vn\/en\/wp-json\/wp\/v2\/media?parent=472"}],"wp:term":[{"taxonomy":"product_cat","embeddable":true,"href":"https:\/\/supercalib.vn\/en\/wp-json\/wp\/v2\/product_cat?post=472"},{"taxonomy":"product_tag","embeddable":true,"href":"https:\/\/supercalib.vn\/en\/wp-json\/wp\/v2\/product_tag?post=472"}],"curies":[{"name":"wp","href":"https:\/\/api.w.org\/{rel}","templated":true}]}}