{"id":677,"date":"2024-05-20T14:09:29","date_gmt":"2024-05-20T07:09:29","guid":{"rendered":"https:\/\/supercalib.vn\/?post_type=product&#038;p=677"},"modified":"2024-05-20T16:05:52","modified_gmt":"2024-05-20T09:05:52","slug":"may-do-do-nham","status":"publish","type":"product","link":"https:\/\/supercalib.vn\/en\/product\/may-do-do-nham\/","title":{"rendered":"Handheld roughness meter"},"content":{"rendered":"<div class=\"wpb_column vc_column_container vc_col-sm-6\">\n<div class=\"vc_column-inner\">\n<div class=\"wpb_wrapper\">\n<div class=\"wpb_text_column wpb_content_element\">\n<div class=\"wpb_wrapper\">\n<h4><strong>Roughness Tester<\/strong><\/h4>\n<div>The roughness meter is used to measure the roughness of the surface of the material (in some cases called measuring the smoothness of the surface), measure the depth of roughness and the average roughness value.<\/div>\n<\/div>\n<\/div>\n<\/div>\n<\/div>\n<\/div>\n<div class=\"wpb_column vc_column_container vc_col-sm-6\">\n<div class=\"vc_column-inner\">\n<div class=\"wpb_wrapper\"><\/div>\n<\/div>\n<\/div>","protected":false},"excerpt":{"rendered":"<p>M\u00c1Y \u0110O \u0110\u1ed8 NH\u00c1M M\u00e1y \u0111o \u0111\u1ed9 nh\u00e1m \u0111\u01b0\u1ee3c d\u00f9ng \u0111\u1ec3 \u0111o m\u1ee9c \u0111\u1ed9 m\u1ea5p m\u00f4 c\u1ee7a b\u1ec1 m\u1eb7t v\u1eadt li\u1ec7u (trong m\u1ed9t s\u1ed1 tr\u01b0\u1eddng h\u1ee3p g\u1ecdi l\u00e0 \u0111o \u0111\u1ed9 nh\u1eb5n c\u1ee7a b\u1ec1 m\u1eb7t), \u0111o chi\u1ec1u s\u00e2u c\u1ee7a \u0111\u1ed9 nh\u00e1m v\u00e0 gi\u00e1 tr\u1ecb \u0111\u1ed9 nh\u00e1m trung b\u00ecnh.<\/p>","protected":false},"featured_media":501,"comment_status":"open","ping_status":"closed","template":"","meta":[],"product_cat":[60],"product_tag":[],"class_list":{"0":"post-677","1":"product","2":"type-product","3":"status-publish","4":"has-post-thumbnail","6":"product_cat-cung-cap-may-moc","8":"first","9":"instock","10":"shipping-taxable","11":"product-type-variable"},"_links":{"self":[{"href":"https:\/\/supercalib.vn\/en\/wp-json\/wp\/v2\/product\/677","targetHints":{"allow":["GET"]}}],"collection":[{"href":"https:\/\/supercalib.vn\/en\/wp-json\/wp\/v2\/product"}],"about":[{"href":"https:\/\/supercalib.vn\/en\/wp-json\/wp\/v2\/types\/product"}],"replies":[{"embeddable":true,"href":"https:\/\/supercalib.vn\/en\/wp-json\/wp\/v2\/comments?post=677"}],"wp:featuredmedia":[{"embeddable":true,"href":"https:\/\/supercalib.vn\/en\/wp-json\/wp\/v2\/media\/501"}],"wp:attachment":[{"href":"https:\/\/supercalib.vn\/en\/wp-json\/wp\/v2\/media?parent=677"}],"wp:term":[{"taxonomy":"product_cat","embeddable":true,"href":"https:\/\/supercalib.vn\/en\/wp-json\/wp\/v2\/product_cat?post=677"},{"taxonomy":"product_tag","embeddable":true,"href":"https:\/\/supercalib.vn\/en\/wp-json\/wp\/v2\/product_tag?post=677"}],"curies":[{"name":"wp","href":"https:\/\/api.w.org\/{rel}","templated":true}]}}