{"id":680,"date":"2024-05-20T14:32:01","date_gmt":"2024-05-20T07:32:01","guid":{"rendered":"https:\/\/supercalib.vn\/?post_type=product&#038;p=680"},"modified":"2024-05-20T14:44:02","modified_gmt":"2024-05-20T07:44:02","slug":"dau-cong-nghiep-tectyl","status":"publish","type":"product","link":"https:\/\/supercalib.vn\/en\/product\/dau-cong-nghiep-tectyl\/","title":{"rendered":"Tectyl industrial oil"},"content":{"rendered":"<ul>\n<li>D\u1ea7u c\u00f4ng nghi\u1ec7p l\u00e0 s\u1ea3n ph\u1ea9m \u0111\u01b0\u1ee3c kh\u00e1ch h\u00e0ng c\u00f4ng nh\u1eadn c\u00f3 t\u00ednh n\u0103ng ch\u1ed1ng ch\u00e1y \u01b0u vi\u1ec7t.<\/li>\n<li>S\u1ea3n ph\u1ea9m b\u1ea3o v\u1ec7 m\u00f4i tr\u01b0\u1eddng c\u00f3 kh\u1ea3 n\u0103ng ph\u00e2n h\u1ee7y sinh h\u1ecdc tuy\u1ec7t v\u1eddi, m\u1ed9t trong nh\u1eefng lo\u1ea1i d\u1ea7u th\u1ee7y l\u1ef1c \u0111\u00e3 \u0111\u1ea1t \u0111\u01b0\u1ee3c v\u00e0 duy tr\u00ec nh\u00e3n m\u00f4i tr\u01b0\u1eddng s\u1ed1 1 c\u1ee7a H\u00e0n Qu\u1ed1c v\u00e0 \u0111\u01b0\u1ee3c c\u00f4ng nh\u1eadn v\u1ec1 kh\u1ea3 n\u0103ng \u1ee9ng d\u1ee5ng t\u1ed1t nh\u1ea5t trong c\u00e1c ng\u00e0nh nh\u01b0 s\u1eaft, th\u00e9p, \u00f4 t\u00f4 v\u00e0 c\u00e1c ng\u00e0nh li\u00ean quan.<\/li>\n<\/ul>\n<p><strong>\u00a0 \u00a0 \u00a0 T\u00ednh n\u0103ng:<\/strong><\/p>\n<ul>\n<li>T\u00e1ch n\u01b0\u1edbc<\/li>\n<li>Ch\u1ed1ng \u0103n m\u00f2n<\/li>\n<li>T\u00ednh n\u0103ng Ch\u1ed1ng r\u1ec9, ch\u1ed1ng Oxy h\u00f3a<\/li>\n<li>Ch\u1ed1ng t\u1ea1o b\u1ecdt<\/li>\n<\/ul>\n<p><strong>\u00a0 \u00a0 \u00a0 \u1ee8ng d\u1ee5ng: <\/strong>D\u00f9ng r\u1ed9ng r\u00e3i cho c\u00e1c lo\u1ea1i thi\u1ebft b\u1ecb th\u1ee7y l\u1ef1c ch\u1ecbu c\u00e1c lo\u1ea1i t\u1ea3i tr\u1ecdng, t\u1ea3i \u00e1p cao v\u00e0 m\u00f4i tr\u01b0\u1eddng kh\u1eafc nghi\u1ec7t.<\/p>","protected":false},"excerpt":{"rendered":"<p>D\u1ea7u c\u00f4ng nghi\u1ec7p l\u00e0 s\u1ea3n ph\u1ea9m \u0111\u01b0\u1ee3c kh\u00e1ch h\u00e0ng c\u00f4ng nh\u1eadn c\u00f3 t\u00ednh n\u0103ng ch\u1ed1ng ch\u00e1y \u01b0u vi\u1ec7t. S\u1ea3n ph\u1ea9m b\u1ea3o v\u1ec7 m\u00f4i tr\u01b0\u1eddng c\u00f3 kh\u1ea3 n\u0103ng ph\u00e2n h\u1ee7y sinh h\u1ecdc tuy\u1ec7t v\u1eddi, m\u1ed9t trong nh\u1eefng lo\u1ea1i d\u1ea7u th\u1ee7y l\u1ef1c \u0111\u00e3 \u0111\u1ea1t \u0111\u01b0\u1ee3c v\u00e0 duy tr\u00ec nh\u00e3n m\u00f4i tr\u01b0\u1eddng s\u1ed1 1 c\u1ee7a H\u00e0n Qu\u1ed1c v\u00e0 [&#8230;]","protected":false},"featured_media":684,"comment_status":"open","ping_status":"closed","template":"","meta":[],"product_cat":[15],"product_tag":[],"class_list":{"0":"post-680","1":"product","2":"type-product","3":"status-publish","4":"has-post-thumbnail","6":"product_cat-chua-phan-loai","8":"first","9":"instock","10":"shipping-taxable","11":"product-type-simple"},"_links":{"self":[{"href":"https:\/\/supercalib.vn\/en\/wp-json\/wp\/v2\/product\/680","targetHints":{"allow":["GET"]}}],"collection":[{"href":"https:\/\/supercalib.vn\/en\/wp-json\/wp\/v2\/product"}],"about":[{"href":"https:\/\/supercalib.vn\/en\/wp-json\/wp\/v2\/types\/product"}],"replies":[{"embeddable":true,"href":"https:\/\/supercalib.vn\/en\/wp-json\/wp\/v2\/comments?post=680"}],"wp:featuredmedia":[{"embeddable":true,"href":"https:\/\/supercalib.vn\/en\/wp-json\/wp\/v2\/media\/684"}],"wp:attachment":[{"href":"https:\/\/supercalib.vn\/en\/wp-json\/wp\/v2\/media?parent=680"}],"wp:term":[{"taxonomy":"product_cat","embeddable":true,"href":"https:\/\/supercalib.vn\/en\/wp-json\/wp\/v2\/product_cat?post=680"},{"taxonomy":"product_tag","embeddable":true,"href":"https:\/\/supercalib.vn\/en\/wp-json\/wp\/v2\/product_tag?post=680"}],"curies":[{"name":"wp","href":"https:\/\/api.w.org\/{rel}","templated":true}]}}