{"id":822,"date":"2024-06-03T14:42:20","date_gmt":"2024-06-03T07:42:20","guid":{"rendered":"https:\/\/supercalib.vn\/?post_type=product&#038;p=822"},"modified":"2026-05-14T18:37:58","modified_gmt":"2026-05-14T11:37:58","slug":"may-quet-3d-werka-3","status":"publish","type":"product","link":"https:\/\/supercalib.vn\/en\/product\/may-quet-3d-werka-3\/","title":{"rendered":"M\u00e1y qu\u00e9t 3D WERKA"},"content":{"rendered":"<p style=\"font-weight: 400;\"><b><strong>TH\u00d4NG S\u1ed0 K\u1ef8 THU\u1eacT<\/strong><\/b><\/p>\n<table style=\"font-weight: 400;\">\n<tbody>\n<tr>\n<td colspan=\"2\" width=\"312\">Model<\/td>\n<td width=\"312\">WERKA 113-0008<\/td>\n<\/tr>\n<tr>\n<td rowspan=\"3\" width=\"156\">Ch\u1ebf \u0111\u1ed9 qu\u00e9t<\/td>\n<td width=\"156\">Qu\u00e9t nhanh<\/td>\n<td width=\"312\">34 \u0111\u01b0\u1eddng laser xanh ch\u00e9o<\/td>\n<\/tr>\n<tr>\n<td width=\"156\">Qu\u00e9t th\u01b0\u1eddng<\/td>\n<td width=\"312\">7 \u0111\u01b0\u1eddng laser xanh song song<\/td>\n<\/tr>\n<tr>\n<td width=\"156\">Qu\u00e9t l\u1ed7 s\u00e2u<\/td>\n<td width=\"312\">1 \u0111\u01b0\u1eddng laser xanh ph\u1ee5<\/td>\n<\/tr>\n<tr>\n<td colspan=\"2\" width=\"312\">T\u1ed5ng s\u1ed1 \u0111\u01b0\u1eddng laser<\/td>\n<td width=\"312\">42<\/td>\n<\/tr>\n<tr>\n<td colspan=\"2\" width=\"312\">\u0110\u1ed9 ch\u00ednh x\u00e1c<\/td>\n<td width=\"312\">0.025 mm<\/td>\n<\/tr>\n<tr>\n<td colspan=\"2\" width=\"312\">T\u1ed1c \u0111\u1ed9 qu\u00e9t<\/td>\n<td width=\"312\">1,900,000 times\/gi\u00e2y<\/td>\n<\/tr>\n<tr>\n<td colspan=\"2\" width=\"312\">Di\u1ec7n t\u00edch qu\u00e9t<\/td>\n<td width=\"312\">310mm \u00d7 350 mm<\/td>\n<\/tr>\n<tr>\n<td colspan=\"2\" width=\"312\">Lo\u1ea1i laser<\/td>\n<td width=\"312\">Lo\u1ea1i II (b\u1ea3o v\u1ec7 m\u1eaft)<\/td>\n<\/tr>\n<tr>\n<td colspan=\"2\" width=\"312\">\u0110\u1ed9 ph\u00e2n gi\u1ea3i<\/td>\n<td width=\"312\">0.020 mm<\/td>\n<\/tr>\n<tr>\n<td colspan=\"2\" width=\"312\">\u0110\u1ed9 ch\u00ednh x\u00e1c k\u00edch th\u01b0\u1edbc (9.1 cm<sup>3<\/sup>)<\/td>\n<td width=\"312\">0.064 mm<\/td>\n<\/tr>\n<tr>\n<td colspan=\"2\" width=\"312\">\u0110\u1ed9 ch\u00ednh x\u00e1c k\u00edch th\u01b0\u1edbc (SMSCAN-L15 Panoramic Camera Measuring System)<\/td>\n<td width=\"312\">0.044mm+0.015mm\/m<\/td>\n<\/tr>\n<tr>\n<td colspan=\"2\" width=\"312\">ST-Probe light pen (Config)<\/td>\n<td width=\"312\">Option<\/td>\n<\/tr>\n<tr>\n<td colspan=\"2\" width=\"312\">ST-Probe light pen (Single Point Repeatability)<\/td>\n<td width=\"312\">0.030 mm<\/td>\n<\/tr>\n<tr>\n<td colspan=\"2\" width=\"312\">K\u00edch th\u01b0\u1edbc v\u1eadt th\u1ec3<\/td>\n<td width=\"312\">200~6000 mm<\/td>\n<\/tr>\n<tr>\n<td colspan=\"2\" width=\"312\">Kho\u1ea3ng c\u00e1ch tham chi\u1ebfu<\/td>\n<td width=\"312\">300 mm<\/td>\n<\/tr>\n<tr>\n<td colspan=\"2\" width=\"312\">DOF<\/td>\n<td width=\"312\">320 mm<\/td>\n<\/tr>\n<tr>\n<td colspan=\"2\" width=\"312\">K\u1ebft qu\u1ea3 \u0111\u1ea7u ra<\/td>\n<td width=\"312\">.stl, .ply, .obj, .igs, wrl, .xyz, .dae, .fbx, .ma,<\/p>\n<p>.asc,customizable<\/p>\n<p>&nbsp;<\/td>\n<\/tr>\n<tr>\n<td colspan=\"2\" width=\"312\">Nhi\u1ec7t \u0111\u1ed9 th\u00edch h\u1ee3p<\/td>\n<td width=\"312\">5~40 \u00b0C<\/td>\n<\/tr>\n<tr>\n<td colspan=\"2\" width=\"312\">K\u1ebft n\u1ed1i<\/td>\n<td width=\"312\">USB 3.0<\/td>\n<\/tr>\n<\/tbody>\n<\/table>","protected":false},"excerpt":{"rendered":"<p>TH\u00d4NG S\u1ed0 K\u1ef8 THU\u1eacT Model WERKA 113-0008 Ch\u1ebf \u0111\u1ed9 qu\u00e9t Qu\u00e9t nhanh 34 \u0111\u01b0\u1eddng laser xanh ch\u00e9o Qu\u00e9t th\u01b0\u1eddng 7 \u0111\u01b0\u1eddng laser xanh song song Qu\u00e9t l\u1ed7 s\u00e2u 1 \u0111\u01b0\u1eddng laser xanh ph\u1ee5 T\u1ed5ng s\u1ed1 \u0111\u01b0\u1eddng laser 42 \u0110\u1ed9 ch\u00ednh x\u00e1c 0.025 mm T\u1ed1c \u0111\u1ed9 qu\u00e9t 1,900,000 times\/gi\u00e2y Di\u1ec7n t\u00edch qu\u00e9t 310mm \u00d7 350 mm [&#8230;]","protected":false},"featured_media":823,"comment_status":"open","ping_status":"closed","template":"","meta":[],"product_cat":[60],"product_tag":[],"class_list":{"0":"post-822","1":"product","2":"type-product","3":"status-publish","4":"has-post-thumbnail","6":"product_cat-cung-cap-may-moc","8":"first","9":"instock","10":"shipping-taxable","11":"product-type-variable"},"_links":{"self":[{"href":"https:\/\/supercalib.vn\/en\/wp-json\/wp\/v2\/product\/822","targetHints":{"allow":["GET"]}}],"collection":[{"href":"https:\/\/supercalib.vn\/en\/wp-json\/wp\/v2\/product"}],"about":[{"href":"https:\/\/supercalib.vn\/en\/wp-json\/wp\/v2\/types\/product"}],"replies":[{"embeddable":true,"href":"https:\/\/supercalib.vn\/en\/wp-json\/wp\/v2\/comments?post=822"}],"wp:featuredmedia":[{"embeddable":true,"href":"https:\/\/supercalib.vn\/en\/wp-json\/wp\/v2\/media\/823"}],"wp:attachment":[{"href":"https:\/\/supercalib.vn\/en\/wp-json\/wp\/v2\/media?parent=822"}],"wp:term":[{"taxonomy":"product_cat","embeddable":true,"href":"https:\/\/supercalib.vn\/en\/wp-json\/wp\/v2\/product_cat?post=822"},{"taxonomy":"product_tag","embeddable":true,"href":"https:\/\/supercalib.vn\/en\/wp-json\/wp\/v2\/product_tag?post=822"}],"curies":[{"name":"wp","href":"https:\/\/api.w.org\/{rel}","templated":true}]}}