{"id":935,"date":"2024-12-31T14:44:58","date_gmt":"2024-12-31T07:44:58","guid":{"rendered":"https:\/\/supercalib.vn\/?post_type=product&#038;p=935"},"modified":"2024-12-31T14:44:58","modified_gmt":"2024-12-31T07:44:58","slug":"may-do-khoang-cach-va-do-rong-tu-dong","status":"publish","type":"product","link":"https:\/\/supercalib.vn\/en\/product\/may-do-khoang-cach-va-do-rong-tu-dong\/","title":{"rendered":"M\u00e1y \u0111o kho\u1ea3ng c\u00e1ch v\u00e0 \u0111\u1ed9 r\u1ed9ng t\u1ef1 \u0111\u1ed9ng"},"content":{"rendered":"<p><img loading=\"lazy\" decoding=\"async\" class=\"alignnone size-full wp-image-936\" src=\"https:\/\/supercalib.vn\/wp-content\/uploads\/1.2.jpg\" alt=\"\" width=\"698\" height=\"573\" srcset=\"https:\/\/supercalib.vn\/wp-content\/uploads\/1.2.jpg 698w, https:\/\/supercalib.vn\/wp-content\/uploads\/1.2-15x12.jpg 15w, https:\/\/supercalib.vn\/wp-content\/uploads\/1.2-600x493.jpg 600w\" sizes=\"auto, (max-width: 698px) 100vw, 698px\" \/><\/p>","protected":false},"excerpt":{"rendered":"","protected":false},"featured_media":937,"comment_status":"open","ping_status":"closed","template":"","meta":[],"product_cat":[60],"product_tag":[],"class_list":{"0":"post-935","1":"product","2":"type-product","3":"status-publish","4":"has-post-thumbnail","6":"product_cat-cung-cap-may-moc","8":"first","9":"instock","10":"shipping-taxable","11":"product-type-variable"},"_links":{"self":[{"href":"https:\/\/supercalib.vn\/en\/wp-json\/wp\/v2\/product\/935","targetHints":{"allow":["GET"]}}],"collection":[{"href":"https:\/\/supercalib.vn\/en\/wp-json\/wp\/v2\/product"}],"about":[{"href":"https:\/\/supercalib.vn\/en\/wp-json\/wp\/v2\/types\/product"}],"replies":[{"embeddable":true,"href":"https:\/\/supercalib.vn\/en\/wp-json\/wp\/v2\/comments?post=935"}],"wp:featuredmedia":[{"embeddable":true,"href":"https:\/\/supercalib.vn\/en\/wp-json\/wp\/v2\/media\/937"}],"wp:attachment":[{"href":"https:\/\/supercalib.vn\/en\/wp-json\/wp\/v2\/media?parent=935"}],"wp:term":[{"taxonomy":"product_cat","embeddable":true,"href":"https:\/\/supercalib.vn\/en\/wp-json\/wp\/v2\/product_cat?post=935"},{"taxonomy":"product_tag","embeddable":true,"href":"https:\/\/supercalib.vn\/en\/wp-json\/wp\/v2\/product_tag?post=935"}],"curies":[{"name":"wp","href":"https:\/\/api.w.org\/{rel}","templated":true}]}}