{"id":959,"date":"2024-12-31T15:13:41","date_gmt":"2024-12-31T08:13:41","guid":{"rendered":"https:\/\/supercalib.vn\/?post_type=product&#038;p=959"},"modified":"2026-05-14T07:59:22","modified_gmt":"2026-05-14T00:59:22","slug":"may-do-diem-long-dac","status":"publish","type":"product","link":"https:\/\/supercalib.vn\/en\/product\/may-do-diem-long-dac\/","title":{"rendered":"M\u00e1y \u0111o \u0111i\u1ec3m \u0111\u00f4ng \u0111\u1eb7c"},"content":{"rendered":"<p><img loading=\"lazy\" decoding=\"async\" class=\"alignnone size-full wp-image-961\" src=\"https:\/\/supercalib.vn\/wp-content\/uploads\/9.2.jpg\" alt=\"\" width=\"337\" height=\"196\" srcset=\"https:\/\/supercalib.vn\/wp-content\/uploads\/9.2.jpg 337w, https:\/\/supercalib.vn\/wp-content\/uploads\/9.2-18x10.jpg 18w\" sizes=\"auto, (max-width: 337px) 100vw, 337px\" \/><\/p>","protected":false},"excerpt":{"rendered":"","protected":false},"featured_media":962,"comment_status":"open","ping_status":"closed","template":"","meta":[],"product_cat":[60],"product_tag":[],"class_list":{"0":"post-959","1":"product","2":"type-product","3":"status-publish","4":"has-post-thumbnail","6":"product_cat-cung-cap-may-moc","8":"first","9":"instock","10":"shipping-taxable","11":"product-type-variable"},"_links":{"self":[{"href":"https:\/\/supercalib.vn\/en\/wp-json\/wp\/v2\/product\/959","targetHints":{"allow":["GET"]}}],"collection":[{"href":"https:\/\/supercalib.vn\/en\/wp-json\/wp\/v2\/product"}],"about":[{"href":"https:\/\/supercalib.vn\/en\/wp-json\/wp\/v2\/types\/product"}],"replies":[{"embeddable":true,"href":"https:\/\/supercalib.vn\/en\/wp-json\/wp\/v2\/comments?post=959"}],"wp:featuredmedia":[{"embeddable":true,"href":"https:\/\/supercalib.vn\/en\/wp-json\/wp\/v2\/media\/962"}],"wp:attachment":[{"href":"https:\/\/supercalib.vn\/en\/wp-json\/wp\/v2\/media?parent=959"}],"wp:term":[{"taxonomy":"product_cat","embeddable":true,"href":"https:\/\/supercalib.vn\/en\/wp-json\/wp\/v2\/product_cat?post=959"},{"taxonomy":"product_tag","embeddable":true,"href":"https:\/\/supercalib.vn\/en\/wp-json\/wp\/v2\/product_tag?post=959"}],"curies":[{"name":"wp","href":"https:\/\/api.w.org\/{rel}","templated":true}]}}