{"id":538,"date":"2024-05-16T05:52:24","date_gmt":"2024-05-15T22:52:24","guid":{"rendered":"https:\/\/supercalib.vn\/?page_id=538"},"modified":"2024-05-28T08:58:21","modified_gmt":"2024-05-28T01:58:21","slug":"do-luong-dung-tich-luu-luong","status":"publish","type":"page","link":"https:\/\/supercalib.vn\/ko\/do-luong-dung-tich-luu-luong\/","title":{"rendered":"\u0110o l\u01b0\u1eddng dung t\u00edch &#8211; l\u01b0u l\u01b0\u1ee3ng"},"content":{"rendered":"<section class=\"section\" id=\"section_908973046\">\n\t\t<div class=\"bg section-bg fill bg-fill  bg-loaded\" >\n\n\t\t\t\n\t\t\t\n\t\t\t\n\n\t\t<\/div>\n\n\t\t\n\n\t\t<div class=\"section-content relative\">\n\t\t\t\n\n<div class=\"container section-title-container section-title-main\" style=\"margin-top:30px;margin-bottom:0px;\"><h1 class=\"section-title section-title-center\"><b><\/b><span class=\"section-title-main\" style=\"color:#1860a1;\">Hi\u1ec7u Chu\u1ea9n H\u00f3a L\u00fd<\/span><b><\/b><\/h1><\/div>\n\n\n\t\t<\/div>\n\n\t\t\n<style>\n#section_908973046 {\n  padding-top: 0px;\n  padding-bottom: 0px;\n}\n<\/style>\n\t<\/section>\n\t\n\n  <div class=\"banner has-hover\" id=\"banner-1875797697\">\n          <div class=\"banner-inner fill\">\n        <div class=\"banner-bg fill\" >\n            <div class=\"bg fill bg-fill\"><\/div>\n                                    \n                    <\/div>\n\t\t\n        <div class=\"banner-layers container\">\n            <div class=\"fill banner-link\"><\/div>            \n\n   <div id=\"text-box-2056009109\" class=\"text-box banner-layer x50 md-x50 lg-x50 y50 md-y50 lg-y50 res-text\">\n                                <div class=\"text-box-content text dark\">\n              \n              <div class=\"text-inner text-center\">\n                  \n\n\n              <\/div>\n           <\/div>\n                            \n<style>\n#text-box-2056009109 {\n  width: 60%;\n}\n#text-box-2056009109 .text-box-content {\n  font-size: 100%;\n}\n<\/style>\n    <\/div>\n \n\n        <\/div>\n      <\/div>\n\n            \n<style>\n#banner-1875797697 {\n  padding-top: 500px;\n}\n#banner-1875797697 .bg.bg-loaded {\n  background-image: url(https:\/\/supercalib.vn\/wp-content\/uploads\/cong-ty-hieu-chuan.png);\n}\n<\/style>\n  <\/div>\n\n\n\t<section class=\"section\" id=\"section_1656411478\">\n\t\t<div class=\"bg section-bg fill bg-fill  bg-loaded\" >\n\n\t\t\t\n\t\t\t\n\t\t\t\n\n\t\t<\/div>\n\n\t\t\n\n\t\t<div class=\"section-content relative\">\n\t\t\t\n\n<div class=\"container section-title-container\" style=\"margin-top:30px;\"><h1 class=\"section-title section-title-center\"><b><\/b><span class=\"section-title-main\" >\uad50\uc815 \uc7a5\ube44<\/span><b><\/b><\/h1><\/div>\n\n\n\t\t<\/div>\n\n\t\t\n<style>\n#section_1656411478 {\n  padding-top: 30px;\n  padding-bottom: 30px;\n  margin-bottom: 50px;\n}\n<\/style>\n\t<\/section>\n\t\n\t<section class=\"section\" id=\"section_1319877381\">\n\t\t<div class=\"bg section-bg fill bg-fill  bg-loaded\" >\n\n\t\t\t\n\t\t\t\n\t\t\t\n\n\t\t<\/div>\n\n\t\t\n\n\t\t<div class=\"section-content relative\">\n\t\t\t\n\n<div class=\"row row-large align-middle align-center\" style=\"max-width:1400px\" id=\"row-211884429\">\n\n\n\t<div id=\"col-147470823\" class=\"col medium-9 small-12 large-6\"  >\n\t\t\t\t<div class=\"col-inner\"  >\n\t\t\t\n\t\t\t\n\n\t<div class=\"img has-hover x md-x lg-x y md-y lg-y\" id=\"image_1532156473\">\n\t\t\t\t\t\t\t\t<div class=\"img-inner dark\" >\n\t\t\t<img loading=\"lazy\" decoding=\"async\" width=\"300\" height=\"169\" src=\"https:\/\/supercalib.vn\/wp-content\/uploads\/thiet-bi-do-nhiet-do-do-am-khong-khi.jpg-300x169-1.webp\" class=\"attachment-large size-large\" alt=\"\" \/>\t\t\t\t\t\t\n\t\t\t\t\t<\/div>\n\t\t\t\t\t\t\t\t\n<style>\n#image_1532156473 {\n  width: 73%;\n}\n<\/style>\n\t<\/div>\n\t\n\n\n\t\t<\/div>\n\t\t\t\t\t<\/div>\n\n\t\n\n\t<div id=\"col-26047622\" class=\"col medium-9 small-12 large-6\"  >\n\t\t\t\t<div class=\"col-inner text-left\"  >\n\t\t\t\n\t\t\t\n\n<h3 style=\"text-align: center;\"><strong>THI\u1ebeT B\u1eca \u0110O NHI\u1ec6T \u0110\u1ed8, \u0110\u1ed8 \u1ea8M M\u00d4I TR\u01af\u1edcNG<\/strong><\/h3>\n<div>L\u00e0 thi\u1ebft b\u1ecb \u0111\u01b0\u1ee3c s\u1eed d\u1ee5ng \u0111\u1ec3 \u0111o nhi\u1ec7t \u0111\u1ed9 v\u00e0 \u0111\u1ed9 \u1ea9m m\u00f4i tr\u01b0\u1eddng m\u1ed9t c\u00e1ch linh ho\u1ea1t v\u00e0 nhanh ch\u00f3ng. M\u1ed9t s\u1ed1 thi\u1ebft b\u1ecb c\u00f3 t\u00edch h\u1ee3p ch\u1ee9c n\u0103ng t\u1ef1 ghi, gi\u00fap thu\u1eadn ti\u1ec7n cho vi\u1ec7c theo d\u00f5i, ki\u1ec3m so\u00e1t.<\/div>\n<a href=\"#\" target=\"_blank\" class=\"button secondary is-link box-shadow-1-hover\" rel=\"noopener\"  >\n    <span>\ub354 \uc77d\uc5b4\ubcf4\uc138\uc694<\/span>\n  <i class=\"icon-angle-right\" aria-hidden=\"true\" ><\/i><\/a>\n\n\n\n\t\t<\/div>\n\t\t\t\t\n<style>\n#col-26047622 > .col-inner {\n  padding: 0px 0px 0px 0px;\n}\n@media (min-width:850px) {\n  #col-26047622 > .col-inner {\n    padding: 0px 50px 0px 50px;\n  }\n}\n<\/style>\n\t<\/div>\n\n\t\n\n<\/div>\n<div class=\"row row-large align-middle align-center\" style=\"max-width:1400px\" id=\"row-704012116\">\n\n\n\t<div id=\"col-102500561\" class=\"col medium-9 small-12 large-6\"  >\n\t\t\t\t<div class=\"col-inner text-left\"  >\n\t\t\t\n\t\t\t\n\n<h3 style=\"text-align: center;\"><strong>THI\u1ebeT B\u1eca \u0110O PH<\/strong><\/h3>\n<div>L\u00e0 thi\u1ebft b\u1ecb \u0111o \u0111\u1ed9 ki\u1ec1m, axit c\u1ee7a dung d\u1ecbch.<\/div>\n<a href=\"#\" target=\"_blank\" class=\"button secondary is-link box-shadow-1-hover\" rel=\"noopener\"  >\n    <span>\ub354 \uc77d\uc5b4\ubcf4\uc138\uc694<\/span>\n  <i class=\"icon-angle-right\" aria-hidden=\"true\" ><\/i><\/a>\n\n\n\n\t\t<\/div>\n\t\t\t\t\n<style>\n#col-102500561 > .col-inner {\n  padding: 0px 0px 0px 0px;\n}\n@media (min-width:850px) {\n  #col-102500561 > .col-inner {\n    padding: 0px 50px 0px 50px;\n  }\n}\n<\/style>\n\t<\/div>\n\n\t\n\n\t<div id=\"col-1442843677\" class=\"col medium-9 small-12 large-6 medium-col-first\"  >\n\t\t\t\t<div class=\"col-inner\"  >\n\t\t\t\n\t\t\t\n\n\t<div class=\"img has-hover x md-x lg-x y md-y lg-y\" id=\"image_1597647981\">\n\t\t\t\t\t\t\t\t<div class=\"img-inner dark\" >\n\t\t\t<img loading=\"lazy\" decoding=\"async\" width=\"300\" height=\"169\" src=\"https:\/\/supercalib.vn\/wp-content\/uploads\/thiet-bi-do-ph.jpg-300x169-1.webp\" class=\"attachment-large size-large\" alt=\"\" \/>\t\t\t\t\t\t\n\t\t\t\t\t<\/div>\n\t\t\t\t\t\t\t\t\n<style>\n#image_1597647981 {\n  width: 80%;\n}\n<\/style>\n\t<\/div>\n\t\n\n\n\t\t<\/div>\n\t\t\t\t\t<\/div>\n\n\t\n\n<\/div>\n\t<div id=\"gap-1406092971\" class=\"gap-element clearfix\" style=\"display:block; height:auto;\">\n\t\t\n<style>\n#gap-1406092971 {\n  padding-top: 100px;\n}\n<\/style>\n\t<\/div>\n\t\n\n\n\t\t<\/div>\n\n\t\t\n<style>\n#section_1319877381 {\n  padding-top: 0px;\n  padding-bottom: 0px;\n}\n<\/style>\n\t<\/section>\n\t\n\t<section class=\"section\" id=\"section_49215512\">\n\t\t<div class=\"bg section-bg fill bg-fill  bg-loaded\" >\n\n\t\t\t\n\t\t\t\n\t\t\t\n\n\t\t<\/div>\n\n\t\t\n\n\t\t<div class=\"section-content relative\">\n\t\t\t\n\n<div class=\"row row-large align-middle align-center\" style=\"max-width:1400px\" id=\"row-1590626923\">\n\n\n\t<div id=\"col-1745044146\" class=\"col medium-9 small-12 large-6\"  >\n\t\t\t\t<div class=\"col-inner\"  >\n\t\t\t\n\t\t\t\n\n\t<div class=\"img has-hover x md-x lg-x y md-y lg-y\" id=\"image_153824454\">\n\t\t\t\t\t\t\t\t<div class=\"img-inner dark\" >\n\t\t\t<img loading=\"lazy\" decoding=\"async\" width=\"300\" height=\"169\" src=\"https:\/\/supercalib.vn\/wp-content\/uploads\/thiet-bi-do-do-dan-dien.jpg-300x169-1.webp\" class=\"attachment-large size-large\" alt=\"\" \/>\t\t\t\t\t\t\n\t\t\t\t\t<\/div>\n\t\t\t\t\t\t\t\t\n<style>\n#image_153824454 {\n  width: 69%;\n}\n<\/style>\n\t<\/div>\n\t\n\n\n\t\t<\/div>\n\t\t\t\t\t<\/div>\n\n\t\n\n\t<div id=\"col-1648759604\" class=\"col medium-9 small-12 large-6\"  >\n\t\t\t\t<div class=\"col-inner text-left\"  >\n\t\t\t\n\t\t\t\n\n<h3 style=\"text-align: center;\"><strong>THI\u1ebeT B\u1eca \u0110O \u0110\u1ed8 D\u1eaaN \u0110I\u1ec6N<\/strong><\/h3>\n<div>L\u00e0 thi\u1ebft b\u1ecb d\u00f9ng \u0111\u1ec3 \u0111o l\u01b0\u1eddng kh\u1ea3 n\u0103ng d\u1eabn \u0111i\u1ec7n c\u1ee7a m\u1ed9t dung d\u1ecbch.<\/div>\n<a href=\"#\" target=\"_blank\" class=\"button secondary is-link box-shadow-1-hover\" rel=\"noopener\"  >\n    <span>\ub354 \uc77d\uc5b4\ubcf4\uc138\uc694<\/span>\n  <i class=\"icon-angle-right\" aria-hidden=\"true\" ><\/i><\/a>\n\n\n\n\t\t<\/div>\n\t\t\t\t\n<style>\n#col-1648759604 > .col-inner {\n  padding: 0px 0px 0px 0px;\n}\n@media (min-width:850px) {\n  #col-1648759604 > .col-inner {\n    padding: 0px 50px 0px 50px;\n  }\n}\n<\/style>\n\t<\/div>\n\n\t\n\n<\/div>\n<div class=\"row row-large align-middle align-center\" style=\"max-width:1400px\" id=\"row-272511004\">\n\n\n\t<div id=\"col-130412305\" class=\"col medium-9 small-12 large-6\"  >\n\t\t\t\t<div class=\"col-inner text-left\"  >\n\t\t\t\n\t\t\t\n\n<h3 style=\"text-align: center;\"><strong>QUANG PH\u1ed4 T\u1eec NGO\u1ea0I KH\u1ea2 KI\u1ebeN UV\/Vis<\/strong><\/h3>\n<div>M\u00e1y quang ph\u1ed5 ho\u1ea1t \u0111\u1ed9ng d\u1ef1a tr\u00ean vi\u1ec7c ph\u00e2n t\u00e1ch ngu\u1ed3n s\u00e1ng ban \u0111\u1ea7u th\u00e0nh c\u00e1c tia \u0111\u01a1n s\u1eafc kh\u00e1c nhau \u1ee9ng v\u1edbi m\u1eabu ch\u1ea5t c\u1ea7n \u0111o, nh\u1eb1m \u0111\u1ecbnh l\u01b0\u1ee3ng m\u1eabu ch\u1ea5t trong dung d\u1ecbch.<\/div>\n<a href=\"#\" target=\"_blank\" class=\"button secondary is-link box-shadow-1-hover\" rel=\"noopener\"  >\n    <span>\ub354 \uc77d\uc5b4\ubcf4\uc138\uc694<\/span>\n  <i class=\"icon-angle-right\" aria-hidden=\"true\" ><\/i><\/a>\n\n\n\n\t\t<\/div>\n\t\t\t\t\n<style>\n#col-130412305 > .col-inner {\n  padding: 0px 0px 0px 0px;\n}\n@media (min-width:850px) {\n  #col-130412305 > .col-inner {\n    padding: 0px 50px 0px 50px;\n  }\n}\n<\/style>\n\t<\/div>\n\n\t\n\n\t<div id=\"col-295503511\" class=\"col medium-9 small-12 large-6 medium-col-first\"  >\n\t\t\t\t<div class=\"col-inner\"  >\n\t\t\t\n\t\t\t\n\n\t<div class=\"img has-hover x md-x lg-x y md-y lg-y\" id=\"image_1960931600\">\n\t\t\t\t\t\t\t\t<div class=\"img-inner dark\" >\n\t\t\t<img loading=\"lazy\" decoding=\"async\" width=\"300\" height=\"169\" src=\"https:\/\/supercalib.vn\/wp-content\/uploads\/quang-pho-tu-ngoai-kha-kien-uv-vis.jpg-300x169-1.webp\" class=\"attachment-large size-large\" alt=\"\" \/>\t\t\t\t\t\t\n\t\t\t\t\t<\/div>\n\t\t\t\t\t\t\t\t\n<style>\n#image_1960931600 {\n  width: 75%;\n}\n<\/style>\n\t<\/div>\n\t\n\n\n\t\t<\/div>\n\t\t\t\t\t<\/div>\n\n\t\n\n<\/div>\n\n\t\t<\/div>\n\n\t\t\n<style>\n#section_49215512 {\n  padding-top: 0px;\n  padding-bottom: 0px;\n}\n<\/style>\n\t<\/section>\n\t\n\t<section class=\"section dark\" id=\"section_1091612188\">\n\t\t<div class=\"bg section-bg fill bg-fill  bg-loaded\" >\n\n\t\t\t\n\t\t\t<div class=\"section-bg-overlay absolute fill\"><\/div>\n\t\t\t\n\n\t\t<\/div>\n\n\t\t\n\n\t\t<div class=\"section-content relative\">\n\t\t\t\n\n\t<div id=\"gap-617770590\" class=\"gap-element clearfix\" style=\"display:block; height:auto;\">\n\t\t\n<style>\n#gap-617770590 {\n  padding-top: 30px;\n}\n<\/style>\n\t<\/div>\n\t\n\n<div class=\"row align-center\"  id=\"row-983337695\">\n\n\n\t<div id=\"col-2138256047\" class=\"col medium-9 small-12 large-9\"  >\n\t\t\t\t<div class=\"col-inner text-center\"  >\n\t\t\t\n\t\t\t\n\n<h3><span style=\"font-size: 150%;\">\uc870\ud68c\ub97c \uc694\uccad\ud558\ub2e4<\/span><\/h3>\n<p class=\"lead\">\uac00\uc7a5 \ube60\ub978 \uacac\uc801\uc744 \ubc1b\uc73c\ub824\uba74 \uc9c0\uae08 \uc800\ud76c\uc5d0\uac8c \uc5f0\ub77d\ud558\uc138\uc694.<\/p>\n\n<div class=\"wpcf7 no-js\" id=\"wpcf7-f13-o1\" lang=\"en-US\" dir=\"ltr\">\n<div class=\"screen-reader-response\"><p role=\"status\" aria-live=\"polite\" aria-atomic=\"true\"><\/p> <ul><\/ul><\/div>\n<form action=\"\/ko\/wp-json\/wp\/v2\/pages\/538#wpcf7-f13-o1\" method=\"post\" class=\"wpcf7-form init\" aria-label=\"Contact form\" novalidate=\"novalidate\" data-status=\"init\" data-trp-original-action=\"\/ko\/wp-json\/wp\/v2\/pages\/538#wpcf7-f13-o1\">\n<div style=\"display: none;\">\n<input type=\"hidden\" name=\"_wpcf7\" value=\"13\" \/>\n<input type=\"hidden\" name=\"_wpcf7_version\" value=\"5.9.5\" \/>\n<input type=\"hidden\" name=\"_wpcf7_locale\" value=\"en_US\" \/>\n<input type=\"hidden\" name=\"_wpcf7_unit_tag\" value=\"wpcf7-f13-o1\" \/>\n<input type=\"hidden\" name=\"_wpcf7_container_post\" value=\"0\" \/>\n<input type=\"hidden\" name=\"_wpcf7_posted_data_hash\" value=\"\" \/>\n<\/div>\n<div class=\"form-flat\">\n\t<p><span class=\"wpcf7-form-control-wrap\" data-name=\"your-name\"><input size=\"40\" class=\"wpcf7-form-control wpcf7-text wpcf7-validates-as-required\" aria-required=\"true\" aria-invalid=\"false\" placeholder=\"\uadc0\ud558\uc758 \uc774\ub984 (\ud544\uc218)\" value=\"\" type=\"text\" name=\"your-name\" \/><\/span>\n\t<\/p>\n\t<p><span class=\"wpcf7-form-control-wrap\" data-name=\"your-email\"><input size=\"40\" class=\"wpcf7-form-control wpcf7-email wpcf7-validates-as-required wpcf7-text wpcf7-validates-as-email\" aria-required=\"true\" aria-invalid=\"false\" placeholder=\"\uadc0\ud558\uc758 \uc774\uba54\uc77c (\ud544\uc218)\" value=\"\" type=\"email\" name=\"your-email\" \/><\/span>\n\t<\/p>\n\t<p><span class=\"wpcf7-form-control-wrap\" data-name=\"tel-401\"><input size=\"40\" class=\"wpcf7-form-control wpcf7-tel wpcf7-validates-as-required wpcf7-text wpcf7-validates-as-tel\" aria-required=\"true\" aria-invalid=\"false\" placeholder=\"Your phone number\" value=\"\" type=\"tel\" name=\"tel-401\" \/><\/span>\n\t<\/p>\n\t<p><span class=\"wpcf7-form-control-wrap\" data-name=\"your-message\"><textarea cols=\"40\" rows=\"10\" class=\"wpcf7-form-control wpcf7-textarea\" aria-invalid=\"false\" placeholder=\"\uadc0\ud558\uc758 \uba54\uc2dc\uc9c0 (\ud544\uc218)\" name=\"your-message\"><\/textarea><\/span>\n\t<\/p>\n\t<p><input class=\"wpcf7-form-control wpcf7-submit has-spinner button\" type=\"submit\" value=\"Submit\" \/>\n\t<\/p>\n<\/div><div class=\"wpcf7-response-output\" aria-hidden=\"true\"><\/div>\n<input type=\"hidden\" name=\"trp-form-language\" value=\"ko\"\/><\/form>\n<\/div>\n\n\n\n\t\t<\/div>\n\t\t\t\t\t<\/div>\n\n\t\n\n<\/div>\n\n\t\t<\/div>\n\n\t\t\n<style>\n#section_1091612188 {\n  padding-top: 30px;\n  padding-bottom: 30px;\n  min-height: 300px;\n  background-color: rgb(0, 0, 0);\n}\n#section_1091612188 .section-bg-overlay {\n  background-color: rgba(0, 0, 0, 0.01);\n}\n@media (min-width:550px) {\n  #section_1091612188 {\n    min-height: 400px;\n  }\n}\n<\/style>\n\t<\/section>","protected":false},"excerpt":{"rendered":"","protected":false},"author":1,"featured_media":0,"parent":0,"menu_order":0,"comment_status":"closed","ping_status":"closed","template":"page-blank.php","meta":{"footnotes":""},"class_list":["post-538","page","type-page","status-publish","hentry"],"_links":{"self":[{"href":"https:\/\/supercalib.vn\/ko\/wp-json\/wp\/v2\/pages\/538","targetHints":{"allow":["GET"]}}],"collection":[{"href":"https:\/\/supercalib.vn\/ko\/wp-json\/wp\/v2\/pages"}],"about":[{"href":"https:\/\/supercalib.vn\/ko\/wp-json\/wp\/v2\/types\/page"}],"author":[{"embeddable":true,"href":"https:\/\/supercalib.vn\/ko\/wp-json\/wp\/v2\/users\/1"}],"replies":[{"embeddable":true,"href":"https:\/\/supercalib.vn\/ko\/wp-json\/wp\/v2\/comments?post=538"}],"version-history":[{"count":3,"href":"https:\/\/supercalib.vn\/ko\/wp-json\/wp\/v2\/pages\/538\/revisions"}],"predecessor-version":[{"id":808,"href":"https:\/\/supercalib.vn\/ko\/wp-json\/wp\/v2\/pages\/538\/revisions\/808"}],"wp:attachment":[{"href":"https:\/\/supercalib.vn\/ko\/wp-json\/wp\/v2\/media?parent=538"}],"curies":[{"name":"wp","href":"https:\/\/api.w.org\/{rel}","templated":true}]}}