{"id":540,"date":"2024-05-16T05:53:00","date_gmt":"2024-05-15T22:53:00","guid":{"rendered":"https:\/\/supercalib.vn\/?page_id=540"},"modified":"2024-05-28T09:05:52","modified_gmt":"2024-05-28T02:05:52","slug":"do-luong-hoa-ly","status":"publish","type":"page","link":"https:\/\/supercalib.vn\/ko\/do-luong-hoa-ly\/","title":{"rendered":"\ubb3c\ub9ac\ud654\ud559\uc801 \uce21\uc815"},"content":{"rendered":"<section class=\"section\" id=\"section_427482631\">\n\t\t<div class=\"bg section-bg fill bg-fill  bg-loaded\" >\n\n\t\t\t\n\t\t\t\n\t\t\t\n\n\t\t<\/div>\n\n\t\t\n\n\t\t<div class=\"section-content relative\">\n\t\t\t\n\n<div class=\"container section-title-container section-title-main\" style=\"margin-top:30px;margin-bottom:0px;\"><h1 class=\"section-title section-title-center\"><b><\/b><span class=\"section-title-main\" style=\"color:#1860a1;\">Hi\u1ec7u Chu\u1ea9n \u00c2m \u2013 Rung<\/span><b><\/b><\/h1><\/div>\n\n\n\t\t<\/div>\n\n\t\t\n<style>\n#section_427482631 {\n  padding-top: 0px;\n  padding-bottom: 0px;\n}\n<\/style>\n\t<\/section>\n\t\n\t<section class=\"section dark\" id=\"section_1473365621\">\n\t\t<div class=\"bg section-bg fill bg-fill\" >\n\n\t\t\t\n\t\t\t\n\t\t\t\n\n\t\t<\/div>\n\n\t\t\n\n\t\t<div class=\"section-content relative\">\n\t\t\t\n\n\n\t\t<\/div>\n\n\t\t\n<style>\n#section_1473365621 {\n  padding-top: 0px;\n  padding-bottom: 0px;\n  min-height: 500px;\n}\n#section_1473365621 .section-bg-overlay {\n  background-color: rgba(0, 0, 0, 0.15);\n}\n#section_1473365621 .section-bg.bg-loaded {\n  background-image: url(https:\/\/supercalib.vn\/wp-content\/uploads\/z5423862167625_e91f748b2a20295acd81f155288f3da8-1-e1715753575979.jpg);\n}\n#section_1473365621 .section-bg {\n  background-position: 0% 100%;\n}\n@media (min-width:550px) {\n  #section_1473365621 {\n    min-height: 340px;\n  }\n  #section_1473365621 .section-bg-overlay {\n    background-color: rgba(0, 0, 0, 0.09);\n  }\n}\n<\/style>\n\t<\/section>\n\t\n\t<section class=\"section\" id=\"section_980063761\">\n\t\t<div class=\"bg section-bg fill bg-fill  bg-loaded\" >\n\n\t\t\t\n\t\t\t\n\t\t\t\n\n\t\t<\/div>\n\n\t\t\n\n\t\t<div class=\"section-content relative\">\n\t\t\t\n\n<div class=\"container section-title-container\" style=\"margin-top:30px;\"><h1 class=\"section-title section-title-center\"><b><\/b><span class=\"section-title-main\" >\uad50\uc815 \uc7a5\ube44<\/span><b><\/b><\/h1><\/div>\n\n\n\t\t<\/div>\n\n\t\t\n<style>\n#section_980063761 {\n  padding-top: 30px;\n  padding-bottom: 30px;\n  margin-bottom: 50px;\n}\n<\/style>\n\t<\/section>\n\t\n\t<section class=\"section\" id=\"section_380592330\">\n\t\t<div class=\"bg section-bg fill bg-fill  bg-loaded\" >\n\n\t\t\t\n\t\t\t\n\t\t\t\n\n\t\t<\/div>\n\n\t\t\n\n\t\t<div class=\"section-content relative\">\n\t\t\t\n\n<div class=\"row row-large align-middle align-center\" style=\"max-width:1400px\" id=\"row-1946759016\">\n\n\n\t<div id=\"col-45604039\" class=\"col medium-9 small-12 large-6\"  >\n\t\t\t\t<div class=\"col-inner\"  >\n\t\t\t\n\t\t\t\n\n\t<div class=\"img has-hover x md-x lg-x y md-y lg-y\" id=\"image_450688120\">\n\t\t\t\t\t\t\t\t<div class=\"img-inner dark\" >\n\t\t\t<img loading=\"lazy\" decoding=\"async\" width=\"300\" height=\"169\" src=\"https:\/\/supercalib.vn\/wp-content\/uploads\/image_2024-05-28_090057727.png\" class=\"attachment-large size-large\" alt=\"\" srcset=\"https:\/\/supercalib.vn\/wp-content\/uploads\/image_2024-05-28_090057727.png 300w, https:\/\/supercalib.vn\/wp-content\/uploads\/image_2024-05-28_090057727-18x10.png 18w\" sizes=\"auto, (max-width: 300px) 100vw, 300px\" \/>\t\t\t\t\t\t\n\t\t\t\t\t<\/div>\n\t\t\t\t\t\t\t\t\n<style>\n#image_450688120 {\n  width: 57%;\n}\n<\/style>\n\t<\/div>\n\t\n\n\n\t\t<\/div>\n\t\t\t\t\t<\/div>\n\n\t\n\n\t<div id=\"col-748887661\" class=\"col medium-9 small-12 large-6\"  >\n\t\t\t\t<div class=\"col-inner text-left\"  >\n\t\t\t\n\t\t\t\n\n<h3 style=\"text-align: center;\"><strong>THI\u1ebeT B\u1eca \u0110O NHI\u1ec6T \u0110\u1ed8, \u0110\u1ed8 \u1ea8M M\u00d4I TR\u01af\u1edcNG<\/strong><\/h3>\n<div>L\u00e0 thi\u1ebft b\u1ecb \u0111\u01b0\u1ee3c s\u1eed d\u1ee5ng \u0111\u1ec3 \u0111o nhi\u1ec7t \u0111\u1ed9 v\u00e0 \u0111\u1ed9 \u1ea9m m\u00f4i tr\u01b0\u1eddng m\u1ed9t c\u00e1ch linh ho\u1ea1t v\u00e0 nhanh ch\u00f3ng. M\u1ed9t s\u1ed1 thi\u1ebft b\u1ecb c\u00f3 t\u00edch h\u1ee3p ch\u1ee9c n\u0103ng t\u1ef1 ghi, gi\u00fap thu\u1eadn ti\u1ec7n cho vi\u1ec7c theo d\u00f5i, ki\u1ec3m so\u00e1t.<\/div>\n<a href=\"#\" target=\"_blank\" class=\"button secondary is-link box-shadow-1-hover\" rel=\"noopener\"  >\n    <span>\ub354 \uc77d\uc5b4\ubcf4\uc138\uc694<\/span>\n  <i class=\"icon-angle-right\" aria-hidden=\"true\" ><\/i><\/a>\n\n\n\n\t\t<\/div>\n\t\t\t\t\n<style>\n#col-748887661 > .col-inner {\n  padding: 0px 0px 0px 0px;\n}\n@media (min-width:850px) {\n  #col-748887661 > .col-inner {\n    padding: 0px 50px 0px 50px;\n  }\n}\n<\/style>\n\t<\/div>\n\n\t\n\n<\/div>\n<div class=\"row row-large align-middle align-center\" style=\"max-width:1400px\" id=\"row-158900594\">\n\n\n\t<div id=\"col-642096377\" class=\"col medium-9 small-12 large-6\"  >\n\t\t\t\t<div class=\"col-inner text-left\"  >\n\t\t\t\n\t\t\t\n\n<h3 style=\"text-align: center;\"><strong>THI\u1ebeT B\u1eca \u0110O PH<\/strong><\/h3>\n<div>L\u00e0 thi\u1ebft b\u1ecb \u0111o \u0111\u1ed9 ki\u1ec1m, axit c\u1ee7a dung d\u1ecbch.<\/div>\n<a href=\"#\" target=\"_blank\" class=\"button secondary is-link box-shadow-1-hover\" rel=\"noopener\"  >\n    <span>\ub354 \uc77d\uc5b4\ubcf4\uc138\uc694<\/span>\n  <i class=\"icon-angle-right\" aria-hidden=\"true\" ><\/i><\/a>\n\n\n\n\t\t<\/div>\n\t\t\t\t\n<style>\n#col-642096377 > .col-inner {\n  padding: 0px 0px 0px 0px;\n}\n@media (min-width:850px) {\n  #col-642096377 > .col-inner {\n    padding: 0px 50px 0px 50px;\n  }\n}\n<\/style>\n\t<\/div>\n\n\t\n\n\t<div id=\"col-572998543\" class=\"col medium-9 small-12 large-6 medium-col-first\"  >\n\t\t\t\t<div class=\"col-inner\"  >\n\t\t\t\n\t\t\t\n\n\t<div class=\"img has-hover x md-x lg-x y md-y lg-y\" id=\"image_589811\">\n\t\t\t\t\t\t\t\t<div class=\"img-inner dark\" >\n\t\t\t<img loading=\"lazy\" decoding=\"async\" width=\"300\" height=\"169\" src=\"https:\/\/supercalib.vn\/wp-content\/uploads\/image_2024-05-28_090208967.png\" class=\"attachment-large size-large\" alt=\"\" srcset=\"https:\/\/supercalib.vn\/wp-content\/uploads\/image_2024-05-28_090208967.png 300w, https:\/\/supercalib.vn\/wp-content\/uploads\/image_2024-05-28_090208967-18x10.png 18w\" sizes=\"auto, (max-width: 300px) 100vw, 300px\" \/>\t\t\t\t\t\t\n\t\t\t\t\t<\/div>\n\t\t\t\t\t\t\t\t\n<style>\n#image_589811 {\n  width: 95%;\n}\n<\/style>\n\t<\/div>\n\t\n\n\n\t\t<\/div>\n\t\t\t\t\t<\/div>\n\n\t\n\n<\/div>\n\n\t\t<\/div>\n\n\t\t\n<style>\n#section_380592330 {\n  padding-top: 0px;\n  padding-bottom: 0px;\n}\n<\/style>\n\t<\/section>\n\t\n\t<section class=\"section\" id=\"section_310303526\">\n\t\t<div class=\"bg section-bg fill bg-fill  bg-loaded\" >\n\n\t\t\t\n\t\t\t\n\t\t\t\n\n\t\t<\/div>\n\n\t\t\n\n\t\t<div class=\"section-content relative\">\n\t\t\t\n\n<div class=\"row row-large align-middle align-center\" style=\"max-width:1400px\" id=\"row-482925152\">\n\n\n\t<div id=\"col-800280709\" class=\"col medium-9 small-12 large-6\"  >\n\t\t\t\t<div class=\"col-inner\"  >\n\t\t\t\n\t\t\t\n\n\t<div class=\"img has-hover x md-x lg-x y md-y lg-y\" id=\"image_1378021046\">\n\t\t\t\t\t\t\t\t<div class=\"img-inner dark\" >\n\t\t\t<img loading=\"lazy\" decoding=\"async\" width=\"300\" height=\"169\" src=\"https:\/\/supercalib.vn\/wp-content\/uploads\/image_2024-05-28_090310398.png\" class=\"attachment-large size-large\" alt=\"\" srcset=\"https:\/\/supercalib.vn\/wp-content\/uploads\/image_2024-05-28_090310398.png 300w, https:\/\/supercalib.vn\/wp-content\/uploads\/image_2024-05-28_090310398-18x10.png 18w\" sizes=\"auto, (max-width: 300px) 100vw, 300px\" \/>\t\t\t\t\t\t\n\t\t\t\t\t<\/div>\n\t\t\t\t\t\t\t\t\n<style>\n#image_1378021046 {\n  width: 62%;\n}\n<\/style>\n\t<\/div>\n\t\n\n\n\t\t<\/div>\n\t\t\t\t\t<\/div>\n\n\t\n\n\t<div id=\"col-490155674\" class=\"col medium-9 small-12 large-6\"  >\n\t\t\t\t<div class=\"col-inner text-left\"  >\n\t\t\t\n\t\t\t\n\n<h3 style=\"text-align: center;\"><strong>THI\u1ebeT B\u1eca \u0110O \u0110\u1ed8 D\u1eaaN \u0110I\u1ec6N<\/strong><\/h3>\n<div>L\u00e0 thi\u1ebft b\u1ecb d\u00f9ng \u0111\u1ec3 \u0111o l\u01b0\u1eddng kh\u1ea3 n\u0103ng d\u1eabn \u0111i\u1ec7n c\u1ee7a m\u1ed9t dung d\u1ecbch.<\/div>\n<a href=\"#\" target=\"_blank\" class=\"button secondary is-link box-shadow-1-hover\" rel=\"noopener\"  >\n    <span>\ub354 \uc77d\uc5b4\ubcf4\uc138\uc694<\/span>\n  <i class=\"icon-angle-right\" aria-hidden=\"true\" ><\/i><\/a>\n\n\n\n\t\t<\/div>\n\t\t\t\t\n<style>\n#col-490155674 > .col-inner {\n  padding: 0px 0px 0px 0px;\n}\n@media (min-width:850px) {\n  #col-490155674 > .col-inner {\n    padding: 0px 50px 0px 50px;\n  }\n}\n<\/style>\n\t<\/div>\n\n\t\n\n<\/div>\n<div class=\"row row-large align-middle align-center\" style=\"max-width:1400px\" id=\"row-997774291\">\n\n\n\t<div id=\"col-1066679341\" class=\"col medium-9 small-12 large-6\"  >\n\t\t\t\t<div class=\"col-inner text-left\"  >\n\t\t\t\n\t\t\t\n\n<h3 style=\"text-align: center;\"><strong>THI\u1ebeT B\u1eca \u0110O \u0110\u1ed8 NH\u1edaT<\/strong><\/h3>\n<div>L\u00e0 m\u1ed9t c\u00f4ng c\u1ee5 d\u00f9ng \u0111\u1ec3 \u0111o \u0111\u1ed9 nh\u1edbt c\u1ee7a m\u1ed9t ch\u1ea5t l\u1ecfng. C\u00f3 hai lo\u1ea1i \u0111\u1ed9 nh\u1edbt l\u00e0 \u0111\u1ed9 nh\u1edbt \u0111\u1ed9ng (m\u00e1y \u0111o \u0111\u1ed9 nh\u1edbt) v\u00e0 \u0111\u1ed9 nh\u1edbt t\u0129nh (C\u1ed1c \u0111\u1ed9 nh\u1edbt).<\/div>\n<a href=\"#\" target=\"_blank\" class=\"button secondary is-link box-shadow-1-hover\" rel=\"noopener\"  >\n    <span>\ub354 \uc77d\uc5b4\ubcf4\uc138\uc694<\/span>\n  <i class=\"icon-angle-right\" aria-hidden=\"true\" ><\/i><\/a>\n\n\n\n\t\t<\/div>\n\t\t\t\t\n<style>\n#col-1066679341 > .col-inner {\n  padding: 0px 0px 0px 0px;\n}\n@media (min-width:850px) {\n  #col-1066679341 > .col-inner {\n    padding: 0px 50px 0px 50px;\n  }\n}\n<\/style>\n\t<\/div>\n\n\t\n\n\t<div id=\"col-59877300\" class=\"col medium-9 small-12 large-6 medium-col-first\"  >\n\t\t\t\t<div class=\"col-inner\"  >\n\t\t\t\n\t\t\t\n\n\t<div class=\"img has-hover x md-x lg-x y md-y lg-y\" id=\"image_1485074601\">\n\t\t\t\t\t\t\t\t<div class=\"img-inner dark\" >\n\t\t\t<img loading=\"lazy\" decoding=\"async\" width=\"300\" height=\"169\" src=\"https:\/\/supercalib.vn\/wp-content\/uploads\/image_2024-05-28_090413160.png\" class=\"attachment-large size-large\" alt=\"\" srcset=\"https:\/\/supercalib.vn\/wp-content\/uploads\/image_2024-05-28_090413160.png 300w, https:\/\/supercalib.vn\/wp-content\/uploads\/image_2024-05-28_090413160-18x10.png 18w\" sizes=\"auto, (max-width: 300px) 100vw, 300px\" \/>\t\t\t\t\t\t\n\t\t\t\t\t<\/div>\n\t\t\t\t\t\t\t\t\n<style>\n#image_1485074601 {\n  width: 69%;\n}\n<\/style>\n\t<\/div>\n\t\n\n\n\t\t<\/div>\n\t\t\t\t\t<\/div>\n\n\t\n\n<\/div>\n\n\t\t<\/div>\n\n\t\t\n<style>\n#section_310303526 {\n  padding-top: 0px;\n  padding-bottom: 0px;\n}\n<\/style>\n\t<\/section>\n\t\n<div class=\"row\"  id=\"row-979023635\">\n\n\n\t<div id=\"col-1673558181\" class=\"col medium-6 small-12 large-6\"  >\n\t\t\t\t<div class=\"col-inner\"  >\n\t\t\t\n\t\t\t\n\n\t<div class=\"img has-hover x md-x lg-x y md-y lg-y\" id=\"image_2049778837\">\n\t\t\t\t\t\t\t\t<div class=\"img-inner dark\" >\n\t\t\t<img loading=\"lazy\" decoding=\"async\" width=\"300\" height=\"169\" src=\"https:\/\/supercalib.vn\/wp-content\/uploads\/image_2024-05-28_090457484.png\" class=\"attachment-large size-large\" alt=\"\" srcset=\"https:\/\/supercalib.vn\/wp-content\/uploads\/image_2024-05-28_090457484.png 300w, https:\/\/supercalib.vn\/wp-content\/uploads\/image_2024-05-28_090457484-18x10.png 18w\" sizes=\"auto, (max-width: 300px) 100vw, 300px\" \/>\t\t\t\t\t\t\n\t\t\t\t\t<\/div>\n\t\t\t\t\t\t\t\t\n<style>\n#image_2049778837 {\n  width: 71%;\n}\n<\/style>\n\t<\/div>\n\t\n\n\n\t\t<\/div>\n\t\t\t\t\t<\/div>\n\n\t\n\n\t<div id=\"col-440423636\" class=\"col medium-6 small-12 large-6\"  >\n\t\t\t\t<div class=\"col-inner\"  >\n\t\t\t\n\t\t\t\n\n<h3 style=\"text-align: center;\"><strong>QUANG PH\u1ed4 T\u1eec NGO\u1ea0I KH\u1ea2 KI\u1ebeN UV\/Vis<\/strong><\/h3>\n<div>M\u00e1y quang ph\u1ed5 ho\u1ea1t \u0111\u1ed9ng d\u1ef1a tr\u00ean vi\u1ec7c ph\u00e2n t\u00e1ch ngu\u1ed3n s\u00e1ng ban \u0111\u1ea7u th\u00e0nh c\u00e1c tia \u0111\u01a1n s\u1eafc kh\u00e1c nhau \u1ee9ng v\u1edbi m\u1eabu ch\u1ea5t c\u1ea7n \u0111o, nh\u1eb1m \u0111\u1ecbnh l\u01b0\u1ee3ng m\u1eabu ch\u1ea5t trong dung d\u1ecbch.<\/div>\n\n\t\t<\/div>\n\t\t\t\t\t<\/div>\n\n\t\n\n<\/div>\n\t<section class=\"section dark\" id=\"section_811215264\">\n\t\t<div class=\"bg section-bg fill bg-fill  bg-loaded\" >\n\n\t\t\t\n\t\t\t<div class=\"section-bg-overlay absolute fill\"><\/div>\n\t\t\t\n\n\t\t<\/div>\n\n\t\t\n\n\t\t<div class=\"section-content relative\">\n\t\t\t\n\n\t<div id=\"gap-1968093643\" class=\"gap-element clearfix\" style=\"display:block; height:auto;\">\n\t\t\n<style>\n#gap-1968093643 {\n  padding-top: 30px;\n}\n<\/style>\n\t<\/div>\n\t\n\n<div class=\"row align-center\"  id=\"row-522479490\">\n\n\n\t<div id=\"col-496698763\" class=\"col medium-9 small-12 large-9\"  >\n\t\t\t\t<div class=\"col-inner text-center\"  >\n\t\t\t\n\t\t\t\n\n<h3><span style=\"font-size: 150%;\">\uc870\ud68c\ub97c \uc694\uccad\ud558\ub2e4<\/span><\/h3>\n<p class=\"lead\">\uac00\uc7a5 \ube60\ub978 \uacac\uc801\uc744 \ubc1b\uc73c\ub824\uba74 \uc9c0\uae08 \uc800\ud76c\uc5d0\uac8c \uc5f0\ub77d\ud558\uc138\uc694.<\/p>\n\n<div class=\"wpcf7 no-js\" id=\"wpcf7-f13-o1\" lang=\"en-US\" dir=\"ltr\">\n<div class=\"screen-reader-response\"><p role=\"status\" aria-live=\"polite\" aria-atomic=\"true\"><\/p> <ul><\/ul><\/div>\n<form action=\"\/ko\/wp-json\/wp\/v2\/pages\/540#wpcf7-f13-o1\" method=\"post\" class=\"wpcf7-form init\" aria-label=\"Contact form\" novalidate=\"novalidate\" data-status=\"init\" data-trp-original-action=\"\/ko\/wp-json\/wp\/v2\/pages\/540#wpcf7-f13-o1\">\n<div style=\"display: none;\">\n<input type=\"hidden\" name=\"_wpcf7\" value=\"13\" \/>\n<input type=\"hidden\" name=\"_wpcf7_version\" value=\"5.9.5\" \/>\n<input type=\"hidden\" name=\"_wpcf7_locale\" value=\"en_US\" \/>\n<input type=\"hidden\" name=\"_wpcf7_unit_tag\" value=\"wpcf7-f13-o1\" \/>\n<input type=\"hidden\" name=\"_wpcf7_container_post\" value=\"0\" \/>\n<input type=\"hidden\" name=\"_wpcf7_posted_data_hash\" value=\"\" \/>\n<\/div>\n<div class=\"form-flat\">\n\t<p><span class=\"wpcf7-form-control-wrap\" data-name=\"your-name\"><input size=\"40\" class=\"wpcf7-form-control wpcf7-text wpcf7-validates-as-required\" aria-required=\"true\" aria-invalid=\"false\" placeholder=\"\uadc0\ud558\uc758 \uc774\ub984 (\ud544\uc218)\" value=\"\" type=\"text\" name=\"your-name\" \/><\/span>\n\t<\/p>\n\t<p><span class=\"wpcf7-form-control-wrap\" data-name=\"your-email\"><input size=\"40\" class=\"wpcf7-form-control wpcf7-email wpcf7-validates-as-required wpcf7-text wpcf7-validates-as-email\" aria-required=\"true\" aria-invalid=\"false\" placeholder=\"\uadc0\ud558\uc758 \uc774\uba54\uc77c (\ud544\uc218)\" value=\"\" type=\"email\" name=\"your-email\" \/><\/span>\n\t<\/p>\n\t<p><span class=\"wpcf7-form-control-wrap\" data-name=\"tel-401\"><input size=\"40\" class=\"wpcf7-form-control wpcf7-tel wpcf7-validates-as-required wpcf7-text wpcf7-validates-as-tel\" aria-required=\"true\" aria-invalid=\"false\" placeholder=\"Your phone number\" value=\"\" type=\"tel\" name=\"tel-401\" \/><\/span>\n\t<\/p>\n\t<p><span class=\"wpcf7-form-control-wrap\" data-name=\"your-message\"><textarea cols=\"40\" rows=\"10\" class=\"wpcf7-form-control wpcf7-textarea\" aria-invalid=\"false\" placeholder=\"\uadc0\ud558\uc758 \uba54\uc2dc\uc9c0 (\ud544\uc218)\" name=\"your-message\"><\/textarea><\/span>\n\t<\/p>\n\t<p><input class=\"wpcf7-form-control wpcf7-submit has-spinner button\" type=\"submit\" value=\"Submit\" \/>\n\t<\/p>\n<\/div><div class=\"wpcf7-response-output\" aria-hidden=\"true\"><\/div>\n<input type=\"hidden\" name=\"trp-form-language\" value=\"ko\"\/><\/form>\n<\/div>\n\n\n\n\t\t<\/div>\n\t\t\t\t\t<\/div>\n\n\t\n\n<\/div>\n\n\t\t<\/div>\n\n\t\t\n<style>\n#section_811215264 {\n  padding-top: 30px;\n  padding-bottom: 30px;\n  min-height: 300px;\n  background-color: rgb(0, 0, 0);\n}\n#section_811215264 .section-bg-overlay {\n  background-color: rgba(0, 0, 0, 0.01);\n}\n@media (min-width:550px) {\n  #section_811215264 {\n    min-height: 400px;\n  }\n}\n<\/style>\n\t<\/section>","protected":false},"excerpt":{"rendered":"","protected":false},"author":1,"featured_media":0,"parent":0,"menu_order":0,"comment_status":"closed","ping_status":"closed","template":"page-blank.php","meta":{"footnotes":""},"class_list":["post-540","page","type-page","status-publish","hentry"],"_links":{"self":[{"href":"https:\/\/supercalib.vn\/ko\/wp-json\/wp\/v2\/pages\/540","targetHints":{"allow":["GET"]}}],"collection":[{"href":"https:\/\/supercalib.vn\/ko\/wp-json\/wp\/v2\/pages"}],"about":[{"href":"https:\/\/supercalib.vn\/ko\/wp-json\/wp\/v2\/types\/page"}],"author":[{"embeddable":true,"href":"https:\/\/supercalib.vn\/ko\/wp-json\/wp\/v2\/users\/1"}],"replies":[{"embeddable":true,"href":"https:\/\/supercalib.vn\/ko\/wp-json\/wp\/v2\/comments?post=540"}],"version-history":[{"count":2,"href":"https:\/\/supercalib.vn\/ko\/wp-json\/wp\/v2\/pages\/540\/revisions"}],"predecessor-version":[{"id":814,"href":"https:\/\/supercalib.vn\/ko\/wp-json\/wp\/v2\/pages\/540\/revisions\/814"}],"wp:attachment":[{"href":"https:\/\/supercalib.vn\/ko\/wp-json\/wp\/v2\/media?parent=540"}],"curies":[{"name":"wp","href":"https:\/\/api.w.org\/{rel}","templated":true}]}}