{"id":548,"date":"2024-05-16T05:56:03","date_gmt":"2024-05-15T22:56:03","guid":{"rendered":"https:\/\/supercalib.vn\/?page_id=548"},"modified":"2024-05-16T09:57:56","modified_gmt":"2024-05-16T02:57:56","slug":"do-luong-quang-hoc","status":"publish","type":"page","link":"https:\/\/supercalib.vn\/ko\/do-luong-quang-hoc\/","title":{"rendered":"\uad11\ud559 \uce21\uc815"},"content":{"rendered":"<section class=\"section\" id=\"section_313046751\">\n\t\t<div class=\"bg section-bg fill bg-fill  bg-loaded\" >\n\n\t\t\t\n\t\t\t\n\t\t\t\n\n\t\t<\/div>\n\n\t\t\n\n\t\t<div class=\"section-content relative\">\n\t\t\t\n\n<div class=\"container section-title-container section-title-main\" style=\"margin-top:30px;margin-bottom:0px;\"><h1 class=\"section-title section-title-center\"><b><\/b><span class=\"section-title-main\" style=\"color:#1860a1;\">Hi\u1ec7u Chu\u1ea9n Quang H\u1ecdc<\/span><b><\/b><\/h1><\/div>\n\n\n\t\t<\/div>\n\n\t\t\n<style>\n#section_313046751 {\n  padding-top: 0px;\n  padding-bottom: 0px;\n}\n<\/style>\n\t<\/section>\n\t\n\t<section class=\"section dark\" id=\"section_1340814283\">\n\t\t<div class=\"bg section-bg fill bg-fill\" >\n\n\t\t\t\n\t\t\t\n\t\t\t\n\n\t\t<\/div>\n\n\t\t\n\n\t\t<div class=\"section-content relative\">\n\t\t\t\n\n\n\t\t<\/div>\n\n\t\t\n<style>\n#section_1340814283 {\n  padding-top: 0px;\n  padding-bottom: 0px;\n  min-height: 500px;\n}\n#section_1340814283 .section-bg-overlay {\n  background-color: rgba(0, 0, 0, 0.15);\n}\n#section_1340814283 .section-bg.bg-loaded {\n  background-image: url(https:\/\/supercalib.vn\/wp-content\/uploads\/z5423862167625_e91f748b2a20295acd81f155288f3da8-1-e1715753575979.jpg);\n}\n#section_1340814283 .section-bg {\n  background-position: 0% 100%;\n}\n@media (min-width:550px) {\n  #section_1340814283 {\n    min-height: 340px;\n  }\n  #section_1340814283 .section-bg-overlay {\n    background-color: rgba(0, 0, 0, 0.09);\n  }\n}\n<\/style>\n\t<\/section>\n\t\n\t<section class=\"section\" id=\"section_1377849351\">\n\t\t<div class=\"bg section-bg fill bg-fill  bg-loaded\" >\n\n\t\t\t\n\t\t\t\n\t\t\t\n\n\t\t<\/div>\n\n\t\t\n\n\t\t<div class=\"section-content relative\">\n\t\t\t\n\n<div class=\"container section-title-container\" style=\"margin-top:30px;\"><h1 class=\"section-title section-title-center\"><b><\/b><span class=\"section-title-main\" >\uad50\uc815 \uc7a5\ube44<\/span><b><\/b><\/h1><\/div>\n\n\n\t\t<\/div>\n\n\t\t\n<style>\n#section_1377849351 {\n  padding-top: 30px;\n  padding-bottom: 30px;\n  margin-bottom: 50px;\n}\n<\/style>\n\t<\/section>\n\t\n\t<section class=\"section\" id=\"section_375410993\">\n\t\t<div class=\"bg section-bg fill bg-fill  bg-loaded\" >\n\n\t\t\t\n\t\t\t\n\t\t\t\n\n\t\t<\/div>\n\n\t\t\n\n\t\t<div class=\"section-content relative\">\n\t\t\t\n\n<div class=\"row row-large align-middle align-center\" style=\"max-width:1400px\" id=\"row-1900589789\">\n\n\n\t<div id=\"col-921505879\" class=\"col medium-9 small-12 large-6\"  >\n\t\t\t\t<div class=\"col-inner\"  >\n\t\t\t\n\t\t\t\n\n\t<div class=\"img has-hover x md-x lg-x y md-y lg-y\" id=\"image_384090376\">\n\t\t\t\t\t\t\t\t<div class=\"img-inner dark\" >\n\t\t\t<img loading=\"lazy\" decoding=\"async\" width=\"300\" height=\"169\" src=\"https:\/\/supercalib.vn\/wp-content\/uploads\/thiet-bi-do-do-roi.jpg-300x169-1.webp\" class=\"attachment-large size-large\" alt=\"\" \/>\t\t\t\t\t\t\n\t\t\t\t\t<\/div>\n\t\t\t\t\t\t\t\t\n<style>\n#image_384090376 {\n  width: 73%;\n}\n<\/style>\n\t<\/div>\n\t\n\n\n\t\t<\/div>\n\t\t\t\t\t<\/div>\n\n\t\n\n\t<div id=\"col-786145161\" class=\"col medium-9 small-12 large-6\"  >\n\t\t\t\t<div class=\"col-inner text-left\"  >\n\t\t\t\n\t\t\t\n\n<h4 style=\"text-align: center;\"><strong>THI\u1ebeT B\u1eca \u0110O \u0110\u1ed8 R\u1eccI<\/strong><\/h4>\n<div>Thi\u1ebft b\u1ecb d\u00f9ng \u0111\u1ec3 \u0111o m\u1eadt \u0111\u1ed9 quang th\u00f4ng tr\u00ean m\u1ed9t di\u1ec7n t\u00edch b\u1ec1 m\u1eb7t, \u0111\u1eb7c tr\u01b0ng cho b\u1ec1 m\u1eb7t \u0111\u01b0\u1ee3c chi\u1ebfu s\u00e1ng.<\/div>\n<a href=\"#\" target=\"_blank\" class=\"button secondary is-link box-shadow-1-hover\" rel=\"noopener\"  >\n    <span>\ub354 \uc77d\uc5b4\ubcf4\uc138\uc694<\/span>\n  <i class=\"icon-angle-right\" aria-hidden=\"true\" ><\/i><\/a>\n\n\n\n\t\t<\/div>\n\t\t\t\t\n<style>\n#col-786145161 > .col-inner {\n  padding: 0px 0px 0px 0px;\n}\n@media (min-width:850px) {\n  #col-786145161 > .col-inner {\n    padding: 0px 50px 0px 50px;\n  }\n}\n<\/style>\n\t<\/div>\n\n\t\n\n<\/div>\n<div class=\"row row-large align-middle align-center\" style=\"max-width:1400px\" id=\"row-1130421037\">\n\n\n\t<div id=\"col-771790156\" class=\"col medium-9 small-12 large-6\"  >\n\t\t\t\t<div class=\"col-inner text-left\"  >\n\t\t\t\n\t\t\t\n\n<h4 style=\"text-align: center;\"><strong>THI\u1ebeT B\u1eca \u0110O \u0110\u1ed8 CH\u00d3I<\/strong><\/h4>\n<div>Thi\u1ebft b\u1ecb d\u00f9ng \u0111\u1ec3 \u0111o c\u01b0\u1eddng \u0111\u1ed9 \u00e1nh s\u00e1ng khi chi\u1ebfu v\u00e0o m\u1ed9t b\u1ec1 m\u1eb7t v\u1eadt th\u1ec3.<\/div>\n<a href=\"#\" target=\"_blank\" class=\"button secondary is-link box-shadow-1-hover\" rel=\"noopener\"  >\n    <span>\ub354 \uc77d\uc5b4\ubcf4\uc138\uc694<\/span>\n  <i class=\"icon-angle-right\" aria-hidden=\"true\" ><\/i><\/a>\n\n\n\n\t\t<\/div>\n\t\t\t\t\n<style>\n#col-771790156 > .col-inner {\n  padding: 0px 0px 0px 0px;\n}\n@media (min-width:850px) {\n  #col-771790156 > .col-inner {\n    padding: 0px 50px 0px 50px;\n  }\n}\n<\/style>\n\t<\/div>\n\n\t\n\n\t<div id=\"col-330931335\" class=\"col medium-9 small-12 large-6 medium-col-first\"  >\n\t\t\t\t<div class=\"col-inner\"  >\n\t\t\t\n\t\t\t\n\n\t<div class=\"img has-hover x md-x lg-x y md-y lg-y\" id=\"image_42340043\">\n\t\t\t\t\t\t\t\t<div class=\"img-inner dark\" >\n\t\t\t<img loading=\"lazy\" decoding=\"async\" width=\"300\" height=\"169\" src=\"https:\/\/supercalib.vn\/wp-content\/uploads\/thiet-bi-do-do-choi.jpg-300x169-1.webp\" class=\"attachment-large size-large\" alt=\"\" \/>\t\t\t\t\t\t\n\t\t\t\t\t<\/div>\n\t\t\t\t\t\t\t\t\n<style>\n#image_42340043 {\n  width: 73%;\n}\n<\/style>\n\t<\/div>\n\t\n\n\n\t\t<\/div>\n\t\t\t\t\t<\/div>\n\n\t\n\n<\/div>\n\t<div id=\"gap-1660006751\" class=\"gap-element clearfix\" style=\"display:block; height:auto;\">\n\t\t\n<style>\n#gap-1660006751 {\n  padding-top: 100px;\n}\n<\/style>\n\t<\/div>\n\t\n\n\n\t\t<\/div>\n\n\t\t\n<style>\n#section_375410993 {\n  padding-top: 0px;\n  padding-bottom: 0px;\n}\n<\/style>\n\t<\/section>\n\t\n\t<section class=\"section\" id=\"section_1985047642\">\n\t\t<div class=\"bg section-bg fill bg-fill  bg-loaded\" >\n\n\t\t\t\n\t\t\t\n\t\t\t\n\n\t\t<\/div>\n\n\t\t\n\n\t\t<div class=\"section-content relative\">\n\t\t\t\n\n<div class=\"row row-large align-middle align-center\" style=\"max-width:1400px\" id=\"row-1819422868\">\n\n\n\t<div id=\"col-2096904999\" class=\"col medium-9 small-12 large-6\"  >\n\t\t\t\t<div class=\"col-inner\"  >\n\t\t\t\n\t\t\t\n\n\t<div class=\"img has-hover x md-x lg-x y md-y lg-y\" id=\"image_252802546\">\n\t\t\t\t\t\t\t\t<div class=\"img-inner dark\" >\n\t\t\t<img loading=\"lazy\" decoding=\"async\" width=\"300\" height=\"169\" src=\"https:\/\/supercalib.vn\/wp-content\/uploads\/do-quang-thong.jpg-300x169-2.webp\" class=\"attachment-large size-large\" alt=\"\" \/>\t\t\t\t\t\t\n\t\t\t\t\t<\/div>\n\t\t\t\t\t\t\t\t\n<style>\n#image_252802546 {\n  width: 85%;\n}\n<\/style>\n\t<\/div>\n\t\n\n\n\t\t<\/div>\n\t\t\t\t\t<\/div>\n\n\t\n\n\t<div id=\"col-1923038399\" class=\"col medium-9 small-12 large-6\"  >\n\t\t\t\t<div class=\"col-inner text-left\"  >\n\t\t\t\n\t\t\t\n\n<h4 style=\"text-align: center;\"><strong>\u0110O QUANG TH\u00d4NG<\/strong><\/h4>\n<div>\u0110\u01b0\u1ee3c s\u1eed d\u1ee5ng \u0111\u1ec3 \u0111o l\u01b0\u1ee3ng s\u00e1ng ph\u00e1t ra b\u1edfi m\u1ed9t \u0111\u00e8n \u0111i\u1ec7n, kh\u00f4ng t\u00ednh theo m\u1ed9t h\u01b0\u1edbng ph\u00e1t s\u00e1ng c\u1ee5 th\u1ec3 n\u00e0o.<\/div>\n<a href=\"#\" target=\"_blank\" class=\"button secondary is-link box-shadow-1-hover\" rel=\"noopener\"  >\n    <span>\ub354 \uc77d\uc5b4\ubcf4\uc138\uc694<\/span>\n  <i class=\"icon-angle-right\" aria-hidden=\"true\" ><\/i><\/a>\n\n\n\n\t\t<\/div>\n\t\t\t\t\n<style>\n#col-1923038399 > .col-inner {\n  padding: 0px 0px 0px 0px;\n}\n@media (min-width:850px) {\n  #col-1923038399 > .col-inner {\n    padding: 0px 50px 0px 50px;\n  }\n}\n<\/style>\n\t<\/div>\n\n\t\n\n<\/div>\n<div class=\"row row-large align-middle align-center\" style=\"max-width:1400px\" id=\"row-288028227\">\n\n\n\t<div id=\"col-315045376\" class=\"col medium-9 small-12 large-6\"  >\n\t\t\t\t<div class=\"col-inner text-left\"  >\n\t\t\t\n\t\t\t\n\n<h4 style=\"text-align: center;\"><strong>THI\u1ebeT B\u1eca \u0110O B\u1ee8C X\u1ea0 UV<\/strong><\/h4>\n<div>Th\u01b0\u1eddng \u0111\u01b0\u1ee3c g\u1ecdi l\u00e0 m\u00e1y \u0111o b\u1ee9c x\u1ea1. \u0110\u00e2y l\u00e0 m\u1ed9t c\u00f4ng c\u1ee5 c\u00f3 kh\u1ea3 n\u0103ng \u0111o l\u01b0\u1ee3ng c\u00f4ng su\u1ea5t \u00e1nh s\u00e1ng tuy\u1ec7t \u0111\u1ed1i trong m\u1ed9t ph\u1ea7n nh\u1ea5t \u0111\u1ecbnh c\u1ee7a ph\u1ed5 \u0111i\u1ec7n t\u1eeb, \u0111\u01b0\u1ee3c g\u1ecdi l\u00e0 b\u01b0\u1edbc s\u00f3ng.<\/div>\n<a href=\"#\" target=\"_blank\" class=\"button secondary is-link box-shadow-1-hover\" rel=\"noopener\"  >\n    <span>\ub354 \uc77d\uc5b4\ubcf4\uc138\uc694<\/span>\n  <i class=\"icon-angle-right\" aria-hidden=\"true\" ><\/i><\/a>\n\n\n\n\t\t<\/div>\n\t\t\t\t\n<style>\n#col-315045376 > .col-inner {\n  padding: 0px 0px 0px 0px;\n}\n@media (min-width:850px) {\n  #col-315045376 > .col-inner {\n    padding: 0px 50px 0px 50px;\n  }\n}\n<\/style>\n\t<\/div>\n\n\t\n\n\t<div id=\"col-671259599\" class=\"col medium-9 small-12 large-6 medium-col-first\"  >\n\t\t\t\t<div class=\"col-inner\"  >\n\t\t\t\n\t\t\t\n\n\t<div class=\"img has-hover x md-x lg-x y md-y lg-y\" id=\"image_769389697\">\n\t\t\t\t\t\t\t\t<div class=\"img-inner dark\" >\n\t\t\t<img loading=\"lazy\" decoding=\"async\" width=\"300\" height=\"169\" src=\"https:\/\/supercalib.vn\/wp-content\/uploads\/thiet-bi-do-buc-xa-uv.jpg-300x169-1.webp\" class=\"attachment-large size-large\" alt=\"\" \/>\t\t\t\t\t\t\n\t\t\t\t\t<\/div>\n\t\t\t\t\t\t\t\t\n<style>\n#image_769389697 {\n  width: 92%;\n}\n<\/style>\n\t<\/div>\n\t\n\n\n\t\t<\/div>\n\t\t\t\t\t<\/div>\n\n\t\n\n<\/div>\n\n\t\t<\/div>\n\n\t\t\n<style>\n#section_1985047642 {\n  padding-top: 0px;\n  padding-bottom: 0px;\n}\n<\/style>\n\t<\/section>\n\t\n\t<section class=\"section dark\" id=\"section_1758638819\">\n\t\t<div class=\"bg section-bg fill bg-fill  bg-loaded\" >\n\n\t\t\t\n\t\t\t<div class=\"section-bg-overlay absolute fill\"><\/div>\n\t\t\t\n\n\t\t<\/div>\n\n\t\t\n\n\t\t<div class=\"section-content relative\">\n\t\t\t\n\n\t<div id=\"gap-459993214\" class=\"gap-element clearfix\" style=\"display:block; height:auto;\">\n\t\t\n<style>\n#gap-459993214 {\n  padding-top: 30px;\n}\n<\/style>\n\t<\/div>\n\t\n\n<div class=\"row align-center\"  id=\"row-942269161\">\n\n\n\t<div id=\"col-1401746182\" class=\"col medium-9 small-12 large-9\"  >\n\t\t\t\t<div class=\"col-inner text-center\"  >\n\t\t\t\n\t\t\t\n\n<h3><span style=\"font-size: 150%;\">\uc870\ud68c\ub97c \uc694\uccad\ud558\ub2e4<\/span><\/h3>\n<p class=\"lead\">\uac00\uc7a5 \ube60\ub978 \uacac\uc801\uc744 \ubc1b\uc73c\ub824\uba74 \uc9c0\uae08 \uc800\ud76c\uc5d0\uac8c \uc5f0\ub77d\ud558\uc138\uc694.<\/p>\n\n<div class=\"wpcf7 no-js\" id=\"wpcf7-f13-o1\" lang=\"en-US\" dir=\"ltr\">\n<div class=\"screen-reader-response\"><p role=\"status\" aria-live=\"polite\" aria-atomic=\"true\"><\/p> <ul><\/ul><\/div>\n<form action=\"\/ko\/wp-json\/wp\/v2\/pages\/548#wpcf7-f13-o1\" method=\"post\" class=\"wpcf7-form init\" aria-label=\"Contact form\" novalidate=\"novalidate\" data-status=\"init\" data-trp-original-action=\"\/ko\/wp-json\/wp\/v2\/pages\/548#wpcf7-f13-o1\">\n<div style=\"display: none;\">\n<input type=\"hidden\" name=\"_wpcf7\" value=\"13\" \/>\n<input type=\"hidden\" name=\"_wpcf7_version\" value=\"5.9.5\" \/>\n<input type=\"hidden\" name=\"_wpcf7_locale\" value=\"en_US\" \/>\n<input type=\"hidden\" name=\"_wpcf7_unit_tag\" value=\"wpcf7-f13-o1\" \/>\n<input type=\"hidden\" name=\"_wpcf7_container_post\" value=\"0\" \/>\n<input type=\"hidden\" name=\"_wpcf7_posted_data_hash\" value=\"\" \/>\n<\/div>\n<div class=\"form-flat\">\n\t<p><span class=\"wpcf7-form-control-wrap\" data-name=\"your-name\"><input size=\"40\" class=\"wpcf7-form-control wpcf7-text wpcf7-validates-as-required\" aria-required=\"true\" aria-invalid=\"false\" placeholder=\"\uadc0\ud558\uc758 \uc774\ub984 (\ud544\uc218)\" value=\"\" type=\"text\" name=\"your-name\" \/><\/span>\n\t<\/p>\n\t<p><span class=\"wpcf7-form-control-wrap\" data-name=\"your-email\"><input size=\"40\" class=\"wpcf7-form-control wpcf7-email wpcf7-validates-as-required wpcf7-text wpcf7-validates-as-email\" aria-required=\"true\" aria-invalid=\"false\" placeholder=\"\uadc0\ud558\uc758 \uc774\uba54\uc77c (\ud544\uc218)\" value=\"\" type=\"email\" name=\"your-email\" \/><\/span>\n\t<\/p>\n\t<p><span class=\"wpcf7-form-control-wrap\" data-name=\"tel-401\"><input size=\"40\" class=\"wpcf7-form-control wpcf7-tel wpcf7-validates-as-required wpcf7-text wpcf7-validates-as-tel\" aria-required=\"true\" aria-invalid=\"false\" placeholder=\"Your phone number\" value=\"\" type=\"tel\" name=\"tel-401\" \/><\/span>\n\t<\/p>\n\t<p><span class=\"wpcf7-form-control-wrap\" data-name=\"your-message\"><textarea cols=\"40\" rows=\"10\" class=\"wpcf7-form-control wpcf7-textarea\" aria-invalid=\"false\" placeholder=\"\uadc0\ud558\uc758 \uba54\uc2dc\uc9c0 (\ud544\uc218)\" name=\"your-message\"><\/textarea><\/span>\n\t<\/p>\n\t<p><input class=\"wpcf7-form-control wpcf7-submit has-spinner button\" type=\"submit\" value=\"Submit\" \/>\n\t<\/p>\n<\/div><div class=\"wpcf7-response-output\" aria-hidden=\"true\"><\/div>\n<input type=\"hidden\" name=\"trp-form-language\" value=\"ko\"\/><\/form>\n<\/div>\n\n\n\n\t\t<\/div>\n\t\t\t\t\t<\/div>\n\n\t\n\n<\/div>\n\n\t\t<\/div>\n\n\t\t\n<style>\n#section_1758638819 {\n  padding-top: 30px;\n  padding-bottom: 30px;\n  min-height: 300px;\n  background-color: rgb(0, 0, 0);\n}\n#section_1758638819 .section-bg-overlay {\n  background-color: rgba(0, 0, 0, 0.01);\n}\n@media (min-width:550px) {\n  #section_1758638819 {\n    min-height: 400px;\n  }\n}\n<\/style>\n\t<\/section>","protected":false},"excerpt":{"rendered":"","protected":false},"author":1,"featured_media":0,"parent":0,"menu_order":0,"comment_status":"closed","ping_status":"closed","template":"page-blank.php","meta":{"footnotes":""},"class_list":["post-548","page","type-page","status-publish","hentry"],"_links":{"self":[{"href":"https:\/\/supercalib.vn\/ko\/wp-json\/wp\/v2\/pages\/548","targetHints":{"allow":["GET"]}}],"collection":[{"href":"https:\/\/supercalib.vn\/ko\/wp-json\/wp\/v2\/pages"}],"about":[{"href":"https:\/\/supercalib.vn\/ko\/wp-json\/wp\/v2\/types\/page"}],"author":[{"embeddable":true,"href":"https:\/\/supercalib.vn\/ko\/wp-json\/wp\/v2\/users\/1"}],"replies":[{"embeddable":true,"href":"https:\/\/supercalib.vn\/ko\/wp-json\/wp\/v2\/comments?post=548"}],"version-history":[{"count":2,"href":"https:\/\/supercalib.vn\/ko\/wp-json\/wp\/v2\/pages\/548\/revisions"}],"predecessor-version":[{"id":601,"href":"https:\/\/supercalib.vn\/ko\/wp-json\/wp\/v2\/pages\/548\/revisions\/601"}],"wp:attachment":[{"href":"https:\/\/supercalib.vn\/ko\/wp-json\/wp\/v2\/media?parent=548"}],"curies":[{"name":"wp","href":"https:\/\/api.w.org\/{rel}","templated":true}]}}