{"id":8,"date":"2024-05-08T02:22:43","date_gmt":"2024-05-08T02:22:43","guid":{"rendered":"https:\/\/supercalib.vn\/?page_id=8"},"modified":"2024-05-22T15:20:31","modified_gmt":"2024-05-22T08:20:31","slug":"cua-hang","status":"publish","type":"page","link":"https:\/\/supercalib.vn\/ko\/cua-hang\/","title":{"rendered":"\uac00\uac8c"},"content":{"rendered":"<div class=\"row\"><div class=\"large-12 col\">\n          <div style=\"background-color:#FFF;\" class=\"slider flipContainer slider-nav-circle slide box-shadow-2\"\n            data-flickity-options='{              \"cellAlign\": \"center\",              \"wrapAround\": true,              \"percentPosition\": true,              \"imagesLoaded\": true,              \"pageDots\": true,              \"contain\": true          }'>\n                        <div class=\"slide\" style=\"background-color:#FFF;\">  <div class=\"row row-collapse align-middle flip-slide\" style=\"width:100%\">\n        <div class=\"large-6 col flip-page-one\">\n        <div class=\"featured-product col-inner\">\n          <a href=\"https:\/\/supercalib.vn\/ko\/product\/may-do-cung-brinell\/\">\n                <div class=\"product-image relative\">\n                   <div class=\"front-image\">\n                    <img loading=\"lazy\" decoding=\"async\" width=\"600\" height=\"600\" src=\"https:\/\/supercalib.vn\/wp-content\/uploads\/may-do-do-cung-600x600.jpg\" class=\"attachment-woocommerce_single size-woocommerce_single wp-post-image\" alt=\"\" srcset=\"https:\/\/supercalib.vn\/wp-content\/uploads\/may-do-do-cung-600x600.jpg 600w, https:\/\/supercalib.vn\/wp-content\/uploads\/may-do-do-cung-768x768.jpg 768w, https:\/\/supercalib.vn\/wp-content\/uploads\/may-do-do-cung-1536x1536.jpg 1536w, https:\/\/supercalib.vn\/wp-content\/uploads\/may-do-do-cung-2048x2048.jpg 2048w, https:\/\/supercalib.vn\/wp-content\/uploads\/may-do-do-cung-12x12.jpg 12w, https:\/\/supercalib.vn\/wp-content\/uploads\/may-do-do-cung-100x100.jpg 100w\" sizes=\"auto, (max-width: 600px) 100vw, 600px\" \/>                  <\/div>\n                  \n<div class=\"badge-container absolute left top z-1\">\n\n<\/div>\n                <\/div>\n          <\/a>\n        <\/div>\n        <\/div>\n       <div class=\"large-6 col flip-page-two\">\n        <div class=\"product-info col-inner inner-padding\">\n              <h1 class=\"entry-title\"><a href=\"https:\/\/supercalib.vn\/ko\/product\/may-do-cung-brinell\/\">M\u00c1Y \u0110\u1ed8 C\u1ee8NG BRINELL<\/a><\/h1>\n              <div class=\"is-divider medium\"><\/div>\n              <div class=\"price-wrapper\">\n\t<p class=\"price product-page-price\">\n  <\/p>\n<\/div>\n<div class=\"product_meta\">\n\n\t\n\t\n\t<span class=\"posted_in\">\uce74\ud14c\uace0\ub9ac: <a href=\"https:\/\/supercalib.vn\/ko\/product-category\/chua-phan-loai\/\" rel=\"tag\">\uae30\ud0c0 \uc7a5\ube44<\/a><\/span>\n\t\n\t\n<\/div>\n              <a href=\"https:\/\/supercalib.vn\/ko\/product\/may-do-cung-brinell\/\" class=\"button\" data-no-translation=\"\" data-trp-gettext=\"\">\ub354 \ubcf4\uae30<\/a>\n         <\/div>\n        <\/div>\n<\/div>\n<\/div>\n                        <div class=\"slide\" style=\"background-color:#FFF;\">  <div class=\"row row-collapse align-middle flip-slide\" style=\"width:100%\">\n        <div class=\"large-6 col flip-page-one\">\n        <div class=\"featured-product col-inner\">\n          <a href=\"https:\/\/supercalib.vn\/ko\/product\/may-duc-mau\/\">\n                <div class=\"product-image relative\">\n                   <div class=\"front-image\">\n                    <img loading=\"lazy\" decoding=\"async\" width=\"600\" height=\"600\" src=\"https:\/\/supercalib.vn\/wp-content\/uploads\/may-duc-mau-600x600.jpg\" class=\"attachment-woocommerce_single size-woocommerce_single wp-post-image\" alt=\"\" srcset=\"https:\/\/supercalib.vn\/wp-content\/uploads\/may-duc-mau-600x600.jpg 600w, https:\/\/supercalib.vn\/wp-content\/uploads\/may-duc-mau-768x768.jpg 768w, https:\/\/supercalib.vn\/wp-content\/uploads\/may-duc-mau-1536x1536.jpg 1536w, https:\/\/supercalib.vn\/wp-content\/uploads\/may-duc-mau-2048x2048.jpg 2048w, https:\/\/supercalib.vn\/wp-content\/uploads\/may-duc-mau-12x12.jpg 12w, https:\/\/supercalib.vn\/wp-content\/uploads\/may-duc-mau-100x100.jpg 100w\" sizes=\"auto, (max-width: 600px) 100vw, 600px\" \/>                  <\/div>\n                  \n<div class=\"badge-container absolute left top z-1\">\n\n<\/div>\n                <\/div>\n          <\/a>\n        <\/div>\n        <\/div>\n       <div class=\"large-6 col flip-page-two\">\n        <div class=\"product-info col-inner inner-padding\">\n              <h1 class=\"entry-title\"><a href=\"https:\/\/supercalib.vn\/ko\/product\/may-duc-mau\/\">M\u00e1y \u0111\u00fac m\u1eabu<\/a><\/h1>\n              <div class=\"is-divider medium\"><\/div>\n              <div class=\"price-wrapper\">\n\t<p class=\"price product-page-price\">\n  <\/p>\n<\/div>\n<div class=\"product_meta\">\n\n\t\n\t\n\t<span class=\"posted_in\">\uce74\ud14c\uace0\ub9ac: <a href=\"https:\/\/supercalib.vn\/ko\/product-category\/chua-phan-loai\/\" rel=\"tag\">\uae30\ud0c0 \uc7a5\ube44<\/a><\/span>\n\t\n\t\n<\/div>\n              <a href=\"https:\/\/supercalib.vn\/ko\/product\/may-duc-mau\/\" class=\"button\" data-no-translation=\"\" data-trp-gettext=\"\">\ub354 \ubcf4\uae30<\/a>\n         <\/div>\n        <\/div>\n<\/div>\n<\/div>\n                        <div class=\"slide\" style=\"background-color:#FFF;\">  <div class=\"row row-collapse align-middle flip-slide\" style=\"width:100%\">\n        <div class=\"large-6 col flip-page-one\">\n        <div class=\"featured-product col-inner\">\n          <a href=\"https:\/\/supercalib.vn\/ko\/product\/may-mai\/\">\n                <div class=\"product-image relative\">\n                   <div class=\"front-image\">\n                    <img loading=\"lazy\" decoding=\"async\" width=\"600\" height=\"600\" src=\"https:\/\/supercalib.vn\/wp-content\/uploads\/may-mai-600x600.jpg\" class=\"attachment-woocommerce_single size-woocommerce_single wp-post-image\" alt=\"\" srcset=\"https:\/\/supercalib.vn\/wp-content\/uploads\/may-mai-600x600.jpg 600w, https:\/\/supercalib.vn\/wp-content\/uploads\/may-mai-768x768.jpg 768w, https:\/\/supercalib.vn\/wp-content\/uploads\/may-mai-1536x1536.jpg 1536w, https:\/\/supercalib.vn\/wp-content\/uploads\/may-mai-2048x2048.jpg 2048w, https:\/\/supercalib.vn\/wp-content\/uploads\/may-mai-12x12.jpg 12w, https:\/\/supercalib.vn\/wp-content\/uploads\/may-mai-100x100.jpg 100w\" sizes=\"auto, (max-width: 600px) 100vw, 600px\" \/>                  <\/div>\n                  \n<div class=\"badge-container absolute left top z-1\">\n\n<\/div>\n                <\/div>\n          <\/a>\n        <\/div>\n        <\/div>\n       <div class=\"large-6 col flip-page-two\">\n        <div class=\"product-info col-inner inner-padding\">\n              <h1 class=\"entry-title\"><a href=\"https:\/\/supercalib.vn\/ko\/product\/may-mai\/\">M\u00e1y m\u00e0i<\/a><\/h1>\n              <div class=\"is-divider medium\"><\/div>\n              <div class=\"price-wrapper\">\n\t<p class=\"price product-page-price\">\n  <\/p>\n<\/div>\n<div class=\"product_meta\">\n\n\t\n\t\n\t<span class=\"posted_in\">\uce74\ud14c\uace0\ub9ac: <a href=\"https:\/\/supercalib.vn\/ko\/product-category\/cung-cap-may-moc\/\" rel=\"tag\">\uae30\uacc4 \uacf5\uae09<\/a><\/span>\n\t\n\t\n<\/div>\n              <a href=\"https:\/\/supercalib.vn\/ko\/product\/may-mai\/\" class=\"button\" data-no-translation=\"\" data-trp-gettext=\"\">\ub354 \ubcf4\uae30<\/a>\n         <\/div>\n        <\/div>\n<\/div>\n<\/div>\n                        <div class=\"slide\" style=\"background-color:#FFF;\">  <div class=\"row row-collapse align-middle flip-slide\" style=\"width:100%\">\n        <div class=\"large-6 col flip-page-one\">\n        <div class=\"featured-product col-inner\">\n          <a href=\"https:\/\/supercalib.vn\/ko\/product\/may-cat\/\">\n                <div class=\"product-image relative\">\n                   <div class=\"front-image\">\n                    <img loading=\"lazy\" decoding=\"async\" width=\"600\" height=\"684\" src=\"https:\/\/supercalib.vn\/wp-content\/uploads\/may-cat-1-600x684.png\" class=\"attachment-woocommerce_single size-woocommerce_single wp-post-image\" alt=\"\" srcset=\"https:\/\/supercalib.vn\/wp-content\/uploads\/may-cat-1-600x684.png 600w, https:\/\/supercalib.vn\/wp-content\/uploads\/may-cat-1-11x12.png 11w, https:\/\/supercalib.vn\/wp-content\/uploads\/may-cat-1.png 729w\" sizes=\"auto, (max-width: 600px) 100vw, 600px\" \/>                  <\/div>\n                  \n<div class=\"badge-container absolute left top z-1\">\n\n<\/div>\n                <\/div>\n          <\/a>\n        <\/div>\n        <\/div>\n       <div class=\"large-6 col flip-page-two\">\n        <div class=\"product-info col-inner inner-padding\">\n              <h1 class=\"entry-title\"><a href=\"https:\/\/supercalib.vn\/ko\/product\/may-cat\/\">M\u00e1y c\u1eaft<\/a><\/h1>\n              <div class=\"is-divider medium\"><\/div>\n              <div class=\"price-wrapper\">\n\t<p class=\"price product-page-price\">\n  <\/p>\n<\/div>\n<div class=\"product_meta\">\n\n\t\n\t\n\t<span class=\"posted_in\">\uce74\ud14c\uace0\ub9ac: <a href=\"https:\/\/supercalib.vn\/ko\/product-category\/cung-cap-may-moc\/\" rel=\"tag\">\uae30\uacc4 \uacf5\uae09<\/a><\/span>\n\t\n\t\n<\/div>\n              <a href=\"https:\/\/supercalib.vn\/ko\/product\/may-cat\/\" class=\"button\" data-no-translation=\"\" data-trp-gettext=\"\">\ub354 \ubcf4\uae30<\/a>\n         <\/div>\n        <\/div>\n<\/div>\n<\/div>\n                        <div class=\"slide\" style=\"background-color:#FFF;\">  <div class=\"row row-collapse align-middle flip-slide\" style=\"width:100%\">\n        <div class=\"large-6 col flip-page-one\">\n        <div class=\"featured-product col-inner\">\n          <a href=\"https:\/\/supercalib.vn\/ko\/product\/may-chup-x-ray\/\">\n                <div class=\"product-image relative\">\n                   <div class=\"front-image\">\n                    <img loading=\"lazy\" decoding=\"async\" width=\"307\" height=\"407\" src=\"https:\/\/supercalib.vn\/wp-content\/uploads\/11.1.jpg\" class=\"attachment-woocommerce_single size-woocommerce_single wp-post-image\" alt=\"\" srcset=\"https:\/\/supercalib.vn\/wp-content\/uploads\/11.1.jpg 307w, https:\/\/supercalib.vn\/wp-content\/uploads\/11.1-9x12.jpg 9w\" sizes=\"auto, (max-width: 307px) 100vw, 307px\" \/>                  <\/div>\n                  \n<div class=\"badge-container absolute left top z-1\">\n\n<\/div>\n                <\/div>\n          <\/a>\n        <\/div>\n        <\/div>\n       <div class=\"large-6 col flip-page-two\">\n        <div class=\"product-info col-inner inner-padding\">\n              <h1 class=\"entry-title\"><a href=\"https:\/\/supercalib.vn\/ko\/product\/may-chup-x-ray\/\">M\u00e1y ch\u1ee5p X-Ray<\/a><\/h1>\n              <div class=\"is-divider medium\"><\/div>\n              <div class=\"price-wrapper\">\n\t<p class=\"price product-page-price\">\n  <\/p>\n<\/div>\n<div class=\"product_meta\">\n\n\t\n\t\n\t\t<span class=\"sku_wrapper\">SKU: <span class=\"sku\" data-no-translation=\"\" data-trp-gettext=\"\">N\/A<\/span><\/span>\n\n\t\n\t<span class=\"posted_in\">\uce74\ud14c\uace0\ub9ac: <a href=\"https:\/\/supercalib.vn\/ko\/product-category\/cung-cap-may-moc\/\" rel=\"tag\">\uae30\uacc4 \uacf5\uae09<\/a><\/span>\n\t\n\t\n<\/div>\n              <a href=\"https:\/\/supercalib.vn\/ko\/product\/may-chup-x-ray\/\" class=\"button\" data-no-translation=\"\" data-trp-gettext=\"\">\ub354 \ubcf4\uae30<\/a>\n         <\/div>\n        <\/div>\n<\/div>\n<\/div>\n                        <div class=\"slide\" style=\"background-color:#FFF;\">  <div class=\"row row-collapse align-middle flip-slide\" style=\"width:100%\">\n        <div class=\"large-6 col flip-page-one\">\n        <div class=\"featured-product col-inner\">\n          <a href=\"https:\/\/supercalib.vn\/ko\/product\/kinh-hien-vi-kiem-tra-lo-mu\/\">\n                <div class=\"product-image relative\">\n                   <div class=\"front-image\">\n                    <img loading=\"lazy\" decoding=\"async\" width=\"288\" height=\"272\" src=\"https:\/\/supercalib.vn\/wp-content\/uploads\/Untitled-design-2.png\" class=\"attachment-woocommerce_single size-woocommerce_single wp-post-image\" alt=\"\" srcset=\"https:\/\/supercalib.vn\/wp-content\/uploads\/Untitled-design-2.png 288w, https:\/\/supercalib.vn\/wp-content\/uploads\/Untitled-design-2-13x12.png 13w\" sizes=\"auto, (max-width: 288px) 100vw, 288px\" \/>                  <\/div>\n                  \n<div class=\"badge-container absolute left top z-1\">\n\n<\/div>\n                <\/div>\n          <\/a>\n        <\/div>\n        <\/div>\n       <div class=\"large-6 col flip-page-two\">\n        <div class=\"product-info col-inner inner-padding\">\n              <h1 class=\"entry-title\"><a href=\"https:\/\/supercalib.vn\/ko\/product\/kinh-hien-vi-kiem-tra-lo-mu\/\">K\u00ednh hi\u1ec3n vi ki\u1ec3m tra l\u1ed7 m\u00f9<\/a><\/h1>\n              <div class=\"is-divider medium\"><\/div>\n              <div class=\"price-wrapper\">\n\t<p class=\"price product-page-price\">\n  <\/p>\n<\/div>\n<div class=\"product_meta\">\n\n\t\n\t\n\t\t<span class=\"sku_wrapper\">SKU: <span class=\"sku\" data-no-translation=\"\" data-trp-gettext=\"\">N\/A<\/span><\/span>\n\n\t\n\t<span class=\"posted_in\">\uce74\ud14c\uace0\ub9ac: <a href=\"https:\/\/supercalib.vn\/ko\/product-category\/cung-cap-may-moc\/\" rel=\"tag\">\uae30\uacc4 \uacf5\uae09<\/a><\/span>\n\t\n\t\n<\/div>\n              <a href=\"https:\/\/supercalib.vn\/ko\/product\/kinh-hien-vi-kiem-tra-lo-mu\/\" class=\"button\" data-no-translation=\"\" data-trp-gettext=\"\">\ub354 \ubcf4\uae30<\/a>\n         <\/div>\n        <\/div>\n<\/div>\n<\/div>\n                        <div class=\"slide\" style=\"background-color:#FFF;\">  <div class=\"row row-collapse align-middle flip-slide\" style=\"width:100%\">\n        <div class=\"large-6 col flip-page-one\">\n        <div class=\"featured-product col-inner\">\n          <a href=\"https:\/\/supercalib.vn\/ko\/product\/may-do-diem-long-dac\/\">\n                <div class=\"product-image relative\">\n                   <div class=\"front-image\">\n                    <img loading=\"lazy\" decoding=\"async\" width=\"295\" height=\"278\" src=\"https:\/\/supercalib.vn\/wp-content\/uploads\/9.1.jpg\" class=\"attachment-woocommerce_single size-woocommerce_single wp-post-image\" alt=\"\" srcset=\"https:\/\/supercalib.vn\/wp-content\/uploads\/9.1.jpg 295w, https:\/\/supercalib.vn\/wp-content\/uploads\/9.1-13x12.jpg 13w\" sizes=\"auto, (max-width: 295px) 100vw, 295px\" \/>                  <\/div>\n                  \n<div class=\"badge-container absolute left top z-1\">\n\n<\/div>\n                <\/div>\n          <\/a>\n        <\/div>\n        <\/div>\n       <div class=\"large-6 col flip-page-two\">\n        <div class=\"product-info col-inner inner-padding\">\n              <h1 class=\"entry-title\"><a href=\"https:\/\/supercalib.vn\/ko\/product\/may-do-diem-long-dac\/\">M\u00e1y \u0111o \u0111i\u1ec3m \u0111\u00f4ng \u0111\u1eb7c<\/a><\/h1>\n              <div class=\"is-divider medium\"><\/div>\n              <div class=\"price-wrapper\">\n\t<p class=\"price product-page-price\">\n  <\/p>\n<\/div>\n<div class=\"product_meta\">\n\n\t\n\t\n\t\t<span class=\"sku_wrapper\">SKU: <span class=\"sku\" data-no-translation=\"\" data-trp-gettext=\"\">N\/A<\/span><\/span>\n\n\t\n\t<span class=\"posted_in\">\uce74\ud14c\uace0\ub9ac: <a href=\"https:\/\/supercalib.vn\/ko\/product-category\/cung-cap-may-moc\/\" rel=\"tag\">\uae30\uacc4 \uacf5\uae09<\/a><\/span>\n\t\n\t\n<\/div>\n              <a href=\"https:\/\/supercalib.vn\/ko\/product\/may-do-diem-long-dac\/\" class=\"button\" data-no-translation=\"\" data-trp-gettext=\"\">\ub354 \ubcf4\uae30<\/a>\n         <\/div>\n        <\/div>\n<\/div>\n<\/div>\n                        <div class=\"slide\" style=\"background-color:#FFF;\">  <div class=\"row row-collapse align-middle flip-slide\" style=\"width:100%\">\n        <div class=\"large-6 col flip-page-one\">\n        <div class=\"featured-product col-inner\">\n          <a href=\"https:\/\/supercalib.vn\/ko\/product\/may-kiem-tra-khoang-cach-va-do-rong-san-pham\/\">\n                <div class=\"product-image relative\">\n                   <div class=\"front-image\">\n                    <img loading=\"lazy\" decoding=\"async\" width=\"329\" height=\"273\" src=\"https:\/\/supercalib.vn\/wp-content\/uploads\/8.1.jpg\" class=\"attachment-woocommerce_single size-woocommerce_single wp-post-image\" alt=\"\" srcset=\"https:\/\/supercalib.vn\/wp-content\/uploads\/8.1.jpg 329w, https:\/\/supercalib.vn\/wp-content\/uploads\/8.1-14x12.jpg 14w\" sizes=\"auto, (max-width: 329px) 100vw, 329px\" \/>                  <\/div>\n                  \n<div class=\"badge-container absolute left top z-1\">\n\n<\/div>\n                <\/div>\n          <\/a>\n        <\/div>\n        <\/div>\n       <div class=\"large-6 col flip-page-two\">\n        <div class=\"product-info col-inner inner-padding\">\n              <h1 class=\"entry-title\"><a href=\"https:\/\/supercalib.vn\/ko\/product\/may-kiem-tra-khoang-cach-va-do-rong-san-pham\/\">M\u00e1y ki\u1ec3m tra kho\u1ea3ng c\u00e1ch v\u00e0 \u0111\u1ed9 r\u1ed9ng s\u1ea3n ph\u1ea9m<\/a><\/h1>\n              <div class=\"is-divider medium\"><\/div>\n              <div class=\"price-wrapper\">\n\t<p class=\"price product-page-price\">\n  <\/p>\n<\/div>\n<div class=\"product_meta\">\n\n\t\n\t\n\t\t<span class=\"sku_wrapper\">SKU: <span class=\"sku\" data-no-translation=\"\" data-trp-gettext=\"\">N\/A<\/span><\/span>\n\n\t\n\t<span class=\"posted_in\">\uce74\ud14c\uace0\ub9ac: <a href=\"https:\/\/supercalib.vn\/ko\/product-category\/cung-cap-may-moc\/\" rel=\"tag\">\uae30\uacc4 \uacf5\uae09<\/a><\/span>\n\t\n\t\n<\/div>\n              <a href=\"https:\/\/supercalib.vn\/ko\/product\/may-kiem-tra-khoang-cach-va-do-rong-san-pham\/\" class=\"button\" data-no-translation=\"\" data-trp-gettext=\"\">\ub354 \ubcf4\uae30<\/a>\n         <\/div>\n        <\/div>\n<\/div>\n<\/div>\n                    <\/div>\n          <\/div><\/div>","protected":false},"excerpt":{"rendered":"","protected":false},"author":1,"featured_media":0,"parent":0,"menu_order":0,"comment_status":"closed","ping_status":"closed","template":"","meta":{"footnotes":""},"class_list":["post-8","page","type-page","status-publish","hentry"],"_links":{"self":[{"href":"https:\/\/supercalib.vn\/ko\/wp-json\/wp\/v2\/pages\/8","targetHints":{"allow":["GET"]}}],"collection":[{"href":"https:\/\/supercalib.vn\/ko\/wp-json\/wp\/v2\/pages"}],"about":[{"href":"https:\/\/supercalib.vn\/ko\/wp-json\/wp\/v2\/types\/page"}],"author":[{"embeddable":true,"href":"https:\/\/supercalib.vn\/ko\/wp-json\/wp\/v2\/users\/1"}],"replies":[{"embeddable":true,"href":"https:\/\/supercalib.vn\/ko\/wp-json\/wp\/v2\/comments?post=8"}],"version-history":[{"count":1,"href":"https:\/\/supercalib.vn\/ko\/wp-json\/wp\/v2\/pages\/8\/revisions"}],"predecessor-version":[{"id":772,"href":"https:\/\/supercalib.vn\/ko\/wp-json\/wp\/v2\/pages\/8\/revisions\/772"}],"wp:attachment":[{"href":"https:\/\/supercalib.vn\/ko\/wp-json\/wp\/v2\/media?parent=8"}],"curies":[{"name":"wp","href":"https:\/\/api.w.org\/{rel}","templated":true}]}}