{"id":93,"date":"2013-08-11T19:22:53","date_gmt":"2013-08-11T19:22:53","guid":{"rendered":"http:\/\/localhost:8888\/test\/?page_id=532"},"modified":"2024-05-22T16:21:36","modified_gmt":"2024-05-22T09:21:36","slug":"contact","status":"publish","type":"page","link":"https:\/\/supercalib.vn\/ko\/contact\/","title":{"rendered":"Contact"},"content":{"rendered":"<section class=\"section\" id=\"section_1204285451\">\n\t\t<div class=\"bg section-bg fill bg-fill\" >\n\n\t\t\t\n\t\t\t<div class=\"section-bg-overlay absolute fill\"><\/div>\n\t\t\t\n\n\t\t<\/div>\n\n\t\t\n\n\t\t<div class=\"section-content relative\">\n\t\t\t\n\n<div class=\"row align-center\"  id=\"row-2110051108\">\n\n\n\t<div id=\"col-1872770667\" class=\"col medium-10 small-12 large-10\"  >\n\t\t\t\t<div class=\"col-inner text-center\"  >\n\t\t\t\n\t\t\t\n\n\n\t\t<\/div>\n\t\t\t\t\t<\/div>\n\n\t\n\n<\/div>\n\n\t\t<\/div>\n\n\t\t\n<style>\n#section_1204285451 {\n  padding-top: 60px;\n  padding-bottom: 60px;\n  min-height: 300px;\n  background-color: rgb(245, 245, 245);\n}\n#section_1204285451 .section-bg-overlay {\n  background-color: rgba(255,255,255,.5);\n}\n#section_1204285451 .section-bg.bg-loaded {\n  background-image: url(https:\/\/supercalib.vn\/wp-content\/uploads\/z5423862167625_e91f748b2a20295acd81f155288f3da8.jpg);\n}\n<\/style>\n\t<\/section>\n\t\n<div class=\"row\"  id=\"row-765513575\">\n\n\n\t<div id=\"col-1675507383\" class=\"col medium-6 large-6\"  >\n\t\t\t\t<div class=\"col-inner\"  >\n\t\t\t\n\t\t\t\n\n<div class=\"container section-title-container\" ><h3 class=\"section-title section-title-normal\"><b><\/b><span class=\"section-title-main\" >\uc5f0\ub77d\ucc98 \uc815\ubcf4<\/span><b><\/b><\/h3><\/div>\n\n\t<div id=\"text-1223429471\" class=\"text\">\n\t\t\n\n<p>\uc815\ud655\uc131\uacfc \uc815\uc9c1\ud568, \uadf8\ub9ac\uace0 \ud55c \uc0ac\ub78c \ud55c \uc0ac\ub78c\uacfc \ubaa8\ub4e0 \uae30\uae30\uc5d0 \ub300\ud55c \uc874\uc911\uc744 \ubc14\ud0d5\uc73c\ub85c Kaizen Creative Vietnam\uc774 \uc5ec\ub7ec\ubd84\uc758 \ub4e0\ub4e0\ud55c \ud30c\ud2b8\ub108\uac00 \ub420 \uc218 \uc788\uae30\ub97c \ubc14\ub78d\ub2c8\ub2e4.<\/p>\n<p>\uc791\uc740 \uc694\uccad\uc774\ub77c\ub3c4 \uc8fc\uc800\ud558\uc9c0 \ub9d0\uace0 \uc5f0\ub77d\uc8fc\uc138\uc694!<\/p>\n\t\t\n<style>\n#text-1223429471 {\n  font-size: 1rem;\n}\n<\/style>\n\t<\/div>\n\t\n<div class=\"social-icons follow-icons\" style=\"font-size:134%\"><a href=\"https:\/\/www.facebook.com\/profile.php?id=100054395716564\" target=\"_blank\" data-label=\"Facebook\" class=\"icon primary button circle facebook tooltip\" title=\"Follow on Facebook\" aria-label=\"Follow on Facebook\" rel=\"noopener nofollow\" ><i class=\"icon-facebook\" ><\/i><\/a><a href=\"mailto:kaizencvn@gmail.com\" data-label=\"E-mail\" target=\"_blank\" class=\"icon primary button circle email tooltip\" title=\"Send us an email\" aria-label=\"Send us an email\" rel=\"nofollow noopener\" ><i class=\"icon-envelop\" ><\/i><\/a><a href=\"tel:0348 353 384\" data-label=\"Phone\" target=\"_blank\" class=\"icon primary button circle phone tooltip\" title=\"Call us\" aria-label=\"Call us\" rel=\"nofollow noopener\" ><i class=\"icon-phone\" ><\/i><\/a><\/div>\n\n\n\t\t<\/div>\n\t\t\t\t\t<\/div>\n\n\t\n\n\t<div id=\"col-340393970\" class=\"col medium-6 small-12 large-6\"  >\n\t\t\t\t<div class=\"col-inner\"  >\n\t\t\t\n\t\t\t\n\n\n<div class=\"wpcf7 no-js\" id=\"wpcf7-f6-o1\" lang=\"vi\" dir=\"ltr\">\n<div class=\"screen-reader-response\"><p role=\"status\" aria-live=\"polite\" aria-atomic=\"true\"><\/p> <ul><\/ul><\/div>\n<form action=\"\/ko\/wp-json\/wp\/v2\/pages\/93#wpcf7-f6-o1\" method=\"post\" class=\"wpcf7-form init\" aria-label=\"Form li\u00ean h\u1ec7\" novalidate=\"novalidate\" data-status=\"init\" data-trp-original-action=\"\/ko\/wp-json\/wp\/v2\/pages\/93#wpcf7-f6-o1\">\n<div style=\"display: none;\">\n<input type=\"hidden\" name=\"_wpcf7\" value=\"6\" \/>\n<input type=\"hidden\" name=\"_wpcf7_version\" value=\"5.9.5\" \/>\n<input type=\"hidden\" name=\"_wpcf7_locale\" value=\"vi\" \/>\n<input type=\"hidden\" name=\"_wpcf7_unit_tag\" value=\"wpcf7-f6-o1\" \/>\n<input type=\"hidden\" name=\"_wpcf7_container_post\" value=\"0\" \/>\n<input type=\"hidden\" name=\"_wpcf7_posted_data_hash\" value=\"\" \/>\n<\/div>\n<p><label> \ub2f9\uc2e0\uc758 \uc774\ub984<br \/>\n<span class=\"wpcf7-form-control-wrap\" data-name=\"your-name\"><input size=\"40\" class=\"wpcf7-form-control wpcf7-text wpcf7-validates-as-required\" autocomplete=\"name\" aria-required=\"true\" aria-invalid=\"false\" value=\"\" type=\"text\" name=\"your-name\" \/><\/span> <\/label>\n<\/p>\n<p><label> \uadc0\ud558\uc758 \uc774\uba54\uc77c<br \/>\n<span class=\"wpcf7-form-control-wrap\" data-name=\"your-email\"><input size=\"40\" class=\"wpcf7-form-control wpcf7-email wpcf7-validates-as-required wpcf7-text wpcf7-validates-as-email\" autocomplete=\"email\" aria-required=\"true\" aria-invalid=\"false\" value=\"\" type=\"email\" name=\"your-email\" \/><\/span> <\/label>\n<\/p>\n<p><label> \uc81c\ubaa9:<br \/>\n<span class=\"wpcf7-form-control-wrap\" data-name=\"your-subject\"><input size=\"40\" class=\"wpcf7-form-control wpcf7-text wpcf7-validates-as-required\" aria-required=\"true\" aria-invalid=\"false\" value=\"\" type=\"text\" name=\"your-subject\" \/><\/span> <\/label>\n<\/p>\n<p><label> \uadc0\ud558\uc758 \uba54\uc2dc\uc9c0(\uc120\ud0dd\uc0ac\ud56d)<br \/>\n<span class=\"wpcf7-form-control-wrap\" data-name=\"your-message\"><textarea cols=\"40\" rows=\"10\" class=\"wpcf7-form-control wpcf7-textarea\" aria-invalid=\"false\" name=\"your-message\"><\/textarea><\/span> <\/label>\n<\/p>\n<p><input class=\"wpcf7-form-control wpcf7-submit has-spinner\" type=\"submit\" value=\"G\u1eedi\" \/>\n<\/p><div class=\"wpcf7-response-output\" aria-hidden=\"true\"><\/div>\n<input type=\"hidden\" name=\"trp-form-language\" value=\"ko\"\/><\/form>\n<\/div>\n\n\n\n\t\t<\/div>\n\t\t\t\t\t<\/div>\n\n\t\n\n<\/div>\n            <div class=\"row\"><div class=\"large-12 col\">\n          <div style=\"background-color:#FFF;\" class=\"slider flipContainer slider-nav-circle slide box-shadow-2\"\n            data-flickity-options='{              \"cellAlign\": \"center\",              \"wrapAround\": true,              \"percentPosition\": true,              \"imagesLoaded\": true,              \"pageDots\": true,              \"contain\": true          }'>\n                        <div class=\"slide\" style=\"background-color:#FFF;\">  <div class=\"row row-collapse align-middle flip-slide\" style=\"width:100%\">\n        <div class=\"large-6 col flip-page-one\">\n        <div class=\"featured-product col-inner\">\n          <a href=\"https:\/\/supercalib.vn\/ko\/product\/may-do-cung-brinell\/\">\n                <div class=\"product-image relative\">\n                   <div class=\"front-image\">\n                    <img loading=\"lazy\" decoding=\"async\" width=\"600\" height=\"600\" src=\"https:\/\/supercalib.vn\/wp-content\/uploads\/may-do-do-cung-600x600.jpg\" class=\"attachment-woocommerce_single size-woocommerce_single wp-post-image\" alt=\"\" srcset=\"https:\/\/supercalib.vn\/wp-content\/uploads\/may-do-do-cung-600x600.jpg 600w, https:\/\/supercalib.vn\/wp-content\/uploads\/may-do-do-cung-768x768.jpg 768w, https:\/\/supercalib.vn\/wp-content\/uploads\/may-do-do-cung-1536x1536.jpg 1536w, https:\/\/supercalib.vn\/wp-content\/uploads\/may-do-do-cung-2048x2048.jpg 2048w, https:\/\/supercalib.vn\/wp-content\/uploads\/may-do-do-cung-12x12.jpg 12w, https:\/\/supercalib.vn\/wp-content\/uploads\/may-do-do-cung-100x100.jpg 100w\" sizes=\"auto, (max-width: 600px) 100vw, 600px\" \/>                  <\/div>\n                  \n<div class=\"badge-container absolute left top z-1\">\n\n<\/div>\n                <\/div>\n          <\/a>\n        <\/div>\n        <\/div>\n       <div class=\"large-6 col flip-page-two\">\n        <div class=\"product-info col-inner inner-padding\">\n              <h1 class=\"entry-title\"><a href=\"https:\/\/supercalib.vn\/ko\/product\/may-do-cung-brinell\/\">M\u00c1Y \u0110\u1ed8 C\u1ee8NG BRINELL<\/a><\/h1>\n              <div class=\"is-divider medium\"><\/div>\n              <div class=\"price-wrapper\">\n\t<p class=\"price product-page-price\">\n  <\/p>\n<\/div>\n<div class=\"product_meta\">\n\n\t\n\t\n\t<span class=\"posted_in\">\uce74\ud14c\uace0\ub9ac: <a href=\"https:\/\/supercalib.vn\/ko\/product-category\/chua-phan-loai\/\" rel=\"tag\">\uae30\ud0c0 \uc7a5\ube44<\/a><\/span>\n\t\n\t\n<\/div>\n              <a href=\"https:\/\/supercalib.vn\/ko\/product\/may-do-cung-brinell\/\" class=\"button\" data-no-translation=\"\" data-trp-gettext=\"\">\ub354 \ubcf4\uae30<\/a>\n         <\/div>\n        <\/div>\n<\/div>\n<\/div>\n                        <div class=\"slide\" style=\"background-color:#FFF;\">  <div class=\"row row-collapse align-middle flip-slide\" style=\"width:100%\">\n        <div class=\"large-6 col flip-page-one\">\n        <div class=\"featured-product col-inner\">\n          <a href=\"https:\/\/supercalib.vn\/ko\/product\/may-duc-mau\/\">\n                <div class=\"product-image relative\">\n                   <div class=\"front-image\">\n                    <img loading=\"lazy\" decoding=\"async\" width=\"600\" height=\"600\" src=\"https:\/\/supercalib.vn\/wp-content\/uploads\/may-duc-mau-600x600.jpg\" class=\"attachment-woocommerce_single size-woocommerce_single wp-post-image\" alt=\"\" srcset=\"https:\/\/supercalib.vn\/wp-content\/uploads\/may-duc-mau-600x600.jpg 600w, https:\/\/supercalib.vn\/wp-content\/uploads\/may-duc-mau-768x768.jpg 768w, https:\/\/supercalib.vn\/wp-content\/uploads\/may-duc-mau-1536x1536.jpg 1536w, https:\/\/supercalib.vn\/wp-content\/uploads\/may-duc-mau-2048x2048.jpg 2048w, https:\/\/supercalib.vn\/wp-content\/uploads\/may-duc-mau-12x12.jpg 12w, https:\/\/supercalib.vn\/wp-content\/uploads\/may-duc-mau-100x100.jpg 100w\" sizes=\"auto, (max-width: 600px) 100vw, 600px\" \/>                  <\/div>\n                  \n<div class=\"badge-container absolute left top z-1\">\n\n<\/div>\n                <\/div>\n          <\/a>\n        <\/div>\n        <\/div>\n       <div class=\"large-6 col flip-page-two\">\n        <div class=\"product-info col-inner inner-padding\">\n              <h1 class=\"entry-title\"><a href=\"https:\/\/supercalib.vn\/ko\/product\/may-duc-mau\/\">M\u00e1y \u0111\u00fac m\u1eabu<\/a><\/h1>\n              <div class=\"is-divider medium\"><\/div>\n              <div class=\"price-wrapper\">\n\t<p class=\"price product-page-price\">\n  <\/p>\n<\/div>\n<div class=\"product_meta\">\n\n\t\n\t\n\t<span class=\"posted_in\">\uce74\ud14c\uace0\ub9ac: <a href=\"https:\/\/supercalib.vn\/ko\/product-category\/chua-phan-loai\/\" rel=\"tag\">\uae30\ud0c0 \uc7a5\ube44<\/a><\/span>\n\t\n\t\n<\/div>\n              <a href=\"https:\/\/supercalib.vn\/ko\/product\/may-duc-mau\/\" class=\"button\" data-no-translation=\"\" data-trp-gettext=\"\">\ub354 \ubcf4\uae30<\/a>\n         <\/div>\n        <\/div>\n<\/div>\n<\/div>\n                        <div class=\"slide\" style=\"background-color:#FFF;\">  <div class=\"row row-collapse align-middle flip-slide\" style=\"width:100%\">\n        <div class=\"large-6 col flip-page-one\">\n        <div class=\"featured-product col-inner\">\n          <a href=\"https:\/\/supercalib.vn\/ko\/product\/may-mai\/\">\n                <div class=\"product-image relative\">\n                   <div class=\"front-image\">\n                    <img loading=\"lazy\" decoding=\"async\" width=\"600\" height=\"600\" src=\"https:\/\/supercalib.vn\/wp-content\/uploads\/may-mai-600x600.jpg\" class=\"attachment-woocommerce_single size-woocommerce_single wp-post-image\" alt=\"\" srcset=\"https:\/\/supercalib.vn\/wp-content\/uploads\/may-mai-600x600.jpg 600w, https:\/\/supercalib.vn\/wp-content\/uploads\/may-mai-768x768.jpg 768w, https:\/\/supercalib.vn\/wp-content\/uploads\/may-mai-1536x1536.jpg 1536w, https:\/\/supercalib.vn\/wp-content\/uploads\/may-mai-2048x2048.jpg 2048w, https:\/\/supercalib.vn\/wp-content\/uploads\/may-mai-12x12.jpg 12w, https:\/\/supercalib.vn\/wp-content\/uploads\/may-mai-100x100.jpg 100w\" sizes=\"auto, (max-width: 600px) 100vw, 600px\" \/>                  <\/div>\n                  \n<div class=\"badge-container absolute left top z-1\">\n\n<\/div>\n                <\/div>\n          <\/a>\n        <\/div>\n        <\/div>\n       <div class=\"large-6 col flip-page-two\">\n        <div class=\"product-info col-inner inner-padding\">\n              <h1 class=\"entry-title\"><a href=\"https:\/\/supercalib.vn\/ko\/product\/may-mai\/\">M\u00e1y m\u00e0i<\/a><\/h1>\n              <div class=\"is-divider medium\"><\/div>\n              <div class=\"price-wrapper\">\n\t<p class=\"price product-page-price\">\n  <\/p>\n<\/div>\n<div class=\"product_meta\">\n\n\t\n\t\n\t<span class=\"posted_in\">\uce74\ud14c\uace0\ub9ac: <a href=\"https:\/\/supercalib.vn\/ko\/product-category\/cung-cap-may-moc\/\" rel=\"tag\">\uae30\uacc4 \uacf5\uae09<\/a><\/span>\n\t\n\t\n<\/div>\n              <a href=\"https:\/\/supercalib.vn\/ko\/product\/may-mai\/\" class=\"button\" data-no-translation=\"\" data-trp-gettext=\"\">\ub354 \ubcf4\uae30<\/a>\n         <\/div>\n        <\/div>\n<\/div>\n<\/div>\n                        <div class=\"slide\" style=\"background-color:#FFF;\">  <div class=\"row row-collapse align-middle flip-slide\" style=\"width:100%\">\n        <div class=\"large-6 col flip-page-one\">\n        <div class=\"featured-product col-inner\">\n          <a href=\"https:\/\/supercalib.vn\/ko\/product\/may-cat\/\">\n                <div class=\"product-image relative\">\n                   <div class=\"front-image\">\n                    <img loading=\"lazy\" decoding=\"async\" width=\"600\" height=\"684\" src=\"https:\/\/supercalib.vn\/wp-content\/uploads\/may-cat-1-600x684.png\" class=\"attachment-woocommerce_single size-woocommerce_single wp-post-image\" alt=\"\" srcset=\"https:\/\/supercalib.vn\/wp-content\/uploads\/may-cat-1-600x684.png 600w, https:\/\/supercalib.vn\/wp-content\/uploads\/may-cat-1-11x12.png 11w, https:\/\/supercalib.vn\/wp-content\/uploads\/may-cat-1.png 729w\" sizes=\"auto, (max-width: 600px) 100vw, 600px\" \/>                  <\/div>\n                  \n<div class=\"badge-container absolute left top z-1\">\n\n<\/div>\n                <\/div>\n          <\/a>\n        <\/div>\n        <\/div>\n       <div class=\"large-6 col flip-page-two\">\n        <div class=\"product-info col-inner inner-padding\">\n              <h1 class=\"entry-title\"><a href=\"https:\/\/supercalib.vn\/ko\/product\/may-cat\/\">M\u00e1y c\u1eaft<\/a><\/h1>\n              <div class=\"is-divider medium\"><\/div>\n              <div class=\"price-wrapper\">\n\t<p class=\"price product-page-price\">\n  <\/p>\n<\/div>\n<div class=\"product_meta\">\n\n\t\n\t\n\t<span class=\"posted_in\">\uce74\ud14c\uace0\ub9ac: <a href=\"https:\/\/supercalib.vn\/ko\/product-category\/cung-cap-may-moc\/\" rel=\"tag\">\uae30\uacc4 \uacf5\uae09<\/a><\/span>\n\t\n\t\n<\/div>\n              <a href=\"https:\/\/supercalib.vn\/ko\/product\/may-cat\/\" class=\"button\" data-no-translation=\"\" data-trp-gettext=\"\">\ub354 \ubcf4\uae30<\/a>\n         <\/div>\n        <\/div>\n<\/div>\n<\/div>\n                        <div class=\"slide\" style=\"background-color:#FFF;\">  <div class=\"row row-collapse align-middle flip-slide\" style=\"width:100%\">\n        <div class=\"large-6 col flip-page-one\">\n        <div class=\"featured-product col-inner\">\n          <a href=\"https:\/\/supercalib.vn\/ko\/product\/may-chup-x-ray\/\">\n                <div class=\"product-image relative\">\n                   <div class=\"front-image\">\n                    <img loading=\"lazy\" decoding=\"async\" width=\"307\" height=\"407\" src=\"https:\/\/supercalib.vn\/wp-content\/uploads\/11.1.jpg\" class=\"attachment-woocommerce_single size-woocommerce_single wp-post-image\" alt=\"\" srcset=\"https:\/\/supercalib.vn\/wp-content\/uploads\/11.1.jpg 307w, https:\/\/supercalib.vn\/wp-content\/uploads\/11.1-9x12.jpg 9w\" sizes=\"auto, (max-width: 307px) 100vw, 307px\" \/>                  <\/div>\n                  \n<div class=\"badge-container absolute left top z-1\">\n\n<\/div>\n                <\/div>\n          <\/a>\n        <\/div>\n        <\/div>\n       <div class=\"large-6 col flip-page-two\">\n        <div class=\"product-info col-inner inner-padding\">\n              <h1 class=\"entry-title\"><a href=\"https:\/\/supercalib.vn\/ko\/product\/may-chup-x-ray\/\">M\u00e1y ch\u1ee5p X-Ray<\/a><\/h1>\n              <div class=\"is-divider medium\"><\/div>\n              <div class=\"price-wrapper\">\n\t<p class=\"price product-page-price\">\n  <\/p>\n<\/div>\n<div class=\"product_meta\">\n\n\t\n\t\n\t\t<span class=\"sku_wrapper\">SKU: <span class=\"sku\" data-no-translation=\"\" data-trp-gettext=\"\">N\/A<\/span><\/span>\n\n\t\n\t<span class=\"posted_in\">\uce74\ud14c\uace0\ub9ac: <a href=\"https:\/\/supercalib.vn\/ko\/product-category\/cung-cap-may-moc\/\" rel=\"tag\">\uae30\uacc4 \uacf5\uae09<\/a><\/span>\n\t\n\t\n<\/div>\n              <a href=\"https:\/\/supercalib.vn\/ko\/product\/may-chup-x-ray\/\" class=\"button\" data-no-translation=\"\" data-trp-gettext=\"\">\ub354 \ubcf4\uae30<\/a>\n         <\/div>\n        <\/div>\n<\/div>\n<\/div>\n                        <div class=\"slide\" style=\"background-color:#FFF;\">  <div class=\"row row-collapse align-middle flip-slide\" style=\"width:100%\">\n        <div class=\"large-6 col flip-page-one\">\n        <div class=\"featured-product col-inner\">\n          <a href=\"https:\/\/supercalib.vn\/ko\/product\/kinh-hien-vi-kiem-tra-lo-mu\/\">\n                <div class=\"product-image relative\">\n                   <div class=\"front-image\">\n                    <img loading=\"lazy\" decoding=\"async\" width=\"288\" height=\"272\" src=\"https:\/\/supercalib.vn\/wp-content\/uploads\/Untitled-design-2.png\" class=\"attachment-woocommerce_single size-woocommerce_single wp-post-image\" alt=\"\" srcset=\"https:\/\/supercalib.vn\/wp-content\/uploads\/Untitled-design-2.png 288w, https:\/\/supercalib.vn\/wp-content\/uploads\/Untitled-design-2-13x12.png 13w\" sizes=\"auto, (max-width: 288px) 100vw, 288px\" \/>                  <\/div>\n                  \n<div class=\"badge-container absolute left top z-1\">\n\n<\/div>\n                <\/div>\n          <\/a>\n        <\/div>\n        <\/div>\n       <div class=\"large-6 col flip-page-two\">\n        <div class=\"product-info col-inner inner-padding\">\n              <h1 class=\"entry-title\"><a href=\"https:\/\/supercalib.vn\/ko\/product\/kinh-hien-vi-kiem-tra-lo-mu\/\">K\u00ednh hi\u1ec3n vi ki\u1ec3m tra l\u1ed7 m\u00f9<\/a><\/h1>\n              <div class=\"is-divider medium\"><\/div>\n              <div class=\"price-wrapper\">\n\t<p class=\"price product-page-price\">\n  <\/p>\n<\/div>\n<div class=\"product_meta\">\n\n\t\n\t\n\t\t<span class=\"sku_wrapper\">SKU: <span class=\"sku\" data-no-translation=\"\" data-trp-gettext=\"\">N\/A<\/span><\/span>\n\n\t\n\t<span class=\"posted_in\">\uce74\ud14c\uace0\ub9ac: <a href=\"https:\/\/supercalib.vn\/ko\/product-category\/cung-cap-may-moc\/\" rel=\"tag\">\uae30\uacc4 \uacf5\uae09<\/a><\/span>\n\t\n\t\n<\/div>\n              <a href=\"https:\/\/supercalib.vn\/ko\/product\/kinh-hien-vi-kiem-tra-lo-mu\/\" class=\"button\" data-no-translation=\"\" data-trp-gettext=\"\">\ub354 \ubcf4\uae30<\/a>\n         <\/div>\n        <\/div>\n<\/div>\n<\/div>\n                        <div class=\"slide\" style=\"background-color:#FFF;\">  <div class=\"row row-collapse align-middle flip-slide\" style=\"width:100%\">\n        <div class=\"large-6 col flip-page-one\">\n        <div class=\"featured-product col-inner\">\n          <a href=\"https:\/\/supercalib.vn\/ko\/product\/may-do-diem-long-dac\/\">\n                <div class=\"product-image relative\">\n                   <div class=\"front-image\">\n                    <img loading=\"lazy\" decoding=\"async\" width=\"295\" height=\"278\" src=\"https:\/\/supercalib.vn\/wp-content\/uploads\/9.1.jpg\" class=\"attachment-woocommerce_single size-woocommerce_single wp-post-image\" alt=\"\" srcset=\"https:\/\/supercalib.vn\/wp-content\/uploads\/9.1.jpg 295w, https:\/\/supercalib.vn\/wp-content\/uploads\/9.1-13x12.jpg 13w\" sizes=\"auto, (max-width: 295px) 100vw, 295px\" \/>                  <\/div>\n                  \n<div class=\"badge-container absolute left top z-1\">\n\n<\/div>\n                <\/div>\n          <\/a>\n        <\/div>\n        <\/div>\n       <div class=\"large-6 col flip-page-two\">\n        <div class=\"product-info col-inner inner-padding\">\n              <h1 class=\"entry-title\"><a href=\"https:\/\/supercalib.vn\/ko\/product\/may-do-diem-long-dac\/\">M\u00e1y \u0111o \u0111i\u1ec3m \u0111\u00f4ng \u0111\u1eb7c<\/a><\/h1>\n              <div class=\"is-divider medium\"><\/div>\n              <div class=\"price-wrapper\">\n\t<p class=\"price product-page-price\">\n  <\/p>\n<\/div>\n<div class=\"product_meta\">\n\n\t\n\t\n\t\t<span class=\"sku_wrapper\">SKU: <span class=\"sku\" data-no-translation=\"\" data-trp-gettext=\"\">N\/A<\/span><\/span>\n\n\t\n\t<span class=\"posted_in\">\uce74\ud14c\uace0\ub9ac: <a href=\"https:\/\/supercalib.vn\/ko\/product-category\/cung-cap-may-moc\/\" rel=\"tag\">\uae30\uacc4 \uacf5\uae09<\/a><\/span>\n\t\n\t\n<\/div>\n              <a href=\"https:\/\/supercalib.vn\/ko\/product\/may-do-diem-long-dac\/\" class=\"button\" data-no-translation=\"\" data-trp-gettext=\"\">\ub354 \ubcf4\uae30<\/a>\n         <\/div>\n        <\/div>\n<\/div>\n<\/div>\n                        <div class=\"slide\" style=\"background-color:#FFF;\">  <div class=\"row row-collapse align-middle flip-slide\" style=\"width:100%\">\n        <div class=\"large-6 col flip-page-one\">\n        <div class=\"featured-product col-inner\">\n          <a href=\"https:\/\/supercalib.vn\/ko\/product\/may-kiem-tra-khoang-cach-va-do-rong-san-pham\/\">\n                <div class=\"product-image relative\">\n                   <div class=\"front-image\">\n                    <img loading=\"lazy\" decoding=\"async\" width=\"329\" height=\"273\" src=\"https:\/\/supercalib.vn\/wp-content\/uploads\/8.1.jpg\" class=\"attachment-woocommerce_single size-woocommerce_single wp-post-image\" alt=\"\" srcset=\"https:\/\/supercalib.vn\/wp-content\/uploads\/8.1.jpg 329w, https:\/\/supercalib.vn\/wp-content\/uploads\/8.1-14x12.jpg 14w\" sizes=\"auto, (max-width: 329px) 100vw, 329px\" \/>                  <\/div>\n                  \n<div class=\"badge-container absolute left top z-1\">\n\n<\/div>\n                <\/div>\n          <\/a>\n        <\/div>\n        <\/div>\n       <div class=\"large-6 col flip-page-two\">\n        <div class=\"product-info col-inner inner-padding\">\n              <h1 class=\"entry-title\"><a href=\"https:\/\/supercalib.vn\/ko\/product\/may-kiem-tra-khoang-cach-va-do-rong-san-pham\/\">M\u00e1y ki\u1ec3m tra kho\u1ea3ng c\u00e1ch v\u00e0 \u0111\u1ed9 r\u1ed9ng s\u1ea3n ph\u1ea9m<\/a><\/h1>\n              <div class=\"is-divider medium\"><\/div>\n              <div class=\"price-wrapper\">\n\t<p class=\"price product-page-price\">\n  <\/p>\n<\/div>\n<div class=\"product_meta\">\n\n\t\n\t\n\t\t<span class=\"sku_wrapper\">SKU: <span class=\"sku\" data-no-translation=\"\" data-trp-gettext=\"\">N\/A<\/span><\/span>\n\n\t\n\t<span class=\"posted_in\">\uce74\ud14c\uace0\ub9ac: <a href=\"https:\/\/supercalib.vn\/ko\/product-category\/cung-cap-may-moc\/\" rel=\"tag\">\uae30\uacc4 \uacf5\uae09<\/a><\/span>\n\t\n\t\n<\/div>\n              <a href=\"https:\/\/supercalib.vn\/ko\/product\/may-kiem-tra-khoang-cach-va-do-rong-san-pham\/\" class=\"button\" data-no-translation=\"\" data-trp-gettext=\"\">\ub354 \ubcf4\uae30<\/a>\n         <\/div>\n        <\/div>\n<\/div>\n<\/div>\n                    <\/div>\n          <\/div><\/div>\n          \n\n<p>\u00a0<\/p>","protected":false},"excerpt":{"rendered":"","protected":false},"author":1,"featured_media":17,"parent":0,"menu_order":0,"comment_status":"closed","ping_status":"closed","template":"page-blank.php","meta":{"footnotes":""},"class_list":["post-93","page","type-page","status-publish","has-post-thumbnail","hentry"],"_links":{"self":[{"href":"https:\/\/supercalib.vn\/ko\/wp-json\/wp\/v2\/pages\/93","targetHints":{"allow":["GET"]}}],"collection":[{"href":"https:\/\/supercalib.vn\/ko\/wp-json\/wp\/v2\/pages"}],"about":[{"href":"https:\/\/supercalib.vn\/ko\/wp-json\/wp\/v2\/types\/page"}],"author":[{"embeddable":true,"href":"https:\/\/supercalib.vn\/ko\/wp-json\/wp\/v2\/users\/1"}],"replies":[{"embeddable":true,"href":"https:\/\/supercalib.vn\/ko\/wp-json\/wp\/v2\/comments?post=93"}],"version-history":[{"count":12,"href":"https:\/\/supercalib.vn\/ko\/wp-json\/wp\/v2\/pages\/93\/revisions"}],"predecessor-version":[{"id":773,"href":"https:\/\/supercalib.vn\/ko\/wp-json\/wp\/v2\/pages\/93\/revisions\/773"}],"wp:featuredmedia":[{"embeddable":true,"href":"https:\/\/supercalib.vn\/ko\/wp-json\/wp\/v2\/media\/17"}],"wp:attachment":[{"href":"https:\/\/supercalib.vn\/ko\/wp-json\/wp\/v2\/media?parent=93"}],"curies":[{"name":"wp","href":"https:\/\/api.w.org\/{rel}","templated":true}]}}