{"id":182,"date":"2023-08-10T10:09:09","date_gmt":"2023-08-10T03:09:09","guid":{"rendered":"http:\/\/uxthemes.wpengine.com\/product\/randal-tee-jack-jones\/"},"modified":"2024-05-14T09:10:12","modified_gmt":"2024-05-14T02:10:12","slug":"randal-tee-jack-jones","status":"publish","type":"product","link":"https:\/\/supercalib.vn\/ko\/product\/randal-tee-jack-jones\/","title":{"rendered":"Th\u01b0\u1edbc c\u1eb7p k\u1ef9 thu\u1eadt (Workshop vernier caliper)"},"content":{"rendered":"<div>Th\u00e9p kh\u00f4ng g\u1ec9, l\u00e0m c\u1ee9ng<\/div>\n<div>Ho\u00e0n thi\u1ec7n b\u1eb1ng chrome m\u1edd<\/div>\n<div>Ki\u1ec3u m\u1ed9t kh\u1ed1i<\/div>\n<div>D\u00f9ng cho vi\u1ec7c \u0111o b\u00ean ngo\u00e0i v\u00e0 b\u00ean trong<\/div>\n<div>C\u00f3 \u0111i\u1ec1u ch\u1ec9nh tinh t\u1ebf<\/div>\n<div>\u0110\u01b0\u1ee3c \u0111\u00f3ng g\u00f3i trong h\u1ed9p nh\u1ef1a<\/div>\n<div>\u0110\u01b0\u1ee3c cung c\u1ea5p k\u00e8m b\u00e1o c\u00e1o ki\u1ec3m \u0111\u1ecbnh<\/div>","protected":false},"excerpt":{"rendered":"<p>Th\u00e9p kh\u00f4ng g\u1ec9, l\u00e0m c\u1ee9ng Ho\u00e0n thi\u1ec7n b\u1eb1ng chrome m\u1edd Ki\u1ec3u m\u1ed9t kh\u1ed1i D\u00f9ng cho vi\u1ec7c \u0111o b\u00ean ngo\u00e0i v\u00e0 b\u00ean trong C\u00f3 \u0111i\u1ec1u ch\u1ec9nh tinh t\u1ebf \u0110\u01b0\u1ee3c \u0111\u00f3ng g\u00f3i trong h\u1ed9p nh\u1ef1a \u0110\u01b0\u1ee3c cung c\u1ea5p k\u00e8m b\u00e1o c\u00e1o ki\u1ec3m \u0111\u1ecbnh<\/p>","protected":false},"featured_media":414,"comment_status":"open","ping_status":"closed","template":"","meta":[],"product_cat":[22],"product_tag":[],"class_list":{"0":"post-182","1":"product","2":"type-product","3":"status-publish","4":"has-post-thumbnail","6":"product_cat-cung-cap-dung-cu-do","8":"first","9":"instock","10":"shipping-taxable","11":"product-type-simple"},"_links":{"self":[{"href":"https:\/\/supercalib.vn\/ko\/wp-json\/wp\/v2\/product\/182","targetHints":{"allow":["GET"]}}],"collection":[{"href":"https:\/\/supercalib.vn\/ko\/wp-json\/wp\/v2\/product"}],"about":[{"href":"https:\/\/supercalib.vn\/ko\/wp-json\/wp\/v2\/types\/product"}],"replies":[{"embeddable":true,"href":"https:\/\/supercalib.vn\/ko\/wp-json\/wp\/v2\/comments?post=182"}],"wp:featuredmedia":[{"embeddable":true,"href":"https:\/\/supercalib.vn\/ko\/wp-json\/wp\/v2\/media\/414"}],"wp:attachment":[{"href":"https:\/\/supercalib.vn\/ko\/wp-json\/wp\/v2\/media?parent=182"}],"wp:term":[{"taxonomy":"product_cat","embeddable":true,"href":"https:\/\/supercalib.vn\/ko\/wp-json\/wp\/v2\/product_cat?post=182"},{"taxonomy":"product_tag","embeddable":true,"href":"https:\/\/supercalib.vn\/ko\/wp-json\/wp\/v2\/product_tag?post=182"}],"curies":[{"name":"wp","href":"https:\/\/api.w.org\/{rel}","templated":true}]}}