{"id":205,"date":"2023-08-02T21:02:34","date_gmt":"2023-08-02T14:02:34","guid":{"rendered":"http:\/\/uxthemes.wpengine.com\/?post_type=product&#038;p=138"},"modified":"2025-08-04T13:06:32","modified_gmt":"2025-08-04T06:06:32","slug":"sunny-tank-selected-femme-2","status":"publish","type":"product","link":"https:\/\/supercalib.vn\/ko\/product\/sunny-tank-selected-femme-2\/","title":{"rendered":"Universal magnetic stand"},"content":{"rendered":"<h1 class=\"fusion-responsive-typography-calculated\" data-fontsize=\"80\" data-lineheight=\"96px\">Universal magnetic stand<\/h1>\n<p>S\u1ee9c m\u1ea1nh kh\u00f3a si\u00eau c\u1ea5p<br \/>\nC\u00e1n \u0111en d\u00e0i 255mm<br \/>\nD\u00e0nh cho c\u1ea7n ch\u1ec9 b\u00e1o \u0111\u01b0\u1eddng k\u00ednh 8mm v\u00e0<br \/>\nc\u00f3 r\u00e3nh c\u1ea7u cho c\u00e1c ch\u1ec9 b\u00e1o th\u1eed nghi\u1ec7m v\u00f2ng quay<br \/>\nC\u00f3 \u0111i\u1ec1u ch\u1ec9nh tinh t\u1ebf<br \/>\nC\u01a1 s\u1edf nam ch\u00e2m h\u00ecnh ch\u00f3p v\u1edbi c\u00f4ng t\u1eafc b\u1eadt\/t\u1eaft<br \/>\n\u0110\u00f3ng g\u00f3i trong h\u1ed9p gi\u1ea5y<\/p>","protected":false},"excerpt":{"rendered":"<p>Universal magnetic stand S\u1ee9c m\u1ea1nh kh\u00f3a si\u00eau c\u1ea5p C\u00e1n \u0111en d\u00e0i 255mm D\u00e0nh cho c\u1ea7n ch\u1ec9 b\u00e1o \u0111\u01b0\u1eddng k\u00ednh 8mm v\u00e0 c\u00f3 r\u00e3nh c\u1ea7u cho c\u00e1c ch\u1ec9 b\u00e1o th\u1eed nghi\u1ec7m v\u00f2ng quay C\u00f3 \u0111i\u1ec1u ch\u1ec9nh tinh t\u1ebf C\u01a1 s\u1edf nam ch\u00e2m h\u00ecnh ch\u00f3p v\u1edbi c\u00f4ng t\u1eafc b\u1eadt\/t\u1eaft \u0110\u00f3ng g\u00f3i trong h\u1ed9p gi\u1ea5y<\/p>","protected":false},"featured_media":435,"comment_status":"open","ping_status":"closed","template":"","meta":[],"product_cat":[22],"product_tag":[],"class_list":{"0":"post-205","1":"product","2":"type-product","3":"status-publish","4":"has-post-thumbnail","6":"product_cat-cung-cap-dung-cu-do","8":"first","9":"instock","10":"shipping-taxable","11":"product-type-simple"},"_links":{"self":[{"href":"https:\/\/supercalib.vn\/ko\/wp-json\/wp\/v2\/product\/205","targetHints":{"allow":["GET"]}}],"collection":[{"href":"https:\/\/supercalib.vn\/ko\/wp-json\/wp\/v2\/product"}],"about":[{"href":"https:\/\/supercalib.vn\/ko\/wp-json\/wp\/v2\/types\/product"}],"replies":[{"embeddable":true,"href":"https:\/\/supercalib.vn\/ko\/wp-json\/wp\/v2\/comments?post=205"}],"wp:featuredmedia":[{"embeddable":true,"href":"https:\/\/supercalib.vn\/ko\/wp-json\/wp\/v2\/media\/435"}],"wp:attachment":[{"href":"https:\/\/supercalib.vn\/ko\/wp-json\/wp\/v2\/media?parent=205"}],"wp:term":[{"taxonomy":"product_cat","embeddable":true,"href":"https:\/\/supercalib.vn\/ko\/wp-json\/wp\/v2\/product_cat?post=205"},{"taxonomy":"product_tag","embeddable":true,"href":"https:\/\/supercalib.vn\/ko\/wp-json\/wp\/v2\/product_tag?post=205"}],"curies":[{"name":"wp","href":"https:\/\/api.w.org\/{rel}","templated":true}]}}