{"id":206,"date":"2023-08-08T20:45:50","date_gmt":"2023-08-08T13:45:50","guid":{"rendered":"http:\/\/uxthemes.wpengine.com\/product\/raglan-tee-denim-supply-ralph-lauren\/"},"modified":"2025-05-10T21:39:53","modified_gmt":"2025-05-10T14:39:53","slug":"raglan-tee-denim-supply-ralph-lauren","status":"publish","type":"product","link":"https:\/\/supercalib.vn\/ko\/product\/raglan-tee-denim-supply-ralph-lauren\/","title":{"rendered":"Tool maker squares set"},"content":{"rendered":"<div class=\"fusion-text fusion-text-1\">\n<h1 class=\"fusion-responsive-typography-calculated\" data-fontsize=\"80\" data-lineheight=\"96px\">Tool maker squares set<\/h1>\n<\/div>\n<div class=\"fusion-builder-row fusion-builder-row-inner fusion-row fusion-flex-align-items-flex-start fusion-flex-content-wrap\">\n<div class=\"fusion-layout-column fusion_builder_column_inner fusion-builder-nested-column-0 fusion_builder_column_inner_1_2 1_2 fusion-flex-column\">\n<div class=\"fusion-column-wrapper fusion-column-has-shadow fusion-flex-justify-content-flex-start fusion-content-layout-column\">\n<div class=\"fusion-text fusion-text-3\">\n<p>5pcs\/set<br \/>\nG\u00f3c vu\u00f4ng l\u01b0\u1ee1i dao 70x50mm (DIN875\/00) 1pc<br \/>\nG\u00f3c vu\u00f4ng l\u01b0\u1ee1i dao 40x28mm (DIN875\/00) 1pc<br \/>\nG\u00f3c vu\u00f4ng l\u01b0\u1ee1i dao 25x20mm (DIN875\/00) 1pc<br \/>\nC\u1ea1nh th\u1eb3ng l\u01b0\u1ee1i dao 100mm (DIN874\/00) 1pc<br \/>\n\u0110\u1ea7u vi\u1ebft b\u1eb1ng th\u00e9p k\u00edch th\u01b0\u1edbc 60x9x9mm 1pc<br \/>\n\u0110\u00f3ng g\u00f3i trong h\u1ed9p nh\u1ef1a<\/p>\n<\/div>\n<\/div>\n<\/div>\n<\/div>","protected":false},"excerpt":{"rendered":"<p>Tool maker squares set 5pcs\/set G\u00f3c vu\u00f4ng l\u01b0\u1ee1i dao 70x50mm (DIN875\/00) 1pc G\u00f3c vu\u00f4ng l\u01b0\u1ee1i dao 40x28mm (DIN875\/00) 1pc G\u00f3c vu\u00f4ng l\u01b0\u1ee1i dao 25x20mm (DIN875\/00) 1pc C\u1ea1nh th\u1eb3ng l\u01b0\u1ee1i dao 100mm (DIN874\/00) 1pc \u0110\u1ea7u vi\u1ebft b\u1eb1ng th\u00e9p k\u00edch th\u01b0\u1edbc 60x9x9mm 1pc \u0110\u00f3ng g\u00f3i trong h\u1ed9p nh\u1ef1a<\/p>","protected":false},"featured_media":445,"comment_status":"open","ping_status":"closed","template":"","meta":[],"product_cat":[22],"product_tag":[],"class_list":{"0":"post-206","1":"product","2":"type-product","3":"status-publish","4":"has-post-thumbnail","6":"product_cat-cung-cap-dung-cu-do","8":"first","9":"instock","10":"shipping-taxable","11":"product-type-simple"},"_links":{"self":[{"href":"https:\/\/supercalib.vn\/ko\/wp-json\/wp\/v2\/product\/206","targetHints":{"allow":["GET"]}}],"collection":[{"href":"https:\/\/supercalib.vn\/ko\/wp-json\/wp\/v2\/product"}],"about":[{"href":"https:\/\/supercalib.vn\/ko\/wp-json\/wp\/v2\/types\/product"}],"replies":[{"embeddable":true,"href":"https:\/\/supercalib.vn\/ko\/wp-json\/wp\/v2\/comments?post=206"}],"wp:featuredmedia":[{"embeddable":true,"href":"https:\/\/supercalib.vn\/ko\/wp-json\/wp\/v2\/media\/445"}],"wp:attachment":[{"href":"https:\/\/supercalib.vn\/ko\/wp-json\/wp\/v2\/media?parent=206"}],"wp:term":[{"taxonomy":"product_cat","embeddable":true,"href":"https:\/\/supercalib.vn\/ko\/wp-json\/wp\/v2\/product_cat?post=206"},{"taxonomy":"product_tag","embeddable":true,"href":"https:\/\/supercalib.vn\/ko\/wp-json\/wp\/v2\/product_tag?post=206"}],"curies":[{"name":"wp","href":"https:\/\/api.w.org\/{rel}","templated":true}]}}