{"id":210,"date":"2023-07-06T11:02:20","date_gmt":"2023-07-06T04:02:20","guid":{"rendered":"http:\/\/flatsome.dev\/?post_type=product&#038;p=8268"},"modified":"2024-05-15T11:03:33","modified_gmt":"2024-05-15T04:03:33","slug":"yoga-course","status":"publish","type":"product","link":"https:\/\/supercalib.vn\/ko\/product\/yoga-course\/","title":{"rendered":"Thread plug gauges"},"content":{"rendered":"<div class=\"fusion-text fusion-text-1\">\n<h1 class=\"fusion-responsive-typography-calculated\" data-fontsize=\"80\" data-lineheight=\"96px\">Thread plug gauges<\/h1>\n<\/div>\n<div class=\"fusion-builder-row fusion-builder-row-inner fusion-row fusion-flex-align-items-flex-start fusion-flex-content-wrap\">\n<div class=\"fusion-layout-column fusion_builder_column_inner fusion-builder-nested-column-0 fusion_builder_column_inner_1_2 1_2 fusion-flex-column\">\n<div class=\"fusion-column-wrapper fusion-column-has-shadow fusion-flex-justify-content-flex-start fusion-content-layout-column\">\n<div class=\"fusion-text fusion-text-3\">\n<p>D\u00e0nh cho ren m\u00e9t ti\u00eau chu\u1ea9n ISO, b\u00ean ph\u1ea3i<br \/>\nTh\u00e9p \u0111\u1eb7c bi\u1ec7t, m\u00e0i m\u1ecbn v\u00e0 m\u00e0i ph\u1eb3ng<br \/>\n\u25cf DIN13 6H<br \/>\n\u0110\u01b0\u1ee3c cung c\u1ea5p v\u1edbi \u0111\u1ea7u Go v\u00e0 NOGO<br \/>\n\u0110\u00f3ng g\u00f3i trong \u1ed1ng nh\u1ef1a<br \/>\nGiao k\u00e8m v\u1edbi ch\u1ee9ng ch\u1ec9<\/p>\n<\/div>\n<\/div>\n<\/div>\n<\/div>","protected":false},"excerpt":{"rendered":"<p>Thread plug gauges D\u00e0nh cho ren m\u00e9t ti\u00eau chu\u1ea9n ISO, b\u00ean ph\u1ea3i Th\u00e9p \u0111\u1eb7c bi\u1ec7t, m\u00e0i m\u1ecbn v\u00e0 m\u00e0i ph\u1eb3ng \u25cf DIN13 6H \u0110\u01b0\u1ee3c cung c\u1ea5p v\u1edbi \u0111\u1ea7u Go v\u00e0 NOGO \u0110\u00f3ng g\u00f3i trong \u1ed1ng nh\u1ef1a Giao k\u00e8m v\u1edbi ch\u1ee9ng ch\u1ec9<\/p>","protected":false},"featured_media":478,"comment_status":"open","ping_status":"closed","template":"","meta":[],"product_cat":[22],"product_tag":[],"class_list":{"0":"post-210","1":"product","2":"type-product","3":"status-publish","4":"has-post-thumbnail","6":"product_cat-cung-cap-dung-cu-do","8":"first","9":"instock","10":"shipping-taxable","11":"product-type-simple"},"_links":{"self":[{"href":"https:\/\/supercalib.vn\/ko\/wp-json\/wp\/v2\/product\/210","targetHints":{"allow":["GET"]}}],"collection":[{"href":"https:\/\/supercalib.vn\/ko\/wp-json\/wp\/v2\/product"}],"about":[{"href":"https:\/\/supercalib.vn\/ko\/wp-json\/wp\/v2\/types\/product"}],"replies":[{"embeddable":true,"href":"https:\/\/supercalib.vn\/ko\/wp-json\/wp\/v2\/comments?post=210"}],"wp:featuredmedia":[{"embeddable":true,"href":"https:\/\/supercalib.vn\/ko\/wp-json\/wp\/v2\/media\/478"}],"wp:attachment":[{"href":"https:\/\/supercalib.vn\/ko\/wp-json\/wp\/v2\/media?parent=210"}],"wp:term":[{"taxonomy":"product_cat","embeddable":true,"href":"https:\/\/supercalib.vn\/ko\/wp-json\/wp\/v2\/product_cat?post=210"},{"taxonomy":"product_tag","embeddable":true,"href":"https:\/\/supercalib.vn\/ko\/wp-json\/wp\/v2\/product_tag?post=210"}],"curies":[{"name":"wp","href":"https:\/\/api.w.org\/{rel}","templated":true}]}}