{"id":223,"date":"2023-06-07T11:22:50","date_gmt":"2023-06-07T04:22:50","guid":{"rendered":"http:\/\/demo2.woothemes.com\/woocommerce\/?post_type=product&#038;p=67"},"modified":"2024-05-14T10:55:12","modified_gmt":"2024-05-14T03:55:12","slug":"ship-your-idea-3","status":"publish","type":"product","link":"https:\/\/supercalib.vn\/ko\/product\/ship-your-idea-3\/","title":{"rendered":"\u0110\u1ed3ng H\u1ed3 So \u0110i\u1ec7n T\u1eed Werka"},"content":{"rendered":"<p>B\u1ea3o v\u1ec7 IP54<br \/>\n\u25cf Cho ph\u00e9p xoay m\u00e0n h\u00ecnh 0-330\u00b0<br \/>\n\u25cf M\u00e0n h\u00ecnh l\u1edbn, ch\u1eef s\u1ed1 r\u00f5 r\u00e0ng h\u01a1n<br \/>\n\u25cf M\u00f4-\u0111un bluetooth t\u00edch h\u1ee3p \u0111\u1ec3 cho ph\u00e9p truy\u1ec1n d\u1eef li\u1ec7u kh\u00f4ng d\u00e2y<br \/>\n\u25cf T\u1ef1 \u0111\u1ed9ng t\u1eaft ngu\u1ed3n, pin 3V (CR2032)<br \/>\n\u25cf 8h6 G\u1ed1c 8h6<br \/>\n\u25cf B\u1eacT\/T\u1eaeT, \u0110\u1eb7t l\u1ea1i \u1edf v\u1ecb tr\u00ed b\u1ea5t k\u1ef3<br \/>\n\u25cf mm\/inch, Ch\u1ebf \u0111\u1ed9 tuy\u1ec7t \u0111\u1ed1i\/t\u01b0\u01a1ng \u0111\u1ed1i, \u0110\u1eb7t tr\u01b0\u1edbc, Truy\u1ec1n d\u1eef li\u1ec7u<br \/>\n\u25cf \u0110\u01b0\u1ee3c cung c\u1ea5p k\u00e8m theo b\u00e1o c\u00e1o ki\u1ec3m tra, H\u1ed9p nh\u1ef1a sang tr\u1ecdng<\/p>","protected":false},"excerpt":{"rendered":"<p>B\u1ea3o v\u1ec7 IP54 \u25cf Cho ph\u00e9p xoay m\u00e0n h\u00ecnh 0-330\u00b0 \u25cf M\u00e0n h\u00ecnh l\u1edbn, ch\u1eef s\u1ed1 r\u00f5 r\u00e0ng h\u01a1n \u25cf M\u00f4-\u0111un bluetooth t\u00edch h\u1ee3p \u0111\u1ec3 cho ph\u00e9p truy\u1ec1n d\u1eef li\u1ec7u kh\u00f4ng d\u00e2y \u25cf T\u1ef1 \u0111\u1ed9ng t\u1eaft ngu\u1ed3n, pin 3V (CR2032) \u25cf 8h6 G\u1ed1c 8h6 \u25cf B\u1eacT\/T\u1eaeT, \u0110\u1eb7t l\u1ea1i \u1edf v\u1ecb tr\u00ed b\u1ea5t k\u1ef3 \u25cf mm\/inch, [&#8230;]","protected":false},"featured_media":410,"comment_status":"open","ping_status":"closed","template":"","meta":[],"product_cat":[22],"product_tag":[],"class_list":{"0":"post-223","1":"product","2":"type-product","3":"status-publish","4":"has-post-thumbnail","6":"product_cat-cung-cap-dung-cu-do","8":"first","9":"instock","10":"shipping-taxable","11":"product-type-simple"},"_links":{"self":[{"href":"https:\/\/supercalib.vn\/ko\/wp-json\/wp\/v2\/product\/223","targetHints":{"allow":["GET"]}}],"collection":[{"href":"https:\/\/supercalib.vn\/ko\/wp-json\/wp\/v2\/product"}],"about":[{"href":"https:\/\/supercalib.vn\/ko\/wp-json\/wp\/v2\/types\/product"}],"replies":[{"embeddable":true,"href":"https:\/\/supercalib.vn\/ko\/wp-json\/wp\/v2\/comments?post=223"}],"wp:featuredmedia":[{"embeddable":true,"href":"https:\/\/supercalib.vn\/ko\/wp-json\/wp\/v2\/media\/410"}],"wp:attachment":[{"href":"https:\/\/supercalib.vn\/ko\/wp-json\/wp\/v2\/media?parent=223"}],"wp:term":[{"taxonomy":"product_cat","embeddable":true,"href":"https:\/\/supercalib.vn\/ko\/wp-json\/wp\/v2\/product_cat?post=223"},{"taxonomy":"product_tag","embeddable":true,"href":"https:\/\/supercalib.vn\/ko\/wp-json\/wp\/v2\/product_tag?post=223"}],"curies":[{"name":"wp","href":"https:\/\/api.w.org\/{rel}","templated":true}]}}