{"id":476,"date":"2024-05-15T10:58:28","date_gmt":"2024-05-15T03:58:28","guid":{"rendered":"https:\/\/supercalib.vn\/?post_type=product&#038;p=476"},"modified":"2026-05-14T08:00:51","modified_gmt":"2026-05-14T01:00:51","slug":"precision-vernier-caliper-2","status":"publish","type":"product","link":"https:\/\/supercalib.vn\/ko\/product\/precision-vernier-caliper-2\/","title":{"rendered":"Precision vernier caliper"},"content":{"rendered":"<div class=\"fusion-text fusion-text-1\">\n<h1 class=\"fusion-responsive-typography-calculated\" data-fontsize=\"80\" data-lineheight=\"96px\">Precision vernier caliper<\/h1>\n<\/div>\n<div class=\"fusion-builder-row fusion-builder-row-inner fusion-row fusion-flex-align-items-flex-start fusion-flex-content-wrap\">\n<div class=\"fusion-layout-column fusion_builder_column_inner fusion-builder-nested-column-0 fusion_builder_column_inner_1_2 1_2 fusion-flex-column\">\n<div class=\"fusion-column-wrapper fusion-column-has-shadow fusion-flex-justify-content-flex-start fusion-content-layout-column\">\n<div class=\"fusion-text fusion-text-3\">\n<div>Th\u00e9p kh\u00f4ng g\u1ec9<\/div>\n<div>Ho\u00e0n thi\u1ec7n b\u1ec1 m\u1eb7t m\u1ea1 crom m\u1edd, \u0111\u00e3 \u0111\u01b0\u1ee3c l\u00e0m c\u1ee9ng<\/div>\n<div>C\u00f3 \u1ed1c v\u00edt c\u1ed1 \u0111\u1ecbnh ph\u00eda tr\u00ean<\/div>\n<div>Thanh \u0111o \u0111\u1ed9 s\u00e2u ph\u1eb3ng<\/div>\n<div>C\u00f3 \u0111i\u1ec1u ch\u1ec9nh tinh t\u1ebf<\/div>\n<div>\u0110o b\u1ed1n chi\u1ec1u<\/div>\n<div>M\u1eb7t sau v\u1edbi b\u1ea3ng chia v\u00edt<\/div>\n<div>\u0110\u01b0\u1ee3c \u0111\u00f3ng g\u00f3i trong h\u1ed9p nh\u1ef1a<\/div>\n<div>\u0110\u01b0\u1ee3c cung c\u1ea5p k\u00e8m b\u00e1o c\u00e1o ki\u1ec3m \u0111\u1ecbnh<\/div>\n<\/div>\n<\/div>\n<\/div>\n<\/div>","protected":false},"excerpt":{"rendered":"<p>Precision vernier caliper Th\u00e9p kh\u00f4ng g\u1ec9 Ho\u00e0n thi\u1ec7n b\u1ec1 m\u1eb7t m\u1ea1 crom m\u1edd, \u0111\u00e3 \u0111\u01b0\u1ee3c l\u00e0m c\u1ee9ng C\u00f3 \u1ed1c v\u00edt c\u1ed1 \u0111\u1ecbnh ph\u00eda tr\u00ean Thanh \u0111o \u0111\u1ed9 s\u00e2u ph\u1eb3ng C\u00f3 \u0111i\u1ec1u ch\u1ec9nh tinh t\u1ebf \u0110o b\u1ed1n chi\u1ec1u M\u1eb7t sau v\u1edbi b\u1ea3ng chia v\u00edt \u0110\u01b0\u1ee3c \u0111\u00f3ng g\u00f3i trong h\u1ed9p nh\u1ef1a \u0110\u01b0\u1ee3c cung c\u1ea5p k\u00e8m b\u00e1o c\u00e1o [&#8230;]","protected":false},"featured_media":477,"comment_status":"open","ping_status":"closed","template":"","meta":[],"product_cat":[22],"product_tag":[],"class_list":{"0":"post-476","1":"product","2":"type-product","3":"status-publish","4":"has-post-thumbnail","6":"product_cat-cung-cap-dung-cu-do","8":"first","9":"instock","10":"downloadable","11":"shipping-taxable","12":"product-type-simple"},"_links":{"self":[{"href":"https:\/\/supercalib.vn\/ko\/wp-json\/wp\/v2\/product\/476","targetHints":{"allow":["GET"]}}],"collection":[{"href":"https:\/\/supercalib.vn\/ko\/wp-json\/wp\/v2\/product"}],"about":[{"href":"https:\/\/supercalib.vn\/ko\/wp-json\/wp\/v2\/types\/product"}],"replies":[{"embeddable":true,"href":"https:\/\/supercalib.vn\/ko\/wp-json\/wp\/v2\/comments?post=476"}],"wp:featuredmedia":[{"embeddable":true,"href":"https:\/\/supercalib.vn\/ko\/wp-json\/wp\/v2\/media\/477"}],"wp:attachment":[{"href":"https:\/\/supercalib.vn\/ko\/wp-json\/wp\/v2\/media?parent=476"}],"wp:term":[{"taxonomy":"product_cat","embeddable":true,"href":"https:\/\/supercalib.vn\/ko\/wp-json\/wp\/v2\/product_cat?post=476"},{"taxonomy":"product_tag","embeddable":true,"href":"https:\/\/supercalib.vn\/ko\/wp-json\/wp\/v2\/product_tag?post=476"}],"curies":[{"name":"wp","href":"https:\/\/api.w.org\/{rel}","templated":true}]}}