{"id":676,"date":"2024-05-20T14:06:35","date_gmt":"2024-05-20T07:06:35","guid":{"rendered":"https:\/\/supercalib.vn\/?post_type=product&#038;p=676"},"modified":"2025-10-13T12:13:12","modified_gmt":"2025-10-13T05:13:12","slug":"may-do-bien-dang","status":"publish","type":"product","link":"https:\/\/supercalib.vn\/ko\/product\/may-do-bien-dang\/","title":{"rendered":"Profile measuring machine"},"content":{"rendered":"<p>\uc724\uacfd \ud504\ub85c\ud30c\uc77c \uce21\uc815\uae30\ub294 \ud45c\uba74 \ubb3c\uccb4\uc758 \ud06c\uae30, \ubaa8\uc591 \ubc0f \uad11\ud0dd\uacfc \uac19\uc740 \ub9e4\uac1c\ubcc0\uc218\ub97c \uce21\uc815\ud558\uae30 \uc704\ud574 \uace0\uc815\ubc00 \ud504\ub85c\ube0c\ub97c \uc0ac\uc6a9\ud558\ub294 \uc77c\uc885\uc758 \uc9c4\ud3ed \uce21\uc815\uae30\uc785\ub2c8\ub2e4. \uacbd\uacc4 \ucd9c\ub825 \ubbf8\ud130\ub294 \ub192\uc740 \uc815\ud655\ub3c4\uc640 \ub192\uc740 \ubc18\ubcf5\ub960\ub85c \ud5c8\uc6a9\ub41c \uce21\uc815\uc744 \uc218\ud589\ud560 \uc218 \uc788\uc73c\uba70 \ub2e4\uc591\ud55c \ud45c\uba74\uc744 \uce21\uc815\ud560 \uc218 \uc788\uc2b5\ub2c8\ub2e4.<\/p>","protected":false},"excerpt":{"rendered":"<p>M\u00e1y \u0111o bi\u00ean d\u1ea1ng \u0111\u1ea7u d\u00f2 l\u00e0 m\u1ed9t lo\u1ea1i m\u00e1y \u0111o bi\u00ean d\u1ea1ng s\u1eed d\u1ee5ng m\u1ed9t \u0111\u1ea7u d\u00f2 c\u00f3 \u0111\u1ed9 ch\u00ednh x\u00e1c cao \u0111\u1ec3 \u0111o l\u01b0\u1eddng c\u00e1c th\u00f4ng s\u1ed1 v\u1ec1 k\u00edch th\u01b0\u1edbc, h\u00ecnh d\u1ea1ng v\u00e0 \u0111\u1ed9 nh\u00e1m c\u1ee7a b\u1ec1 m\u1eb7t v\u1eadt th\u00ea\u0309. M\u00e1y \u0111o bi\u00ean d\u1ea1ng \u0111\u1ea7u d\u00f2 c\u00f3 th\u1ec3 th\u1ef1c hi\u1ec7n c\u00e1c ph\u00e9p \u0111o [&#8230;]","protected":false},"featured_media":500,"comment_status":"open","ping_status":"closed","template":"","meta":[],"product_cat":[60],"product_tag":[],"class_list":{"0":"post-676","1":"product","2":"type-product","3":"status-publish","4":"has-post-thumbnail","6":"product_cat-cung-cap-may-moc","8":"first","9":"instock","10":"shipping-taxable","11":"product-type-variable"},"_links":{"self":[{"href":"https:\/\/supercalib.vn\/ko\/wp-json\/wp\/v2\/product\/676","targetHints":{"allow":["GET"]}}],"collection":[{"href":"https:\/\/supercalib.vn\/ko\/wp-json\/wp\/v2\/product"}],"about":[{"href":"https:\/\/supercalib.vn\/ko\/wp-json\/wp\/v2\/types\/product"}],"replies":[{"embeddable":true,"href":"https:\/\/supercalib.vn\/ko\/wp-json\/wp\/v2\/comments?post=676"}],"wp:featuredmedia":[{"embeddable":true,"href":"https:\/\/supercalib.vn\/ko\/wp-json\/wp\/v2\/media\/500"}],"wp:attachment":[{"href":"https:\/\/supercalib.vn\/ko\/wp-json\/wp\/v2\/media?parent=676"}],"wp:term":[{"taxonomy":"product_cat","embeddable":true,"href":"https:\/\/supercalib.vn\/ko\/wp-json\/wp\/v2\/product_cat?post=676"},{"taxonomy":"product_tag","embeddable":true,"href":"https:\/\/supercalib.vn\/ko\/wp-json\/wp\/v2\/product_tag?post=676"}],"curies":[{"name":"wp","href":"https:\/\/api.w.org\/{rel}","templated":true}]}}