{"id":681,"date":"2024-05-20T14:32:04","date_gmt":"2024-05-20T07:32:04","guid":{"rendered":"https:\/\/supercalib.vn\/?post_type=product&#038;p=681"},"modified":"2025-10-07T05:27:35","modified_gmt":"2025-10-06T22:27:35","slug":"dau-dong-co-buhmwoo","status":"publish","type":"product","link":"https:\/\/supercalib.vn\/ko\/product\/dau-dong-co-buhmwoo\/","title":{"rendered":"BUHMWOO engine oil"},"content":{"rendered":"<p>VCB -CI4 l\u00e0 ch\u1ee7ng lo\u1ea1i d\u1ea7u gi\u00fap \u0111\u1ed9ng c\u01a1 ho\u1ea1t \u0111\u1ed9ng \u0111\u1ea1t hi\u1ec7u su\u1ea5t cao nh\u1ea5t, \u0111\u1ed9 nh\u1eddn c\u1ee7a nh\u1edbt \u0111\u1ea1t ch\u1ea5t l\u01b0\u1ee3ng v\u00e0 \u0111\u01b0\u1ee3c \u0111o ki\u1ec3m b\u1edfi vi\u1ec7n d\u1ea7u kh\u00ed c\u1ee7a M\u1ef9. \u0110\u01b0\u1ee3c s\u1eed d\u1ee5ng cho t\u1ea5t c\u1ea3 c\u00e1c lo\u1ea1i xe t\u1ea3i, xe bu\u00fdt, t\u00e0u thuy\u1ec1n, ghe m\u00e1y, ca n\u00f4, x\u00e0 lan, xe qu\u00e2n s\u1ef1, xe h\u01a1i ch\u1ea1y d\u1ecbch v\u1ee5,&#8230; &#8230;<\/p>\n<p>D\u1ea7u \u0111\u01b0\u1ee3c tinh ch\u1ebf t\u1eeb d\u1ea7u kho\u00e1ng c\u00f3 \u0111\u1ed9 tinh khi\u1ebft cao v\u00e0 ph\u1ee5 gia cao c\u1ea5p \u0111\u01b0\u1ee3c l\u1ef1a ch\u1ecdn, nh\u1eadp kh\u1ea9u t\u1eeb c\u00e1c qu\u1ed1c gia n\u1ed5i ti\u1ebfng v\u1ec1 d\u1ea7u kho\u00e1ng tr\u00ean th\u1ebf gi\u1edbi.<\/p>\n<p>D\u1ea7u c\u00f3 \u0111\u1ed9 c\u00e2n b\u1eb1ng cao, \u0111\u1eb7c bi\u1ec7t d\u1ea7u c\u00f3 kh\u1ea3 n\u0103ng ch\u1ed1ng \u00f4xy h\u00f3a v\u00e0 m\u00e0i m\u00f2n h\u00f3a h\u1ecdc r\u1ea5t t\u1ed1t.<\/p>\n<p>C\u00f3 kh\u1ea3 n\u0103ng t\u00e1ch n\u01b0\u1edbc v\u00e0 ch\u1ed1ng g\u1ec9 cao, ph\u00f9 h\u1ee3p v\u1edbi m\u1ecdi \u0111i\u1ec1u ki\u1ec7n kh\u1eafc nghi\u1ec7t ngo\u00e0i tr\u1eddi, kh\u00ed h\u1eadu n\u00f3ng l\u1ea1nh,&#8230;<\/p>\n<p>&nbsp;<\/p>","protected":false},"excerpt":{"rendered":"<p>VCB -CI4 l\u00e0 ch\u1ee7ng lo\u1ea1i d\u1ea7u gi\u00fap \u0111\u1ed9ng c\u01a1 ho\u1ea1t \u0111\u1ed9ng \u0111\u1ea1t hi\u1ec7u su\u1ea5t cao nh\u1ea5t, \u0111\u1ed9 nh\u1eddn c\u1ee7a nh\u1edbt \u0111\u1ea1t ch\u1ea5t l\u01b0\u1ee3ng v\u00e0 \u0111\u01b0\u1ee3c \u0111o ki\u1ec3m b\u1edfi vi\u1ec7n d\u1ea7u kh\u00ed c\u1ee7a M\u1ef9. \u0110\u01b0\u1ee3c s\u1eed d\u1ee5ng cho t\u1ea5t c\u1ea3 c\u00e1c lo\u1ea1i xe t\u1ea3i, xe bu\u00fdt, t\u00e0u thuy\u1ec1n, ghe m\u00e1y, ca n\u00f4, x\u00e0 lan, xe qu\u00e2n [&#8230;]","protected":false},"featured_media":682,"comment_status":"open","ping_status":"closed","template":"","meta":[],"product_cat":[15],"product_tag":[],"class_list":{"0":"post-681","1":"product","2":"type-product","3":"status-publish","4":"has-post-thumbnail","6":"product_cat-chua-phan-loai","8":"first","9":"instock","10":"shipping-taxable","11":"product-type-simple"},"_links":{"self":[{"href":"https:\/\/supercalib.vn\/ko\/wp-json\/wp\/v2\/product\/681","targetHints":{"allow":["GET"]}}],"collection":[{"href":"https:\/\/supercalib.vn\/ko\/wp-json\/wp\/v2\/product"}],"about":[{"href":"https:\/\/supercalib.vn\/ko\/wp-json\/wp\/v2\/types\/product"}],"replies":[{"embeddable":true,"href":"https:\/\/supercalib.vn\/ko\/wp-json\/wp\/v2\/comments?post=681"}],"wp:featuredmedia":[{"embeddable":true,"href":"https:\/\/supercalib.vn\/ko\/wp-json\/wp\/v2\/media\/682"}],"wp:attachment":[{"href":"https:\/\/supercalib.vn\/ko\/wp-json\/wp\/v2\/media?parent=681"}],"wp:term":[{"taxonomy":"product_cat","embeddable":true,"href":"https:\/\/supercalib.vn\/ko\/wp-json\/wp\/v2\/product_cat?post=681"},{"taxonomy":"product_tag","embeddable":true,"href":"https:\/\/supercalib.vn\/ko\/wp-json\/wp\/v2\/product_tag?post=681"}],"curies":[{"name":"wp","href":"https:\/\/api.w.org\/{rel}","templated":true}]}}