{"id":820,"date":"2024-06-03T14:40:13","date_gmt":"2024-06-03T07:40:13","guid":{"rendered":"https:\/\/supercalib.vn\/?post_type=product&#038;p=820"},"modified":"2025-05-10T21:37:48","modified_gmt":"2025-05-10T14:37:48","slug":"kinh-hien-vi-werka","status":"publish","type":"product","link":"https:\/\/supercalib.vn\/ko\/product\/kinh-hien-vi-werka\/","title":{"rendered":"K\u00ednh hi\u1ec3n vi WERKA"},"content":{"rendered":"<section class=\"section sec_tab\">\n<div class=\"container card py-2\">\n<div class=\"rte product_getcontent py-3 pos-relative\">\n<div id=\"content\">\n<p><strong>TH\u00d4NG TIN S\u1ea2N PH\u1ea8M<\/strong><\/p>\n<p>M\u00e3 model:\u00a0520-0224<\/p>\n<p>\u1ed0ng ng\u1eafm:\u00a0\u0110\u1ea7u \u1ed1ng nh\u00f2m, nghi\u00eang 45 \u00b0<\/p>\n<p>Th\u1ecb k\u00ednh \u0111i\u1ec1u ch\u1ec9nh Diopter:\u00a0EW10X \/ \u03c620<\/p>\n<p>Thu ph\u00f3ng:\u00a00.8x~5x<\/p>\n<p>Kho\u1ea3ng c\u00e1ch l\u00e0m vi\u1ec7c:\u00a0115mm<\/p>\n<p>Ngu\u1ed3n \u0111i\u1ec7n h\u1ed7 tr\u1ee3:\u00a0110\/220V,50\/60Hz<\/p>\n<p>K\u00edch th\u01b0\u1edbc:\u00a0290x260x480mm<\/p>\n<p>C\u00e2n n\u1eb7ng: 5Kg<\/p>\n<p><strong>TH\u00d4NG S\u1ed0 K\u1ef8 THU\u1eacT<\/strong><\/p>\n<p>\u25cf V\u1edbi c\u00e1c th\u00e0nh ph\u1ea7n quang h\u1ecdc ch\u1ea5t l\u01b0\u1ee3ng cao, cung c\u1ea5p h\u00ecnh \u1ea3nh s\u1eafc n\u00e9t v\u00e0 \u0111\u1ed9 t\u01b0\u01a1ng ph\u1ea3n n\u1ed5i b\u1eadt v\u00e0 \u0111\u1ea3m b\u1ea3o h\u00ecnh \u1ea3nh ph\u1eb3ng \u1edf \u0111\u1ed9 s\u00e2u tr\u01b0\u1eddng \u1ea3nh l\u1edbn.<br \/>\n\u25cf V\u1edbi \u00e1nh s\u00e1ng LED cho c\u1ea3 chi\u1ebfu s\u00e1ng t\u1edbi v\u00e0 chi\u1ebfu s\u00e1ng truy\u1ec1n qua, Cung c\u1ea5p \u00e1nh s\u00e1ng \u0111\u1ed3ng \u0111\u1ec1u v\u00e0 tu\u1ed5i th\u1ecd c\u00f3 th\u1ec3 \u0111\u1ea1t t\u1edbi 6000 gi\u1edd.<br \/>\n\u25cf V\u1edbi th\u1ecb k\u00ednh, v\u1eadt k\u00ednh v\u00e0 ph\u1ee5 ki\u1ec7n ho\u00e0n ch\u1ec9nh.<br \/>\n\u25cf \u0110\u1ed9 ph\u00e2n gi\u1ea3i cao, tr\u01b0\u1eddng nh\u00ecn r\u1ed9ng, kho\u1ea3ng c\u00e1ch l\u00e0m vi\u1ec7c d\u00e0i.<\/p>\n<\/div>\n<div class=\"ega-pro__seemore text-center pos-relative\"><a class=\"btn btn-main\" title=\"Xem th\u00eam\">Xem th\u00eam<\/a><\/div>\n<\/div>\n<\/div>\n<\/section>\n<section class=\"section sec_tab\">\n<div class=\"container card py-2\">\n<div class=\"title_module section heading-bar d-flex justify-content-between align-items-center\"><\/div>\n<\/div>\n<\/section>","protected":false},"excerpt":{"rendered":"<p>TH\u00d4NG TIN S\u1ea2N PH\u1ea8M M\u00e3 model:\u00a0520-0224 \u1ed0ng ng\u1eafm:\u00a0\u0110\u1ea7u \u1ed1ng nh\u00f2m, nghi\u00eang 45 \u00b0 Th\u1ecb k\u00ednh \u0111i\u1ec1u ch\u1ec9nh Diopter:\u00a0EW10X \/ \u03c620 Thu ph\u00f3ng:\u00a00.8x~5x Kho\u1ea3ng c\u00e1ch l\u00e0m vi\u1ec7c:\u00a0115mm Ngu\u1ed3n \u0111i\u1ec7n h\u1ed7 tr\u1ee3:\u00a0110\/220V,50\/60Hz K\u00edch th\u01b0\u1edbc:\u00a0290x260x480mm C\u00e2n n\u1eb7ng: 5Kg TH\u00d4NG S\u1ed0 K\u1ef8 THU\u1eacT \u25cf V\u1edbi c\u00e1c th\u00e0nh ph\u1ea7n quang h\u1ecdc ch\u1ea5t l\u01b0\u1ee3ng cao, cung c\u1ea5p h\u00ecnh \u1ea3nh s\u1eafc n\u00e9t [&#8230;]","protected":false},"featured_media":821,"comment_status":"open","ping_status":"closed","template":"","meta":[],"product_cat":[60],"product_tag":[],"class_list":{"0":"post-820","1":"product","2":"type-product","3":"status-publish","4":"has-post-thumbnail","6":"product_cat-cung-cap-may-moc","8":"first","9":"instock","10":"shipping-taxable","11":"product-type-variable"},"_links":{"self":[{"href":"https:\/\/supercalib.vn\/ko\/wp-json\/wp\/v2\/product\/820","targetHints":{"allow":["GET"]}}],"collection":[{"href":"https:\/\/supercalib.vn\/ko\/wp-json\/wp\/v2\/product"}],"about":[{"href":"https:\/\/supercalib.vn\/ko\/wp-json\/wp\/v2\/types\/product"}],"replies":[{"embeddable":true,"href":"https:\/\/supercalib.vn\/ko\/wp-json\/wp\/v2\/comments?post=820"}],"wp:featuredmedia":[{"embeddable":true,"href":"https:\/\/supercalib.vn\/ko\/wp-json\/wp\/v2\/media\/821"}],"wp:attachment":[{"href":"https:\/\/supercalib.vn\/ko\/wp-json\/wp\/v2\/media?parent=820"}],"wp:term":[{"taxonomy":"product_cat","embeddable":true,"href":"https:\/\/supercalib.vn\/ko\/wp-json\/wp\/v2\/product_cat?post=820"},{"taxonomy":"product_tag","embeddable":true,"href":"https:\/\/supercalib.vn\/ko\/wp-json\/wp\/v2\/product_tag?post=820"}],"curies":[{"name":"wp","href":"https:\/\/api.w.org\/{rel}","templated":true}]}}