{"id":368,"date":"2024-05-13T13:44:08","date_gmt":"2024-05-13T06:44:08","guid":{"rendered":"https:\/\/supercalib.vn\/?page_id=368"},"modified":"2024-05-15T14:37:56","modified_gmt":"2024-05-15T07:37:56","slug":"do-luong-am-rung","status":"publish","type":"page","link":"https:\/\/supercalib.vn\/zh\/do-luong-am-rung\/","title":{"rendered":"\u0110o l\u01b0\u1eddng \u00e2m &#8211; rung"},"content":{"rendered":"<section class=\"section\" id=\"section_535147661\">\n\t\t<div class=\"bg section-bg fill bg-fill  bg-loaded\" >\n\n\t\t\t\n\t\t\t\n\t\t\t\n\n\t\t<\/div>\n\n\t\t\n\n\t\t<div class=\"section-content relative\">\n\t\t\t\n\n<div class=\"container section-title-container section-title-main\" style=\"margin-top:30px;margin-bottom:0px;\"><h1 class=\"section-title section-title-center\"><b><\/b><span class=\"section-title-main\" style=\"color:#1860a1;\">Hi\u1ec7u Chu\u1ea9n \u00c2m \u2013 Rung<\/span><b><\/b><\/h1><\/div>\n\n\n\t\t<\/div>\n\n\t\t\n<style>\n#section_535147661 {\n  padding-top: 0px;\n  padding-bottom: 0px;\n}\n<\/style>\n\t<\/section>\n\t\n\t<section class=\"section dark\" id=\"section_2058821463\">\n\t\t<div class=\"bg section-bg fill bg-fill\" >\n\n\t\t\t\n\t\t\t\n\t\t\t\n\n\t\t<\/div>\n\n\t\t\n\n\t\t<div class=\"section-content relative\">\n\t\t\t\n\n\n\t\t<\/div>\n\n\t\t\n<style>\n#section_2058821463 {\n  padding-top: 0px;\n  padding-bottom: 0px;\n  min-height: 500px;\n}\n#section_2058821463 .section-bg-overlay {\n  background-color: rgba(0, 0, 0, 0.15);\n}\n#section_2058821463 .section-bg.bg-loaded {\n  background-image: url(https:\/\/supercalib.vn\/wp-content\/uploads\/z5423862167625_e91f748b2a20295acd81f155288f3da8-1-e1715753575979.jpg);\n}\n#section_2058821463 .section-bg {\n  background-position: 0% 100%;\n}\n@media (min-width:550px) {\n  #section_2058821463 {\n    min-height: 340px;\n  }\n  #section_2058821463 .section-bg-overlay {\n    background-color: rgba(0, 0, 0, 0.09);\n  }\n}\n<\/style>\n\t<\/section>\n\t\n\t<section class=\"section\" id=\"section_660423921\">\n\t\t<div class=\"bg section-bg fill bg-fill  bg-loaded\" >\n\n\t\t\t\n\t\t\t\n\t\t\t\n\n\t\t<\/div>\n\n\t\t\n\n\t\t<div class=\"section-content relative\">\n\t\t\t\n\n<div class=\"container section-title-container\" style=\"margin-top:30px;\"><h1 class=\"section-title section-title-center\"><b><\/b><span class=\"section-title-main\" >\u6821\u51c6\u8bbe\u5907<\/span><b><\/b><\/h1><\/div>\n\n\n\t\t<\/div>\n\n\t\t\n<style>\n#section_660423921 {\n  padding-top: 30px;\n  padding-bottom: 30px;\n  margin-bottom: 50px;\n}\n<\/style>\n\t<\/section>\n\t\n\t<section class=\"section\" id=\"section_33252494\">\n\t\t<div class=\"bg section-bg fill bg-fill  bg-loaded\" >\n\n\t\t\t\n\t\t\t\n\t\t\t\n\n\t\t<\/div>\n\n\t\t\n\n\t\t<div class=\"section-content relative\">\n\t\t\t\n\n<div class=\"row row-large align-middle align-center\" style=\"max-width:1400px\" id=\"row-969603292\">\n\n\n\t<div id=\"col-1038846475\" class=\"col medium-9 small-12 large-6\"  >\n\t\t\t\t<div class=\"col-inner\"  >\n\t\t\t\n\t\t\t\n\n\t<div class=\"img has-hover x md-x lg-x y md-y lg-y\" id=\"image_1038534265\">\n\t\t\t\t\t\t\t\t<div class=\"img-inner dark\" >\n\t\t\t<img loading=\"lazy\" decoding=\"async\" width=\"1280\" height=\"721\" src=\"https:\/\/supercalib.vn\/wp-content\/uploads\/am-thanh-va-bo-khuech-dai.jpg.webp\" class=\"attachment-large size-large\" alt=\"\" srcset=\"https:\/\/supercalib.vn\/wp-content\/uploads\/am-thanh-va-bo-khuech-dai.jpg.webp 1280w, https:\/\/supercalib.vn\/wp-content\/uploads\/am-thanh-va-bo-khuech-dai.jpg-768x433.webp 768w, https:\/\/supercalib.vn\/wp-content\/uploads\/am-thanh-va-bo-khuech-dai.jpg-600x338.webp 600w\" sizes=\"auto, (max-width: 1280px) 100vw, 1280px\" \/>\t\t\t\t\t\t\n\t\t\t\t\t<\/div>\n\t\t\t\t\t\t\t\t\n<style>\n#image_1038534265 {\n  width: 73%;\n}\n<\/style>\n\t<\/div>\n\t\n\n\n\t\t<\/div>\n\t\t\t\t\t<\/div>\n\n\t\n\n\t<div id=\"col-1179226282\" class=\"col medium-9 small-12 large-6\"  >\n\t\t\t\t<div class=\"col-inner text-left\"  >\n\t\t\t\n\t\t\t\n\n<div style=\"text-align: center;\"><strong>\u566a\u58f0\u6d4b\u91cf\u88c5\u7f6e<\/strong><\/div>\n<div>\n<p>\u566a\u97f3\u8ba1\u662f\u4e00\u79cd\u7528\u4e8e\u6d4b\u91cf\u58f0\u97f3\u53c2\u6570\u7684\u8bbe\u5907\uff0c\u4f8b\u5982\uff1a\u58f0\u97f3\u7684\u5f3a\u5ea6\u3001\u58f0\u7ea7\u548c\u9891\u7387\u8303\u56f4\u3002<\/p>\n<\/div>\n<a href=\"#\" target=\"_blank\" class=\"button secondary is-link box-shadow-1-hover\" rel=\"noopener\"  >\n    <span>\u9605\u8bfb\u66f4\u591a<\/span>\n  <i class=\"icon-angle-right\" aria-hidden=\"true\" ><\/i><\/a>\n\n\n\n\t\t<\/div>\n\t\t\t\t\n<style>\n#col-1179226282 > .col-inner {\n  padding: 0px 0px 0px 0px;\n}\n@media (min-width:850px) {\n  #col-1179226282 > .col-inner {\n    padding: 0px 50px 0px 50px;\n  }\n}\n<\/style>\n\t<\/div>\n\n\t\n\n<\/div>\n<div class=\"row row-large align-middle align-center\" style=\"max-width:1400px\" id=\"row-905949750\">\n\n\n\t<div id=\"col-1766817716\" class=\"col medium-9 small-12 large-6\"  >\n\t\t\t\t<div class=\"col-inner text-left\"  >\n\t\t\t\n\t\t\t\n\n<div style=\"text-align: center;\"><strong>\u97f3\u9891\u548c\u653e\u5927\u5668<\/strong><\/div>\n<div>\n<p>\u8fd9\u4e9b\u8bbe\u5907\u80fd\u591f\u5c06\u4f4e\u80fd\u91cf\u548c\u4f4e\u9891\u97f3\u9891\u4fe1\u53f7\u589e\u5f3a\u4e3a\u66f4\u9ad8\u7684\u97f3\u9891\u4fe1\u53f7\uff0c\u5e76\u4e14\u80fd\u591f\u4f20\u8f93\u66f4\u8fdc\u7684\u8ddd\u79bb\u3002<\/p>\n<\/div>\n<a href=\"#\" target=\"_blank\" class=\"button secondary is-link box-shadow-1-hover\" rel=\"noopener\"  >\n    <span>\u9605\u8bfb\u66f4\u591a<\/span>\n  <i class=\"icon-angle-right\" aria-hidden=\"true\" ><\/i><\/a>\n\n\n\n\t\t<\/div>\n\t\t\t\t\n<style>\n#col-1766817716 > .col-inner {\n  padding: 0px 0px 0px 0px;\n}\n@media (min-width:850px) {\n  #col-1766817716 > .col-inner {\n    padding: 0px 50px 0px 50px;\n  }\n}\n<\/style>\n\t<\/div>\n\n\t\n\n\t<div id=\"col-679518260\" class=\"col medium-9 small-12 large-6 medium-col-first\"  >\n\t\t\t\t<div class=\"col-inner\"  >\n\t\t\t\n\t\t\t\n\n\t<div class=\"img has-hover x md-x lg-x y md-y lg-y\" id=\"image_340420310\">\n\t\t\t\t\t\t\t\t<div class=\"img-inner dark\" >\n\t\t\t<img loading=\"lazy\" decoding=\"async\" width=\"1280\" height=\"721\" src=\"https:\/\/supercalib.vn\/wp-content\/uploads\/thiet-bi-do-do-on.jpg.webp\" class=\"attachment-large size-large\" alt=\"\" srcset=\"https:\/\/supercalib.vn\/wp-content\/uploads\/thiet-bi-do-do-on.jpg.webp 1280w, https:\/\/supercalib.vn\/wp-content\/uploads\/thiet-bi-do-do-on.jpg-768x433.webp 768w, https:\/\/supercalib.vn\/wp-content\/uploads\/thiet-bi-do-do-on.jpg-600x338.webp 600w\" sizes=\"auto, (max-width: 1280px) 100vw, 1280px\" \/>\t\t\t\t\t\t\n\t\t\t\t\t<\/div>\n\t\t\t\t\t\t\t\t\n<style>\n#image_340420310 {\n  width: 95%;\n}\n<\/style>\n\t<\/div>\n\t\n\n\n\t\t<\/div>\n\t\t\t\t\t<\/div>\n\n\t\n\n<\/div>\n\t<div id=\"gap-1074059981\" class=\"gap-element clearfix\" style=\"display:block; height:auto;\">\n\t\t\n<style>\n#gap-1074059981 {\n  padding-top: 100px;\n}\n<\/style>\n\t<\/div>\n\t\n\n\n\t\t<\/div>\n\n\t\t\n<style>\n#section_33252494 {\n  padding-top: 0px;\n  padding-bottom: 0px;\n}\n<\/style>\n\t<\/section>\n\t\n\t<section class=\"section\" id=\"section_1966703927\">\n\t\t<div class=\"bg section-bg fill bg-fill  bg-loaded\" >\n\n\t\t\t\n\t\t\t\n\t\t\t\n\n\t\t<\/div>\n\n\t\t\n\n\t\t<div class=\"section-content relative\">\n\t\t\t\n\n<div class=\"row row-large align-middle align-center\" style=\"max-width:1400px\" id=\"row-254990921\">\n\n\n\t<div id=\"col-488972714\" class=\"col medium-9 small-12 large-6\"  >\n\t\t\t\t<div class=\"col-inner\"  >\n\t\t\t\n\t\t\t\n\n\t<div class=\"img has-hover x md-x lg-x y md-y lg-y\" id=\"image_1242596714\">\n\t\t\t\t\t\t\t\t<div class=\"img-inner dark\" >\n\t\t\t<img loading=\"lazy\" decoding=\"async\" width=\"1280\" height=\"721\" src=\"https:\/\/supercalib.vn\/wp-content\/uploads\/cam-bien-rung.jpg.webp\" class=\"attachment-large size-large\" alt=\"\" srcset=\"https:\/\/supercalib.vn\/wp-content\/uploads\/cam-bien-rung.jpg.webp 1280w, https:\/\/supercalib.vn\/wp-content\/uploads\/cam-bien-rung.jpg-768x433.webp 768w, https:\/\/supercalib.vn\/wp-content\/uploads\/cam-bien-rung.jpg-600x338.webp 600w\" sizes=\"auto, (max-width: 1280px) 100vw, 1280px\" \/>\t\t\t\t\t\t\n\t\t\t\t\t<\/div>\n\t\t\t\t\t\t\t\t\n<style>\n#image_1242596714 {\n  width: 85%;\n}\n<\/style>\n\t<\/div>\n\t\n\n\n\t\t<\/div>\n\t\t\t\t\t<\/div>\n\n\t\n\n\t<div id=\"col-360788209\" class=\"col medium-9 small-12 large-6\"  >\n\t\t\t\t<div class=\"col-inner text-left\"  >\n\t\t\t\n\t\t\t\n\n<div style=\"text-align: center;\"><strong>THI\u1ebeT B\u1eca \u0110O, PH\u00c2N T\u00cdCH RUNG \u0110\u1ed8NG<\/strong><\/div>\n<div>\u00a0<\/div>\n<div>M\u00e1y \u0111o \u0111\u1ed9 rung l\u00e0 thi\u1ebft b\u1ecb \u0111\u01b0\u1ee3c s\u1eed d\u1ee5ng \u0111\u1ec3 ki\u1ec3m tra rung \u0111\u1ed9ng c\u1ee7a m\u00e1y m\u00f3c, c\u00f4ng tr\u00ecnh, nh\u00e0 x\u01b0\u1edfng. M\u00e1y c\u00f3 th\u1ec3 \u0111o gia t\u1ed1c, bi\u00ean \u0111\u1ed9, v\u1eadn t\u1ed1c theo m\u1ed9t d\u1ea3i t\u1ea7n s\u1ed1 nh\u1ea5t \u0111\u1ecbnh.<\/div>\n<a href=\"#\" target=\"_blank\" class=\"button secondary is-link box-shadow-1-hover\" rel=\"noopener\"  >\n    <span>\u9605\u8bfb\u66f4\u591a<\/span>\n  <i class=\"icon-angle-right\" aria-hidden=\"true\" ><\/i><\/a>\n\n\n\n\t\t<\/div>\n\t\t\t\t\n<style>\n#col-360788209 > .col-inner {\n  padding: 0px 0px 0px 0px;\n}\n@media (min-width:850px) {\n  #col-360788209 > .col-inner {\n    padding: 0px 50px 0px 50px;\n  }\n}\n<\/style>\n\t<\/div>\n\n\t\n\n<\/div>\n<div class=\"row row-large align-middle align-center\" style=\"max-width:1400px\" id=\"row-831179010\">\n\n\n\t<div id=\"col-1642970791\" class=\"col medium-9 small-12 large-6\"  >\n\t\t\t\t<div class=\"col-inner text-left\"  >\n\t\t\t\n\t\t\t\n\n<div style=\"text-align: center;\"><strong>C\u1ea2M BI\u1ebeN RUNG<\/strong><\/div>\n<div>\u00a0<\/div>\n<div>L\u00e0 m\u1ed9t lo\u1ea1i c\u1ea3m bi\u1ebfn d\u00f9ng \u0111\u1ec3 \u0111o rung \u0111\u1ed9ng, theo 1 h\u01b0\u1edbng ho\u1eb7c c\u00f3 th\u1ec3 l\u00e0 3 h\u01b0\u1edbng (XYZ) t\u00f9y lo\u1ea1i. C\u1ea3m bi\u1ebfn rung th\u01b0\u1eddng \u0111\u01b0\u1ee3c k\u1ebft h\u1ee3p v\u1edbi m\u00e1y \u0111o rung \u0111\u1ec3 ph\u1ee5c v\u1ee5 trong nhi\u1ec1u m\u1ee5c \u0111\u00edch, \u1ee9ng d\u1ee5ng kh\u00e1c nhau: x\u00e2y d\u1ef1ng, y t\u1ebf, th\u1eed nghi\u1ec7m h\u00e0ng h\u00f3a,\u2026<\/div>\n<a href=\"#\" target=\"_blank\" class=\"button secondary is-link box-shadow-1-hover\" rel=\"noopener\"  >\n    <span>\u9605\u8bfb\u66f4\u591a<\/span>\n  <i class=\"icon-angle-right\" aria-hidden=\"true\" ><\/i><\/a>\n\n\n\n\t\t<\/div>\n\t\t\t\t\n<style>\n#col-1642970791 > .col-inner {\n  padding: 0px 0px 0px 0px;\n}\n@media (min-width:850px) {\n  #col-1642970791 > .col-inner {\n    padding: 0px 50px 0px 50px;\n  }\n}\n<\/style>\n\t<\/div>\n\n\t\n\n\t<div id=\"col-1052645322\" class=\"col medium-9 small-12 large-6 medium-col-first\"  >\n\t\t\t\t<div class=\"col-inner\"  >\n\t\t\t\n\t\t\t\n\n\t<div class=\"img has-hover x md-x lg-x y md-y lg-y\" id=\"image_16509352\">\n\t\t\t\t\t\t\t\t<div class=\"img-inner dark\" >\n\t\t\t<img loading=\"lazy\" decoding=\"async\" width=\"1280\" height=\"721\" src=\"https:\/\/supercalib.vn\/wp-content\/uploads\/thiet-bi-do-phan-tich-rung-dong-1.jpg.webp\" class=\"attachment-large size-large\" alt=\"\" srcset=\"https:\/\/supercalib.vn\/wp-content\/uploads\/thiet-bi-do-phan-tich-rung-dong-1.jpg.webp 1280w, https:\/\/supercalib.vn\/wp-content\/uploads\/thiet-bi-do-phan-tich-rung-dong-1.jpg-768x433.webp 768w, https:\/\/supercalib.vn\/wp-content\/uploads\/thiet-bi-do-phan-tich-rung-dong-1.jpg-600x338.webp 600w\" sizes=\"auto, (max-width: 1280px) 100vw, 1280px\" \/>\t\t\t\t\t\t\n\t\t\t\t\t<\/div>\n\t\t\t\t\t\t\t\t\n<style>\n#image_16509352 {\n  width: 92%;\n}\n<\/style>\n\t<\/div>\n\t\n\n\n\t\t<\/div>\n\t\t\t\t\t<\/div>\n\n\t\n\n<\/div>\n\n\t\t<\/div>\n\n\t\t\n<style>\n#section_1966703927 {\n  padding-top: 0px;\n  padding-bottom: 0px;\n}\n<\/style>\n\t<\/section>\n\t\n\t<section class=\"section dark\" id=\"section_2098673503\">\n\t\t<div class=\"bg section-bg fill bg-fill  bg-loaded\" >\n\n\t\t\t\n\t\t\t<div class=\"section-bg-overlay absolute fill\"><\/div>\n\t\t\t\n\n\t\t<\/div>\n\n\t\t\n\n\t\t<div class=\"section-content relative\">\n\t\t\t\n\n\t<div id=\"gap-1044847217\" class=\"gap-element clearfix\" style=\"display:block; height:auto;\">\n\t\t\n<style>\n#gap-1044847217 {\n  padding-top: 30px;\n}\n<\/style>\n\t<\/div>\n\t\n\n<div class=\"row align-center\"  id=\"row-1215167080\">\n\n\n\t<div id=\"col-2109242736\" class=\"col medium-9 small-12 large-9\"  >\n\t\t\t\t<div class=\"col-inner text-center\"  >\n\t\t\t\n\t\t\t\n\n<h3><span style=\"font-size: 150%;\">\u8bf7\u6c42\u62a5\u4ef7<\/span><\/h3>\n<p class=\"lead\">\u8bf7\u7acb\u5373\u8054\u7cfb\u6211\u4eec\u4ee5\u83b7\u5f97\u6700\u5feb\u7684\u62a5\u4ef7\u3002<\/p>\n\n<div class=\"wpcf7 no-js\" id=\"wpcf7-f13-o1\" lang=\"en-US\" dir=\"ltr\">\n<div class=\"screen-reader-response\"><p role=\"status\" aria-live=\"polite\" aria-atomic=\"true\"><\/p> <ul><\/ul><\/div>\n<form action=\"\/zh\/wp-json\/wp\/v2\/pages\/368#wpcf7-f13-o1\" method=\"post\" class=\"wpcf7-form init\" aria-label=\"Contact form\" novalidate=\"novalidate\" data-status=\"init\" data-trp-original-action=\"\/zh\/wp-json\/wp\/v2\/pages\/368#wpcf7-f13-o1\">\n<div style=\"display: none;\">\n<input type=\"hidden\" name=\"_wpcf7\" value=\"13\" \/>\n<input type=\"hidden\" name=\"_wpcf7_version\" value=\"5.9.5\" \/>\n<input type=\"hidden\" name=\"_wpcf7_locale\" value=\"en_US\" \/>\n<input type=\"hidden\" name=\"_wpcf7_unit_tag\" value=\"wpcf7-f13-o1\" \/>\n<input type=\"hidden\" name=\"_wpcf7_container_post\" value=\"0\" \/>\n<input type=\"hidden\" name=\"_wpcf7_posted_data_hash\" value=\"\" \/>\n<\/div>\n<div class=\"form-flat\">\n\t<p><span class=\"wpcf7-form-control-wrap\" data-name=\"your-name\"><input size=\"40\" class=\"wpcf7-form-control wpcf7-text wpcf7-validates-as-required\" aria-required=\"true\" aria-invalid=\"false\" placeholder=\"\u60a8\u7684\u59d3\u540d\uff08\u5fc5\u586b\uff09\" value=\"\" type=\"text\" name=\"your-name\" \/><\/span>\n\t<\/p>\n\t<p><span class=\"wpcf7-form-control-wrap\" data-name=\"your-email\"><input size=\"40\" class=\"wpcf7-form-control wpcf7-email wpcf7-validates-as-required wpcf7-text wpcf7-validates-as-email\" aria-required=\"true\" aria-invalid=\"false\" placeholder=\"\u60a8\u7684\u7535\u5b50\u90ae\u4ef6\uff08\u5fc5\u586b\uff09\" value=\"\" type=\"email\" name=\"your-email\" \/><\/span>\n\t<\/p>\n\t<p><span class=\"wpcf7-form-control-wrap\" data-name=\"tel-401\"><input size=\"40\" class=\"wpcf7-form-control wpcf7-tel wpcf7-validates-as-required wpcf7-text wpcf7-validates-as-tel\" aria-required=\"true\" aria-invalid=\"false\" placeholder=\"Your phone number\" value=\"\" type=\"tel\" name=\"tel-401\" \/><\/span>\n\t<\/p>\n\t<p><span class=\"wpcf7-form-control-wrap\" data-name=\"your-message\"><textarea cols=\"40\" rows=\"10\" class=\"wpcf7-form-control wpcf7-textarea\" aria-invalid=\"false\" placeholder=\"\u60a8\u7684\u7559\u8a00\uff08\u5fc5\u586b\uff09\" name=\"your-message\"><\/textarea><\/span>\n\t<\/p>\n\t<p><input class=\"wpcf7-form-control wpcf7-submit has-spinner button\" type=\"submit\" value=\"Submit\" \/>\n\t<\/p>\n<\/div><div class=\"wpcf7-response-output\" aria-hidden=\"true\"><\/div>\n<input type=\"hidden\" name=\"trp-form-language\" value=\"zh\"\/><\/form>\n<\/div>\n\n\n\n\t\t<\/div>\n\t\t\t\t\t<\/div>\n\n\t\n\n<\/div>\n\n\t\t<\/div>\n\n\t\t\n<style>\n#section_2098673503 {\n  padding-top: 30px;\n  padding-bottom: 30px;\n  min-height: 300px;\n  background-color: rgb(0, 0, 0);\n}\n#section_2098673503 .section-bg-overlay {\n  background-color: rgba(0, 0, 0, 0.01);\n}\n@media (min-width:550px) {\n  #section_2098673503 {\n    min-height: 400px;\n  }\n}\n<\/style>\n\t<\/section>","protected":false},"excerpt":{"rendered":"","protected":false},"author":1,"featured_media":0,"parent":0,"menu_order":0,"comment_status":"closed","ping_status":"closed","template":"page-blank.php","meta":{"footnotes":""},"class_list":["post-368","page","type-page","status-publish","hentry"],"_links":{"self":[{"href":"https:\/\/supercalib.vn\/zh\/wp-json\/wp\/v2\/pages\/368","targetHints":{"allow":["GET"]}}],"collection":[{"href":"https:\/\/supercalib.vn\/zh\/wp-json\/wp\/v2\/pages"}],"about":[{"href":"https:\/\/supercalib.vn\/zh\/wp-json\/wp\/v2\/types\/page"}],"author":[{"embeddable":true,"href":"https:\/\/supercalib.vn\/zh\/wp-json\/wp\/v2\/users\/1"}],"replies":[{"embeddable":true,"href":"https:\/\/supercalib.vn\/zh\/wp-json\/wp\/v2\/comments?post=368"}],"version-history":[{"count":2,"href":"https:\/\/supercalib.vn\/zh\/wp-json\/wp\/v2\/pages\/368\/revisions"}],"predecessor-version":[{"id":533,"href":"https:\/\/supercalib.vn\/zh\/wp-json\/wp\/v2\/pages\/368\/revisions\/533"}],"wp:attachment":[{"href":"https:\/\/supercalib.vn\/zh\/wp-json\/wp\/v2\/media?parent=368"}],"curies":[{"name":"wp","href":"https:\/\/api.w.org\/{rel}","templated":true}]}}