{"id":546,"date":"2024-05-16T05:55:21","date_gmt":"2024-05-15T22:55:21","guid":{"rendered":"https:\/\/supercalib.vn\/?page_id=546"},"modified":"2024-05-16T09:37:21","modified_gmt":"2024-05-16T02:37:21","slug":"do-luong-nhiet-do","status":"publish","type":"page","link":"https:\/\/supercalib.vn\/zh\/do-luong-nhiet-do\/","title":{"rendered":"\u6e29\u5ea6\u6d4b\u91cf"},"content":{"rendered":"<section class=\"section\" id=\"section_225918694\">\n\t\t<div class=\"bg section-bg fill bg-fill  bg-loaded\" >\n\n\t\t\t\n\t\t\t\n\t\t\t\n\n\t\t<\/div>\n\n\t\t\n\n\t\t<div class=\"section-content relative\">\n\t\t\t\n\n<div class=\"container section-title-container section-title-main\" style=\"margin-top:30px;margin-bottom:0px;\"><h1 class=\"section-title section-title-center\"><b><\/b><span class=\"section-title-main\" style=\"color:#1860a1;\">Hi\u1ec7u Chu\u1ea9n Nhi\u1ec7t \u0110\u1ed9<\/span><b><\/b><\/h1><\/div>\n\n\n\t\t<\/div>\n\n\t\t\n<style>\n#section_225918694 {\n  padding-top: 0px;\n  padding-bottom: 0px;\n}\n<\/style>\n\t<\/section>\n\t\n\t<section class=\"section dark\" id=\"section_873324401\">\n\t\t<div class=\"bg section-bg fill bg-fill\" >\n\n\t\t\t\n\t\t\t\n\t\t\t\n\n\t\t<\/div>\n\n\t\t\n\n\t\t<div class=\"section-content relative\">\n\t\t\t\n\n\n\t\t<\/div>\n\n\t\t\n<style>\n#section_873324401 {\n  padding-top: 0px;\n  padding-bottom: 0px;\n  min-height: 500px;\n}\n#section_873324401 .section-bg-overlay {\n  background-color: rgba(0, 0, 0, 0.15);\n}\n#section_873324401 .section-bg.bg-loaded {\n  background-image: url(https:\/\/supercalib.vn\/wp-content\/uploads\/z5423862167625_e91f748b2a20295acd81f155288f3da8-1-e1715753575979.jpg);\n}\n#section_873324401 .section-bg {\n  background-position: 0% 100%;\n}\n@media (min-width:550px) {\n  #section_873324401 {\n    min-height: 340px;\n  }\n  #section_873324401 .section-bg-overlay {\n    background-color: rgba(0, 0, 0, 0.09);\n  }\n}\n<\/style>\n\t<\/section>\n\t\n\t<section class=\"section\" id=\"section_152503718\">\n\t\t<div class=\"bg section-bg fill bg-fill  bg-loaded\" >\n\n\t\t\t\n\t\t\t\n\t\t\t\n\n\t\t<\/div>\n\n\t\t\n\n\t\t<div class=\"section-content relative\">\n\t\t\t\n\n<div class=\"container section-title-container\" style=\"margin-top:30px;\"><h1 class=\"section-title section-title-center\"><b><\/b><span class=\"section-title-main\" >\u6821\u51c6\u8bbe\u5907<\/span><b><\/b><\/h1><\/div>\n\n\n\t\t<\/div>\n\n\t\t\n<style>\n#section_152503718 {\n  padding-top: 30px;\n  padding-bottom: 30px;\n  margin-bottom: 50px;\n}\n<\/style>\n\t<\/section>\n\t\n\t<section class=\"section\" id=\"section_1535335112\">\n\t\t<div class=\"bg section-bg fill bg-fill  bg-loaded\" >\n\n\t\t\t\n\t\t\t\n\t\t\t\n\n\t\t<\/div>\n\n\t\t\n\n\t\t<div class=\"section-content relative\">\n\t\t\t\n\n<div class=\"row row-large align-middle align-center\" style=\"max-width:1400px\" id=\"row-2008899555\">\n\n\n\t<div id=\"col-1495797833\" class=\"col medium-9 small-12 large-6\"  >\n\t\t\t\t<div class=\"col-inner\"  >\n\t\t\t\n\t\t\t\n\n\t<div class=\"img has-hover x md-x lg-x y md-y lg-y\" id=\"image_2098455292\">\n\t\t\t\t\t\t\t\t<div class=\"img-inner dark\" >\n\t\t\t<img loading=\"lazy\" decoding=\"async\" width=\"1280\" height=\"721\" src=\"https:\/\/supercalib.vn\/wp-content\/uploads\/nhiet-ke-hong-ngoai-camera-nhiet.jpg.webp\" class=\"attachment-large size-large\" alt=\"\" srcset=\"https:\/\/supercalib.vn\/wp-content\/uploads\/nhiet-ke-hong-ngoai-camera-nhiet.jpg.webp 1280w, https:\/\/supercalib.vn\/wp-content\/uploads\/nhiet-ke-hong-ngoai-camera-nhiet.jpg-768x433.webp 768w, https:\/\/supercalib.vn\/wp-content\/uploads\/nhiet-ke-hong-ngoai-camera-nhiet.jpg-600x338.webp 600w\" sizes=\"auto, (max-width: 1280px) 100vw, 1280px\" \/>\t\t\t\t\t\t\n\t\t\t\t\t<\/div>\n\t\t\t\t\t\t\t\t\n<style>\n#image_2098455292 {\n  width: 73%;\n}\n<\/style>\n\t<\/div>\n\t\n\n\n\t\t<\/div>\n\t\t\t\t\t<\/div>\n\n\t\n\n\t<div id=\"col-676735901\" class=\"col medium-9 small-12 large-6\"  >\n\t\t\t\t<div class=\"col-inner text-left\"  >\n\t\t\t\n\t\t\t\n\n<h3 style=\"text-align: center;\"><strong>NHI\u1ec6T K\u1ebe H\u1ed2NG NGO\u1ea0I\/CAMERA NHI\u1ec6T<\/strong><\/h3>\n<div>L\u00e0 lo\u1ea1i nhi\u1ec7t k\u1ebf \u0111o nhi\u1ec7t \u0111\u1ed9 t\u1eeb b\u1ee9c x\u1ea1 nhi\u1ec7t h\u1ed3ng ngo\u1ea1i ph\u00e1t ra t\u1eeb v\u1eadt th\u1ebf \u0111\u01b0\u1ee3c \u0111o. Thi\u1ebft b\u1ecb n\u00e0y c\u00f2n \u0111\u01b0\u1ee3c g\u1ecdi l\u00e0 nhi\u1ec7t k\u1ebf kh\u00f4ng ti\u1ebfp x\u00fac v\u00ec kh\u1ea3 n\u0103ng \u0111o \u0111\u01b0\u1ee3c nhi\u1ec7t \u0111\u1ed9 m\u00e0 kh\u00f4ng c\u1ea7n ti\u1ebfp x\u00fac tr\u1ef1c ti\u1ebfp v\u1edbi v\u1eadt th\u1ec3.<\/div>\n<a href=\"#\" target=\"_blank\" class=\"button secondary is-link box-shadow-1-hover\" rel=\"noopener\"  >\n    <span>\u9605\u8bfb\u66f4\u591a<\/span>\n  <i class=\"icon-angle-right\" aria-hidden=\"true\" ><\/i><\/a>\n\n\n\n\t\t<\/div>\n\t\t\t\t\n<style>\n#col-676735901 > .col-inner {\n  padding: 0px 0px 0px 0px;\n}\n@media (min-width:850px) {\n  #col-676735901 > .col-inner {\n    padding: 0px 50px 0px 50px;\n  }\n}\n<\/style>\n\t<\/div>\n\n\t\n\n<\/div>\n<div class=\"row row-large align-middle align-center\" style=\"max-width:1400px\" id=\"row-537112872\">\n\n\n\t<div id=\"col-1307178279\" class=\"col medium-9 small-12 large-6\"  >\n\t\t\t\t<div class=\"col-inner text-left\"  >\n\t\t\t\n\t\t\t\n\n<h3 style=\"text-align: center;\"><strong>B\u1ed8 HI\u1ec2N TH\u1eca NHI\u1ec6T \u0110\u1ed8<\/strong><\/h3>\n<div>D\u00f9ng \u0111\u1ec3 \u0111\u1ecdc t\u00edn hi\u1ec7u t\u1eeb c\u00e1c c\u1ea3m bi\u1ebfn \u0111o nhi\u1ec7t \u0111\u1ed9. C\u00e1c c\u1ea3m bi\u1ebfn th\u01b0\u1eddng ch\u1ec9 c\u00f3 ch\u1ee9c n\u0103ng \u0111o l\u01b0\u1eddng, n\u00ean c\u1ea7n c\u00f3 m\u1ed9t b\u1ed9 hi\u1ec3n th\u1ecb k\u1ebft qu\u1ea3 r\u1eddi b\u00ean ngo\u00e0i \u0111\u1ec3 ng\u01b0\u1eddi d\u00f9ng c\u00f3 th\u1ec3 d\u1ec5 d\u00e0ng quan s\u00e1t v\u00e0 \u0111i\u1ec1u khi\u1ec3n.<\/div>\n<a href=\"#\" target=\"_blank\" class=\"button secondary is-link box-shadow-1-hover\" rel=\"noopener\"  >\n    <span>\u9605\u8bfb\u66f4\u591a<\/span>\n  <i class=\"icon-angle-right\" aria-hidden=\"true\" ><\/i><\/a>\n\n\n\n\t\t<\/div>\n\t\t\t\t\n<style>\n#col-1307178279 > .col-inner {\n  padding: 0px 0px 0px 0px;\n}\n@media (min-width:850px) {\n  #col-1307178279 > .col-inner {\n    padding: 0px 50px 0px 50px;\n  }\n}\n<\/style>\n\t<\/div>\n\n\t\n\n\t<div id=\"col-2135106151\" class=\"col medium-9 small-12 large-6 medium-col-first\"  >\n\t\t\t\t<div class=\"col-inner\"  >\n\t\t\t\n\t\t\t\n\n\t<div class=\"img has-hover x md-x lg-x y md-y lg-y\" id=\"image_640449370\">\n\t\t\t\t\t\t\t\t<div class=\"img-inner dark\" >\n\t\t\t<img loading=\"lazy\" decoding=\"async\" width=\"1280\" height=\"721\" src=\"https:\/\/supercalib.vn\/wp-content\/uploads\/bo-hien-thi-nhiet-do.jpg.webp\" class=\"attachment-large size-large\" alt=\"\" srcset=\"https:\/\/supercalib.vn\/wp-content\/uploads\/bo-hien-thi-nhiet-do.jpg.webp 1280w, https:\/\/supercalib.vn\/wp-content\/uploads\/bo-hien-thi-nhiet-do.jpg-768x433.webp 768w, https:\/\/supercalib.vn\/wp-content\/uploads\/bo-hien-thi-nhiet-do.jpg-600x338.webp 600w\" sizes=\"auto, (max-width: 1280px) 100vw, 1280px\" \/>\t\t\t\t\t\t\n\t\t\t\t\t<\/div>\n\t\t\t\t\t\t\t\t\n<style>\n#image_640449370 {\n  width: 84%;\n}\n<\/style>\n\t<\/div>\n\t\n\n\n\t\t<\/div>\n\t\t\t\t\t<\/div>\n\n\t\n\n<\/div>\n\t<div id=\"gap-459942649\" class=\"gap-element clearfix\" style=\"display:block; height:auto;\">\n\t\t\n<style>\n#gap-459942649 {\n  padding-top: 100px;\n}\n<\/style>\n\t<\/div>\n\t\n\n\n\t\t<\/div>\n\n\t\t\n<style>\n#section_1535335112 {\n  padding-top: 0px;\n  padding-bottom: 0px;\n}\n<\/style>\n\t<\/section>\n\t\n\t<section class=\"section\" id=\"section_1799292485\">\n\t\t<div class=\"bg section-bg fill bg-fill  bg-loaded\" >\n\n\t\t\t\n\t\t\t\n\t\t\t\n\n\t\t<\/div>\n\n\t\t\n\n\t\t<div class=\"section-content relative\">\n\t\t\t\n\n<div class=\"row row-large align-middle align-center\" style=\"max-width:1400px\" id=\"row-550705077\">\n\n\n\t<div id=\"col-682994594\" class=\"col medium-9 small-12 large-6\"  >\n\t\t\t\t<div class=\"col-inner\"  >\n\t\t\t\n\t\t\t\n\n\t<div class=\"img has-hover x md-x lg-x y md-y lg-y\" id=\"image_202610544\">\n\t\t\t\t\t\t\t\t<div class=\"img-inner dark\" >\n\t\t\t<img loading=\"lazy\" decoding=\"async\" width=\"1280\" height=\"721\" src=\"https:\/\/supercalib.vn\/wp-content\/uploads\/cap-nhiet-dien.jpg.webp\" class=\"attachment-large size-large\" alt=\"\" srcset=\"https:\/\/supercalib.vn\/wp-content\/uploads\/cap-nhiet-dien.jpg.webp 1280w, https:\/\/supercalib.vn\/wp-content\/uploads\/cap-nhiet-dien.jpg-768x433.webp 768w, https:\/\/supercalib.vn\/wp-content\/uploads\/cap-nhiet-dien.jpg-600x338.webp 600w\" sizes=\"auto, (max-width: 1280px) 100vw, 1280px\" \/>\t\t\t\t\t\t\n\t\t\t\t\t<\/div>\n\t\t\t\t\t\t\t\t\n<style>\n#image_202610544 {\n  width: 85%;\n}\n<\/style>\n\t<\/div>\n\t\n\n\n\t\t<\/div>\n\t\t\t\t\t<\/div>\n\n\t\n\n\t<div id=\"col-1028082473\" class=\"col medium-9 small-12 large-6\"  >\n\t\t\t\t<div class=\"col-inner text-left\"  >\n\t\t\t\n\t\t\t\n\n<h3 style=\"text-align: center;\"><strong>C\u1eb6P NHI\u1ec6T \u0110I\u1ec6N, NHI\u1ec6T \u0110I\u1ec6N TR\u1ede<\/strong><\/h3>\n<div>L\u00e0 c\u00e1c c\u1ea3m bi\u1ebfn nhi\u1ec7t \u0111\u1ed9 \u0111\u01b0\u1ee3c s\u1eed d\u1ee5ng r\u1ed9ng r\u00e3i trong nhi\u1ec1u l\u0129nh v\u1ef1c. Ch\u00fang l\u00e0 \u0111\u1ea7u v\u00e0o c\u1ee7a t\u00edn hi\u1ec7u cho c\u00e1c b\u1ed9 hi\u1ec3n th\u1ecb, b\u1ed9 chuy\u1ec3n \u0111\u1ed5i.<\/div>\n<a href=\"#\" target=\"_blank\" class=\"button secondary is-link box-shadow-1-hover\" rel=\"noopener\"  >\n    <span>\u9605\u8bfb\u66f4\u591a<\/span>\n  <i class=\"icon-angle-right\" aria-hidden=\"true\" ><\/i><\/a>\n\n\n\n\t\t<\/div>\n\t\t\t\t\n<style>\n#col-1028082473 > .col-inner {\n  padding: 0px 0px 0px 0px;\n}\n@media (min-width:850px) {\n  #col-1028082473 > .col-inner {\n    padding: 0px 50px 0px 50px;\n  }\n}\n<\/style>\n\t<\/div>\n\n\t\n\n<\/div>\n<div class=\"row row-large align-middle align-center\" style=\"max-width:1400px\" id=\"row-809266358\">\n\n\n\t<div id=\"col-1644546506\" class=\"col medium-9 small-12 large-6\"  >\n\t\t\t\t<div class=\"col-inner text-left\"  >\n\t\t\t\n\t\t\t\n\n<h3 style=\"text-align: center;\"><b>B\u1ed8 CHUY\u1ec2N \u0110\u1ed4I NHI\u1ec6T<\/b><\/h3>\n<div>L\u00e0 thi\u1ebft b\u1ecb thu nh\u1eadn t\u00edn hi\u1ec7u t\u1eeb c\u1ea3m bi\u1ebfn nhi\u1ec7t \u0111\u1ed9, truy\u1ec1n t\u00edn hi\u1ec7u \u0111\u1ebfn h\u1ec7 th\u1ed1ng gi\u00e1m s\u00e1t, \u0111o l\u01b0\u1eddng.<\/div>\n<a href=\"#\" target=\"_blank\" class=\"button secondary is-link box-shadow-1-hover\" rel=\"noopener\"  >\n    <span>\u9605\u8bfb\u66f4\u591a<\/span>\n  <i class=\"icon-angle-right\" aria-hidden=\"true\" ><\/i><\/a>\n\n\n\n\t\t<\/div>\n\t\t\t\t\n<style>\n#col-1644546506 > .col-inner {\n  padding: 0px 0px 0px 0px;\n}\n@media (min-width:850px) {\n  #col-1644546506 > .col-inner {\n    padding: 0px 50px 0px 50px;\n  }\n}\n<\/style>\n\t<\/div>\n\n\t\n\n\t<div id=\"col-1556515821\" class=\"col medium-9 small-12 large-6 medium-col-first\"  >\n\t\t\t\t<div class=\"col-inner\"  >\n\t\t\t\n\t\t\t\n\n\t<div class=\"img has-hover x md-x lg-x y md-y lg-y\" id=\"image_1328365112\">\n\t\t\t\t\t\t\t\t<div class=\"img-inner dark\" >\n\t\t\t<img loading=\"lazy\" decoding=\"async\" width=\"1280\" height=\"721\" src=\"https:\/\/supercalib.vn\/wp-content\/uploads\/bo-chuyen-doi-nhiet.png.webp\" class=\"attachment-large size-large\" alt=\"\" srcset=\"https:\/\/supercalib.vn\/wp-content\/uploads\/bo-chuyen-doi-nhiet.png.webp 1280w, https:\/\/supercalib.vn\/wp-content\/uploads\/bo-chuyen-doi-nhiet.png-768x433.webp 768w, https:\/\/supercalib.vn\/wp-content\/uploads\/bo-chuyen-doi-nhiet.png-600x338.webp 600w\" sizes=\"auto, (max-width: 1280px) 100vw, 1280px\" \/>\t\t\t\t\t\t\n\t\t\t\t\t<\/div>\n\t\t\t\t\t\t\t\t\n<style>\n#image_1328365112 {\n  width: 92%;\n}\n<\/style>\n\t<\/div>\n\t\n\n\n\t\t<\/div>\n\t\t\t\t\t<\/div>\n\n\t\n\n<\/div>\n\n\t\t<\/div>\n\n\t\t\n<style>\n#section_1799292485 {\n  padding-top: 0px;\n  padding-bottom: 0px;\n}\n<\/style>\n\t<\/section>\n\t\n\t<section class=\"section\" id=\"section_337325521\">\n\t\t<div class=\"bg section-bg fill bg-fill  bg-loaded\" >\n\n\t\t\t\n\t\t\t<div class=\"section-bg-overlay absolute fill\"><\/div>\n\t\t\t\n\n\t\t<\/div>\n\n\t\t\n\n\t\t<div class=\"section-content relative\">\n\t\t\t\n\n<div class=\"row row-large align-middle\"  id=\"row-407257727\">\n\n\n\t<div id=\"col-754617140\" class=\"col medium-6 small-12 large-6\"  >\n\t\t\t\t<div class=\"col-inner\"  >\n\t\t\t\n\t\t\t\n\n\t<div class=\"img has-hover x md-x lg-x y md-y lg-y\" id=\"image_1490765486\">\n\t\t\t\t\t\t\t\t<div class=\"img-inner dark\" >\n\t\t\t<img loading=\"lazy\" decoding=\"async\" width=\"1280\" height=\"721\" src=\"https:\/\/supercalib.vn\/wp-content\/uploads\/be-nhiet-chuan.jpg-1.webp\" class=\"attachment-large size-large\" alt=\"\" srcset=\"https:\/\/supercalib.vn\/wp-content\/uploads\/be-nhiet-chuan.jpg-1.webp 1280w, https:\/\/supercalib.vn\/wp-content\/uploads\/be-nhiet-chuan.jpg-1-768x433.webp 768w, https:\/\/supercalib.vn\/wp-content\/uploads\/be-nhiet-chuan.jpg-1-600x338.webp 600w\" sizes=\"auto, (max-width: 1280px) 100vw, 1280px\" \/>\t\t\t\t\t\t\n\t\t\t\t\t<\/div>\n\t\t\t\t\t\t\t\t\n<style>\n#image_1490765486 {\n  width: 84%;\n}\n<\/style>\n\t<\/div>\n\t\n\n\n\t\t<\/div>\n\t\t\t\t\t<\/div>\n\n\t\n\n\t<div id=\"col-10098341\" class=\"col medium-6 small-12 large-6\"  >\n\t\t\t\t<div class=\"col-inner text-left\"  >\n\t\t\t\n\t\t\t\n\n<p style=\"text-align: center;\"><strong style=\"font-size: 20.16px; color: #333333;\">B\u1ec2 NHI\u1ec6T CHU\u1ea8N (KH\u00d4\/\u01af\u1edaT)<\/strong><\/p>\n<div>L\u00e0 thi\u1ebft b\u1ecb l\u00e0m n\u00f3ng ho\u1eb7c l\u00e0m ngu\u1ed9i \u0111\u1ebfn m\u1ed9t nhi\u1ec7t \u0111\u1ed9 c\u1ee5 th\u1ec3.<\/div>\n\n\t\t<\/div>\n\t\t\t\t\t<\/div>\n\n\t\n\n<\/div>\n\n\t\t<\/div>\n\n\t\t\n<style>\n#section_337325521 {\n  padding-top: 60px;\n  padding-bottom: 60px;\n  background-color: rgb(193, 193, 193);\n}\n#section_337325521 .section-bg-overlay {\n  background-color: rgba(255, 255, 255, 0.85);\n}\n<\/style>\n\t<\/section>\n\t\n\t<section class=\"section\" id=\"section_549425120\">\n\t\t<div class=\"bg section-bg fill bg-fill  bg-loaded\" >\n\n\t\t\t\n\t\t\t<div class=\"section-bg-overlay absolute fill\"><\/div>\n\t\t\t\n\n\t\t<\/div>\n\n\t\t\n\n\t\t<div class=\"section-content relative\">\n\t\t\t\n\n<div class=\"row row-large align-middle\"  id=\"row-56103114\">\n\n\n\t<div id=\"col-1849046495\" class=\"col medium-6 small-12 large-6\"  >\n\t\t\t\t<div class=\"col-inner\"  >\n\t\t\t\n\t\t\t\n\n\t<div class=\"img has-hover x md-x lg-x y md-y lg-y\" id=\"image_516578271\">\n\t\t\t\t\t\t\t\t<div class=\"img-inner dark\" >\n\t\t\t<img loading=\"lazy\" decoding=\"async\" width=\"1280\" height=\"721\" src=\"https:\/\/supercalib.vn\/wp-content\/uploads\/nhiet-ke.jpg.webp\" class=\"attachment-large size-large\" alt=\"\" srcset=\"https:\/\/supercalib.vn\/wp-content\/uploads\/nhiet-ke.jpg.webp 1280w, https:\/\/supercalib.vn\/wp-content\/uploads\/nhiet-ke.jpg-768x433.webp 768w, https:\/\/supercalib.vn\/wp-content\/uploads\/nhiet-ke.jpg-600x338.webp 600w\" sizes=\"auto, (max-width: 1280px) 100vw, 1280px\" \/>\t\t\t\t\t\t\n\t\t\t\t\t<\/div>\n\t\t\t\t\t\t\t\t\n<style>\n#image_516578271 {\n  width: 91%;\n}\n<\/style>\n\t<\/div>\n\t\n\n\n\t\t<\/div>\n\t\t\t\t\t<\/div>\n\n\t\n\n\t<div id=\"col-289196329\" class=\"col medium-6 small-12 large-6\"  >\n\t\t\t\t<div class=\"col-inner text-left\"  >\n\t\t\t\n\t\t\t\n\n<h3 style=\"text-align: center;\"><strong>NHI\u1ec6T K\u1ebe<\/strong><\/h3>\n<div>\u0110o nhi\u1ec7t \u0111\u1ed9 ph\u00e1t ra t\u1eeb v\u1eadt th\u1ec3 \u0111\u01b0\u1ee3c \u0111o.<\/div>\n\n\t\t<\/div>\n\t\t\t\t\t<\/div>\n\n\t\n\n<\/div>\n\n\t\t<\/div>\n\n\t\t\n<style>\n#section_549425120 {\n  padding-top: 60px;\n  padding-bottom: 60px;\n  background-color: rgb(193, 193, 193);\n}\n#section_549425120 .section-bg-overlay {\n  background-color: rgba(255, 255, 255, 0.85);\n}\n<\/style>\n\t<\/section>\n\t\n\t<section class=\"section dark\" id=\"section_489736985\">\n\t\t<div class=\"bg section-bg fill bg-fill  bg-loaded\" >\n\n\t\t\t\n\t\t\t<div class=\"section-bg-overlay absolute fill\"><\/div>\n\t\t\t\n\n\t\t<\/div>\n\n\t\t\n\n\t\t<div class=\"section-content relative\">\n\t\t\t\n\n\t<div id=\"gap-789950922\" class=\"gap-element clearfix\" style=\"display:block; height:auto;\">\n\t\t\n<style>\n#gap-789950922 {\n  padding-top: 30px;\n}\n<\/style>\n\t<\/div>\n\t\n\n<div class=\"row align-center\"  id=\"row-1857730042\">\n\n\n\t<div id=\"col-1317050589\" class=\"col medium-9 small-12 large-9\"  >\n\t\t\t\t<div class=\"col-inner text-center\"  >\n\t\t\t\n\t\t\t\n\n<h3><span style=\"font-size: 150%;\">\u8bf7\u6c42\u62a5\u4ef7<\/span><\/h3>\n<p class=\"lead\">\u8bf7\u7acb\u5373\u8054\u7cfb\u6211\u4eec\u4ee5\u83b7\u5f97\u6700\u5feb\u7684\u62a5\u4ef7\u3002<\/p>\n\n<div class=\"wpcf7 no-js\" id=\"wpcf7-f13-o1\" lang=\"en-US\" dir=\"ltr\">\n<div class=\"screen-reader-response\"><p role=\"status\" aria-live=\"polite\" aria-atomic=\"true\"><\/p> <ul><\/ul><\/div>\n<form action=\"\/zh\/wp-json\/wp\/v2\/pages\/546#wpcf7-f13-o1\" method=\"post\" class=\"wpcf7-form init\" aria-label=\"Contact form\" novalidate=\"novalidate\" data-status=\"init\" data-trp-original-action=\"\/zh\/wp-json\/wp\/v2\/pages\/546#wpcf7-f13-o1\">\n<div style=\"display: none;\">\n<input type=\"hidden\" name=\"_wpcf7\" value=\"13\" \/>\n<input type=\"hidden\" name=\"_wpcf7_version\" value=\"5.9.5\" \/>\n<input type=\"hidden\" name=\"_wpcf7_locale\" value=\"en_US\" \/>\n<input type=\"hidden\" name=\"_wpcf7_unit_tag\" value=\"wpcf7-f13-o1\" \/>\n<input type=\"hidden\" name=\"_wpcf7_container_post\" value=\"0\" \/>\n<input type=\"hidden\" name=\"_wpcf7_posted_data_hash\" value=\"\" \/>\n<\/div>\n<div class=\"form-flat\">\n\t<p><span class=\"wpcf7-form-control-wrap\" data-name=\"your-name\"><input size=\"40\" class=\"wpcf7-form-control wpcf7-text wpcf7-validates-as-required\" aria-required=\"true\" aria-invalid=\"false\" placeholder=\"\u60a8\u7684\u59d3\u540d\uff08\u5fc5\u586b\uff09\" value=\"\" type=\"text\" name=\"your-name\" \/><\/span>\n\t<\/p>\n\t<p><span class=\"wpcf7-form-control-wrap\" data-name=\"your-email\"><input size=\"40\" class=\"wpcf7-form-control wpcf7-email wpcf7-validates-as-required wpcf7-text wpcf7-validates-as-email\" aria-required=\"true\" aria-invalid=\"false\" placeholder=\"\u60a8\u7684\u7535\u5b50\u90ae\u4ef6\uff08\u5fc5\u586b\uff09\" value=\"\" type=\"email\" name=\"your-email\" \/><\/span>\n\t<\/p>\n\t<p><span class=\"wpcf7-form-control-wrap\" data-name=\"tel-401\"><input size=\"40\" class=\"wpcf7-form-control wpcf7-tel wpcf7-validates-as-required wpcf7-text wpcf7-validates-as-tel\" aria-required=\"true\" aria-invalid=\"false\" placeholder=\"Your phone number\" value=\"\" type=\"tel\" name=\"tel-401\" \/><\/span>\n\t<\/p>\n\t<p><span class=\"wpcf7-form-control-wrap\" data-name=\"your-message\"><textarea cols=\"40\" rows=\"10\" class=\"wpcf7-form-control wpcf7-textarea\" aria-invalid=\"false\" placeholder=\"\u60a8\u7684\u7559\u8a00\uff08\u5fc5\u586b\uff09\" name=\"your-message\"><\/textarea><\/span>\n\t<\/p>\n\t<p><input class=\"wpcf7-form-control wpcf7-submit has-spinner button\" type=\"submit\" value=\"Submit\" \/>\n\t<\/p>\n<\/div><div class=\"wpcf7-response-output\" aria-hidden=\"true\"><\/div>\n<input type=\"hidden\" name=\"trp-form-language\" value=\"zh\"\/><\/form>\n<\/div>\n\n\n\n\t\t<\/div>\n\t\t\t\t\t<\/div>\n\n\t\n\n<\/div>\n\n\t\t<\/div>\n\n\t\t\n<style>\n#section_489736985 {\n  padding-top: 30px;\n  padding-bottom: 30px;\n  min-height: 300px;\n  background-color: rgb(0, 0, 0);\n}\n#section_489736985 .section-bg-overlay {\n  background-color: rgba(0, 0, 0, 0.01);\n}\n@media (min-width:550px) {\n  #section_489736985 {\n    min-height: 400px;\n  }\n}\n<\/style>\n\t<\/section>","protected":false},"excerpt":{"rendered":"","protected":false},"author":1,"featured_media":0,"parent":0,"menu_order":0,"comment_status":"closed","ping_status":"closed","template":"page-blank.php","meta":{"footnotes":""},"class_list":["post-546","page","type-page","status-publish","hentry"],"_links":{"self":[{"href":"https:\/\/supercalib.vn\/zh\/wp-json\/wp\/v2\/pages\/546","targetHints":{"allow":["GET"]}}],"collection":[{"href":"https:\/\/supercalib.vn\/zh\/wp-json\/wp\/v2\/pages"}],"about":[{"href":"https:\/\/supercalib.vn\/zh\/wp-json\/wp\/v2\/types\/page"}],"author":[{"embeddable":true,"href":"https:\/\/supercalib.vn\/zh\/wp-json\/wp\/v2\/users\/1"}],"replies":[{"embeddable":true,"href":"https:\/\/supercalib.vn\/zh\/wp-json\/wp\/v2\/comments?post=546"}],"version-history":[{"count":2,"href":"https:\/\/supercalib.vn\/zh\/wp-json\/wp\/v2\/pages\/546\/revisions"}],"predecessor-version":[{"id":595,"href":"https:\/\/supercalib.vn\/zh\/wp-json\/wp\/v2\/pages\/546\/revisions\/595"}],"wp:attachment":[{"href":"https:\/\/supercalib.vn\/zh\/wp-json\/wp\/v2\/media?parent=546"}],"curies":[{"name":"wp","href":"https:\/\/api.w.org\/{rel}","templated":true}]}}