{"id":181,"date":"2023-08-10T10:15:29","date_gmt":"2023-08-10T03:15:29","guid":{"rendered":"http:\/\/uxthemes.wpengine.com\/?post_type=product&#038;p=411"},"modified":"2026-05-14T07:58:14","modified_gmt":"2026-05-14T00:58:14","slug":"lawrance-polo-tee-jack-jones","status":"publish","type":"product","link":"https:\/\/supercalib.vn\/zh\/product\/lawrance-polo-tee-jack-jones\/","title":{"rendered":"Ring gauge"},"content":{"rendered":"<div class=\"xdj266r x11i5rnm xat24cr x1mh8g0r x1vvkbs x126k92a\">\n<div dir=\"auto\">V\u00f2ng \u0111o chu\u1ea9n (\ud835\udde3\ud835\udddf\ud835\uddd4\ud835\udddc\ud835\udde1 \ud835\udde6\ud835\uddd8\ud835\udde7\ud835\udde7\ud835\udddc\ud835\udde1\ud835\uddda \ud835\udde5\ud835\udddc\ud835\udde1\ud835\uddda \ud835\uddda\ud835\uddd4\ud835\udde8\ud835\uddda\ud835\uddd8) th\u01b0\u01a1ng hi\u1ec7u \ud835\uddea\ud835\uddf2\ud835\uddff\ud835\uddf8\ud835\uddee (Thu\u1ef5 S\u0129) l\u00e0 m\u1ed9t lo\u1ea1i d\u1ee5ng c\u1ee5 \u0111o l\u01b0\u1eddng \u0111\u01b0\u1ee3c s\u1eed d\u1ee5ng ch\u1ee7 y\u1ebfu trong ng\u00e0nh c\u01a1 kh\u00ed v\u00e0 c\u00f4ng nghi\u1ec7p s\u1ea3n xu\u1ea5t. L\u00e0 d\u1ee5ng c\u1ee5 ch\u00ednh x\u00e1c s\u1eed d\u1ee5ng \u0111\u1ec3 ki\u1ec3m tra, thi\u1ebft l\u1eadp, ho\u1eb7c \u0111i\u1ec1u ch\u1ec9nh c\u00e1c thi\u1ebft b\u1ecb \u0111o l\u01b0\u1eddng kh\u00e1c, nh\u01b0 micrometers v\u00e0 calipers.<\/div>\n<\/div>\n<div class=\"x11i5rnm xat24cr x1mh8g0r x1vvkbs xtlvy1s x126k92a\">\n<div dir=\"auto\">Ch\u1ea5t li\u1ec7u: \u0111\u01b0\u1ee3c l\u00e0m t\u1eeb th\u00e9p \u0111\u1eb7c bi\u1ec7t ch\u1ea5t l\u01b0\u1ee3ng cao, \u0111\u01b0\u1ee3c x\u1eed l\u00fd nhi\u1ec7t \u0111\u1ec3 \u0111\u1ea1t \u0111\u1ed9 c\u1ee9ng cao, \u0111\u01b0\u1ee3c m\u00e0i m\u00f2n v\u00e0 l\u1eafp r\u00e1p m\u1ed9t c\u00e1ch ch\u00ednh x\u00e1c.<\/div>\n<div dir=\"auto\">Ti\u00eau chu\u1ea9n: \u201cDIN 2250 C, DIN ISO 286\/1\u201d \u0111\u1ea1t \u0111\u1ebfn c\u00e1c ti\u00eau chu\u1ea9n \u0110\u1ee9c (DIN) v\u00e0 ti\u00eau chu\u1ea9n qu\u1ed1c t\u1ebf (ISO).<\/div>\n<div dir=\"auto\">\u0110\u00f3ng g\u00f3i trong h\u1ed9p nh\u1ef1a<\/div>\n<div dir=\"auto\">Giao h\u00e0ng c\u00f3 ch\u1ee9ng ch\u1ec9<\/div>\n<\/div>","protected":false},"excerpt":{"rendered":"<p>V\u00f2ng \u0111o chu\u1ea9n (\ud835\udde3\ud835\udddf\ud835\uddd4\ud835\udddc\ud835\udde1 \ud835\udde6\ud835\uddd8\ud835\udde7\ud835\udde7\ud835\udddc\ud835\udde1\ud835\uddda \ud835\udde5\ud835\udddc\ud835\udde1\ud835\uddda \ud835\uddda\ud835\uddd4\ud835\udde8\ud835\uddda\ud835\uddd8) th\u01b0\u01a1ng hi\u1ec7u \ud835\uddea\ud835\uddf2\ud835\uddff\ud835\uddf8\ud835\uddee (Thu\u1ef5 S\u0129) l\u00e0 m\u1ed9t lo\u1ea1i d\u1ee5ng c\u1ee5 \u0111o l\u01b0\u1eddng \u0111\u01b0\u1ee3c s\u1eed d\u1ee5ng ch\u1ee7 y\u1ebfu trong ng\u00e0nh c\u01a1 kh\u00ed v\u00e0 c\u00f4ng nghi\u1ec7p s\u1ea3n xu\u1ea5t. L\u00e0 d\u1ee5ng c\u1ee5 ch\u00ednh x\u00e1c s\u1eed d\u1ee5ng \u0111\u1ec3 ki\u1ec3m tra, thi\u1ebft l\u1eadp, ho\u1eb7c \u0111i\u1ec1u ch\u1ec9nh c\u00e1c thi\u1ebft b\u1ecb \u0111o l\u01b0\u1eddng kh\u00e1c, nh\u01b0 [&#8230;]","protected":false},"featured_media":413,"comment_status":"open","ping_status":"closed","template":"","meta":[],"product_cat":[22],"product_tag":[],"class_list":{"0":"post-181","1":"product","2":"type-product","3":"status-publish","4":"has-post-thumbnail","6":"product_cat-cung-cap-dung-cu-do","8":"first","9":"instock","10":"shipping-taxable","11":"product-type-simple"},"_links":{"self":[{"href":"https:\/\/supercalib.vn\/zh\/wp-json\/wp\/v2\/product\/181","targetHints":{"allow":["GET"]}}],"collection":[{"href":"https:\/\/supercalib.vn\/zh\/wp-json\/wp\/v2\/product"}],"about":[{"href":"https:\/\/supercalib.vn\/zh\/wp-json\/wp\/v2\/types\/product"}],"replies":[{"embeddable":true,"href":"https:\/\/supercalib.vn\/zh\/wp-json\/wp\/v2\/comments?post=181"}],"wp:featuredmedia":[{"embeddable":true,"href":"https:\/\/supercalib.vn\/zh\/wp-json\/wp\/v2\/media\/413"}],"wp:attachment":[{"href":"https:\/\/supercalib.vn\/zh\/wp-json\/wp\/v2\/media?parent=181"}],"wp:term":[{"taxonomy":"product_cat","embeddable":true,"href":"https:\/\/supercalib.vn\/zh\/wp-json\/wp\/v2\/product_cat?post=181"},{"taxonomy":"product_tag","embeddable":true,"href":"https:\/\/supercalib.vn\/zh\/wp-json\/wp\/v2\/product_tag?post=181"}],"curies":[{"name":"wp","href":"https:\/\/api.w.org\/{rel}","templated":true}]}}