{"id":183,"date":"2023-08-10T10:09:03","date_gmt":"2023-08-10T03:09:03","guid":{"rendered":"http:\/\/uxthemes.wpengine.com\/?post_type=product&#038;p=400"},"modified":"2026-05-14T18:36:09","modified_gmt":"2026-05-14T11:36:09","slug":"jeansmaker-tee-lee-jeans","status":"publish","type":"product","link":"https:\/\/supercalib.vn\/zh\/product\/jeansmaker-tee-lee-jeans\/","title":{"rendered":"Workshop digital caliper"},"content":{"rendered":"<div>Th\u01b0\u1edbc c\u1eb7p k\u1ef9 thu\u1eadt s\u1ed1<\/div>\n<div><\/div>\n<div>\u25cf Th\u00e9p kh\u00f4ng g\u1ec9, c\u1ee9ng<\/div>\n<div>\u25cf C\u00f3 \u0111i\u1ec1u ch\u1ec9nh fne<\/div>\n<div>\u25cf V\u1edbi s\u00e1u n\u00fat \u0111\u1eb7t tr\u01b0\u1edbc, mm\/inch, ABS, ZERO, OFF\/ON<\/div>\n<div>\u25cf Giao h\u00e0ng trong h\u1ed9p nh\u1ef1a k\u00e8m pin 3V CR2032<\/div>\n<div>v\u00e0 b\u00e1o c\u00e1o ki\u1ec3m tra<\/div>","protected":false},"excerpt":{"rendered":"<p>Th\u01b0\u1edbc c\u1eb7p k\u1ef9 thu\u1eadt s\u1ed1 \u25cf Th\u00e9p kh\u00f4ng g\u1ec9, c\u1ee9ng \u25cf C\u00f3 \u0111i\u1ec1u ch\u1ec9nh fne \u25cf V\u1edbi s\u00e1u n\u00fat \u0111\u1eb7t tr\u01b0\u1edbc, mm\/inch, ABS, ZERO, OFF\/ON \u25cf Giao h\u00e0ng trong h\u1ed9p nh\u1ef1a k\u00e8m pin 3V CR2032 v\u00e0 b\u00e1o c\u00e1o ki\u1ec3m tra<\/p>","protected":false},"featured_media":416,"comment_status":"open","ping_status":"closed","template":"","meta":[],"product_cat":[22],"product_tag":[],"class_list":{"0":"post-183","1":"product","2":"type-product","3":"status-publish","4":"has-post-thumbnail","6":"product_cat-cung-cap-dung-cu-do","8":"first","9":"instock","10":"shipping-taxable","11":"product-type-simple"},"_links":{"self":[{"href":"https:\/\/supercalib.vn\/zh\/wp-json\/wp\/v2\/product\/183","targetHints":{"allow":["GET"]}}],"collection":[{"href":"https:\/\/supercalib.vn\/zh\/wp-json\/wp\/v2\/product"}],"about":[{"href":"https:\/\/supercalib.vn\/zh\/wp-json\/wp\/v2\/types\/product"}],"replies":[{"embeddable":true,"href":"https:\/\/supercalib.vn\/zh\/wp-json\/wp\/v2\/comments?post=183"}],"wp:featuredmedia":[{"embeddable":true,"href":"https:\/\/supercalib.vn\/zh\/wp-json\/wp\/v2\/media\/416"}],"wp:attachment":[{"href":"https:\/\/supercalib.vn\/zh\/wp-json\/wp\/v2\/media?parent=183"}],"wp:term":[{"taxonomy":"product_cat","embeddable":true,"href":"https:\/\/supercalib.vn\/zh\/wp-json\/wp\/v2\/product_cat?post=183"},{"taxonomy":"product_tag","embeddable":true,"href":"https:\/\/supercalib.vn\/zh\/wp-json\/wp\/v2\/product_tag?post=183"}],"curies":[{"name":"wp","href":"https:\/\/api.w.org\/{rel}","templated":true}]}}