{"id":196,"date":"2023-08-09T21:58:02","date_gmt":"2023-08-09T14:58:02","guid":{"rendered":"http:\/\/uxthemes.wpengine.com\/?post_type=product&#038;p=233"},"modified":"2025-09-16T17:16:47","modified_gmt":"2025-09-16T10:16:47","slug":"u420gkw-nok-799-new-balance-nelly-com","status":"publish","type":"product","link":"https:\/\/supercalib.vn\/zh\/product\/u420gkw-nok-799-new-balance-nelly-com\/","title":{"rendered":"Vernier caliper control gauge block sets"},"content":{"rendered":"<div class=\"fusion-text fusion-text-1\">\n<h1 class=\"fusion-responsive-typography-calculated\" data-fontsize=\"80\" data-lineheight=\"96px\">Vernier caliper control gauge block sets<\/h1>\n<\/div>\n<div class=\"fusion-builder-row fusion-builder-row-inner fusion-row fusion-flex-align-items-flex-start fusion-flex-content-wrap\">\n<div class=\"fusion-layout-column fusion_builder_column_inner fusion-builder-nested-column-0 fusion_builder_column_inner_1_2 1_2 fusion-flex-column\">\n<div class=\"fusion-column-wrapper fusion-column-has-shadow fusion-flex-justify-content-flex-start fusion-content-layout-column\">\n<div class=\"fusion-text fusion-text-3\">\n<p><span class=\"fontstyle0\">\u25cf\u00a0<\/span><span class=\"fontstyle0\">D\u00f9ng \u0111\u1ec3 ki\u1ec3m tra th\u01b0\u1edbc c\u1eb7p<\/span><br \/>\n<span class=\"fontstyle0\">\u25cf\u00a0<\/span><span class=\"fontstyle0\">Th\u00e9p h\u1ee3p kim \u0111\u01b0\u1ee3c l\u00e0m c\u1ee9ng, m\u00e0i v\u00e0 m\u00e0i m\u1ecbn<\/span><br \/>\n<span class=\"fontstyle0\">\u25cf\u00a0<\/span><span class=\"fontstyle0\">\u0110\u00f3ng g\u00f3i trong h\u1ed9p g\u1ed7<\/span><br \/>\n<span class=\"fontstyle0\">\u25cf\u00a0<\/span><span class=\"fontstyle0\">Ch\u1ee9ng ch\u1ec9 Dakks cho h\u1ec7 m\u00e9t c\u00f3 s\u1eb5n d\u1ef1a tr\u00ean y\u00eau c\u1ea7u v\u1edbi chi ph\u00ed b\u1ed5 sung<\/span><\/p>\n<\/div>\n<\/div>\n<\/div>\n<\/div>","protected":false},"excerpt":{"rendered":"<p>Vernier caliper control gauge block sets \u25cf\u00a0D\u00f9ng \u0111\u1ec3 ki\u1ec3m tra th\u01b0\u1edbc c\u1eb7p \u25cf\u00a0Th\u00e9p h\u1ee3p kim \u0111\u01b0\u1ee3c l\u00e0m c\u1ee9ng, m\u00e0i v\u00e0 m\u00e0i m\u1ecbn \u25cf\u00a0\u0110\u00f3ng g\u00f3i trong h\u1ed9p g\u1ed7 \u25cf\u00a0Ch\u1ee9ng ch\u1ec9 Dakks cho h\u1ec7 m\u00e9t c\u00f3 s\u1eb5n d\u1ef1a tr\u00ean y\u00eau c\u1ea7u v\u1edbi chi ph\u00ed b\u1ed5 sung<\/p>","protected":false},"featured_media":430,"comment_status":"open","ping_status":"closed","template":"","meta":[],"product_cat":[22],"product_tag":[],"class_list":{"0":"post-196","1":"product","2":"type-product","3":"status-publish","4":"has-post-thumbnail","6":"product_cat-cung-cap-dung-cu-do","8":"first","9":"instock","10":"shipping-taxable","11":"product-type-variable"},"_links":{"self":[{"href":"https:\/\/supercalib.vn\/zh\/wp-json\/wp\/v2\/product\/196","targetHints":{"allow":["GET"]}}],"collection":[{"href":"https:\/\/supercalib.vn\/zh\/wp-json\/wp\/v2\/product"}],"about":[{"href":"https:\/\/supercalib.vn\/zh\/wp-json\/wp\/v2\/types\/product"}],"replies":[{"embeddable":true,"href":"https:\/\/supercalib.vn\/zh\/wp-json\/wp\/v2\/comments?post=196"}],"wp:featuredmedia":[{"embeddable":true,"href":"https:\/\/supercalib.vn\/zh\/wp-json\/wp\/v2\/media\/430"}],"wp:attachment":[{"href":"https:\/\/supercalib.vn\/zh\/wp-json\/wp\/v2\/media?parent=196"}],"wp:term":[{"taxonomy":"product_cat","embeddable":true,"href":"https:\/\/supercalib.vn\/zh\/wp-json\/wp\/v2\/product_cat?post=196"},{"taxonomy":"product_tag","embeddable":true,"href":"https:\/\/supercalib.vn\/zh\/wp-json\/wp\/v2\/product_tag?post=196"}],"curies":[{"name":"wp","href":"https:\/\/api.w.org\/{rel}","templated":true}]}}