{"id":200,"date":"2023-08-09T21:13:41","date_gmt":"2023-08-09T14:13:41","guid":{"rendered":"http:\/\/uxthemes.wpengine.com\/product\/on1-jersey-unif\/"},"modified":"2024-05-14T10:10:07","modified_gmt":"2024-05-14T03:10:07","slug":"on1-jersey-unif","status":"publish","type":"product","link":"https:\/\/supercalib.vn\/zh\/product\/on1-jersey-unif\/","title":{"rendered":"Universal dial indicator support"},"content":{"rendered":"<div class=\"fusion-text fusion-text-1\">\n<h1 class=\"fusion-responsive-typography-calculated\" data-fontsize=\"80\" data-lineheight=\"96px\">Universal dial indicator support<\/h1>\n<\/div>\n<div class=\"fusion-builder-row fusion-builder-row-inner fusion-row fusion-flex-align-items-flex-start fusion-flex-content-wrap\">\n<div class=\"fusion-layout-column fusion_builder_column_inner fusion-builder-nested-column-0 fusion_builder_column_inner_1_2 1_2 fusion-flex-column\">\n<div class=\"fusion-column-wrapper fusion-column-has-shadow fusion-flex-justify-content-flex-start fusion-content-layout-column\">\n<div class=\"fusion-text fusion-text-3\">\n<p><span class=\"fontstyle0\">\u25cf\u00a0<\/span><span class=\"fontstyle0\">Tr\u1ee5 th\u00e9p m\u1ea1 chrome, \u0111\u01b0\u1eddng k\u00ednh \u00f814x200mm<br \/>\n\u0110\u01b0\u1eddng k\u00ednh \u00f812x270mm<\/span><br \/>\n<span class=\"fontstyle0\">\u25cf\u00a0<\/span><span class=\"fontstyle0\">V\u1edbi \u0111i\u1ec1u ch\u1ec9nh tinh ch\u1ec9nh<\/span><br \/>\n<span class=\"fontstyle0\">\u25cf\u00a0<\/span><span class=\"fontstyle0\">D\u00e0nh cho shank ch\u1ec9 th\u1ecb \u0111\u1ed3ng h\u1ed3 \u0111o \u0111\u01b0\u1eddng k\u00ednh \u00f88mm<\/span><br \/>\n<span class=\"fontstyle0\">\u25cf\u00a0<\/span><span class=\"fontstyle0\">C\u01a1 s\u1edf th\u00e9p v\u1edbi r\u00e3nh T<\/span><br \/>\n<span class=\"fontstyle0\">\u25cf\u00a0<\/span><span class=\"fontstyle0\">\u0110\u00f3ng g\u00f3i trong h\u1ed9p b\u00eca<\/span><\/p>\n<\/div>\n<\/div>\n<\/div>\n<\/div>","protected":false},"excerpt":{"rendered":"<p>Universal dial indicator support \u25cf\u00a0Tr\u1ee5 th\u00e9p m\u1ea1 chrome, \u0111\u01b0\u1eddng k\u00ednh \u00f814x200mm \u0110\u01b0\u1eddng k\u00ednh \u00f812x270mm \u25cf\u00a0V\u1edbi \u0111i\u1ec1u ch\u1ec9nh tinh ch\u1ec9nh \u25cf\u00a0D\u00e0nh cho shank ch\u1ec9 th\u1ecb \u0111\u1ed3ng h\u1ed3 \u0111o \u0111\u01b0\u1eddng k\u00ednh \u00f88mm \u25cf\u00a0C\u01a1 s\u1edf th\u00e9p v\u1edbi r\u00e3nh T \u25cf\u00a0\u0110\u00f3ng g\u00f3i trong h\u1ed9p b\u00eca<\/p>","protected":false},"featured_media":439,"comment_status":"closed","ping_status":"closed","template":"","meta":[],"product_cat":[22],"product_tag":[],"class_list":{"0":"post-200","1":"product","2":"type-product","3":"status-publish","4":"has-post-thumbnail","6":"product_cat-cung-cap-dung-cu-do","8":"first","9":"instock","10":"shipping-taxable","11":"product-type-simple"},"_links":{"self":[{"href":"https:\/\/supercalib.vn\/zh\/wp-json\/wp\/v2\/product\/200","targetHints":{"allow":["GET"]}}],"collection":[{"href":"https:\/\/supercalib.vn\/zh\/wp-json\/wp\/v2\/product"}],"about":[{"href":"https:\/\/supercalib.vn\/zh\/wp-json\/wp\/v2\/types\/product"}],"replies":[{"embeddable":true,"href":"https:\/\/supercalib.vn\/zh\/wp-json\/wp\/v2\/comments?post=200"}],"wp:featuredmedia":[{"embeddable":true,"href":"https:\/\/supercalib.vn\/zh\/wp-json\/wp\/v2\/media\/439"}],"wp:attachment":[{"href":"https:\/\/supercalib.vn\/zh\/wp-json\/wp\/v2\/media?parent=200"}],"wp:term":[{"taxonomy":"product_cat","embeddable":true,"href":"https:\/\/supercalib.vn\/zh\/wp-json\/wp\/v2\/product_cat?post=200"},{"taxonomy":"product_tag","embeddable":true,"href":"https:\/\/supercalib.vn\/zh\/wp-json\/wp\/v2\/product_tag?post=200"}],"curies":[{"name":"wp","href":"https:\/\/api.w.org\/{rel}","templated":true}]}}