{"id":211,"date":"2023-07-01T19:55:19","date_gmt":"2023-07-01T12:55:19","guid":{"rendered":"http:\/\/flatsome.dev\/?post_type=product&#038;p=8244"},"modified":"2025-10-17T03:11:57","modified_gmt":"2025-10-16T20:11:57","slug":"weekend-in-london","status":"publish","type":"product","link":"https:\/\/supercalib.vn\/zh\/product\/weekend-in-london\/","title":{"rendered":"Universal magnetic stand"},"content":{"rendered":"<div class=\"fusion-text fusion-text-1\">\n<h1 class=\"fusion-responsive-typography-calculated\" data-fontsize=\"80\" data-lineheight=\"96px\">Universal magnetic stand<\/h1>\n<\/div>\n<div class=\"fusion-builder-row fusion-builder-row-inner fusion-row fusion-flex-align-items-flex-start fusion-flex-content-wrap\">\n<div class=\"fusion-layout-column fusion_builder_column_inner fusion-builder-nested-column-0 fusion_builder_column_inner_1_2 1_2 fusion-flex-column\">\n<div class=\"fusion-column-wrapper fusion-column-has-shadow fusion-flex-justify-content-flex-start fusion-content-layout-column\">\n<div class=\"fusion-text fusion-text-3\">\n<p>S\u1ee9c m\u1ea1nh kh\u00f3a si\u00eau c\u1ea5p<br \/>\nD\u00e0nh cho c\u1ea7n ch\u1ec9 b\u00e1o \u0111\u01b0\u1eddng k\u00ednh 6mm\/8mm v\u00e0<br \/>\nc\u00f3 r\u00e3nh c\u1ea7u cho c\u00e1c ch\u1ec9 b\u00e1o th\u1eed nghi\u1ec7m v\u00f2ng quay<br \/>\nC\u00f3 \u0111i\u1ec1u ch\u1ec9nh tinh t\u1ebf<br \/>\nC\u01a1 s\u1edf nam ch\u00e2m h\u00ecnh ch\u00f3p v\u1edbi c\u00f4ng t\u1eafc B\u1eacT\/T\u1eaeT<br \/>\n(c\u00f4ng t\u1eafc nh\u00f4m)<br \/>\n\u0110\u00f3ng g\u00f3i trong h\u1ed9p gi\u1ea5y<\/p>\n<\/div>\n<\/div>\n<\/div>\n<\/div>","protected":false},"excerpt":{"rendered":"<p>Universal magnetic stand S\u1ee9c m\u1ea1nh kh\u00f3a si\u00eau c\u1ea5p D\u00e0nh cho c\u1ea7n ch\u1ec9 b\u00e1o \u0111\u01b0\u1eddng k\u00ednh 6mm\/8mm v\u00e0 c\u00f3 r\u00e3nh c\u1ea7u cho c\u00e1c ch\u1ec9 b\u00e1o th\u1eed nghi\u1ec7m v\u00f2ng quay C\u00f3 \u0111i\u1ec1u ch\u1ec9nh tinh t\u1ebf C\u01a1 s\u1edf nam ch\u00e2m h\u00ecnh ch\u00f3p v\u1edbi c\u00f4ng t\u1eafc B\u1eacT\/T\u1eaeT (c\u00f4ng t\u1eafc nh\u00f4m) \u0110\u00f3ng g\u00f3i trong h\u1ed9p gi\u1ea5y<\/p>","protected":false},"featured_media":437,"comment_status":"open","ping_status":"closed","template":"","meta":[],"product_cat":[22],"product_tag":[],"class_list":{"0":"post-211","1":"product","2":"type-product","3":"status-publish","4":"has-post-thumbnail","6":"product_cat-cung-cap-dung-cu-do","8":"first","9":"instock","10":"shipping-taxable","11":"product-type-simple"},"_links":{"self":[{"href":"https:\/\/supercalib.vn\/zh\/wp-json\/wp\/v2\/product\/211","targetHints":{"allow":["GET"]}}],"collection":[{"href":"https:\/\/supercalib.vn\/zh\/wp-json\/wp\/v2\/product"}],"about":[{"href":"https:\/\/supercalib.vn\/zh\/wp-json\/wp\/v2\/types\/product"}],"replies":[{"embeddable":true,"href":"https:\/\/supercalib.vn\/zh\/wp-json\/wp\/v2\/comments?post=211"}],"wp:featuredmedia":[{"embeddable":true,"href":"https:\/\/supercalib.vn\/zh\/wp-json\/wp\/v2\/media\/437"}],"wp:attachment":[{"href":"https:\/\/supercalib.vn\/zh\/wp-json\/wp\/v2\/media?parent=211"}],"wp:term":[{"taxonomy":"product_cat","embeddable":true,"href":"https:\/\/supercalib.vn\/zh\/wp-json\/wp\/v2\/product_cat?post=211"},{"taxonomy":"product_tag","embeddable":true,"href":"https:\/\/supercalib.vn\/zh\/wp-json\/wp\/v2\/product_tag?post=211"}],"curies":[{"name":"wp","href":"https:\/\/api.w.org\/{rel}","templated":true}]}}