{"id":218,"date":"2023-06-07T11:33:05","date_gmt":"2023-06-07T04:33:05","guid":{"rendered":"http:\/\/demo2.woothemes.com\/woocommerce\/?post_type=product&#038;p=83"},"modified":"2024-05-14T11:20:49","modified_gmt":"2024-05-14T04:20:49","slug":"woo-album-1","status":"publish","type":"product","link":"https:\/\/supercalib.vn\/zh\/product\/woo-album-1\/","title":{"rendered":"Three point internal micrometer set"},"content":{"rendered":"<div class=\"fusion-text fusion-text-1\">\n<h1 class=\"fusion-responsive-typography-calculated\" data-fontsize=\"80\" data-lineheight=\"96px\">Three point internal micrometer set<\/h1>\n<\/div>\n<div class=\"fusion-builder-row fusion-builder-row-inner fusion-row fusion-flex-align-items-flex-start fusion-flex-content-wrap\">\n<div class=\"fusion-layout-column fusion_builder_column_inner fusion-builder-nested-column-0 fusion_builder_column_inner_1_2 1_2 fusion-flex-column\">\n<div class=\"fusion-column-wrapper fusion-column-has-shadow fusion-flex-justify-content-flex-start fusion-content-layout-column\">\n<div class=\"fusion-text fusion-text-3\">\n<p>\u25cf Set of three points internal micrometers<br \/>\n\u25cf With setting rings and extension rods<br \/>\n\u0110\u00f3ng g\u00f3i trong h\u1ed9p nh\u00f4m k\u00e8m ch\u1ee9ng ch\u1ec9 ki\u1ec3m tra<\/p>\n<\/div>\n<\/div>\n<\/div>\n<\/div>","protected":false},"excerpt":{"rendered":"<p>Three point internal micrometer set \u25cf Set of three points internal micrometers \u25cf With setting rings and extension rods \u0110\u00f3ng g\u00f3i trong h\u1ed9p nh\u00f4m k\u00e8m ch\u1ee9ng ch\u1ec9 ki\u1ec3m tra<\/p>","protected":false},"featured_media":453,"comment_status":"open","ping_status":"closed","template":"","meta":[],"product_cat":[22],"product_tag":[],"class_list":{"0":"post-218","1":"product","2":"type-product","3":"status-publish","4":"has-post-thumbnail","6":"product_cat-cung-cap-dung-cu-do","8":"first","9":"instock","10":"downloadable","11":"shipping-taxable","12":"product-type-simple"},"_links":{"self":[{"href":"https:\/\/supercalib.vn\/zh\/wp-json\/wp\/v2\/product\/218","targetHints":{"allow":["GET"]}}],"collection":[{"href":"https:\/\/supercalib.vn\/zh\/wp-json\/wp\/v2\/product"}],"about":[{"href":"https:\/\/supercalib.vn\/zh\/wp-json\/wp\/v2\/types\/product"}],"replies":[{"embeddable":true,"href":"https:\/\/supercalib.vn\/zh\/wp-json\/wp\/v2\/comments?post=218"}],"wp:featuredmedia":[{"embeddable":true,"href":"https:\/\/supercalib.vn\/zh\/wp-json\/wp\/v2\/media\/453"}],"wp:attachment":[{"href":"https:\/\/supercalib.vn\/zh\/wp-json\/wp\/v2\/media?parent=218"}],"wp:term":[{"taxonomy":"product_cat","embeddable":true,"href":"https:\/\/supercalib.vn\/zh\/wp-json\/wp\/v2\/product_cat?post=218"},{"taxonomy":"product_tag","embeddable":true,"href":"https:\/\/supercalib.vn\/zh\/wp-json\/wp\/v2\/product_tag?post=218"}],"curies":[{"name":"wp","href":"https:\/\/api.w.org\/{rel}","templated":true}]}}