{"id":219,"date":"2023-06-01T11:29:44","date_gmt":"2023-06-01T04:29:44","guid":{"rendered":"http:\/\/demo2.woothemes.com\/woocommerce\/?post_type=product&#038;p=79"},"modified":"2024-05-16T11:57:51","modified_gmt":"2024-05-16T04:57:51","slug":"woo-logo-3","status":"publish","type":"product","link":"https:\/\/supercalib.vn\/zh\/product\/woo-logo-3\/","title":{"rendered":"D\u1ea7u b\u1ea3o v\u1ec7 d\u1ee5ng c\u1ee5"},"content":{"rendered":"<div class=\"xdj266r x11i5rnm xat24cr x1mh8g0r x1vvkbs x126k92a\">\n<div dir=\"auto\">\ud835\udc12\ud835\udc2d\ud835\udc1a\ud835\udc2b\ud835\udc2b\ud835\udc1e\ud835\udc2d\ud835\udc2d \ud835\udc13\ud835\udc28\ud835\udc28\ud835\udc25 \ud835\udc1a\ud835\udc27\ud835\udc1d \ud835\udc08\ud835\udc27\ud835\udc2c\ud835\udc2d\ud835\udc2b\ud835\udc2e\ud835\udc26\ud835\udc1e\ud835\udc27\ud835\udc2d \ud835\udc0e\ud835\udc22\ud835\udc25 l\u00e0 s\u1ea3n ph\u1ea9m \u0111\u01b0\u1ee3c r\u1ea5t nhi\u1ec1u c\u00e1c \u0111\u1ed1i t\u00e1c c\u1ee7a \ud835\ude46\ud835\ude56\ud835\ude5e\ud835\ude6f\ud835\ude5a\ud835\ude63 \ud835\ude3e\ud835\ude67\ud835\ude5a\ud835\ude56\ud835\ude69\ud835\ude5e\ud835\ude6b\ud835\ude5a \ud835\ude51\ud835\ude5e\ud835\ude5a\ud835\ude69\ud835\ude49\ud835\ude56\ud835\ude62 tin d\u00f9ng. V\u1edbi nh\u1eefng \u0111\u1eb7c \u0111i\u1ec3m n\u1ed5i tr\u1ed9i sau:<\/div>\n<\/div>\n<div class=\"x11i5rnm xat24cr x1mh8g0r x1vvkbs xtlvy1s x126k92a\">\n<div dir=\"auto\">\ud835\udc12\ud835\udc2d\ud835\udc1a\ud835\udc2b\ud835\udc2b\ud835\udc1e\ud835\udc2d\ud835\udc2d \ud835\udc13\ud835\udc28\ud835\udc28\ud835\udc25 \ud835\udc1a\ud835\udc27\ud835\udc1d \ud835\udc08\ud835\udc27\ud835\udc2c\ud835\udc2d\ud835\udc2b\ud835\udc2e\ud835\udc26\ud835\udc1e\ud835\udc27\ud835\udc2d \ud835\udc0e\ud835\udc22\ud835\udc25 \u0111\u01b0\u1ee3c s\u1eed d\u1ee5ng trong nh\u00e0 m\u00e1y \u0111\u1ec3 b\u00f4i tr\u01a1n v\u00e0 b\u1ea3o v\u1ec7 c\u00e1c c\u00f4ng c\u1ee5 \u0111o ch\u00ednh x\u00e1c v\u00e0 d\u1ee5ng c\u1ee5 \u0111o c\u1ee7a ch\u00fang t\u00f4i.<\/div>\n<\/div>\n<div class=\"x11i5rnm xat24cr x1mh8g0r x1vvkbs xtlvy1s x126k92a\">\n<div dir=\"auto\">L\u00e0 l\u1ef1a ch\u1ecdn l\u00fd t\u01b0\u1edfng \u0111\u1ec3 b\u1ea3o v\u1ec7 v\u00e0 b\u00f4i tr\u01a1n t\u1ed1i \u0111a cho c\u00e1c c\u00f4ng c\u1ee5 \u0111o, d\u1ee5ng c\u1ee5 \u0111o ch\u00ednh x\u00e1c v\u00e0 m\u00e1y nh\u1eb9<\/div>\n<\/div>\n<div class=\"x11i5rnm xat24cr x1mh8g0r x1vvkbs xtlvy1s x126k92a\">\n<div dir=\"auto\">B\u1ea3o v\u1ec7 c\u00e1c c\u00f4ng c\u1ee5, b\u1ed9 ph\u1eadn v\u00e0 b\u1ec1 m\u1eb7t gia c\u00f4ng cao c\u1ea5p ch\u1ed1ng l\u1ea1i r\u1ec9 s\u00e9t<\/div>\n<\/div>\n<div class=\"x11i5rnm xat24cr x1mh8g0r x1vvkbs xtlvy1s x126k92a\">\n<div dir=\"auto\">L\u00e0m s\u1ea1ch kim lo\u1ea1i s\u00e1ng b\u00f3ng v\u00e0 l\u00e0m b\u00f3ng \u0111\u1ed3 g\u1ed7<\/div>\n<\/div>\n<div class=\"x11i5rnm xat24cr x1mh8g0r x1vvkbs xtlvy1s x126k92a\">\n<div dir=\"auto\">\ud835\udc12\ud835\udc2d\ud835\udc1a\ud835\udc2b\ud835\udc2b\ud835\udc1e\ud835\udc2d\ud835\udc2d \ud835\udc13\ud835\udc28\ud835\udc28\ud835\udc25 \ud835\udc1a\ud835\udc27\ud835\udc1d \ud835\udc08\ud835\udc27\ud835\udc2c\ud835\udc2d\ud835\udc2b\ud835\udc2e\ud835\udc26\ud835\udc1e\ud835\udc27\ud835\udc2d \ud835\udc0e\ud835\udc22\ud835\udc25 c\u0169ng c\u00f3 th\u1ec3 s\u1eed d\u1ee5ng cho m\u00e1y ph\u00e1t \u0111i\u1ec7n, \u0111\u1ed9ng c\u01a1 kh\u1edfi \u0111\u1ed9ng, b\u1ea3n l\u1ec1, kh\u00f3a.<\/div>\n<\/div>","protected":false},"excerpt":{"rendered":"<p>\ud835\udc12\ud835\udc2d\ud835\udc1a\ud835\udc2b\ud835\udc2b\ud835\udc1e\ud835\udc2d\ud835\udc2d \ud835\udc13\ud835\udc28\ud835\udc28\ud835\udc25 \ud835\udc1a\ud835\udc27\ud835\udc1d \ud835\udc08\ud835\udc27\ud835\udc2c\ud835\udc2d\ud835\udc2b\ud835\udc2e\ud835\udc26\ud835\udc1e\ud835\udc27\ud835\udc2d \ud835\udc0e\ud835\udc22\ud835\udc25 l\u00e0 s\u1ea3n ph\u1ea9m \u0111\u01b0\u1ee3c r\u1ea5t nhi\u1ec1u c\u00e1c \u0111\u1ed1i t\u00e1c c\u1ee7a \ud835\ude46\ud835\ude56\ud835\ude5e\ud835\ude6f\ud835\ude5a\ud835\ude63 \ud835\ude3e\ud835\ude67\ud835\ude5a\ud835\ude56\ud835\ude69\ud835\ude5e\ud835\ude6b\ud835\ude5a \ud835\ude51\ud835\ude5e\ud835\ude5a\ud835\ude69\ud835\ude49\ud835\ude56\ud835\ude62 tin d\u00f9ng. V\u1edbi nh\u1eefng \u0111\u1eb7c \u0111i\u1ec3m n\u1ed5i tr\u1ed9i sau: \ud835\udc12\ud835\udc2d\ud835\udc1a\ud835\udc2b\ud835\udc2b\ud835\udc1e\ud835\udc2d\ud835\udc2d \ud835\udc13\ud835\udc28\ud835\udc28\ud835\udc25 \ud835\udc1a\ud835\udc27\ud835\udc1d \ud835\udc08\ud835\udc27\ud835\udc2c\ud835\udc2d\ud835\udc2b\ud835\udc2e\ud835\udc26\ud835\udc1e\ud835\udc27\ud835\udc2d \ud835\udc0e\ud835\udc22\ud835\udc25 \u0111\u01b0\u1ee3c s\u1eed d\u1ee5ng trong nh\u00e0 m\u00e1y \u0111\u1ec3 b\u00f4i tr\u01a1n v\u00e0 b\u1ea3o v\u1ec7 c\u00e1c c\u00f4ng c\u1ee5 \u0111o ch\u00ednh x\u00e1c v\u00e0 d\u1ee5ng c\u1ee5 \u0111o c\u1ee7a [&#8230;]","protected":false},"featured_media":609,"comment_status":"open","ping_status":"closed","template":"","meta":[],"product_cat":[15],"product_tag":[],"class_list":{"0":"post-219","1":"product","2":"type-product","3":"status-publish","4":"has-post-thumbnail","6":"product_cat-chua-phan-loai","8":"first","9":"instock","10":"shipping-taxable","11":"product-type-simple"},"_links":{"self":[{"href":"https:\/\/supercalib.vn\/zh\/wp-json\/wp\/v2\/product\/219","targetHints":{"allow":["GET"]}}],"collection":[{"href":"https:\/\/supercalib.vn\/zh\/wp-json\/wp\/v2\/product"}],"about":[{"href":"https:\/\/supercalib.vn\/zh\/wp-json\/wp\/v2\/types\/product"}],"replies":[{"embeddable":true,"href":"https:\/\/supercalib.vn\/zh\/wp-json\/wp\/v2\/comments?post=219"}],"wp:featuredmedia":[{"embeddable":true,"href":"https:\/\/supercalib.vn\/zh\/wp-json\/wp\/v2\/media\/609"}],"wp:attachment":[{"href":"https:\/\/supercalib.vn\/zh\/wp-json\/wp\/v2\/media?parent=219"}],"wp:term":[{"taxonomy":"product_cat","embeddable":true,"href":"https:\/\/supercalib.vn\/zh\/wp-json\/wp\/v2\/product_cat?post=219"},{"taxonomy":"product_tag","embeddable":true,"href":"https:\/\/supercalib.vn\/zh\/wp-json\/wp\/v2\/product_tag?post=219"}],"curies":[{"name":"wp","href":"https:\/\/api.w.org\/{rel}","templated":true}]}}