{"id":226,"date":"2023-06-07T11:03:56","date_gmt":"2023-06-07T04:03:56","guid":{"rendered":"http:\/\/demo2.woothemes.com\/woocommerce\/?post_type=product&#038;p=50"},"modified":"2025-07-03T16:24:02","modified_gmt":"2025-07-03T09:24:02","slug":"patient-ninja","status":"publish","type":"product","link":"https:\/\/supercalib.vn\/zh\/product\/patient-ninja\/","title":{"rendered":"Th\u01b0\u1edbc \u0111o g\u00f3c (Protractors)"},"content":{"rendered":"<div class=\"fusion-text fusion-text-1\">\n<h1 class=\"fusion-responsive-typography-calculated\" data-fontsize=\"80\" data-lineheight=\"96px\">Th\u01b0\u1edbc \u0111o g\u00f3c<\/h1>\n<\/div>\n<div class=\"fusion-builder-row fusion-builder-row-inner fusion-row fusion-flex-align-items-flex-start fusion-flex-content-wrap\">\n<div class=\"fusion-layout-column fusion_builder_column_inner fusion-builder-nested-column-0 fusion_builder_column_inner_1_2 1_2 fusion-flex-column\">\n<div class=\"fusion-column-wrapper fusion-column-has-shadow fusion-flex-justify-content-flex-start fusion-content-layout-column\">\n<div class=\"fusion-text fusion-text-3\">\n<p>\u0110\u01b0\u1ee3c s\u1eed d\u1ee5ng \u0111\u1ec3 \u0111o t\u1eeb 10 \u0111\u1ebfn 170 \u0111\u1ed9, m\u1ed7i chia l\u00e0 1 \u0111\u1ed9<br \/>\nCh\u1ebf t\u1ea1o t\u1eeb th\u00e9p cacbon<br \/>\nL\u01b0\u1ee1i di \u0111\u1ed9ng<br \/>\nHo\u00e0n thi\u1ec7n m\u1ea1 crom m\u1edd, \u0111i k\u00e8m v\u1edbi \u1ed1c v\u00edt kh\u00f3a<br \/>\n\u0110\u00f3ng g\u00f3i trong t\u00fai m\u1ec1m<\/p>\n<\/div>\n<\/div>\n<\/div>\n<\/div>","protected":false},"excerpt":{"rendered":"<p>Th\u01b0\u1edbc \u0111o g\u00f3c \u0110\u01b0\u1ee3c s\u1eed d\u1ee5ng \u0111\u1ec3 \u0111o t\u1eeb 10 \u0111\u1ebfn 170 \u0111\u1ed9, m\u1ed7i chia l\u00e0 1 \u0111\u1ed9 Ch\u1ebf t\u1ea1o t\u1eeb th\u00e9p cacbon L\u01b0\u1ee1i di \u0111\u1ed9ng Ho\u00e0n thi\u1ec7n m\u1ea1 crom m\u1edd, \u0111i k\u00e8m v\u1edbi \u1ed1c v\u00edt kh\u00f3a \u0110\u00f3ng g\u00f3i trong t\u00fai m\u1ec1m<\/p>","protected":false},"featured_media":468,"comment_status":"open","ping_status":"closed","template":"","meta":[],"product_cat":[22],"product_tag":[],"class_list":{"0":"post-226","1":"product","2":"type-product","3":"status-publish","4":"has-post-thumbnail","6":"product_cat-cung-cap-dung-cu-do","8":"first","9":"instock","10":"shipping-taxable","11":"product-type-simple"},"_links":{"self":[{"href":"https:\/\/supercalib.vn\/zh\/wp-json\/wp\/v2\/product\/226","targetHints":{"allow":["GET"]}}],"collection":[{"href":"https:\/\/supercalib.vn\/zh\/wp-json\/wp\/v2\/product"}],"about":[{"href":"https:\/\/supercalib.vn\/zh\/wp-json\/wp\/v2\/types\/product"}],"replies":[{"embeddable":true,"href":"https:\/\/supercalib.vn\/zh\/wp-json\/wp\/v2\/comments?post=226"}],"wp:featuredmedia":[{"embeddable":true,"href":"https:\/\/supercalib.vn\/zh\/wp-json\/wp\/v2\/media\/468"}],"wp:attachment":[{"href":"https:\/\/supercalib.vn\/zh\/wp-json\/wp\/v2\/media?parent=226"}],"wp:term":[{"taxonomy":"product_cat","embeddable":true,"href":"https:\/\/supercalib.vn\/zh\/wp-json\/wp\/v2\/product_cat?post=226"},{"taxonomy":"product_tag","embeddable":true,"href":"https:\/\/supercalib.vn\/zh\/wp-json\/wp\/v2\/product_tag?post=226"}],"curies":[{"name":"wp","href":"https:\/\/api.w.org\/{rel}","templated":true}]}}