{"id":481,"date":"2024-05-15T11:20:43","date_gmt":"2024-05-15T04:20:43","guid":{"rendered":"https:\/\/supercalib.vn\/?post_type=product&#038;p=481"},"modified":"2026-05-14T18:37:11","modified_gmt":"2026-05-14T11:37:11","slug":"may-do-do-cung","status":"publish","type":"product","link":"https:\/\/supercalib.vn\/zh\/product\/may-do-do-cung\/","title":{"rendered":"Hardness Testing Machines"},"content":{"rendered":"<p>M\u00e1y \u0111o \u0111\u1ed9 c\u1ee9ng hi\u1ec3n th\u1ecb \u0111i\u1ec7n t\u1eed Werka<\/p>\n<p>C\u00f3 nhi\u1ec1u \u0111\u01a1n v\u1ecb \u0111o l\u01b0\u1eddng HRC, HRA, HRB, HV, HB&#8230;.<\/p>\n<p>V\u1edbi c\u00e1c l\u1ef1c \u0111o 10Kg, 60Kg, 100Kg, 150Kg. M\u00e0n h\u00ecnh 5.2 Inch v\u1edbi 7 ng\u00f4n ng\u1eef.<\/p>\n<p>B\u01b0\u1edbc nh\u1ea3y hi\u1ec3n th\u1ecb 0.1HRC, B\u1ed9 nh\u1edb 2000 l\u1ea7n \u0111o, hi\u1ec7n th\u1ecb k\u1ebft qu\u1ea3 ph\u00e2n t\u00edch \u0111o.<\/p>\n<p>K\u00edch th\u01b0\u1edbc m\u00e1y 546x182x755mm. TR\u1ecdng l\u01b0\u1ee3ng m\u00e1y 90Kg, tr\u1ecdng l\u01b0\u1ee3ng bao g\u1ed3m \u0111\u00f3ng g\u00f3i 120Kg<\/p>","protected":false},"excerpt":{"rendered":"<p>M\u00e1y \u0111o \u0111\u1ed9 c\u1ee9ng hi\u1ec3n th\u1ecb \u0111i\u1ec7n t\u1eed Werka C\u00f3 nhi\u1ec1u \u0111\u01a1n v\u1ecb \u0111o l\u01b0\u1eddng HRC, HRA, HRB, HV, HB&#8230;. V\u1edbi c\u00e1c l\u1ef1c \u0111o 10Kg, 60Kg, 100Kg, 150Kg. M\u00e0n h\u00ecnh 5.2 Inch v\u1edbi 7 ng\u00f4n ng\u1eef. B\u01b0\u1edbc nh\u1ea3y hi\u1ec3n th\u1ecb 0.1HRC, B\u1ed9 nh\u1edb 2000 l\u1ea7n \u0111o, hi\u1ec7n th\u1ecb k\u1ebft qu\u1ea3 ph\u00e2n t\u00edch \u0111o. K\u00edch th\u01b0\u1edbc [&#8230;]","protected":false},"featured_media":987,"comment_status":"open","ping_status":"closed","template":"","meta":[],"product_cat":[60],"product_tag":[],"class_list":{"0":"post-481","1":"product","2":"type-product","3":"status-publish","4":"has-post-thumbnail","6":"product_cat-cung-cap-may-moc","8":"first","9":"instock","10":"shipping-taxable","11":"product-type-variable"},"_links":{"self":[{"href":"https:\/\/supercalib.vn\/zh\/wp-json\/wp\/v2\/product\/481","targetHints":{"allow":["GET"]}}],"collection":[{"href":"https:\/\/supercalib.vn\/zh\/wp-json\/wp\/v2\/product"}],"about":[{"href":"https:\/\/supercalib.vn\/zh\/wp-json\/wp\/v2\/types\/product"}],"replies":[{"embeddable":true,"href":"https:\/\/supercalib.vn\/zh\/wp-json\/wp\/v2\/comments?post=481"}],"wp:featuredmedia":[{"embeddable":true,"href":"https:\/\/supercalib.vn\/zh\/wp-json\/wp\/v2\/media\/987"}],"wp:attachment":[{"href":"https:\/\/supercalib.vn\/zh\/wp-json\/wp\/v2\/media?parent=481"}],"wp:term":[{"taxonomy":"product_cat","embeddable":true,"href":"https:\/\/supercalib.vn\/zh\/wp-json\/wp\/v2\/product_cat?post=481"},{"taxonomy":"product_tag","embeddable":true,"href":"https:\/\/supercalib.vn\/zh\/wp-json\/wp\/v2\/product_tag?post=481"}],"curies":[{"name":"wp","href":"https:\/\/api.w.org\/{rel}","templated":true}]}}