{"id":482,"date":"2024-05-15T11:20:43","date_gmt":"2024-05-15T04:20:43","guid":{"rendered":"https:\/\/supercalib.vn\/?post_type=product&#038;p=482"},"modified":"2024-12-31T16:06:16","modified_gmt":"2024-12-31T09:06:16","slug":"may-do-cmm-3d-accretech","status":"publish","type":"product","link":"https:\/\/supercalib.vn\/zh\/product\/may-do-cmm-3d-accretech\/","title":{"rendered":"Acretech CMM (3D) measuring machine"},"content":{"rendered":"<p>M\u00e1y \u0111o 3 chi\u1ec1u (CMM) s\u1ebd gi\u00fap b\u1ea1n ki\u1ec3m so\u00e1t v\u00e0 b\u1ea3o \u0111\u1ea3m ch\u1ea5t l\u01b0\u1ee3ng c\u00e1c chi ti\u1ebft trong nh\u1eefng ng\u00e0nh s\u1ea3n xu\u1ea5t n\u00e0y nh\u01b0 kho\u1ea3ng c\u00e1ch, g\u00f3c \u0111o, b\u01b0\u1edbc l\u1ed7, dung sai h\u00ecnh h\u1ecdc, h\u00ecnh d\u1ea1ng, bi\u00ean d\u1ea1ng.<br \/>\nAccretech l\u00e0 nh\u00e0 s\u1ea3n xu\u1ea5t \u0111i ti\u00ean phong v\u1ec1 m\u00e1y CMM t\u1eeb n\u0103m 1969 v\u00e0 \u0111\u1ee9ng \u0111\u1ea7u th\u1ecb tr\u01b0\u1eddng Nh\u1eadt B\u1ea3n. Ch\u1ee9c n\u0103ng AI c\u1ee7a m\u00e1y \u0111\u01b0\u1ee3c c\u1ea5p b\u1eb1ng s\u00e1ng ch\u1ebf qu\u1ed1c t\u1ebf s\u1ebd mang \u0111\u1ebfn cho b\u1ea1n nh\u1eefng gi\u1ea3i ph\u00e1p \u0111o tuy\u1ec7t v\u1eddi.<\/p>","protected":false},"excerpt":{"rendered":"<p>M\u00e1y \u0111o 3 chi\u1ec1u (CMM) s\u1ebd gi\u00fap b\u1ea1n ki\u1ec3m so\u00e1t v\u00e0 b\u1ea3o \u0111\u1ea3m ch\u1ea5t l\u01b0\u1ee3ng c\u00e1c chi ti\u1ebft trong nh\u1eefng ng\u00e0nh s\u1ea3n xu\u1ea5t n\u00e0y nh\u01b0 kho\u1ea3ng c\u00e1ch, g\u00f3c \u0111o, b\u01b0\u1edbc l\u1ed7, dung sai h\u00ecnh h\u1ecdc, h\u00ecnh d\u1ea1ng, bi\u00ean d\u1ea1ng. Accretech l\u00e0 nh\u00e0 s\u1ea3n xu\u1ea5t \u0111i ti\u00ean phong v\u1ec1 m\u00e1y CMM t\u1eeb n\u0103m 1969 v\u00e0 \u0111\u1ee9ng [&#8230;]","protected":false},"featured_media":985,"comment_status":"open","ping_status":"closed","template":"","meta":[],"product_cat":[60],"product_tag":[],"class_list":{"0":"post-482","1":"product","2":"type-product","3":"status-publish","4":"has-post-thumbnail","6":"product_cat-cung-cap-may-moc","8":"first","9":"instock","10":"shipping-taxable","11":"product-type-variable"},"_links":{"self":[{"href":"https:\/\/supercalib.vn\/zh\/wp-json\/wp\/v2\/product\/482","targetHints":{"allow":["GET"]}}],"collection":[{"href":"https:\/\/supercalib.vn\/zh\/wp-json\/wp\/v2\/product"}],"about":[{"href":"https:\/\/supercalib.vn\/zh\/wp-json\/wp\/v2\/types\/product"}],"replies":[{"embeddable":true,"href":"https:\/\/supercalib.vn\/zh\/wp-json\/wp\/v2\/comments?post=482"}],"wp:featuredmedia":[{"embeddable":true,"href":"https:\/\/supercalib.vn\/zh\/wp-json\/wp\/v2\/media\/985"}],"wp:attachment":[{"href":"https:\/\/supercalib.vn\/zh\/wp-json\/wp\/v2\/media?parent=482"}],"wp:term":[{"taxonomy":"product_cat","embeddable":true,"href":"https:\/\/supercalib.vn\/zh\/wp-json\/wp\/v2\/product_cat?post=482"},{"taxonomy":"product_tag","embeddable":true,"href":"https:\/\/supercalib.vn\/zh\/wp-json\/wp\/v2\/product_tag?post=482"}],"curies":[{"name":"wp","href":"https:\/\/api.w.org\/{rel}","templated":true}]}}