{"id":676,"date":"2024-05-20T14:06:35","date_gmt":"2024-05-20T07:06:35","guid":{"rendered":"https:\/\/supercalib.vn\/?post_type=product&#038;p=676"},"modified":"2025-10-13T12:13:12","modified_gmt":"2025-10-13T05:13:12","slug":"may-do-bien-dang","status":"publish","type":"product","link":"https:\/\/supercalib.vn\/zh\/product\/may-do-bien-dang\/","title":{"rendered":"Profile measuring machine"},"content":{"rendered":"<p>\u8f6e\u5ed3\u8f6e\u5ed3\u6d4b\u91cf\u673a\u662f\u632f\u5e45\u8ba1\u7684\u4e00\u79cd\uff0c\u5229\u7528\u9ad8\u7cbe\u5ea6\u63a2\u5934\u6d4b\u91cf\u8868\u9762\u7269\u4f53\u7684\u5c3a\u5bf8\u3001\u5f62\u72b6\u3001\u5149\u6cfd\u5ea6\u7b49\u53c2\u6570\u3002\u8fb9\u754c\u8f93\u51fa\u8ba1\u53ef\u4ee5\u9ad8\u7cbe\u5ea6\u548c\u9ad8\u91cd\u590d\u7387\u6267\u884c\u5141\u8bb8\u7684\u6d4b\u91cf\uff0c\u5e76\u4e14\u80fd\u591f\u6d4b\u91cf\u5404\u79cd\u4e0d\u540c\u7684\u8868\u9762\u3002<\/p>","protected":false},"excerpt":{"rendered":"<p>M\u00e1y \u0111o bi\u00ean d\u1ea1ng \u0111\u1ea7u d\u00f2 l\u00e0 m\u1ed9t lo\u1ea1i m\u00e1y \u0111o bi\u00ean d\u1ea1ng s\u1eed d\u1ee5ng m\u1ed9t \u0111\u1ea7u d\u00f2 c\u00f3 \u0111\u1ed9 ch\u00ednh x\u00e1c cao \u0111\u1ec3 \u0111o l\u01b0\u1eddng c\u00e1c th\u00f4ng s\u1ed1 v\u1ec1 k\u00edch th\u01b0\u1edbc, h\u00ecnh d\u1ea1ng v\u00e0 \u0111\u1ed9 nh\u00e1m c\u1ee7a b\u1ec1 m\u1eb7t v\u1eadt th\u00ea\u0309. M\u00e1y \u0111o bi\u00ean d\u1ea1ng \u0111\u1ea7u d\u00f2 c\u00f3 th\u1ec3 th\u1ef1c hi\u1ec7n c\u00e1c ph\u00e9p \u0111o [&#8230;]","protected":false},"featured_media":500,"comment_status":"open","ping_status":"closed","template":"","meta":[],"product_cat":[60],"product_tag":[],"class_list":{"0":"post-676","1":"product","2":"type-product","3":"status-publish","4":"has-post-thumbnail","6":"product_cat-cung-cap-may-moc","8":"first","9":"instock","10":"shipping-taxable","11":"product-type-variable"},"_links":{"self":[{"href":"https:\/\/supercalib.vn\/zh\/wp-json\/wp\/v2\/product\/676","targetHints":{"allow":["GET"]}}],"collection":[{"href":"https:\/\/supercalib.vn\/zh\/wp-json\/wp\/v2\/product"}],"about":[{"href":"https:\/\/supercalib.vn\/zh\/wp-json\/wp\/v2\/types\/product"}],"replies":[{"embeddable":true,"href":"https:\/\/supercalib.vn\/zh\/wp-json\/wp\/v2\/comments?post=676"}],"wp:featuredmedia":[{"embeddable":true,"href":"https:\/\/supercalib.vn\/zh\/wp-json\/wp\/v2\/media\/500"}],"wp:attachment":[{"href":"https:\/\/supercalib.vn\/zh\/wp-json\/wp\/v2\/media?parent=676"}],"wp:term":[{"taxonomy":"product_cat","embeddable":true,"href":"https:\/\/supercalib.vn\/zh\/wp-json\/wp\/v2\/product_cat?post=676"},{"taxonomy":"product_tag","embeddable":true,"href":"https:\/\/supercalib.vn\/zh\/wp-json\/wp\/v2\/product_tag?post=676"}],"curies":[{"name":"wp","href":"https:\/\/api.w.org\/{rel}","templated":true}]}}