{"id":678,"date":"2024-05-20T14:23:58","date_gmt":"2024-05-20T07:23:58","guid":{"rendered":"https:\/\/supercalib.vn\/?post_type=product&#038;p=678"},"modified":"2025-09-22T09:34:17","modified_gmt":"2025-09-22T02:34:17","slug":"may-do-do-tron","status":"publish","type":"product","link":"https:\/\/supercalib.vn\/zh\/product\/may-do-do-tron\/","title":{"rendered":"Circularity measuring machine"},"content":{"rendered":"<p><strong>T\u00ednh n\u0103ng M\u00e1y \u0111o \u0111\u1ed9 tr\u00f2n tr\u1ee5 RONDCOM 65B<\/strong><\/p>\n<ul>\n<li>\u0110\u1ed9 ch\u00ednh x\u00e1c cao &amp; Hi\u1ec7u su\u1ea5t cao.<\/li>\n<li>\u0110\u1ed9 ch\u00ednh x\u00e1c xoay cao \u0111\u1ebfn 0,01 micrometer.<\/li>\n<li>\u0110\u1ecbnh t\u00e2m v\u00e0 \u0111\u1ecbnh tr\u1ee5c trong v\u00f2ng 60 gi\u00e2y. \u0110\u1ea1t hi\u1ec7u qu\u1ea3 cao, ti\u1ebft ki\u1ec7m t\u1ed5ng th\u1eddi gian \u0111o.<\/li>\n<li>\u0110\u1ed9 ch\u00ednh x\u00e1c cao \u0111\u00e1ng tin c\u1eady v\u00e0 c\u1ea5u tr\u00fac \u0111\u1ed9 b\u1ec1n cao.<\/li>\n<li>S\u1eed d\u1ee5ng \u0111\u00e1 thi\u00ean nhi\u00ean \u0111\u1ea3m b\u1ea3o \u0111\u1ed9 ch\u00ednh x\u00e1c v\u0129nh c\u1eedu cho th\u00e2n m\u00e1y, tr\u1ee5 m\u00e1y, \u0111\u1ebfn c\u00e1nh tay m\u00e1y.<\/li>\n<li>B\u00e0n ch\u1ed1ng rung \u0111\u1ed9c l\u1eadp<\/li>\n<li>\u0110\u00e2y l\u00e0 d\u00f2ng m\u00e1y h\u00e0ng \u0111\u1ea7u c\u1ee7a h\u00e3ng s\u1ea3n xu\u1ea5t \u0111\u1ebfn t\u1eeb Nh\u1eadt B\u1ea3n.<\/li>\n<li>Thi\u1ebft b\u1ecb \u0111o \u0111\u1ed9 tr\u00f2n \u0111\u01b0\u1ee3c t\u00edch h\u1ee3p b\u00e0n xoay c\u00f3 b\u1ed9 ph\u1eadn d\u1eabn h\u01b0\u1edbng ti\u00eau chu\u1ea9n, \u0111\u01b0\u1ee3c l\u00e0m t\u1eeb \u0111\u00e1 gabro v\u1edbi \u0111\u1ed9 ch\u00ednh x\u00e1c v\u0129nh c\u1eedu.<\/li>\n<li>Ngo\u00e0i ra, b\u1ec1 m\u1eb7t tr\u01b0\u1ee3t v\u1edbi \u0111\u1ec7m kh\u00ed gi\u00fap l\u00e0m gi\u1ea3m ma s\u00e1t, v\u00e0 c\u00f4ng ngh\u1ec7 \u0111i\u1ec1u ch\u1ec9nh ti\u00ean ti\u1ebfn gi\u00fap m\u00e1y \u0111o n\u00e0y x\u00e1c \u0111\u1ecbnh \u0111\u01b0\u1ee3c \u0111\u1ed9 ch\u00ednh x\u00e1c \u1edf m\u1ee9c \u0111\u1ed9 nanomet.<\/li>\n<\/ul>","protected":false},"excerpt":{"rendered":"<p>T\u00ednh n\u0103ng M\u00e1y \u0111o \u0111\u1ed9 tr\u00f2n tr\u1ee5 RONDCOM 65B \u0110\u1ed9 ch\u00ednh x\u00e1c cao &amp; Hi\u1ec7u su\u1ea5t cao. \u0110\u1ed9 ch\u00ednh x\u00e1c xoay cao \u0111\u1ebfn 0,01 micrometer. \u0110\u1ecbnh t\u00e2m v\u00e0 \u0111\u1ecbnh tr\u1ee5c trong v\u00f2ng 60 gi\u00e2y. \u0110\u1ea1t hi\u1ec7u qu\u1ea3 cao, ti\u1ebft ki\u1ec7m t\u1ed5ng th\u1eddi gian \u0111o. \u0110\u1ed9 ch\u00ednh x\u00e1c cao \u0111\u00e1ng tin c\u1eady v\u00e0 c\u1ea5u tr\u00fac \u0111\u1ed9 [&#8230;]","protected":false},"featured_media":988,"comment_status":"open","ping_status":"closed","template":"","meta":[],"product_cat":[60],"product_tag":[],"class_list":{"0":"post-678","1":"product","2":"type-product","3":"status-publish","4":"has-post-thumbnail","6":"product_cat-cung-cap-may-moc","8":"first","9":"instock","10":"shipping-taxable","11":"product-type-variable"},"_links":{"self":[{"href":"https:\/\/supercalib.vn\/zh\/wp-json\/wp\/v2\/product\/678","targetHints":{"allow":["GET"]}}],"collection":[{"href":"https:\/\/supercalib.vn\/zh\/wp-json\/wp\/v2\/product"}],"about":[{"href":"https:\/\/supercalib.vn\/zh\/wp-json\/wp\/v2\/types\/product"}],"replies":[{"embeddable":true,"href":"https:\/\/supercalib.vn\/zh\/wp-json\/wp\/v2\/comments?post=678"}],"wp:featuredmedia":[{"embeddable":true,"href":"https:\/\/supercalib.vn\/zh\/wp-json\/wp\/v2\/media\/988"}],"wp:attachment":[{"href":"https:\/\/supercalib.vn\/zh\/wp-json\/wp\/v2\/media?parent=678"}],"wp:term":[{"taxonomy":"product_cat","embeddable":true,"href":"https:\/\/supercalib.vn\/zh\/wp-json\/wp\/v2\/product_cat?post=678"},{"taxonomy":"product_tag","embeddable":true,"href":"https:\/\/supercalib.vn\/zh\/wp-json\/wp\/v2\/product_tag?post=678"}],"curies":[{"name":"wp","href":"https:\/\/api.w.org\/{rel}","templated":true}]}}