{"id":695,"date":"2024-05-20T15:40:22","date_gmt":"2024-05-20T08:40:22","guid":{"rendered":"https:\/\/supercalib.vn\/?post_type=product&#038;p=695"},"modified":"2024-05-20T15:57:34","modified_gmt":"2024-05-20T08:57:34","slug":"may-do-do-nham-2","status":"publish","type":"product","link":"https:\/\/supercalib.vn\/zh\/product\/may-do-do-nham-2\/","title":{"rendered":"Roughness measuring machine"},"content":{"rendered":"<p class=\"title-product\">M\u00c1Y \u0110O \u0110\u1ed8 NH\u00c1M B\u1ec0 M\u1eb6T SURFTEST SJ-500 \/ SV-2100 MITUTOYO<\/p>\n<ul>\n<li>B\u1ed9 \u0111i\u1ec1u khi\u1ec3n d\u1ec5 thao t\u00e1c. C\u00f3 th\u1ec3 d\u1ec5 d\u00e0ng \u0111\u1ecbnh v\u1ecb ch\u00ednh x\u00e1c kim \u0111o y\u00eau c\u1ea7u v\u1edbi c\u00e1c ph\u00e9p \u0111o l\u1ed7 nh\u1ecf b\u1eb1ng c\u00e1ch s\u1eed d\u1ee5ng c\u00e1c n\u00fam \u0111i\u1ec1u ch\u1ec9nh th\u1ee7 c\u00f4ng.<\/li>\n<li>H\u1ed7 tr\u1ee3 43 lo\u1ea1i th\u00f4ng s\u1ed1 ph\u00e2n t\u00edch, tu\u00e2n th\u1ee7 c\u00e1c ti\u00eau chu\u1ea9n v\u1ec1 \u0111\u1ed9 nh\u00e1m b\u1ec1 m\u1eb7t nh\u01b0 ISO 1997 v\u00e0 JIS 2001. C\u0169ng c\u00f3 kh\u1ea3 n\u0103ng ph\u00e2n t\u00edch c\u00e1c vi bi\u00ean d\u1ea1ng kh\u00e1c nhau.<\/li>\n<li>M\u1ed9t thanh d\u1eabn h\u01b0\u1edbng ceramic, v\u1ed1n kh\u00f4ng b\u1ecb m\u00e0i m\u00f2n v\u00e0 h\u01b0 h\u1ecfng theo th\u1eddi gian, \u0111\u01b0\u1ee3c s\u1eed d\u1ee5ng \u0111\u1ec3 duy tr\u00ec \u0111\u1ed9 th\u1eb3ng ngang c\u1ee7a b\u1ed9 truy\u1ec1n \u0111\u1ed9ng (tr\u1ee5c X) v\u00f4 th\u1eddi h\u1ea1n.<\/li>\n<li>Thi\u1ebft k\u1ebf kh\u00f4ng c\u1ea7n b\u1ea3o d\u01b0\u1ee1ng, v\u00ec kh\u00f4ng c\u1ea7n x\u1eed l\u00fd ch\u1ed1ng \u0103n m\u00f2n \u0111\u1ed1i v\u1edbi ceramic.<\/li>\n<\/ul>","protected":false},"excerpt":{"rendered":"<p>M\u00c1Y \u0110O \u0110\u1ed8 NH\u00c1M B\u1ec0 M\u1eb6T SURFTEST SJ-500 \/ SV-2100 MITUTOYO B\u1ed9 \u0111i\u1ec1u khi\u1ec3n d\u1ec5 thao t\u00e1c. C\u00f3 th\u1ec3 d\u1ec5 d\u00e0ng \u0111\u1ecbnh v\u1ecb ch\u00ednh x\u00e1c kim \u0111o y\u00eau c\u1ea7u v\u1edbi c\u00e1c ph\u00e9p \u0111o l\u1ed7 nh\u1ecf b\u1eb1ng c\u00e1ch s\u1eed d\u1ee5ng c\u00e1c n\u00fam \u0111i\u1ec1u ch\u1ec9nh th\u1ee7 c\u00f4ng. H\u1ed7 tr\u1ee3 43 lo\u1ea1i th\u00f4ng s\u1ed1 ph\u00e2n t\u00edch, tu\u00e2n th\u1ee7 [&#8230;]","protected":false},"featured_media":698,"comment_status":"open","ping_status":"closed","template":"","meta":[],"product_cat":[60],"product_tag":[],"class_list":{"0":"post-695","1":"product","2":"type-product","3":"status-publish","4":"has-post-thumbnail","6":"product_cat-cung-cap-may-moc","8":"first","9":"instock","10":"shipping-taxable","11":"product-type-variable"},"_links":{"self":[{"href":"https:\/\/supercalib.vn\/zh\/wp-json\/wp\/v2\/product\/695","targetHints":{"allow":["GET"]}}],"collection":[{"href":"https:\/\/supercalib.vn\/zh\/wp-json\/wp\/v2\/product"}],"about":[{"href":"https:\/\/supercalib.vn\/zh\/wp-json\/wp\/v2\/types\/product"}],"replies":[{"embeddable":true,"href":"https:\/\/supercalib.vn\/zh\/wp-json\/wp\/v2\/comments?post=695"}],"wp:featuredmedia":[{"embeddable":true,"href":"https:\/\/supercalib.vn\/zh\/wp-json\/wp\/v2\/media\/698"}],"wp:attachment":[{"href":"https:\/\/supercalib.vn\/zh\/wp-json\/wp\/v2\/media?parent=695"}],"wp:term":[{"taxonomy":"product_cat","embeddable":true,"href":"https:\/\/supercalib.vn\/zh\/wp-json\/wp\/v2\/product_cat?post=695"},{"taxonomy":"product_tag","embeddable":true,"href":"https:\/\/supercalib.vn\/zh\/wp-json\/wp\/v2\/product_tag?post=695"}],"curies":[{"name":"wp","href":"https:\/\/api.w.org\/{rel}","templated":true}]}}