{"id":818,"date":"2024-06-03T14:38:02","date_gmt":"2024-06-03T07:38:02","guid":{"rendered":"https:\/\/supercalib.vn\/?post_type=product&#038;p=818"},"modified":"2025-08-09T02:47:51","modified_gmt":"2025-08-08T19:47:51","slug":"may-quet-3d-werka-2","status":"publish","type":"product","link":"https:\/\/supercalib.vn\/zh\/product\/may-quet-3d-werka-2\/","title":{"rendered":"M\u00e1y qu\u00e9t 3D WERKA"},"content":{"rendered":"<section class=\"section sec_tab\">\n<div class=\"container card py-2\">\n<div class=\"rte product_getcontent py-3 pos-relative\">\n<div id=\"content\">\n<p>TH\u00d4NG S\u1ed0 K\u1ef8 THU\u1eacT<\/p>\n<p><strong>LMI Gocator 3210<\/strong><\/p>\n<ul>\n<li>T\u1ed1c \u0111\u1ed9 qu\u00e9t:\u00a0(Hz ) 4<\/li>\n<li>Pixel (Million) 2<\/li>\n<li>X\u00f3a kho\u1ea3ng c\u00e1ch c\u00e0i \u0111\u1eb7t\u00a0(CD) (mm) 164.00<\/li>\n<li>\u0110\u1ed9 ph\u00f3ng \u0111\u1ea1i:\u00a0MR (mm) 110.00<\/li>\n<li>FOV (\u0110\u1ed9 r\u1ed9ng nh\u00ecn th\u1ea5y)(FOV) (mm) 71.0\u00d798.0-100.0\u00d7154.0<\/li>\n<li>\u0110\u1ed9 l\u1eadp l\u1ea1i: Z (\u03bcm) 4.7<\/li>\n<li>\u0110\u1ed9 ph\u00e2n gi\u1ea3i XY (mm) 0.060 (CE)-0.090 (FE)<\/li>\n<li>VDI\/VDE \u0110\u1ed9 ch\u00ednh x\u00e1c (mm) * 0.035<\/li>\n<li>K\u00edch th\u01b0\u1edbc (mm): 49\u00d7142\u00d7190<\/li>\n<li>Kh\u1ed1i l\u01b0\u1ee3ng (kg): 1.7<\/li>\n<li>Ngu\u1ed3n \u00e1nh s\u00e1ng xanh:\u00a0LED(465nm)<\/li>\n<li>B\u1ea3o v\u1ec7 th\u00e2n m\u00e1y:\u00a0Nh\u00f4m nguy\u00ean kh\u00f3i, ch\u1ed1ng n\u01b0\u1edbc IP67<\/li>\n<li>Nhi\u1ec7t \u0111\u1ed9 ho\u1ea1t \u0111\u1ed9ng:\u00a0\u00a00 ~ 45\u00b0C<\/li>\n<\/ul>\n<p><strong>LMI Gocator 3506<\/strong><\/p>\n<ul>\n<li>T\u1ed1c \u0111\u1ed9 qu\u00e9t:\u00a0(Hz ) 3<\/li>\n<li>Pixel (Million) 5<\/li>\n<li>X\u00f3a kho\u1ea3ng c\u00e1ch c\u00e0i \u0111\u1eb7t\u00a0(CD) (mm) 87.00<\/li>\n<li>\u0110\u1ed9 ph\u00f3ng \u0111\u1ea1i:\u00a0MR (mm) 25.00<\/li>\n<li>FOV (\u0110\u1ed9 r\u1ed9ng nh\u00ecn th\u1ea5y)(FOV) (mm) 27.0\u00d745.0-30.0\u00d745.0<\/li>\n<li>\u0110\u1ed9 l\u1eadp l\u1ea1i: Z (\u03bcm) 2<\/li>\n<li>\u0110\u1ed9 ph\u00e2n gi\u1ea3i XY (mm) 0.020 (CE)-0.025 (FE)<\/li>\n<li>VDI\/VDE \u0110\u1ed9 ch\u00ednh x\u00e1c (mm) * 0.012<\/li>\n<li>K\u00edch th\u01b0\u1edbc (mm): 49\u00d7136\u00d7170<\/li>\n<li>Kh\u1ed1i l\u01b0\u1ee3ng (kg): 1.52<\/li>\n<li>Ngu\u1ed3n \u00e1nh s\u00e1ng xanh:\u00a0LED(465nm)<\/li>\n<li>B\u1ea3o v\u1ec7 th\u00e2n m\u00e1y:\u00a0Nh\u00f4m nguy\u00ean kh\u00f3i, ch\u1ed1ng n\u01b0\u1edbc IP67<\/li>\n<li>Nhi\u1ec7t \u0111\u1ed9 ho\u1ea1t \u0111\u1ed9ng:\u00a0\u00a00 ~ 50\u00b0C<\/li>\n<\/ul>\n<\/div>\n<div class=\"ega-pro__seemore text-center pos-relative show\"><a class=\"btn btn-main\" title=\"Xem th\u00eam\">Thu g\u1ecdn<\/a><\/div>\n<\/div>\n<\/div>\n<\/section>\n<section class=\"section sec_tab\">\n<div class=\"container card py-2\">\n<div class=\"title_module section heading-bar d-flex justify-content-between align-items-center\"><\/div>\n<\/div>\n<\/section>","protected":false},"excerpt":{"rendered":"<p>TH\u00d4NG S\u1ed0 K\u1ef8 THU\u1eacT LMI Gocator 3210 T\u1ed1c \u0111\u1ed9 qu\u00e9t:\u00a0(Hz ) 4 Pixel (Million) 2 X\u00f3a kho\u1ea3ng c\u00e1ch c\u00e0i \u0111\u1eb7t\u00a0(CD) (mm) 164.00 \u0110\u1ed9 ph\u00f3ng \u0111\u1ea1i:\u00a0MR (mm) 110.00 FOV (\u0110\u1ed9 r\u1ed9ng nh\u00ecn th\u1ea5y)(FOV) (mm) 71.0\u00d798.0-100.0\u00d7154.0 \u0110\u1ed9 l\u1eadp l\u1ea1i: Z (\u03bcm) 4.7 \u0110\u1ed9 ph\u00e2n gi\u1ea3i XY (mm) 0.060 (CE)-0.090 (FE) VDI\/VDE \u0110\u1ed9 ch\u00ednh x\u00e1c (mm) * 0.035 [&#8230;]","protected":false},"featured_media":819,"comment_status":"open","ping_status":"closed","template":"","meta":[],"product_cat":[15],"product_tag":[],"class_list":{"0":"post-818","1":"product","2":"type-product","3":"status-publish","4":"has-post-thumbnail","6":"product_cat-chua-phan-loai","8":"first","9":"instock","10":"shipping-taxable","11":"product-type-simple"},"_links":{"self":[{"href":"https:\/\/supercalib.vn\/zh\/wp-json\/wp\/v2\/product\/818","targetHints":{"allow":["GET"]}}],"collection":[{"href":"https:\/\/supercalib.vn\/zh\/wp-json\/wp\/v2\/product"}],"about":[{"href":"https:\/\/supercalib.vn\/zh\/wp-json\/wp\/v2\/types\/product"}],"replies":[{"embeddable":true,"href":"https:\/\/supercalib.vn\/zh\/wp-json\/wp\/v2\/comments?post=818"}],"wp:featuredmedia":[{"embeddable":true,"href":"https:\/\/supercalib.vn\/zh\/wp-json\/wp\/v2\/media\/819"}],"wp:attachment":[{"href":"https:\/\/supercalib.vn\/zh\/wp-json\/wp\/v2\/media?parent=818"}],"wp:term":[{"taxonomy":"product_cat","embeddable":true,"href":"https:\/\/supercalib.vn\/zh\/wp-json\/wp\/v2\/product_cat?post=818"},{"taxonomy":"product_tag","embeddable":true,"href":"https:\/\/supercalib.vn\/zh\/wp-json\/wp\/v2\/product_tag?post=818"}],"curies":[{"name":"wp","href":"https:\/\/api.w.org\/{rel}","templated":true}]}}