{"id":825,"date":"2024-06-04T16:03:55","date_gmt":"2024-06-04T09:03:55","guid":{"rendered":"https:\/\/supercalib.vn\/?post_type=product&#038;p=825"},"modified":"2024-06-04T16:24:41","modified_gmt":"2024-06-04T09:24:41","slug":"duong-kiem-ren","status":"publish","type":"product","link":"https:\/\/supercalib.vn\/zh\/product\/duong-kiem-ren\/","title":{"rendered":"D\u01b0\u1ee1ng ki\u1ec3m ren"},"content":{"rendered":"<p>Th\u00f4ng s\u1ed1:<br \/>\n-K\u00edch th\u01b0\u1edbc: M1X0.25<br \/>\n-\u0110\u1ed9 ch\u00ednh x\u00e1c theo ti\u00eau chu\u1ea9n DIN13 6H<br \/>\n-D\u00f9ng cho ren ph\u1ea3i<br \/>\n-\u0110\u01b0\u1ee3c m\u00e0i v\u00e0 ph\u1ee7<\/p>","protected":false},"excerpt":{"rendered":"<p>Th\u00f4ng s\u1ed1: -K\u00edch th\u01b0\u1edbc: M1X0.25 -\u0110\u1ed9 ch\u00ednh x\u00e1c theo ti\u00eau chu\u1ea9n DIN13 6H -D\u00f9ng cho ren ph\u1ea3i -\u0110\u01b0\u1ee3c m\u00e0i v\u00e0 ph\u1ee7<\/p>","protected":false},"featured_media":826,"comment_status":"open","ping_status":"closed","template":"","meta":[],"product_cat":[22],"product_tag":[],"class_list":{"0":"post-825","1":"product","2":"type-product","3":"status-publish","4":"has-post-thumbnail","6":"product_cat-cung-cap-dung-cu-do","8":"first","9":"instock","10":"shipping-taxable","11":"product-type-simple"},"_links":{"self":[{"href":"https:\/\/supercalib.vn\/zh\/wp-json\/wp\/v2\/product\/825","targetHints":{"allow":["GET"]}}],"collection":[{"href":"https:\/\/supercalib.vn\/zh\/wp-json\/wp\/v2\/product"}],"about":[{"href":"https:\/\/supercalib.vn\/zh\/wp-json\/wp\/v2\/types\/product"}],"replies":[{"embeddable":true,"href":"https:\/\/supercalib.vn\/zh\/wp-json\/wp\/v2\/comments?post=825"}],"wp:featuredmedia":[{"embeddable":true,"href":"https:\/\/supercalib.vn\/zh\/wp-json\/wp\/v2\/media\/826"}],"wp:attachment":[{"href":"https:\/\/supercalib.vn\/zh\/wp-json\/wp\/v2\/media?parent=825"}],"wp:term":[{"taxonomy":"product_cat","embeddable":true,"href":"https:\/\/supercalib.vn\/zh\/wp-json\/wp\/v2\/product_cat?post=825"},{"taxonomy":"product_tag","embeddable":true,"href":"https:\/\/supercalib.vn\/zh\/wp-json\/wp\/v2\/product_tag?post=825"}],"curies":[{"name":"wp","href":"https:\/\/api.w.org\/{rel}","templated":true}]}}