{"id":949,"date":"2024-12-31T14:57:47","date_gmt":"2024-12-31T07:57:47","guid":{"rendered":"https:\/\/supercalib.vn\/?post_type=product&#038;p=949"},"modified":"2024-12-31T14:59:08","modified_gmt":"2024-12-31T07:59:08","slug":"may-do-do-day","status":"publish","type":"product","link":"https:\/\/supercalib.vn\/zh\/product\/may-do-do-day\/","title":{"rendered":"M\u00e1y \u0111o \u0111\u1ed9 d\u00e0y"},"content":{"rendered":"<p><img loading=\"lazy\" decoding=\"async\" class=\"alignnone size-full wp-image-950\" src=\"https:\/\/supercalib.vn\/wp-content\/uploads\/6.2-1.jpg\" alt=\"\" width=\"370\" height=\"287\" srcset=\"https:\/\/supercalib.vn\/wp-content\/uploads\/6.2-1.jpg 370w, https:\/\/supercalib.vn\/wp-content\/uploads\/6.2-1-15x12.jpg 15w\" sizes=\"auto, (max-width: 370px) 100vw, 370px\" \/><\/p>","protected":false},"excerpt":{"rendered":"","protected":false},"featured_media":951,"comment_status":"open","ping_status":"closed","template":"","meta":[],"product_cat":[60],"product_tag":[],"class_list":{"0":"post-949","1":"product","2":"type-product","3":"status-publish","4":"has-post-thumbnail","6":"product_cat-cung-cap-may-moc","8":"first","9":"instock","10":"shipping-taxable","11":"product-type-variable"},"_links":{"self":[{"href":"https:\/\/supercalib.vn\/zh\/wp-json\/wp\/v2\/product\/949","targetHints":{"allow":["GET"]}}],"collection":[{"href":"https:\/\/supercalib.vn\/zh\/wp-json\/wp\/v2\/product"}],"about":[{"href":"https:\/\/supercalib.vn\/zh\/wp-json\/wp\/v2\/types\/product"}],"replies":[{"embeddable":true,"href":"https:\/\/supercalib.vn\/zh\/wp-json\/wp\/v2\/comments?post=949"}],"wp:featuredmedia":[{"embeddable":true,"href":"https:\/\/supercalib.vn\/zh\/wp-json\/wp\/v2\/media\/951"}],"wp:attachment":[{"href":"https:\/\/supercalib.vn\/zh\/wp-json\/wp\/v2\/media?parent=949"}],"wp:term":[{"taxonomy":"product_cat","embeddable":true,"href":"https:\/\/supercalib.vn\/zh\/wp-json\/wp\/v2\/product_cat?post=949"},{"taxonomy":"product_tag","embeddable":true,"href":"https:\/\/supercalib.vn\/zh\/wp-json\/wp\/v2\/product_tag?post=949"}],"curies":[{"name":"wp","href":"https:\/\/api.w.org\/{rel}","templated":true}]}}