{"id":956,"date":"2024-12-31T15:09:39","date_gmt":"2024-12-31T08:09:39","guid":{"rendered":"https:\/\/supercalib.vn\/?post_type=product&#038;p=956"},"modified":"2024-12-31T15:09:40","modified_gmt":"2024-12-31T08:09:40","slug":"may-kiem-tra-khoang-cach-va-do-rong-san-pham","status":"publish","type":"product","link":"https:\/\/supercalib.vn\/zh\/product\/may-kiem-tra-khoang-cach-va-do-rong-san-pham\/","title":{"rendered":"M\u00e1y ki\u1ec3m tra kho\u1ea3ng c\u00e1ch v\u00e0 \u0111\u1ed9 r\u1ed9ng s\u1ea3n ph\u1ea9m"},"content":{"rendered":"<p><img loading=\"lazy\" decoding=\"async\" class=\"alignnone size-full wp-image-957\" src=\"https:\/\/supercalib.vn\/wp-content\/uploads\/8.2.jpg\" alt=\"\" width=\"357\" height=\"240\" srcset=\"https:\/\/supercalib.vn\/wp-content\/uploads\/8.2.jpg 357w, https:\/\/supercalib.vn\/wp-content\/uploads\/8.2-18x12.jpg 18w\" sizes=\"auto, (max-width: 357px) 100vw, 357px\" \/><\/p>","protected":false},"excerpt":{"rendered":"","protected":false},"featured_media":958,"comment_status":"open","ping_status":"closed","template":"","meta":[],"product_cat":[60],"product_tag":[],"class_list":{"0":"post-956","1":"product","2":"type-product","3":"status-publish","4":"has-post-thumbnail","6":"product_cat-cung-cap-may-moc","8":"first","9":"instock","10":"shipping-taxable","11":"product-type-variable"},"_links":{"self":[{"href":"https:\/\/supercalib.vn\/zh\/wp-json\/wp\/v2\/product\/956","targetHints":{"allow":["GET"]}}],"collection":[{"href":"https:\/\/supercalib.vn\/zh\/wp-json\/wp\/v2\/product"}],"about":[{"href":"https:\/\/supercalib.vn\/zh\/wp-json\/wp\/v2\/types\/product"}],"replies":[{"embeddable":true,"href":"https:\/\/supercalib.vn\/zh\/wp-json\/wp\/v2\/comments?post=956"}],"wp:featuredmedia":[{"embeddable":true,"href":"https:\/\/supercalib.vn\/zh\/wp-json\/wp\/v2\/media\/958"}],"wp:attachment":[{"href":"https:\/\/supercalib.vn\/zh\/wp-json\/wp\/v2\/media?parent=956"}],"wp:term":[{"taxonomy":"product_cat","embeddable":true,"href":"https:\/\/supercalib.vn\/zh\/wp-json\/wp\/v2\/product_cat?post=956"},{"taxonomy":"product_tag","embeddable":true,"href":"https:\/\/supercalib.vn\/zh\/wp-json\/wp\/v2\/product_tag?post=956"}],"curies":[{"name":"wp","href":"https:\/\/api.w.org\/{rel}","templated":true}]}}